{"id":93335,"date":"2025-09-30T12:27:12","date_gmt":"2024-08-29T13:24:14","guid":{"rendered":"https:\/\/happyhaus.fr\/?post_type=product&#038;p=93335"},"modified":"2025-08-05T16:25:12","modified_gmt":"2025-08-05T14:25:12","slug":"le-blouson-nuage-schwarz-vorbestellung","status":"publish","type":"product","link":"https:\/\/happyhaus.fr\/de\/produkt\/le-blouson-nuage-schwarz-vorbestellung\/","title":{"rendered":"LE BLOUSON NUAGE &#8211; PRE ORDER"},"content":{"rendered":"<ul>\n<li>Gerader Schnitt<\/li>\n<li>Pelzkragen aus B\u00e9arner Lamm<\/li>\n<li>Inneres des K\u00f6rpers aus B\u00e9arn-Lammfell<\/li>\n<li>\u00c4rmel gef\u00fcttert und gepolstert<\/li>\n<li>Taschen<\/li>\n<li>Kn\u00f6pfe Nieten aus Metall<\/li>\n<li>100% Franz\u00f6sisch B\u00e9arn Lammfell<\/li>\n<li>100% Baumwolle, davon 20% recycelt<\/li>\n<\/ul>\n<p>Die Jacke wird nach Ma\u00df in Ihrer Gr\u00f6\u00dfe und in der Farbe hergestellt, die Sie aus unserer Auswahl an Denims bevorzugen. Bitte kontaktieren Sie uns!<\/p>\n<p>Herkunft der Stoffe: Frankreich und Italien<br \/>\nHergestellt in Tunesien<\/p>\n","protected":false},"excerpt":{"rendered":"<p>Das ist eines meiner wahren Winterfreuden: Ich nehme meine &#8221; Wolke &#8221; Jacke aus meinem Schrank, um mich darin zu kuscheln&#8230; Es ist so weich, so tr\u00f6stlich, so bequem und im Laufe der Jahre immer sch\u00f6ner. Ein wahrer Traum! Zeitlos und \u00e4sthetisch &#8221; Quiet luxury &#8220;. Ich habe sie vor f\u00fcnf Jahren kreiert, als ich diese wundersch\u00f6ne Beernhaut mit ihren langen wei\u00dfen Wellen entdeckte, die sie einzigartig machen. Nat\u00fcrlich werden diese Tiere nicht f\u00fcr ihre Haut, sondern f\u00fcr unseren Verzehr gez\u00fcchtet: dieses au\u00dfergew\u00f6hnliche Fell ist ein &#8220;Abfall&#8221;, den ein Pariser Handwerker sammelt, reinigt und ausw\u00e4hlt, um nur das sch\u00f6nste zu behalten.<\/p>\n<p>Die Schwierigkeit besteht darin, dass es sehr teuer ist, da es viele Manipulationen von unserer Werkstatt in Tunesien erfordert, die zuerst die Struktur des Denims erstellen muss, bevor sie jedes der ausgew\u00e4hlten Felle einzeln von Hand aufn\u00e4hen und n\u00e4hen. in Frankreich.<\/p>\n<p>Wir bei HAPPY HAUS sind sehr stolz darauf, Ihnen solche Unikate anbieten zu k\u00f6nnen.<\/p>\n","protected":false},"featured_media":97674,"comment_status":"open","ping_status":"closed","template":"","meta":{"_acf_changed":false},"product_cat":[312,231,238,314],"product_tag":[336,335,334],"acf":[],"yoast_head":"<!-- This site is optimized with the Yoast SEO plugin v22.6 - https:\/\/yoast.com\/wordpress\/plugins\/seo\/ -->\n<title>LE BLOUSON NUAGE - PRE ORDER -<\/title>\n<meta name=\"robots\" content=\"index, follow, max-snippet:-1, max-image-preview:large, max-video-preview:-1\" \/>\n<link rel=\"canonical\" href=\"https:\/\/happyhaus.fr\/de\/produkt\/le-blouson-nuage-schwarz-vorbestellung\/\" \/>\n<meta property=\"og:locale\" content=\"de_DE\" \/>\n<meta property=\"og:type\" content=\"article\" \/>\n<meta property=\"og:title\" content=\"LE BLOUSON NUAGE - PRE ORDER -\" \/>\n<meta property=\"og:description\" content=\"Das ist eines meiner wahren Winterfreuden: Ich nehme meine &quot; Wolke &quot; Jacke aus meinem Schrank, um mich darin zu kuscheln... Es ist so weich, so tr\u00f6stlich, so bequem und im Laufe der Jahre immer sch\u00f6ner. Ein wahrer Traum! Zeitlos und \u00e4sthetisch &quot; Quiet luxury &quot;. Ich habe sie vor f\u00fcnf Jahren kreiert, als ich diese wundersch\u00f6ne Beernhaut mit ihren langen wei\u00dfen Wellen entdeckte, die sie einzigartig machen. Nat\u00fcrlich werden diese Tiere nicht f\u00fcr ihre Haut, sondern f\u00fcr unseren Verzehr gez\u00fcchtet: dieses au\u00dfergew\u00f6hnliche Fell ist ein &quot;Abfall&quot;, den ein Pariser Handwerker sammelt, reinigt und ausw\u00e4hlt, um nur das sch\u00f6nste zu behalten.  Die Schwierigkeit besteht darin, dass es sehr teuer ist, da es viele Manipulationen von unserer Werkstatt in Tunesien erfordert, die zuerst die Struktur des Denims erstellen muss, bevor sie jedes der ausgew\u00e4hlten Felle einzeln von Hand aufn\u00e4hen und n\u00e4hen. in Frankreich.  Wir bei HAPPY HAUS sind sehr stolz darauf, Ihnen solche Unikate anbieten zu k\u00f6nnen.\" \/>\n<meta property=\"og:url\" content=\"https:\/\/happyhaus.fr\/de\/produkt\/le-blouson-nuage-schwarz-vorbestellung\/\" \/>\n<meta property=\"article:modified_time\" content=\"2025-08-05T14:25:12+00:00\" \/>\n<meta property=\"og:image\" content=\"https:\/\/happyhaus.fr\/wp-content\/uploads\/2024\/08\/Z1-5.jpg\" \/>\n\t<meta property=\"og:image:width\" content=\"1707\" \/>\n\t<meta property=\"og:image:height\" content=\"2560\" \/>\n\t<meta property=\"og:image:type\" content=\"image\/jpeg\" \/>\n<meta name=\"twitter:card\" content=\"summary_large_image\" \/>\n<meta name=\"twitter:label1\" content=\"Gesch\u00e4tzte Lesezeit\" \/>\n\t<meta name=\"twitter:data1\" content=\"1\u00a0Minute\" \/>\n<script type=\"application\/ld+json\" class=\"yoast-schema-graph\">{\"@context\":\"https:\/\/schema.org\",\"@graph\":[{\"@type\":\"WebPage\",\"@id\":\"https:\/\/happyhaus.fr\/de\/produkt\/le-blouson-nuage-schwarz-vorbestellung\/\",\"url\":\"https:\/\/happyhaus.fr\/de\/produkt\/le-blouson-nuage-schwarz-vorbestellung\/\",\"name\":\"LE BLOUSON NUAGE - PRE ORDER -\",\"isPartOf\":{\"@id\":\"https:\/\/happyhaus.fr\/#website\"},\"primaryImageOfPage\":{\"@id\":\"https:\/\/happyhaus.fr\/de\/produkt\/le-blouson-nuage-schwarz-vorbestellung\/#primaryimage\"},\"image\":{\"@id\":\"https:\/\/happyhaus.fr\/de\/produkt\/le-blouson-nuage-schwarz-vorbestellung\/#primaryimage\"},\"thumbnailUrl\":\"https:\/\/happyhaus.fr\/wp-content\/uploads\/2024\/08\/Z1-5.jpg\",\"datePublished\":\"2024-08-29T13:24:14+00:00\",\"dateModified\":\"2025-08-05T14:25:12+00:00\",\"breadcrumb\":{\"@id\":\"https:\/\/happyhaus.fr\/de\/produkt\/le-blouson-nuage-schwarz-vorbestellung\/#breadcrumb\"},\"inLanguage\":\"de\",\"potentialAction\":[{\"@type\":\"ReadAction\",\"target\":[\"https:\/\/happyhaus.fr\/de\/produkt\/le-blouson-nuage-schwarz-vorbestellung\/\"]}]},{\"@type\":\"ImageObject\",\"inLanguage\":\"de\",\"@id\":\"https:\/\/happyhaus.fr\/de\/produkt\/le-blouson-nuage-schwarz-vorbestellung\/#primaryimage\",\"url\":\"https:\/\/happyhaus.fr\/wp-content\/uploads\/2024\/08\/Z1-5.jpg\",\"contentUrl\":\"https:\/\/happyhaus.fr\/wp-content\/uploads\/2024\/08\/Z1-5.jpg\",\"width\":1707,\"height\":2560},{\"@type\":\"BreadcrumbList\",\"@id\":\"https:\/\/happyhaus.fr\/de\/produkt\/le-blouson-nuage-schwarz-vorbestellung\/#breadcrumb\",\"itemListElement\":[{\"@type\":\"ListItem\",\"position\":1,\"name\":\"Accueil\",\"item\":\"https:\/\/happyhaus.fr\/de\/\"},{\"@type\":\"ListItem\",\"position\":2,\"name\":\"Priv\u00e9\u00a0: Shop\",\"item\":\"https:\/\/happyhaus.fr\/?page_id=4438\"},{\"@type\":\"ListItem\",\"position\":3,\"name\":\"LE BLOUSON NUAGE &#8211; PRE ORDER\"}]},{\"@type\":\"WebSite\",\"@id\":\"https:\/\/happyhaus.fr\/#website\",\"url\":\"https:\/\/happyhaus.fr\/\",\"name\":\"\",\"description\":\"\",\"potentialAction\":[{\"@type\":\"SearchAction\",\"target\":{\"@type\":\"EntryPoint\",\"urlTemplate\":\"https:\/\/happyhaus.fr\/?s={search_term_string}\"},\"query-input\":\"required name=search_term_string\"}],\"inLanguage\":\"de\"}]}<\/script>\n<!-- \/ Yoast SEO plugin. -->","yoast_head_json":{"title":"LE BLOUSON NUAGE - PRE ORDER -","robots":{"index":"index","follow":"follow","max-snippet":"max-snippet:-1","max-image-preview":"max-image-preview:large","max-video-preview":"max-video-preview:-1"},"canonical":"https:\/\/happyhaus.fr\/de\/produkt\/le-blouson-nuage-schwarz-vorbestellung\/","og_locale":"de_DE","og_type":"article","og_title":"LE BLOUSON NUAGE - PRE ORDER -","og_description":"Das ist eines meiner wahren Winterfreuden: Ich nehme meine \" Wolke \" Jacke aus meinem Schrank, um mich darin zu kuscheln... Es ist so weich, so tr\u00f6stlich, so bequem und im Laufe der Jahre immer sch\u00f6ner. Ein wahrer Traum! Zeitlos und \u00e4sthetisch \" Quiet luxury \". Ich habe sie vor f\u00fcnf Jahren kreiert, als ich diese wundersch\u00f6ne Beernhaut mit ihren langen wei\u00dfen Wellen entdeckte, die sie einzigartig machen. Nat\u00fcrlich werden diese Tiere nicht f\u00fcr ihre Haut, sondern f\u00fcr unseren Verzehr gez\u00fcchtet: dieses au\u00dfergew\u00f6hnliche Fell ist ein \"Abfall\", den ein Pariser Handwerker sammelt, reinigt und ausw\u00e4hlt, um nur das sch\u00f6nste zu behalten.  Die Schwierigkeit besteht darin, dass es sehr teuer ist, da es viele Manipulationen von unserer Werkstatt in Tunesien erfordert, die zuerst die Struktur des Denims erstellen muss, bevor sie jedes der ausgew\u00e4hlten Felle einzeln von Hand aufn\u00e4hen und n\u00e4hen. in Frankreich.  Wir bei HAPPY HAUS sind sehr stolz darauf, Ihnen solche Unikate anbieten zu k\u00f6nnen.","og_url":"https:\/\/happyhaus.fr\/de\/produkt\/le-blouson-nuage-schwarz-vorbestellung\/","article_modified_time":"2025-08-05T14:25:12+00:00","og_image":[{"width":1707,"height":2560,"url":"https:\/\/happyhaus.fr\/wp-content\/uploads\/2024\/08\/Z1-5.jpg","type":"image\/jpeg"}],"twitter_card":"summary_large_image","twitter_misc":{"Gesch\u00e4tzte Lesezeit":"1\u00a0Minute"},"schema":{"@context":"https:\/\/schema.org","@graph":[{"@type":"WebPage","@id":"https:\/\/happyhaus.fr\/de\/produkt\/le-blouson-nuage-schwarz-vorbestellung\/","url":"https:\/\/happyhaus.fr\/de\/produkt\/le-blouson-nuage-schwarz-vorbestellung\/","name":"LE BLOUSON NUAGE - PRE ORDER -","isPartOf":{"@id":"https:\/\/happyhaus.fr\/#website"},"primaryImageOfPage":{"@id":"https:\/\/happyhaus.fr\/de\/produkt\/le-blouson-nuage-schwarz-vorbestellung\/#primaryimage"},"image":{"@id":"https:\/\/happyhaus.fr\/de\/produkt\/le-blouson-nuage-schwarz-vorbestellung\/#primaryimage"},"thumbnailUrl":"https:\/\/happyhaus.fr\/wp-content\/uploads\/2024\/08\/Z1-5.jpg","datePublished":"2024-08-29T13:24:14+00:00","dateModified":"2025-08-05T14:25:12+00:00","breadcrumb":{"@id":"https:\/\/happyhaus.fr\/de\/produkt\/le-blouson-nuage-schwarz-vorbestellung\/#breadcrumb"},"inLanguage":"de","potentialAction":[{"@type":"ReadAction","target":["https:\/\/happyhaus.fr\/de\/produkt\/le-blouson-nuage-schwarz-vorbestellung\/"]}]},{"@type":"ImageObject","inLanguage":"de","@id":"https:\/\/happyhaus.fr\/de\/produkt\/le-blouson-nuage-schwarz-vorbestellung\/#primaryimage","url":"https:\/\/happyhaus.fr\/wp-content\/uploads\/2024\/08\/Z1-5.jpg","contentUrl":"https:\/\/happyhaus.fr\/wp-content\/uploads\/2024\/08\/Z1-5.jpg","width":1707,"height":2560},{"@type":"BreadcrumbList","@id":"https:\/\/happyhaus.fr\/de\/produkt\/le-blouson-nuage-schwarz-vorbestellung\/#breadcrumb","itemListElement":[{"@type":"ListItem","position":1,"name":"Accueil","item":"https:\/\/happyhaus.fr\/de\/"},{"@type":"ListItem","position":2,"name":"Priv\u00e9\u00a0: Shop","item":"https:\/\/happyhaus.fr\/?page_id=4438"},{"@type":"ListItem","position":3,"name":"LE BLOUSON NUAGE &#8211; PRE ORDER"}]},{"@type":"WebSite","@id":"https:\/\/happyhaus.fr\/#website","url":"https:\/\/happyhaus.fr\/","name":"","description":"","potentialAction":[{"@type":"SearchAction","target":{"@type":"EntryPoint","urlTemplate":"https:\/\/happyhaus.fr\/?s={search_term_string}"},"query-input":"required name=search_term_string"}],"inLanguage":"de"}]}},"_links":{"self":[{"href":"https:\/\/happyhaus.fr\/de\/wp-json\/wp\/v2\/product\/93335"}],"collection":[{"href":"https:\/\/happyhaus.fr\/de\/wp-json\/wp\/v2\/product"}],"about":[{"href":"https:\/\/happyhaus.fr\/de\/wp-json\/wp\/v2\/types\/product"}],"replies":[{"embeddable":true,"href":"https:\/\/happyhaus.fr\/de\/wp-json\/wp\/v2\/comments?post=93335"}],"wp:featuredmedia":[{"embeddable":true,"href":"https:\/\/happyhaus.fr\/de\/wp-json\/wp\/v2\/media\/97674"}],"wp:attachment":[{"href":"https:\/\/happyhaus.fr\/de\/wp-json\/wp\/v2\/media?parent=93335"}],"wp:term":[{"taxonomy":"product_cat","embeddable":true,"href":"https:\/\/happyhaus.fr\/de\/wp-json\/wp\/v2\/product_cat?post=93335"},{"taxonomy":"product_tag","embeddable":true,"href":"https:\/\/happyhaus.fr\/de\/wp-json\/wp\/v2\/product_tag?post=93335"}],"curies":[{"name":"wp","href":"https:\/\/api.w.org\/{rel}","templated":true}]}}