{"id":93204,"date":"2024-09-17T13:26:59","date_gmt":"2024-09-17T11:26:59","guid":{"rendered":"https:\/\/happyhaus.fr\/?post_type=product&#038;p=93204"},"modified":"2024-09-18T13:21:32","modified_gmt":"2024-09-18T11:21:32","slug":"le-blouson-fleur-rohes-blau","status":"publish","type":"product","link":"https:\/\/happyhaus.fr\/de\/produkt\/le-blouson-fleur-rohes-blau\/","title":{"rendered":"LE BLOUSON FLEUR"},"content":{"rendered":"<ul>\n<li>Gerader Schnitt<\/li>\n<li>Spitzkragen des Hemdes<\/li>\n<li>Zwei aufgesetzte Taschen in Blumenform<\/li>\n<li>Rich Denim<\/li>\n<li>Metallkn\u00f6pfe mit Nieten<\/li>\n<li>Tabacole Pfau Stickerei auf der unteren R\u00fcckseite<\/li>\n<li>Zwei Taschen an der Vorderseite<\/li>\n<li>N\u00e4hte aus Tabakgarn<\/li>\n<li>100% Bio-Baumwolle, GOTS zertifiziert<\/li>\n<\/ul>\n<p>Stoff aus Italien<br \/>\nHergestellt in Tunesien<\/p>\n","protected":false},"excerpt":{"rendered":"<p>Die FLEUR Jacke ist eine kurze Jacke aus reichhaltigem Denim, hergestellt aus GOTS-zertifizierter Bio-Baumwolle mit einzigartigen Details. Er hat einen spitzen Kragen, der wie ein Hemdkragen gestaltet ist. Seine zwei Taschen in Form von Blumen verleihen ihm einen gewagten Look. Unser Happy Haus Peacock ist auf der R\u00fcckseite der Jacke aus einem tabakfarbenen Garn gestickt, das sich an allen Steppn\u00e4hten der Jacke wiederfindet und einen sch\u00f6nen Kontrast zu dem rohen Denim bildet. Eine ikonische Jacke !<\/p>\n","protected":false},"featured_media":97690,"comment_status":"closed","ping_status":"closed","template":"","meta":{"_acf_changed":false},"product_cat":[312,231,238,314],"product_tag":[335],"acf":[],"yoast_head":"<!-- This site is optimized with the Yoast SEO plugin v22.6 - https:\/\/yoast.com\/wordpress\/plugins\/seo\/ -->\n<title>LE BLOUSON FLEUR -<\/title>\n<meta name=\"robots\" content=\"index, follow, max-snippet:-1, max-image-preview:large, max-video-preview:-1\" \/>\n<link rel=\"canonical\" href=\"https:\/\/happyhaus.fr\/de\/produkt\/le-blouson-fleur-rohes-blau\/\" \/>\n<meta property=\"og:locale\" content=\"de_DE\" \/>\n<meta property=\"og:type\" content=\"article\" \/>\n<meta property=\"og:title\" content=\"LE BLOUSON FLEUR -\" \/>\n<meta property=\"og:description\" content=\"Die FLEUR Jacke ist eine kurze Jacke aus reichhaltigem Denim, hergestellt aus GOTS-zertifizierter Bio-Baumwolle mit einzigartigen Details. Er hat einen spitzen Kragen, der wie ein Hemdkragen gestaltet ist. Seine zwei Taschen in Form von Blumen verleihen ihm einen gewagten Look. Unser Happy Haus Peacock ist auf der R\u00fcckseite der Jacke aus einem tabakfarbenen Garn gestickt, das sich an allen Steppn\u00e4hten der Jacke wiederfindet und einen sch\u00f6nen Kontrast zu dem rohen Denim bildet. Eine ikonische Jacke !\" \/>\n<meta property=\"og:url\" content=\"https:\/\/happyhaus.fr\/de\/produkt\/le-blouson-fleur-rohes-blau\/\" \/>\n<meta property=\"article:modified_time\" content=\"2024-09-18T11:21:32+00:00\" \/>\n<meta property=\"og:image\" content=\"https:\/\/happyhaus.fr\/wp-content\/uploads\/2024\/08\/BLOUSON-FLEUR-BLEU-BRUT.jpg\" \/>\n\t<meta property=\"og:image:width\" content=\"1707\" \/>\n\t<meta property=\"og:image:height\" content=\"2560\" \/>\n\t<meta property=\"og:image:type\" content=\"image\/jpeg\" \/>\n<meta name=\"twitter:card\" content=\"summary_large_image\" \/>\n<meta name=\"twitter:label1\" content=\"Gesch\u00e4tzte Lesezeit\" \/>\n\t<meta name=\"twitter:data1\" content=\"1\u00a0Minute\" \/>\n<script type=\"application\/ld+json\" class=\"yoast-schema-graph\">{\"@context\":\"https:\/\/schema.org\",\"@graph\":[{\"@type\":\"WebPage\",\"@id\":\"https:\/\/happyhaus.fr\/de\/produkt\/le-blouson-fleur-rohes-blau\/\",\"url\":\"https:\/\/happyhaus.fr\/de\/produkt\/le-blouson-fleur-rohes-blau\/\",\"name\":\"LE BLOUSON FLEUR -\",\"isPartOf\":{\"@id\":\"https:\/\/happyhaus.fr\/#website\"},\"primaryImageOfPage\":{\"@id\":\"https:\/\/happyhaus.fr\/de\/produkt\/le-blouson-fleur-rohes-blau\/#primaryimage\"},\"image\":{\"@id\":\"https:\/\/happyhaus.fr\/de\/produkt\/le-blouson-fleur-rohes-blau\/#primaryimage\"},\"thumbnailUrl\":\"https:\/\/happyhaus.fr\/wp-content\/uploads\/2024\/09\/Z1-4.jpg\",\"datePublished\":\"2024-09-17T11:26:59+00:00\",\"dateModified\":\"2024-09-18T11:21:32+00:00\",\"breadcrumb\":{\"@id\":\"https:\/\/happyhaus.fr\/de\/produkt\/le-blouson-fleur-rohes-blau\/#breadcrumb\"},\"inLanguage\":\"de\",\"potentialAction\":[{\"@type\":\"ReadAction\",\"target\":[\"https:\/\/happyhaus.fr\/de\/produkt\/le-blouson-fleur-rohes-blau\/\"]}]},{\"@type\":\"ImageObject\",\"inLanguage\":\"de\",\"@id\":\"https:\/\/happyhaus.fr\/de\/produkt\/le-blouson-fleur-rohes-blau\/#primaryimage\",\"url\":\"https:\/\/happyhaus.fr\/wp-content\/uploads\/2024\/09\/Z1-4.jpg\",\"contentUrl\":\"https:\/\/happyhaus.fr\/wp-content\/uploads\/2024\/09\/Z1-4.jpg\",\"width\":1707,\"height\":2560},{\"@type\":\"BreadcrumbList\",\"@id\":\"https:\/\/happyhaus.fr\/de\/produkt\/le-blouson-fleur-rohes-blau\/#breadcrumb\",\"itemListElement\":[{\"@type\":\"ListItem\",\"position\":1,\"name\":\"Accueil\",\"item\":\"https:\/\/happyhaus.fr\/de\/\"},{\"@type\":\"ListItem\",\"position\":2,\"name\":\"Priv\u00e9\u00a0: Shop\",\"item\":\"https:\/\/happyhaus.fr\/?page_id=4438\"},{\"@type\":\"ListItem\",\"position\":3,\"name\":\"LE BLOUSON FLEUR\"}]},{\"@type\":\"WebSite\",\"@id\":\"https:\/\/happyhaus.fr\/#website\",\"url\":\"https:\/\/happyhaus.fr\/\",\"name\":\"\",\"description\":\"\",\"potentialAction\":[{\"@type\":\"SearchAction\",\"target\":{\"@type\":\"EntryPoint\",\"urlTemplate\":\"https:\/\/happyhaus.fr\/?s={search_term_string}\"},\"query-input\":\"required name=search_term_string\"}],\"inLanguage\":\"de\"}]}<\/script>\n<!-- \/ Yoast SEO plugin. -->","yoast_head_json":{"title":"LE BLOUSON FLEUR -","robots":{"index":"index","follow":"follow","max-snippet":"max-snippet:-1","max-image-preview":"max-image-preview:large","max-video-preview":"max-video-preview:-1"},"canonical":"https:\/\/happyhaus.fr\/de\/produkt\/le-blouson-fleur-rohes-blau\/","og_locale":"de_DE","og_type":"article","og_title":"LE BLOUSON FLEUR -","og_description":"Die FLEUR Jacke ist eine kurze Jacke aus reichhaltigem Denim, hergestellt aus GOTS-zertifizierter Bio-Baumwolle mit einzigartigen Details. Er hat einen spitzen Kragen, der wie ein Hemdkragen gestaltet ist. Seine zwei Taschen in Form von Blumen verleihen ihm einen gewagten Look. Unser Happy Haus Peacock ist auf der R\u00fcckseite der Jacke aus einem tabakfarbenen Garn gestickt, das sich an allen Steppn\u00e4hten der Jacke wiederfindet und einen sch\u00f6nen Kontrast zu dem rohen Denim bildet. Eine ikonische Jacke !","og_url":"https:\/\/happyhaus.fr\/de\/produkt\/le-blouson-fleur-rohes-blau\/","article_modified_time":"2024-09-18T11:21:32+00:00","og_image":[{"width":1707,"height":2560,"url":"https:\/\/happyhaus.fr\/wp-content\/uploads\/2024\/08\/BLOUSON-FLEUR-BLEU-BRUT.jpg","type":"image\/jpeg"}],"twitter_card":"summary_large_image","twitter_misc":{"Gesch\u00e4tzte Lesezeit":"1\u00a0Minute"},"schema":{"@context":"https:\/\/schema.org","@graph":[{"@type":"WebPage","@id":"https:\/\/happyhaus.fr\/de\/produkt\/le-blouson-fleur-rohes-blau\/","url":"https:\/\/happyhaus.fr\/de\/produkt\/le-blouson-fleur-rohes-blau\/","name":"LE BLOUSON FLEUR -","isPartOf":{"@id":"https:\/\/happyhaus.fr\/#website"},"primaryImageOfPage":{"@id":"https:\/\/happyhaus.fr\/de\/produkt\/le-blouson-fleur-rohes-blau\/#primaryimage"},"image":{"@id":"https:\/\/happyhaus.fr\/de\/produkt\/le-blouson-fleur-rohes-blau\/#primaryimage"},"thumbnailUrl":"https:\/\/happyhaus.fr\/wp-content\/uploads\/2024\/09\/Z1-4.jpg","datePublished":"2024-09-17T11:26:59+00:00","dateModified":"2024-09-18T11:21:32+00:00","breadcrumb":{"@id":"https:\/\/happyhaus.fr\/de\/produkt\/le-blouson-fleur-rohes-blau\/#breadcrumb"},"inLanguage":"de","potentialAction":[{"@type":"ReadAction","target":["https:\/\/happyhaus.fr\/de\/produkt\/le-blouson-fleur-rohes-blau\/"]}]},{"@type":"ImageObject","inLanguage":"de","@id":"https:\/\/happyhaus.fr\/de\/produkt\/le-blouson-fleur-rohes-blau\/#primaryimage","url":"https:\/\/happyhaus.fr\/wp-content\/uploads\/2024\/09\/Z1-4.jpg","contentUrl":"https:\/\/happyhaus.fr\/wp-content\/uploads\/2024\/09\/Z1-4.jpg","width":1707,"height":2560},{"@type":"BreadcrumbList","@id":"https:\/\/happyhaus.fr\/de\/produkt\/le-blouson-fleur-rohes-blau\/#breadcrumb","itemListElement":[{"@type":"ListItem","position":1,"name":"Accueil","item":"https:\/\/happyhaus.fr\/de\/"},{"@type":"ListItem","position":2,"name":"Priv\u00e9\u00a0: Shop","item":"https:\/\/happyhaus.fr\/?page_id=4438"},{"@type":"ListItem","position":3,"name":"LE BLOUSON FLEUR"}]},{"@type":"WebSite","@id":"https:\/\/happyhaus.fr\/#website","url":"https:\/\/happyhaus.fr\/","name":"","description":"","potentialAction":[{"@type":"SearchAction","target":{"@type":"EntryPoint","urlTemplate":"https:\/\/happyhaus.fr\/?s={search_term_string}"},"query-input":"required name=search_term_string"}],"inLanguage":"de"}]}},"_links":{"self":[{"href":"https:\/\/happyhaus.fr\/de\/wp-json\/wp\/v2\/product\/93204"}],"collection":[{"href":"https:\/\/happyhaus.fr\/de\/wp-json\/wp\/v2\/product"}],"about":[{"href":"https:\/\/happyhaus.fr\/de\/wp-json\/wp\/v2\/types\/product"}],"replies":[{"embeddable":true,"href":"https:\/\/happyhaus.fr\/de\/wp-json\/wp\/v2\/comments?post=93204"}],"wp:featuredmedia":[{"embeddable":true,"href":"https:\/\/happyhaus.fr\/de\/wp-json\/wp\/v2\/media\/97690"}],"wp:attachment":[{"href":"https:\/\/happyhaus.fr\/de\/wp-json\/wp\/v2\/media?parent=93204"}],"wp:term":[{"taxonomy":"product_cat","embeddable":true,"href":"https:\/\/happyhaus.fr\/de\/wp-json\/wp\/v2\/product_cat?post=93204"},{"taxonomy":"product_tag","embeddable":true,"href":"https:\/\/happyhaus.fr\/de\/wp-json\/wp\/v2\/product_tag?post=93204"}],"curies":[{"name":"wp","href":"https:\/\/api.w.org\/{rel}","templated":true}]}}