{"id":93060,"date":"2024-08-21T17:46:09","date_gmt":"2024-08-21T15:46:11","guid":{"rendered":"https:\/\/happyhaus.fr\/?post_type=product&#038;p=93060"},"modified":"2025-08-08T10:31:27","modified_gmt":"2025-08-08T08:31:27","slug":"la-tunika-over-schwarz","status":"publish","type":"product","link":"https:\/\/happyhaus.fr\/de\/produkt\/la-tunika-over-schwarz\/","title":{"rendered":"LA TUNIQUE OVER"},"content":{"rendered":"<ul>\n<li class=\"p1\">Oversize Passform<\/li>\n<li class=\"p1\">Fallende Schultern<\/li>\n<li class=\"p1\">Langarm<\/li>\n<li class=\"p1\">Bronze Druckkn\u00f6pfe<\/li>\n<li class=\"p1\">Weiblicher Spitzkragen<\/li>\n<li class=\"p1\">98% Baumwolle 2% Elasthan<\/li>\n<\/ul>\n<p>Herkunft der Stoffe: Italien<br \/>\nHergestellt in Tunesien<\/p>\n","protected":false},"excerpt":{"rendered":"<p>Unsere OVER-Tunika nimmt den Vintage Minimalist Stil. Mit seiner lockeren Passform, den fallenden Schultern und dem gro\u00dfen spitzen Kragen passt sie zu den meisten Hosen oder R\u00f6cken! Seine langen und geraden \u00c4rmel geben Ihnen die M\u00f6glichkeit, es auf verschiedene Arten zu tragen. Sein unglaublicher Komfort, der durch die Weichheit, Flexibilit\u00e4t und Leichtigkeit von Baumwolle und \u00a02% Elasthan gew\u00e4hrleistet wird, macht ihn zu einem wahren Verb\u00fcndeten.<\/p>\n<p>Happy Haus-Gr\u00fcnderin Sandy tr\u00e4gt Gr\u00f6\u00dfe 36. Sie ist 170 cm gro\u00df.<\/p>\n","protected":false},"featured_media":95682,"comment_status":"closed","ping_status":"closed","template":"","meta":{"_acf_changed":false},"product_cat":[312,231,238,315],"product_tag":[335],"acf":[],"yoast_head":"<!-- This site is optimized with the Yoast SEO plugin v22.6 - https:\/\/yoast.com\/wordpress\/plugins\/seo\/ -->\n<title>LA TUNIQUE OVER -<\/title>\n<meta name=\"robots\" content=\"index, follow, max-snippet:-1, max-image-preview:large, max-video-preview:-1\" \/>\n<link rel=\"canonical\" href=\"https:\/\/happyhaus.fr\/de\/produkt\/la-tunika-over-schwarz\/\" \/>\n<meta property=\"og:locale\" content=\"de_DE\" \/>\n<meta property=\"og:type\" content=\"article\" \/>\n<meta property=\"og:title\" content=\"LA TUNIQUE OVER -\" \/>\n<meta property=\"og:description\" content=\"Unsere OVER-Tunika nimmt den Vintage Minimalist Stil. Mit seiner lockeren Passform, den fallenden Schultern und dem gro\u00dfen spitzen Kragen passt sie zu den meisten Hosen oder R\u00f6cken! Seine langen und geraden \u00c4rmel geben Ihnen die M\u00f6glichkeit, es auf verschiedene Arten zu tragen. Sein unglaublicher Komfort, der durch die Weichheit, Flexibilit\u00e4t und Leichtigkeit von Baumwolle und \u00a02% Elasthan gew\u00e4hrleistet wird, macht ihn zu einem wahren Verb\u00fcndeten.  Happy Haus-Gr\u00fcnderin Sandy tr\u00e4gt Gr\u00f6\u00dfe 36. Sie ist 170 cm gro\u00df.\" \/>\n<meta property=\"og:url\" content=\"https:\/\/happyhaus.fr\/de\/produkt\/la-tunika-over-schwarz\/\" \/>\n<meta property=\"article:modified_time\" content=\"2025-08-08T08:31:27+00:00\" \/>\n<meta property=\"og:image\" content=\"https:\/\/happyhaus.fr\/wp-content\/uploads\/2024\/08\/Z1-2.jpg\" \/>\n\t<meta property=\"og:image:width\" content=\"1707\" \/>\n\t<meta property=\"og:image:height\" content=\"2560\" \/>\n\t<meta property=\"og:image:type\" content=\"image\/jpeg\" \/>\n<meta name=\"twitter:card\" content=\"summary_large_image\" \/>\n<meta name=\"twitter:label1\" content=\"Gesch\u00e4tzte Lesezeit\" \/>\n\t<meta name=\"twitter:data1\" content=\"1\u00a0Minute\" \/>\n<script type=\"application\/ld+json\" class=\"yoast-schema-graph\">{\"@context\":\"https:\/\/schema.org\",\"@graph\":[{\"@type\":\"WebPage\",\"@id\":\"https:\/\/happyhaus.fr\/de\/produkt\/la-tunika-over-schwarz\/\",\"url\":\"https:\/\/happyhaus.fr\/de\/produkt\/la-tunika-over-schwarz\/\",\"name\":\"LA TUNIQUE OVER -\",\"isPartOf\":{\"@id\":\"https:\/\/happyhaus.fr\/#website\"},\"primaryImageOfPage\":{\"@id\":\"https:\/\/happyhaus.fr\/de\/produkt\/la-tunika-over-schwarz\/#primaryimage\"},\"image\":{\"@id\":\"https:\/\/happyhaus.fr\/de\/produkt\/la-tunika-over-schwarz\/#primaryimage\"},\"thumbnailUrl\":\"https:\/\/happyhaus.fr\/wp-content\/uploads\/2024\/08\/Z1-2.jpg\",\"datePublished\":\"2024-08-21T15:46:11+00:00\",\"dateModified\":\"2025-08-08T08:31:27+00:00\",\"breadcrumb\":{\"@id\":\"https:\/\/happyhaus.fr\/de\/produkt\/la-tunika-over-schwarz\/#breadcrumb\"},\"inLanguage\":\"de\",\"potentialAction\":[{\"@type\":\"ReadAction\",\"target\":[\"https:\/\/happyhaus.fr\/de\/produkt\/la-tunika-over-schwarz\/\"]}]},{\"@type\":\"ImageObject\",\"inLanguage\":\"de\",\"@id\":\"https:\/\/happyhaus.fr\/de\/produkt\/la-tunika-over-schwarz\/#primaryimage\",\"url\":\"https:\/\/happyhaus.fr\/wp-content\/uploads\/2024\/08\/Z1-2.jpg\",\"contentUrl\":\"https:\/\/happyhaus.fr\/wp-content\/uploads\/2024\/08\/Z1-2.jpg\",\"width\":1707,\"height\":2560},{\"@type\":\"BreadcrumbList\",\"@id\":\"https:\/\/happyhaus.fr\/de\/produkt\/la-tunika-over-schwarz\/#breadcrumb\",\"itemListElement\":[{\"@type\":\"ListItem\",\"position\":1,\"name\":\"Accueil\",\"item\":\"https:\/\/happyhaus.fr\/de\/\"},{\"@type\":\"ListItem\",\"position\":2,\"name\":\"Priv\u00e9\u00a0: Shop\",\"item\":\"https:\/\/happyhaus.fr\/?page_id=4438\"},{\"@type\":\"ListItem\",\"position\":3,\"name\":\"LA TUNIQUE OVER\"}]},{\"@type\":\"WebSite\",\"@id\":\"https:\/\/happyhaus.fr\/#website\",\"url\":\"https:\/\/happyhaus.fr\/\",\"name\":\"\",\"description\":\"\",\"potentialAction\":[{\"@type\":\"SearchAction\",\"target\":{\"@type\":\"EntryPoint\",\"urlTemplate\":\"https:\/\/happyhaus.fr\/?s={search_term_string}\"},\"query-input\":\"required name=search_term_string\"}],\"inLanguage\":\"de\"}]}<\/script>\n<!-- \/ Yoast SEO plugin. -->","yoast_head_json":{"title":"LA TUNIQUE OVER -","robots":{"index":"index","follow":"follow","max-snippet":"max-snippet:-1","max-image-preview":"max-image-preview:large","max-video-preview":"max-video-preview:-1"},"canonical":"https:\/\/happyhaus.fr\/de\/produkt\/la-tunika-over-schwarz\/","og_locale":"de_DE","og_type":"article","og_title":"LA TUNIQUE OVER -","og_description":"Unsere OVER-Tunika nimmt den Vintage Minimalist Stil. Mit seiner lockeren Passform, den fallenden Schultern und dem gro\u00dfen spitzen Kragen passt sie zu den meisten Hosen oder R\u00f6cken! Seine langen und geraden \u00c4rmel geben Ihnen die M\u00f6glichkeit, es auf verschiedene Arten zu tragen. Sein unglaublicher Komfort, der durch die Weichheit, Flexibilit\u00e4t und Leichtigkeit von Baumwolle und \u00a02% Elasthan gew\u00e4hrleistet wird, macht ihn zu einem wahren Verb\u00fcndeten.  Happy Haus-Gr\u00fcnderin Sandy tr\u00e4gt Gr\u00f6\u00dfe 36. Sie ist 170 cm gro\u00df.","og_url":"https:\/\/happyhaus.fr\/de\/produkt\/la-tunika-over-schwarz\/","article_modified_time":"2025-08-08T08:31:27+00:00","og_image":[{"width":1707,"height":2560,"url":"https:\/\/happyhaus.fr\/wp-content\/uploads\/2024\/08\/Z1-2.jpg","type":"image\/jpeg"}],"twitter_card":"summary_large_image","twitter_misc":{"Gesch\u00e4tzte Lesezeit":"1\u00a0Minute"},"schema":{"@context":"https:\/\/schema.org","@graph":[{"@type":"WebPage","@id":"https:\/\/happyhaus.fr\/de\/produkt\/la-tunika-over-schwarz\/","url":"https:\/\/happyhaus.fr\/de\/produkt\/la-tunika-over-schwarz\/","name":"LA TUNIQUE OVER -","isPartOf":{"@id":"https:\/\/happyhaus.fr\/#website"},"primaryImageOfPage":{"@id":"https:\/\/happyhaus.fr\/de\/produkt\/la-tunika-over-schwarz\/#primaryimage"},"image":{"@id":"https:\/\/happyhaus.fr\/de\/produkt\/la-tunika-over-schwarz\/#primaryimage"},"thumbnailUrl":"https:\/\/happyhaus.fr\/wp-content\/uploads\/2024\/08\/Z1-2.jpg","datePublished":"2024-08-21T15:46:11+00:00","dateModified":"2025-08-08T08:31:27+00:00","breadcrumb":{"@id":"https:\/\/happyhaus.fr\/de\/produkt\/la-tunika-over-schwarz\/#breadcrumb"},"inLanguage":"de","potentialAction":[{"@type":"ReadAction","target":["https:\/\/happyhaus.fr\/de\/produkt\/la-tunika-over-schwarz\/"]}]},{"@type":"ImageObject","inLanguage":"de","@id":"https:\/\/happyhaus.fr\/de\/produkt\/la-tunika-over-schwarz\/#primaryimage","url":"https:\/\/happyhaus.fr\/wp-content\/uploads\/2024\/08\/Z1-2.jpg","contentUrl":"https:\/\/happyhaus.fr\/wp-content\/uploads\/2024\/08\/Z1-2.jpg","width":1707,"height":2560},{"@type":"BreadcrumbList","@id":"https:\/\/happyhaus.fr\/de\/produkt\/la-tunika-over-schwarz\/#breadcrumb","itemListElement":[{"@type":"ListItem","position":1,"name":"Accueil","item":"https:\/\/happyhaus.fr\/de\/"},{"@type":"ListItem","position":2,"name":"Priv\u00e9\u00a0: Shop","item":"https:\/\/happyhaus.fr\/?page_id=4438"},{"@type":"ListItem","position":3,"name":"LA TUNIQUE OVER"}]},{"@type":"WebSite","@id":"https:\/\/happyhaus.fr\/#website","url":"https:\/\/happyhaus.fr\/","name":"","description":"","potentialAction":[{"@type":"SearchAction","target":{"@type":"EntryPoint","urlTemplate":"https:\/\/happyhaus.fr\/?s={search_term_string}"},"query-input":"required name=search_term_string"}],"inLanguage":"de"}]}},"_links":{"self":[{"href":"https:\/\/happyhaus.fr\/de\/wp-json\/wp\/v2\/product\/93060"}],"collection":[{"href":"https:\/\/happyhaus.fr\/de\/wp-json\/wp\/v2\/product"}],"about":[{"href":"https:\/\/happyhaus.fr\/de\/wp-json\/wp\/v2\/types\/product"}],"replies":[{"embeddable":true,"href":"https:\/\/happyhaus.fr\/de\/wp-json\/wp\/v2\/comments?post=93060"}],"wp:featuredmedia":[{"embeddable":true,"href":"https:\/\/happyhaus.fr\/de\/wp-json\/wp\/v2\/media\/95682"}],"wp:attachment":[{"href":"https:\/\/happyhaus.fr\/de\/wp-json\/wp\/v2\/media?parent=93060"}],"wp:term":[{"taxonomy":"product_cat","embeddable":true,"href":"https:\/\/happyhaus.fr\/de\/wp-json\/wp\/v2\/product_cat?post=93060"},{"taxonomy":"product_tag","embeddable":true,"href":"https:\/\/happyhaus.fr\/de\/wp-json\/wp\/v2\/product_tag?post=93060"}],"curies":[{"name":"wp","href":"https:\/\/api.w.org\/{rel}","templated":true}]}}