{"id":92789,"date":"2024-01-12T15:09:54","date_gmt":"2024-07-12T13:09:51","guid":{"rendered":"https:\/\/happyhaus.fr\/?post_type=product&#038;p=92789"},"modified":"2026-02-11T17:12:24","modified_gmt":"2026-02-11T16:12:24","slug":"le-pantalon-chino-bleu-ete","status":"publish","type":"product","link":"https:\/\/happyhaus.fr\/de\/produkt\/le-pantalon-chino-bleu-ete\/","title":{"rendered":"Le pantalon CHINO"},"content":{"rendered":"<ul>\n<li>Hohe Taille<\/li>\n<li>Gerader Schnitt<\/li>\n<li>2 gro\u00dfe aufgesetzte Ges\u00e4\u00dftaschen<\/li>\n<li>Kn\u00f6pfe aus Holz<\/li>\n<li>100% Baumwolle<\/li>\n<\/ul>\n<p>Herkunft des Stoffes: Italy<br \/>\nHergestellt in Tunesien<\/p>\n","protected":false},"excerpt":{"rendered":"<p>Unsere CHINO-Hose ist eine Hose im maskulinen Stil, der von den Anzughosen der M\u00e4nner inspiriert ist. Ihr eleganter Schnitt wird durch Details wie die beiden aufgesetzten, abgerundeten Ges\u00e4\u00dftaschen, die durch eine dreifache Steppung hervorgehoben werden, feminisiert. Sie ist perfekt, um sie mit einem Hemd oder einem einfachen Baumwoll-T-Shirt zu tragen.<\/p>\n<p>Sandy, die Gr\u00fcnderin von Happy Haus, tr\u00e4gt Gr\u00f6\u00dfe 36. Sie ist 170 cm gro\u00df.<\/p>\n","protected":false},"featured_media":98041,"comment_status":"open","ping_status":"closed","template":"","meta":{"_acf_changed":false},"product_cat":[231,236,315],"product_tag":[],"acf":[],"yoast_head":"<!-- This site is optimized with the Yoast SEO plugin v22.6 - https:\/\/yoast.com\/wordpress\/plugins\/seo\/ -->\n<title>Le pantalon CHINO -<\/title>\n<meta name=\"robots\" content=\"index, follow, max-snippet:-1, max-image-preview:large, max-video-preview:-1\" \/>\n<link rel=\"canonical\" href=\"https:\/\/happyhaus.fr\/de\/produkt\/le-pantalon-chino-bleu-ete\/\" \/>\n<meta property=\"og:locale\" content=\"de_DE\" \/>\n<meta property=\"og:type\" content=\"article\" \/>\n<meta property=\"og:title\" content=\"Le pantalon CHINO -\" \/>\n<meta property=\"og:description\" content=\"Unsere CHINO-Hose ist eine Hose im maskulinen Stil, der von den Anzughosen der M\u00e4nner inspiriert ist. Ihr eleganter Schnitt wird durch Details wie die beiden aufgesetzten, abgerundeten Ges\u00e4\u00dftaschen, die durch eine dreifache Steppung hervorgehoben werden, feminisiert. Sie ist perfekt, um sie mit einem Hemd oder einem einfachen Baumwoll-T-Shirt zu tragen.  Sandy, die Gr\u00fcnderin von Happy Haus, tr\u00e4gt Gr\u00f6\u00dfe 36. Sie ist 170 cm gro\u00df.\" \/>\n<meta property=\"og:url\" content=\"https:\/\/happyhaus.fr\/de\/produkt\/le-pantalon-chino-bleu-ete\/\" \/>\n<meta property=\"article:modified_time\" content=\"2026-02-11T16:12:24+00:00\" \/>\n<meta property=\"og:image\" content=\"https:\/\/happyhaus.fr\/wp-content\/uploads\/2024\/01\/Z1.jpg\" \/>\n\t<meta property=\"og:image:width\" content=\"1707\" \/>\n\t<meta property=\"og:image:height\" content=\"2560\" \/>\n\t<meta property=\"og:image:type\" content=\"image\/jpeg\" \/>\n<meta name=\"twitter:card\" content=\"summary_large_image\" \/>\n<meta name=\"twitter:label1\" content=\"Gesch\u00e4tzte Lesezeit\" \/>\n\t<meta name=\"twitter:data1\" content=\"1\u00a0Minute\" \/>\n<script type=\"application\/ld+json\" class=\"yoast-schema-graph\">{\"@context\":\"https:\/\/schema.org\",\"@graph\":[{\"@type\":\"WebPage\",\"@id\":\"https:\/\/happyhaus.fr\/de\/produkt\/le-pantalon-chino-bleu-ete\/\",\"url\":\"https:\/\/happyhaus.fr\/de\/produkt\/le-pantalon-chino-bleu-ete\/\",\"name\":\"Le pantalon CHINO -\",\"isPartOf\":{\"@id\":\"https:\/\/happyhaus.fr\/#website\"},\"primaryImageOfPage\":{\"@id\":\"https:\/\/happyhaus.fr\/de\/produkt\/le-pantalon-chino-bleu-ete\/#primaryimage\"},\"image\":{\"@id\":\"https:\/\/happyhaus.fr\/de\/produkt\/le-pantalon-chino-bleu-ete\/#primaryimage\"},\"thumbnailUrl\":\"https:\/\/happyhaus.fr\/wp-content\/uploads\/2024\/01\/Z1.jpg\",\"datePublished\":\"2024-07-12T13:09:51+00:00\",\"dateModified\":\"2026-02-11T16:12:24+00:00\",\"breadcrumb\":{\"@id\":\"https:\/\/happyhaus.fr\/de\/produkt\/le-pantalon-chino-bleu-ete\/#breadcrumb\"},\"inLanguage\":\"de\",\"potentialAction\":[{\"@type\":\"ReadAction\",\"target\":[\"https:\/\/happyhaus.fr\/de\/produkt\/le-pantalon-chino-bleu-ete\/\"]}]},{\"@type\":\"ImageObject\",\"inLanguage\":\"de\",\"@id\":\"https:\/\/happyhaus.fr\/de\/produkt\/le-pantalon-chino-bleu-ete\/#primaryimage\",\"url\":\"https:\/\/happyhaus.fr\/wp-content\/uploads\/2024\/01\/Z1.jpg\",\"contentUrl\":\"https:\/\/happyhaus.fr\/wp-content\/uploads\/2024\/01\/Z1.jpg\",\"width\":1707,\"height\":2560},{\"@type\":\"BreadcrumbList\",\"@id\":\"https:\/\/happyhaus.fr\/de\/produkt\/le-pantalon-chino-bleu-ete\/#breadcrumb\",\"itemListElement\":[{\"@type\":\"ListItem\",\"position\":1,\"name\":\"Accueil\",\"item\":\"https:\/\/happyhaus.fr\/de\/\"},{\"@type\":\"ListItem\",\"position\":2,\"name\":\"Priv\u00e9\u00a0: Shop\",\"item\":\"https:\/\/happyhaus.fr\/?page_id=4438\"},{\"@type\":\"ListItem\",\"position\":3,\"name\":\"Le pantalon CHINO\"}]},{\"@type\":\"WebSite\",\"@id\":\"https:\/\/happyhaus.fr\/#website\",\"url\":\"https:\/\/happyhaus.fr\/\",\"name\":\"\",\"description\":\"\",\"potentialAction\":[{\"@type\":\"SearchAction\",\"target\":{\"@type\":\"EntryPoint\",\"urlTemplate\":\"https:\/\/happyhaus.fr\/?s={search_term_string}\"},\"query-input\":\"required name=search_term_string\"}],\"inLanguage\":\"de\"}]}<\/script>\n<!-- \/ Yoast SEO plugin. -->","yoast_head_json":{"title":"Le pantalon CHINO -","robots":{"index":"index","follow":"follow","max-snippet":"max-snippet:-1","max-image-preview":"max-image-preview:large","max-video-preview":"max-video-preview:-1"},"canonical":"https:\/\/happyhaus.fr\/de\/produkt\/le-pantalon-chino-bleu-ete\/","og_locale":"de_DE","og_type":"article","og_title":"Le pantalon CHINO -","og_description":"Unsere CHINO-Hose ist eine Hose im maskulinen Stil, der von den Anzughosen der M\u00e4nner inspiriert ist. Ihr eleganter Schnitt wird durch Details wie die beiden aufgesetzten, abgerundeten Ges\u00e4\u00dftaschen, die durch eine dreifache Steppung hervorgehoben werden, feminisiert. Sie ist perfekt, um sie mit einem Hemd oder einem einfachen Baumwoll-T-Shirt zu tragen.  Sandy, die Gr\u00fcnderin von Happy Haus, tr\u00e4gt Gr\u00f6\u00dfe 36. Sie ist 170 cm gro\u00df.","og_url":"https:\/\/happyhaus.fr\/de\/produkt\/le-pantalon-chino-bleu-ete\/","article_modified_time":"2026-02-11T16:12:24+00:00","og_image":[{"width":1707,"height":2560,"url":"https:\/\/happyhaus.fr\/wp-content\/uploads\/2024\/01\/Z1.jpg","type":"image\/jpeg"}],"twitter_card":"summary_large_image","twitter_misc":{"Gesch\u00e4tzte Lesezeit":"1\u00a0Minute"},"schema":{"@context":"https:\/\/schema.org","@graph":[{"@type":"WebPage","@id":"https:\/\/happyhaus.fr\/de\/produkt\/le-pantalon-chino-bleu-ete\/","url":"https:\/\/happyhaus.fr\/de\/produkt\/le-pantalon-chino-bleu-ete\/","name":"Le pantalon CHINO -","isPartOf":{"@id":"https:\/\/happyhaus.fr\/#website"},"primaryImageOfPage":{"@id":"https:\/\/happyhaus.fr\/de\/produkt\/le-pantalon-chino-bleu-ete\/#primaryimage"},"image":{"@id":"https:\/\/happyhaus.fr\/de\/produkt\/le-pantalon-chino-bleu-ete\/#primaryimage"},"thumbnailUrl":"https:\/\/happyhaus.fr\/wp-content\/uploads\/2024\/01\/Z1.jpg","datePublished":"2024-07-12T13:09:51+00:00","dateModified":"2026-02-11T16:12:24+00:00","breadcrumb":{"@id":"https:\/\/happyhaus.fr\/de\/produkt\/le-pantalon-chino-bleu-ete\/#breadcrumb"},"inLanguage":"de","potentialAction":[{"@type":"ReadAction","target":["https:\/\/happyhaus.fr\/de\/produkt\/le-pantalon-chino-bleu-ete\/"]}]},{"@type":"ImageObject","inLanguage":"de","@id":"https:\/\/happyhaus.fr\/de\/produkt\/le-pantalon-chino-bleu-ete\/#primaryimage","url":"https:\/\/happyhaus.fr\/wp-content\/uploads\/2024\/01\/Z1.jpg","contentUrl":"https:\/\/happyhaus.fr\/wp-content\/uploads\/2024\/01\/Z1.jpg","width":1707,"height":2560},{"@type":"BreadcrumbList","@id":"https:\/\/happyhaus.fr\/de\/produkt\/le-pantalon-chino-bleu-ete\/#breadcrumb","itemListElement":[{"@type":"ListItem","position":1,"name":"Accueil","item":"https:\/\/happyhaus.fr\/de\/"},{"@type":"ListItem","position":2,"name":"Priv\u00e9\u00a0: Shop","item":"https:\/\/happyhaus.fr\/?page_id=4438"},{"@type":"ListItem","position":3,"name":"Le pantalon CHINO"}]},{"@type":"WebSite","@id":"https:\/\/happyhaus.fr\/#website","url":"https:\/\/happyhaus.fr\/","name":"","description":"","potentialAction":[{"@type":"SearchAction","target":{"@type":"EntryPoint","urlTemplate":"https:\/\/happyhaus.fr\/?s={search_term_string}"},"query-input":"required name=search_term_string"}],"inLanguage":"de"}]}},"_links":{"self":[{"href":"https:\/\/happyhaus.fr\/de\/wp-json\/wp\/v2\/product\/92789"}],"collection":[{"href":"https:\/\/happyhaus.fr\/de\/wp-json\/wp\/v2\/product"}],"about":[{"href":"https:\/\/happyhaus.fr\/de\/wp-json\/wp\/v2\/types\/product"}],"replies":[{"embeddable":true,"href":"https:\/\/happyhaus.fr\/de\/wp-json\/wp\/v2\/comments?post=92789"}],"wp:featuredmedia":[{"embeddable":true,"href":"https:\/\/happyhaus.fr\/de\/wp-json\/wp\/v2\/media\/98041"}],"wp:attachment":[{"href":"https:\/\/happyhaus.fr\/de\/wp-json\/wp\/v2\/media?parent=92789"}],"wp:term":[{"taxonomy":"product_cat","embeddable":true,"href":"https:\/\/happyhaus.fr\/de\/wp-json\/wp\/v2\/product_cat?post=92789"},{"taxonomy":"product_tag","embeddable":true,"href":"https:\/\/happyhaus.fr\/de\/wp-json\/wp\/v2\/product_tag?post=92789"}],"curies":[{"name":"wp","href":"https:\/\/api.w.org\/{rel}","templated":true}]}}