{"id":92705,"date":"2024-04-11T10:00:38","date_gmt":"2024-07-11T08:00:41","guid":{"rendered":"https:\/\/happyhaus.fr\/?post_type=product&#038;p=92705"},"modified":"2025-07-25T12:05:46","modified_gmt":"2025-07-25T10:05:46","slug":"la-mini-freedom-brut","status":"publish","type":"product","link":"https:\/\/happyhaus.fr\/de\/produkt\/la-mini-freedom-brut\/","title":{"rendered":"LA MINI FREEDOM"},"content":{"rendered":"<ul>\n<li class=\"p1\">Ausgestellter Schnitt<\/li>\n<li class=\"p1\">Kupferne Kn\u00f6pfe auf der Vorderseite<\/li>\n<li class=\"p1\">Stickerei im G\u00fcrtel<\/li>\n<li class=\"p1\">4 Taschen in Blumenform<\/li>\n<li>100 % Bio-Baumwolle \u2013 GOTS-zertifiziert<\/li>\n<\/ul>\n<p>Herkunft des Stoffes: Italien<br \/>\nHergestellt in Tunesien<\/p>\n","protected":false},"excerpt":{"rendered":"<p>Unser MINI FREEDOM Rock ist ein Hippie-inspiriertes Modell, mit h\u00fcbschen Details wie seinen 4 aufgesetzten Taschen in Blumenform, sein rohes Denim-Gewebe \u00a0und den h\u00fcbschen Bronzekn\u00f6pfen auf der Vorderseite. Er kann entweder im Sommer mit einem Tanktop oder im Winter mit einem Pullover und sch\u00f6nen Stiefeln getragen werden!<\/p>\n<p>Sandy, die Gr\u00fcnderin von HAPPY HAUS tr\u00e4gt eine Gr\u00f6sse 36 und misst 170 cm<\/p>\n","protected":false},"featured_media":97481,"comment_status":"closed","ping_status":"closed","template":"","meta":{"_acf_changed":false},"product_cat":[312,231,512],"product_tag":[335],"acf":[],"yoast_head":"<!-- This site is optimized with the Yoast SEO plugin v22.6 - https:\/\/yoast.com\/wordpress\/plugins\/seo\/ -->\n<title>LA MINI FREEDOM -<\/title>\n<meta name=\"robots\" content=\"index, follow, max-snippet:-1, max-image-preview:large, max-video-preview:-1\" \/>\n<link rel=\"canonical\" href=\"https:\/\/happyhaus.fr\/de\/produkt\/la-mini-freedom-brut\/\" \/>\n<meta property=\"og:locale\" content=\"de_DE\" \/>\n<meta property=\"og:type\" content=\"article\" \/>\n<meta property=\"og:title\" content=\"LA MINI FREEDOM -\" \/>\n<meta property=\"og:description\" content=\"Unser MINI FREEDOM Rock ist ein Hippie-inspiriertes Modell, mit h\u00fcbschen Details wie seinen 4 aufgesetzten Taschen in Blumenform, sein rohes Denim-Gewebe \u00a0und den h\u00fcbschen Bronzekn\u00f6pfen auf der Vorderseite. Er kann entweder im Sommer mit einem Tanktop oder im Winter mit einem Pullover und sch\u00f6nen Stiefeln getragen werden!  Sandy, die Gr\u00fcnderin von HAPPY HAUS tr\u00e4gt eine Gr\u00f6sse 36 und misst 170 cm\" \/>\n<meta property=\"og:url\" content=\"https:\/\/happyhaus.fr\/de\/produkt\/la-mini-freedom-brut\/\" \/>\n<meta property=\"article:modified_time\" content=\"2025-07-25T10:05:46+00:00\" \/>\n<meta property=\"og:image\" content=\"https:\/\/happyhaus.fr\/wp-content\/uploads\/2024\/04\/Z1-1.jpg\" \/>\n\t<meta property=\"og:image:width\" content=\"1707\" \/>\n\t<meta property=\"og:image:height\" content=\"2560\" \/>\n\t<meta property=\"og:image:type\" content=\"image\/jpeg\" \/>\n<meta name=\"twitter:card\" content=\"summary_large_image\" \/>\n<meta name=\"twitter:label1\" content=\"Gesch\u00e4tzte Lesezeit\" \/>\n\t<meta name=\"twitter:data1\" content=\"1\u00a0Minute\" \/>\n<script type=\"application\/ld+json\" class=\"yoast-schema-graph\">{\"@context\":\"https:\/\/schema.org\",\"@graph\":[{\"@type\":\"WebPage\",\"@id\":\"https:\/\/happyhaus.fr\/de\/produkt\/la-mini-freedom-brut\/\",\"url\":\"https:\/\/happyhaus.fr\/de\/produkt\/la-mini-freedom-brut\/\",\"name\":\"LA MINI FREEDOM -\",\"isPartOf\":{\"@id\":\"https:\/\/happyhaus.fr\/#website\"},\"primaryImageOfPage\":{\"@id\":\"https:\/\/happyhaus.fr\/de\/produkt\/la-mini-freedom-brut\/#primaryimage\"},\"image\":{\"@id\":\"https:\/\/happyhaus.fr\/de\/produkt\/la-mini-freedom-brut\/#primaryimage\"},\"thumbnailUrl\":\"https:\/\/happyhaus.fr\/wp-content\/uploads\/2024\/04\/Z1-1.jpg\",\"datePublished\":\"2024-07-11T08:00:41+00:00\",\"dateModified\":\"2025-07-25T10:05:46+00:00\",\"breadcrumb\":{\"@id\":\"https:\/\/happyhaus.fr\/de\/produkt\/la-mini-freedom-brut\/#breadcrumb\"},\"inLanguage\":\"de\",\"potentialAction\":[{\"@type\":\"ReadAction\",\"target\":[\"https:\/\/happyhaus.fr\/de\/produkt\/la-mini-freedom-brut\/\"]}]},{\"@type\":\"ImageObject\",\"inLanguage\":\"de\",\"@id\":\"https:\/\/happyhaus.fr\/de\/produkt\/la-mini-freedom-brut\/#primaryimage\",\"url\":\"https:\/\/happyhaus.fr\/wp-content\/uploads\/2024\/04\/Z1-1.jpg\",\"contentUrl\":\"https:\/\/happyhaus.fr\/wp-content\/uploads\/2024\/04\/Z1-1.jpg\",\"width\":1707,\"height\":2560},{\"@type\":\"BreadcrumbList\",\"@id\":\"https:\/\/happyhaus.fr\/de\/produkt\/la-mini-freedom-brut\/#breadcrumb\",\"itemListElement\":[{\"@type\":\"ListItem\",\"position\":1,\"name\":\"Accueil\",\"item\":\"https:\/\/happyhaus.fr\/de\/\"},{\"@type\":\"ListItem\",\"position\":2,\"name\":\"Priv\u00e9\u00a0: Shop\",\"item\":\"https:\/\/happyhaus.fr\/?page_id=4438\"},{\"@type\":\"ListItem\",\"position\":3,\"name\":\"LA MINI FREEDOM\"}]},{\"@type\":\"WebSite\",\"@id\":\"https:\/\/happyhaus.fr\/#website\",\"url\":\"https:\/\/happyhaus.fr\/\",\"name\":\"\",\"description\":\"\",\"potentialAction\":[{\"@type\":\"SearchAction\",\"target\":{\"@type\":\"EntryPoint\",\"urlTemplate\":\"https:\/\/happyhaus.fr\/?s={search_term_string}\"},\"query-input\":\"required name=search_term_string\"}],\"inLanguage\":\"de\"}]}<\/script>\n<!-- \/ Yoast SEO plugin. -->","yoast_head_json":{"title":"LA MINI FREEDOM -","robots":{"index":"index","follow":"follow","max-snippet":"max-snippet:-1","max-image-preview":"max-image-preview:large","max-video-preview":"max-video-preview:-1"},"canonical":"https:\/\/happyhaus.fr\/de\/produkt\/la-mini-freedom-brut\/","og_locale":"de_DE","og_type":"article","og_title":"LA MINI FREEDOM -","og_description":"Unser MINI FREEDOM Rock ist ein Hippie-inspiriertes Modell, mit h\u00fcbschen Details wie seinen 4 aufgesetzten Taschen in Blumenform, sein rohes Denim-Gewebe \u00a0und den h\u00fcbschen Bronzekn\u00f6pfen auf der Vorderseite. Er kann entweder im Sommer mit einem Tanktop oder im Winter mit einem Pullover und sch\u00f6nen Stiefeln getragen werden!  Sandy, die Gr\u00fcnderin von HAPPY HAUS tr\u00e4gt eine Gr\u00f6sse 36 und misst 170 cm","og_url":"https:\/\/happyhaus.fr\/de\/produkt\/la-mini-freedom-brut\/","article_modified_time":"2025-07-25T10:05:46+00:00","og_image":[{"width":1707,"height":2560,"url":"https:\/\/happyhaus.fr\/wp-content\/uploads\/2024\/04\/Z1-1.jpg","type":"image\/jpeg"}],"twitter_card":"summary_large_image","twitter_misc":{"Gesch\u00e4tzte Lesezeit":"1\u00a0Minute"},"schema":{"@context":"https:\/\/schema.org","@graph":[{"@type":"WebPage","@id":"https:\/\/happyhaus.fr\/de\/produkt\/la-mini-freedom-brut\/","url":"https:\/\/happyhaus.fr\/de\/produkt\/la-mini-freedom-brut\/","name":"LA MINI FREEDOM -","isPartOf":{"@id":"https:\/\/happyhaus.fr\/#website"},"primaryImageOfPage":{"@id":"https:\/\/happyhaus.fr\/de\/produkt\/la-mini-freedom-brut\/#primaryimage"},"image":{"@id":"https:\/\/happyhaus.fr\/de\/produkt\/la-mini-freedom-brut\/#primaryimage"},"thumbnailUrl":"https:\/\/happyhaus.fr\/wp-content\/uploads\/2024\/04\/Z1-1.jpg","datePublished":"2024-07-11T08:00:41+00:00","dateModified":"2025-07-25T10:05:46+00:00","breadcrumb":{"@id":"https:\/\/happyhaus.fr\/de\/produkt\/la-mini-freedom-brut\/#breadcrumb"},"inLanguage":"de","potentialAction":[{"@type":"ReadAction","target":["https:\/\/happyhaus.fr\/de\/produkt\/la-mini-freedom-brut\/"]}]},{"@type":"ImageObject","inLanguage":"de","@id":"https:\/\/happyhaus.fr\/de\/produkt\/la-mini-freedom-brut\/#primaryimage","url":"https:\/\/happyhaus.fr\/wp-content\/uploads\/2024\/04\/Z1-1.jpg","contentUrl":"https:\/\/happyhaus.fr\/wp-content\/uploads\/2024\/04\/Z1-1.jpg","width":1707,"height":2560},{"@type":"BreadcrumbList","@id":"https:\/\/happyhaus.fr\/de\/produkt\/la-mini-freedom-brut\/#breadcrumb","itemListElement":[{"@type":"ListItem","position":1,"name":"Accueil","item":"https:\/\/happyhaus.fr\/de\/"},{"@type":"ListItem","position":2,"name":"Priv\u00e9\u00a0: Shop","item":"https:\/\/happyhaus.fr\/?page_id=4438"},{"@type":"ListItem","position":3,"name":"LA MINI FREEDOM"}]},{"@type":"WebSite","@id":"https:\/\/happyhaus.fr\/#website","url":"https:\/\/happyhaus.fr\/","name":"","description":"","potentialAction":[{"@type":"SearchAction","target":{"@type":"EntryPoint","urlTemplate":"https:\/\/happyhaus.fr\/?s={search_term_string}"},"query-input":"required name=search_term_string"}],"inLanguage":"de"}]}},"_links":{"self":[{"href":"https:\/\/happyhaus.fr\/de\/wp-json\/wp\/v2\/product\/92705"}],"collection":[{"href":"https:\/\/happyhaus.fr\/de\/wp-json\/wp\/v2\/product"}],"about":[{"href":"https:\/\/happyhaus.fr\/de\/wp-json\/wp\/v2\/types\/product"}],"replies":[{"embeddable":true,"href":"https:\/\/happyhaus.fr\/de\/wp-json\/wp\/v2\/comments?post=92705"}],"wp:featuredmedia":[{"embeddable":true,"href":"https:\/\/happyhaus.fr\/de\/wp-json\/wp\/v2\/media\/97481"}],"wp:attachment":[{"href":"https:\/\/happyhaus.fr\/de\/wp-json\/wp\/v2\/media?parent=92705"}],"wp:term":[{"taxonomy":"product_cat","embeddable":true,"href":"https:\/\/happyhaus.fr\/de\/wp-json\/wp\/v2\/product_cat?post=92705"},{"taxonomy":"product_tag","embeddable":true,"href":"https:\/\/happyhaus.fr\/de\/wp-json\/wp\/v2\/product_tag?post=92705"}],"curies":[{"name":"wp","href":"https:\/\/api.w.org\/{rel}","templated":true}]}}