{"id":92622,"date":"2024-03-09T15:21:40","date_gmt":"2024-07-09T13:21:41","guid":{"rendered":"https:\/\/happyhaus.fr\/?post_type=product&#038;p=92622"},"modified":"2024-12-05T19:01:08","modified_gmt":"2024-12-05T18:01:08","slug":"le-pantalon-fleur-copie","status":"publish","type":"product","link":"https:\/\/happyhaus.fr\/de\/produkt\/le-pantalon-fleur-copie\/","title":{"rendered":"LE PANTALON FLEUR"},"content":{"rendered":"<ul>\n<li>Taillierte Passform<\/li>\n<li>Normale L\u00e4nge<\/li>\n<li>Hohe Taille &#8211; F\u00fcnf Taschen<\/li>\n<li>Taschen in Blumenform &#8211; Rei\u00dfverschluss<\/li>\n<li>Happy Haus Stickerei auf der R\u00fcckseite der Taille<\/li>\n<li>Kontrastfarbige Steppn\u00e4hte<\/li>\n<li>100% Baumwolle, davon 20% recycelte Baumwolle<\/li>\n<\/ul>\n<p>Herkunft des Stoffes: Tunesien<br \/>\nHergestellt in Tunesien<\/p>\n","protected":false},"excerpt":{"rendered":"<p class=\"p1\">Diese Hose ist aus Baumwolle gefertigt, ein Teil ist recycelt. Sie ist konisch geschnitten, hat eine normale L\u00e4nge, eine hohe Taille und f\u00fcnf Taschen mit Blumenmuster.<\/p>\n<p class=\"p1\">Sandy, die Gr\u00fcnderin von Happy Haus, tr\u00e4gt Gr\u00f6\u00dfe 36. Sie ist 170.00 cm \/ 5&#8217;6&#8243;<\/p>\n","protected":false},"featured_media":92638,"comment_status":"closed","ping_status":"closed","template":"","meta":{"_acf_changed":false},"product_cat":[312,231,236,315],"product_tag":[335],"acf":[],"yoast_head":"<!-- This site is optimized with the Yoast SEO plugin v22.6 - https:\/\/yoast.com\/wordpress\/plugins\/seo\/ -->\n<title>LE PANTALON FLEUR -<\/title>\n<meta name=\"robots\" content=\"index, follow, max-snippet:-1, max-image-preview:large, max-video-preview:-1\" \/>\n<link rel=\"canonical\" href=\"https:\/\/happyhaus.fr\/de\/produkt\/le-pantalon-fleur-copie\/\" \/>\n<meta property=\"og:locale\" content=\"de_DE\" \/>\n<meta property=\"og:type\" content=\"article\" \/>\n<meta property=\"og:title\" content=\"LE PANTALON FLEUR -\" \/>\n<meta property=\"og:description\" content=\"Diese Hose ist aus Baumwolle gefertigt, ein Teil ist recycelt. Sie ist konisch geschnitten, hat eine normale L\u00e4nge, eine hohe Taille und f\u00fcnf Taschen mit Blumenmuster. Sandy, die Gr\u00fcnderin von Happy Haus, tr\u00e4gt Gr\u00f6\u00dfe 36. Sie ist 170.00 cm \/ 5&#039;6&quot;\" \/>\n<meta property=\"og:url\" content=\"https:\/\/happyhaus.fr\/de\/produkt\/le-pantalon-fleur-copie\/\" \/>\n<meta property=\"article:modified_time\" content=\"2024-12-05T18:01:08+00:00\" \/>\n<meta property=\"og:image\" content=\"https:\/\/happyhaus.fr\/wp-content\/uploads\/2024\/07\/Screenshot-2024-07-09-at-15.43.22.png\" \/>\n\t<meta property=\"og:image:width\" content=\"894\" \/>\n\t<meta property=\"og:image:height\" content=\"1340\" \/>\n\t<meta property=\"og:image:type\" content=\"image\/png\" \/>\n<meta name=\"twitter:card\" content=\"summary_large_image\" \/>\n<meta name=\"twitter:label1\" content=\"Gesch\u00e4tzte Lesezeit\" \/>\n\t<meta name=\"twitter:data1\" content=\"1\u00a0Minute\" \/>\n<script type=\"application\/ld+json\" class=\"yoast-schema-graph\">{\"@context\":\"https:\/\/schema.org\",\"@graph\":[{\"@type\":\"WebPage\",\"@id\":\"https:\/\/happyhaus.fr\/de\/produkt\/le-pantalon-fleur-copie\/\",\"url\":\"https:\/\/happyhaus.fr\/de\/produkt\/le-pantalon-fleur-copie\/\",\"name\":\"LE PANTALON FLEUR -\",\"isPartOf\":{\"@id\":\"https:\/\/happyhaus.fr\/#website\"},\"primaryImageOfPage\":{\"@id\":\"https:\/\/happyhaus.fr\/de\/produkt\/le-pantalon-fleur-copie\/#primaryimage\"},\"image\":{\"@id\":\"https:\/\/happyhaus.fr\/de\/produkt\/le-pantalon-fleur-copie\/#primaryimage\"},\"thumbnailUrl\":\"https:\/\/happyhaus.fr\/wp-content\/uploads\/2024\/07\/Screenshot-2024-07-09-at-15.43.22.png\",\"datePublished\":\"2024-07-09T13:21:41+00:00\",\"dateModified\":\"2024-12-05T18:01:08+00:00\",\"breadcrumb\":{\"@id\":\"https:\/\/happyhaus.fr\/de\/produkt\/le-pantalon-fleur-copie\/#breadcrumb\"},\"inLanguage\":\"de\",\"potentialAction\":[{\"@type\":\"ReadAction\",\"target\":[\"https:\/\/happyhaus.fr\/de\/produkt\/le-pantalon-fleur-copie\/\"]}]},{\"@type\":\"ImageObject\",\"inLanguage\":\"de\",\"@id\":\"https:\/\/happyhaus.fr\/de\/produkt\/le-pantalon-fleur-copie\/#primaryimage\",\"url\":\"https:\/\/happyhaus.fr\/wp-content\/uploads\/2024\/07\/Screenshot-2024-07-09-at-15.43.22.png\",\"contentUrl\":\"https:\/\/happyhaus.fr\/wp-content\/uploads\/2024\/07\/Screenshot-2024-07-09-at-15.43.22.png\",\"width\":894,\"height\":1340},{\"@type\":\"BreadcrumbList\",\"@id\":\"https:\/\/happyhaus.fr\/de\/produkt\/le-pantalon-fleur-copie\/#breadcrumb\",\"itemListElement\":[{\"@type\":\"ListItem\",\"position\":1,\"name\":\"Accueil\",\"item\":\"https:\/\/happyhaus.fr\/de\/\"},{\"@type\":\"ListItem\",\"position\":2,\"name\":\"Priv\u00e9\u00a0: Shop\",\"item\":\"https:\/\/happyhaus.fr\/?page_id=4438\"},{\"@type\":\"ListItem\",\"position\":3,\"name\":\"LE PANTALON FLEUR\"}]},{\"@type\":\"WebSite\",\"@id\":\"https:\/\/happyhaus.fr\/#website\",\"url\":\"https:\/\/happyhaus.fr\/\",\"name\":\"\",\"description\":\"\",\"potentialAction\":[{\"@type\":\"SearchAction\",\"target\":{\"@type\":\"EntryPoint\",\"urlTemplate\":\"https:\/\/happyhaus.fr\/?s={search_term_string}\"},\"query-input\":\"required name=search_term_string\"}],\"inLanguage\":\"de\"}]}<\/script>\n<!-- \/ Yoast SEO plugin. -->","yoast_head_json":{"title":"LE PANTALON FLEUR -","robots":{"index":"index","follow":"follow","max-snippet":"max-snippet:-1","max-image-preview":"max-image-preview:large","max-video-preview":"max-video-preview:-1"},"canonical":"https:\/\/happyhaus.fr\/de\/produkt\/le-pantalon-fleur-copie\/","og_locale":"de_DE","og_type":"article","og_title":"LE PANTALON FLEUR -","og_description":"Diese Hose ist aus Baumwolle gefertigt, ein Teil ist recycelt. Sie ist konisch geschnitten, hat eine normale L\u00e4nge, eine hohe Taille und f\u00fcnf Taschen mit Blumenmuster. Sandy, die Gr\u00fcnderin von Happy Haus, tr\u00e4gt Gr\u00f6\u00dfe 36. Sie ist 170.00 cm \/ 5'6\"","og_url":"https:\/\/happyhaus.fr\/de\/produkt\/le-pantalon-fleur-copie\/","article_modified_time":"2024-12-05T18:01:08+00:00","og_image":[{"width":894,"height":1340,"url":"https:\/\/happyhaus.fr\/wp-content\/uploads\/2024\/07\/Screenshot-2024-07-09-at-15.43.22.png","type":"image\/png"}],"twitter_card":"summary_large_image","twitter_misc":{"Gesch\u00e4tzte Lesezeit":"1\u00a0Minute"},"schema":{"@context":"https:\/\/schema.org","@graph":[{"@type":"WebPage","@id":"https:\/\/happyhaus.fr\/de\/produkt\/le-pantalon-fleur-copie\/","url":"https:\/\/happyhaus.fr\/de\/produkt\/le-pantalon-fleur-copie\/","name":"LE PANTALON FLEUR -","isPartOf":{"@id":"https:\/\/happyhaus.fr\/#website"},"primaryImageOfPage":{"@id":"https:\/\/happyhaus.fr\/de\/produkt\/le-pantalon-fleur-copie\/#primaryimage"},"image":{"@id":"https:\/\/happyhaus.fr\/de\/produkt\/le-pantalon-fleur-copie\/#primaryimage"},"thumbnailUrl":"https:\/\/happyhaus.fr\/wp-content\/uploads\/2024\/07\/Screenshot-2024-07-09-at-15.43.22.png","datePublished":"2024-07-09T13:21:41+00:00","dateModified":"2024-12-05T18:01:08+00:00","breadcrumb":{"@id":"https:\/\/happyhaus.fr\/de\/produkt\/le-pantalon-fleur-copie\/#breadcrumb"},"inLanguage":"de","potentialAction":[{"@type":"ReadAction","target":["https:\/\/happyhaus.fr\/de\/produkt\/le-pantalon-fleur-copie\/"]}]},{"@type":"ImageObject","inLanguage":"de","@id":"https:\/\/happyhaus.fr\/de\/produkt\/le-pantalon-fleur-copie\/#primaryimage","url":"https:\/\/happyhaus.fr\/wp-content\/uploads\/2024\/07\/Screenshot-2024-07-09-at-15.43.22.png","contentUrl":"https:\/\/happyhaus.fr\/wp-content\/uploads\/2024\/07\/Screenshot-2024-07-09-at-15.43.22.png","width":894,"height":1340},{"@type":"BreadcrumbList","@id":"https:\/\/happyhaus.fr\/de\/produkt\/le-pantalon-fleur-copie\/#breadcrumb","itemListElement":[{"@type":"ListItem","position":1,"name":"Accueil","item":"https:\/\/happyhaus.fr\/de\/"},{"@type":"ListItem","position":2,"name":"Priv\u00e9\u00a0: Shop","item":"https:\/\/happyhaus.fr\/?page_id=4438"},{"@type":"ListItem","position":3,"name":"LE PANTALON FLEUR"}]},{"@type":"WebSite","@id":"https:\/\/happyhaus.fr\/#website","url":"https:\/\/happyhaus.fr\/","name":"","description":"","potentialAction":[{"@type":"SearchAction","target":{"@type":"EntryPoint","urlTemplate":"https:\/\/happyhaus.fr\/?s={search_term_string}"},"query-input":"required name=search_term_string"}],"inLanguage":"de"}]}},"_links":{"self":[{"href":"https:\/\/happyhaus.fr\/de\/wp-json\/wp\/v2\/product\/92622"}],"collection":[{"href":"https:\/\/happyhaus.fr\/de\/wp-json\/wp\/v2\/product"}],"about":[{"href":"https:\/\/happyhaus.fr\/de\/wp-json\/wp\/v2\/types\/product"}],"replies":[{"embeddable":true,"href":"https:\/\/happyhaus.fr\/de\/wp-json\/wp\/v2\/comments?post=92622"}],"wp:featuredmedia":[{"embeddable":true,"href":"https:\/\/happyhaus.fr\/de\/wp-json\/wp\/v2\/media\/92638"}],"wp:attachment":[{"href":"https:\/\/happyhaus.fr\/de\/wp-json\/wp\/v2\/media?parent=92622"}],"wp:term":[{"taxonomy":"product_cat","embeddable":true,"href":"https:\/\/happyhaus.fr\/de\/wp-json\/wp\/v2\/product_cat?post=92622"},{"taxonomy":"product_tag","embeddable":true,"href":"https:\/\/happyhaus.fr\/de\/wp-json\/wp\/v2\/product_tag?post=92622"}],"curies":[{"name":"wp","href":"https:\/\/api.w.org\/{rel}","templated":true}]}}