{"id":92414,"date":"2024-06-28T15:49:47","date_gmt":"2024-06-28T13:49:49","guid":{"rendered":"https:\/\/happyhaus.fr\/?post_type=product&#038;p=92414"},"modified":"2025-08-08T17:09:00","modified_gmt":"2025-08-08T15:09:00","slug":"la-blouse-nuage-nightblue","status":"publish","type":"product","link":"https:\/\/happyhaus.fr\/de\/produkt\/la-blouse-nuage-nightblue\/","title":{"rendered":"LA BLOUSE NUAGE"},"content":{"rendered":"<div class=\"page\" title=\"Page 70\">\n<div class=\"layoutArea\">\n<div class=\"column\">\n<ul>\n<li>Trichterf\u00f6rmiger Halsausschnitt<\/li>\n<li>Knopfloch auf der Vorderseite<\/li>\n<li>Puff\u00e4rmel<\/li>\n<li>Plissierte Abschl\u00fcsse<\/li>\n<li>100 % Japanischem Leinen<\/li>\n<\/ul>\n<p>Herkunft des Stoffes: Japan<br \/>\nHergestellt in Tunesien<\/p>\n<\/div>\n<\/div>\n<\/div>\n","protected":false},"excerpt":{"rendered":"<p>Die Bluse Nuage ist Teil unserer st\u00e4ndigen Kollektion und ist in verschiedenen Farben und Materialien erh\u00e4ltlich. Ihr Oversize-Schnitt bietet Ihnen einen einfachen und bequemen Look, der dank des Volumens und der sch\u00f6nen Puff\u00e4rmel dennoch aufwendig ist. Mit Accessoires versehen, kann es Ihnen auch einen sehr schicken Look verleihen.<\/p>\n<p>&nbsp;<\/p>\n","protected":false},"featured_media":97789,"comment_status":"closed","ping_status":"closed","template":"","meta":{"_acf_changed":false},"product_cat":[312,231,237,315],"product_tag":[],"acf":[],"yoast_head":"<!-- This site is optimized with the Yoast SEO plugin v22.6 - https:\/\/yoast.com\/wordpress\/plugins\/seo\/ -->\n<title>LA BLOUSE NUAGE -<\/title>\n<meta name=\"robots\" content=\"index, follow, max-snippet:-1, max-image-preview:large, max-video-preview:-1\" \/>\n<link rel=\"canonical\" href=\"https:\/\/happyhaus.fr\/de\/produkt\/la-blouse-nuage-nightblue\/\" \/>\n<meta property=\"og:locale\" content=\"de_DE\" \/>\n<meta property=\"og:type\" content=\"article\" \/>\n<meta property=\"og:title\" content=\"LA BLOUSE NUAGE -\" \/>\n<meta property=\"og:description\" content=\"Die Bluse Nuage ist Teil unserer st\u00e4ndigen Kollektion und ist in verschiedenen Farben und Materialien erh\u00e4ltlich. Ihr Oversize-Schnitt bietet Ihnen einen einfachen und bequemen Look, der dank des Volumens und der sch\u00f6nen Puff\u00e4rmel dennoch aufwendig ist. Mit Accessoires versehen, kann es Ihnen auch einen sehr schicken Look verleihen.  &nbsp;\" \/>\n<meta property=\"og:url\" content=\"https:\/\/happyhaus.fr\/de\/produkt\/la-blouse-nuage-nightblue\/\" \/>\n<meta property=\"article:modified_time\" content=\"2025-08-08T15:09:00+00:00\" \/>\n<meta property=\"og:image\" content=\"https:\/\/happyhaus.fr\/wp-content\/uploads\/2024\/06\/Z1-3.jpg\" \/>\n\t<meta property=\"og:image:width\" content=\"1707\" \/>\n\t<meta property=\"og:image:height\" content=\"2560\" \/>\n\t<meta property=\"og:image:type\" content=\"image\/jpeg\" \/>\n<meta name=\"twitter:card\" content=\"summary_large_image\" \/>\n<meta name=\"twitter:label1\" content=\"Gesch\u00e4tzte Lesezeit\" \/>\n\t<meta name=\"twitter:data1\" content=\"1\u00a0Minute\" \/>\n<script type=\"application\/ld+json\" class=\"yoast-schema-graph\">{\"@context\":\"https:\/\/schema.org\",\"@graph\":[{\"@type\":\"WebPage\",\"@id\":\"https:\/\/happyhaus.fr\/de\/produkt\/la-blouse-nuage-nightblue\/\",\"url\":\"https:\/\/happyhaus.fr\/de\/produkt\/la-blouse-nuage-nightblue\/\",\"name\":\"LA BLOUSE NUAGE -\",\"isPartOf\":{\"@id\":\"https:\/\/happyhaus.fr\/#website\"},\"primaryImageOfPage\":{\"@id\":\"https:\/\/happyhaus.fr\/de\/produkt\/la-blouse-nuage-nightblue\/#primaryimage\"},\"image\":{\"@id\":\"https:\/\/happyhaus.fr\/de\/produkt\/la-blouse-nuage-nightblue\/#primaryimage\"},\"thumbnailUrl\":\"https:\/\/happyhaus.fr\/wp-content\/uploads\/2024\/06\/Z1-3.jpg\",\"datePublished\":\"2024-06-28T13:49:49+00:00\",\"dateModified\":\"2025-08-08T15:09:00+00:00\",\"breadcrumb\":{\"@id\":\"https:\/\/happyhaus.fr\/de\/produkt\/la-blouse-nuage-nightblue\/#breadcrumb\"},\"inLanguage\":\"de\",\"potentialAction\":[{\"@type\":\"ReadAction\",\"target\":[\"https:\/\/happyhaus.fr\/de\/produkt\/la-blouse-nuage-nightblue\/\"]}]},{\"@type\":\"ImageObject\",\"inLanguage\":\"de\",\"@id\":\"https:\/\/happyhaus.fr\/de\/produkt\/la-blouse-nuage-nightblue\/#primaryimage\",\"url\":\"https:\/\/happyhaus.fr\/wp-content\/uploads\/2024\/06\/Z1-3.jpg\",\"contentUrl\":\"https:\/\/happyhaus.fr\/wp-content\/uploads\/2024\/06\/Z1-3.jpg\",\"width\":1707,\"height\":2560},{\"@type\":\"BreadcrumbList\",\"@id\":\"https:\/\/happyhaus.fr\/de\/produkt\/la-blouse-nuage-nightblue\/#breadcrumb\",\"itemListElement\":[{\"@type\":\"ListItem\",\"position\":1,\"name\":\"Accueil\",\"item\":\"https:\/\/happyhaus.fr\/de\/\"},{\"@type\":\"ListItem\",\"position\":2,\"name\":\"Priv\u00e9\u00a0: Shop\",\"item\":\"https:\/\/happyhaus.fr\/?page_id=4438\"},{\"@type\":\"ListItem\",\"position\":3,\"name\":\"LA BLOUSE NUAGE\"}]},{\"@type\":\"WebSite\",\"@id\":\"https:\/\/happyhaus.fr\/#website\",\"url\":\"https:\/\/happyhaus.fr\/\",\"name\":\"\",\"description\":\"\",\"potentialAction\":[{\"@type\":\"SearchAction\",\"target\":{\"@type\":\"EntryPoint\",\"urlTemplate\":\"https:\/\/happyhaus.fr\/?s={search_term_string}\"},\"query-input\":\"required name=search_term_string\"}],\"inLanguage\":\"de\"}]}<\/script>\n<!-- \/ Yoast SEO plugin. -->","yoast_head_json":{"title":"LA BLOUSE NUAGE -","robots":{"index":"index","follow":"follow","max-snippet":"max-snippet:-1","max-image-preview":"max-image-preview:large","max-video-preview":"max-video-preview:-1"},"canonical":"https:\/\/happyhaus.fr\/de\/produkt\/la-blouse-nuage-nightblue\/","og_locale":"de_DE","og_type":"article","og_title":"LA BLOUSE NUAGE -","og_description":"Die Bluse Nuage ist Teil unserer st\u00e4ndigen Kollektion und ist in verschiedenen Farben und Materialien erh\u00e4ltlich. Ihr Oversize-Schnitt bietet Ihnen einen einfachen und bequemen Look, der dank des Volumens und der sch\u00f6nen Puff\u00e4rmel dennoch aufwendig ist. Mit Accessoires versehen, kann es Ihnen auch einen sehr schicken Look verleihen.  &nbsp;","og_url":"https:\/\/happyhaus.fr\/de\/produkt\/la-blouse-nuage-nightblue\/","article_modified_time":"2025-08-08T15:09:00+00:00","og_image":[{"width":1707,"height":2560,"url":"https:\/\/happyhaus.fr\/wp-content\/uploads\/2024\/06\/Z1-3.jpg","type":"image\/jpeg"}],"twitter_card":"summary_large_image","twitter_misc":{"Gesch\u00e4tzte Lesezeit":"1\u00a0Minute"},"schema":{"@context":"https:\/\/schema.org","@graph":[{"@type":"WebPage","@id":"https:\/\/happyhaus.fr\/de\/produkt\/la-blouse-nuage-nightblue\/","url":"https:\/\/happyhaus.fr\/de\/produkt\/la-blouse-nuage-nightblue\/","name":"LA BLOUSE NUAGE -","isPartOf":{"@id":"https:\/\/happyhaus.fr\/#website"},"primaryImageOfPage":{"@id":"https:\/\/happyhaus.fr\/de\/produkt\/la-blouse-nuage-nightblue\/#primaryimage"},"image":{"@id":"https:\/\/happyhaus.fr\/de\/produkt\/la-blouse-nuage-nightblue\/#primaryimage"},"thumbnailUrl":"https:\/\/happyhaus.fr\/wp-content\/uploads\/2024\/06\/Z1-3.jpg","datePublished":"2024-06-28T13:49:49+00:00","dateModified":"2025-08-08T15:09:00+00:00","breadcrumb":{"@id":"https:\/\/happyhaus.fr\/de\/produkt\/la-blouse-nuage-nightblue\/#breadcrumb"},"inLanguage":"de","potentialAction":[{"@type":"ReadAction","target":["https:\/\/happyhaus.fr\/de\/produkt\/la-blouse-nuage-nightblue\/"]}]},{"@type":"ImageObject","inLanguage":"de","@id":"https:\/\/happyhaus.fr\/de\/produkt\/la-blouse-nuage-nightblue\/#primaryimage","url":"https:\/\/happyhaus.fr\/wp-content\/uploads\/2024\/06\/Z1-3.jpg","contentUrl":"https:\/\/happyhaus.fr\/wp-content\/uploads\/2024\/06\/Z1-3.jpg","width":1707,"height":2560},{"@type":"BreadcrumbList","@id":"https:\/\/happyhaus.fr\/de\/produkt\/la-blouse-nuage-nightblue\/#breadcrumb","itemListElement":[{"@type":"ListItem","position":1,"name":"Accueil","item":"https:\/\/happyhaus.fr\/de\/"},{"@type":"ListItem","position":2,"name":"Priv\u00e9\u00a0: Shop","item":"https:\/\/happyhaus.fr\/?page_id=4438"},{"@type":"ListItem","position":3,"name":"LA BLOUSE NUAGE"}]},{"@type":"WebSite","@id":"https:\/\/happyhaus.fr\/#website","url":"https:\/\/happyhaus.fr\/","name":"","description":"","potentialAction":[{"@type":"SearchAction","target":{"@type":"EntryPoint","urlTemplate":"https:\/\/happyhaus.fr\/?s={search_term_string}"},"query-input":"required name=search_term_string"}],"inLanguage":"de"}]}},"_links":{"self":[{"href":"https:\/\/happyhaus.fr\/de\/wp-json\/wp\/v2\/product\/92414"}],"collection":[{"href":"https:\/\/happyhaus.fr\/de\/wp-json\/wp\/v2\/product"}],"about":[{"href":"https:\/\/happyhaus.fr\/de\/wp-json\/wp\/v2\/types\/product"}],"replies":[{"embeddable":true,"href":"https:\/\/happyhaus.fr\/de\/wp-json\/wp\/v2\/comments?post=92414"}],"wp:featuredmedia":[{"embeddable":true,"href":"https:\/\/happyhaus.fr\/de\/wp-json\/wp\/v2\/media\/97789"}],"wp:attachment":[{"href":"https:\/\/happyhaus.fr\/de\/wp-json\/wp\/v2\/media?parent=92414"}],"wp:term":[{"taxonomy":"product_cat","embeddable":true,"href":"https:\/\/happyhaus.fr\/de\/wp-json\/wp\/v2\/product_cat?post=92414"},{"taxonomy":"product_tag","embeddable":true,"href":"https:\/\/happyhaus.fr\/de\/wp-json\/wp\/v2\/product_tag?post=92414"}],"curies":[{"name":"wp","href":"https:\/\/api.w.org\/{rel}","templated":true}]}}