{"id":91512,"date":"2024-04-12T17:00:04","date_gmt":"2024-04-12T15:00:01","guid":{"rendered":"https:\/\/happyhaus.fr\/?post_type=product&#038;p=91512"},"modified":"2025-02-05T16:18:46","modified_gmt":"2025-02-05T15:18:46","slug":"chino-pant-coquelicot","status":"publish","type":"product","link":"https:\/\/happyhaus.fr\/de\/produkt\/chino-pant-coquelicot\/","title":{"rendered":"Le Pantalon CHINO &#8211; ARCHIVES"},"content":{"rendered":"<ul>\n<li>Hohe Taille<\/li>\n<li>Gerader Schnitt<\/li>\n<li>2 gro\u00dfe aufgesetzte Ges\u00e4\u00dftaschen<\/li>\n<li>Kn\u00f6pfe aus Holz<\/li>\n<li>100% Baumwolle<\/li>\n<\/ul>\n<p>Herkunft des Stoffes: Italy<\/p>\n<p>Hergestellt in Tunesien<\/p>\n","protected":false},"excerpt":{"rendered":"<p>Unsere CHINO-Hose ist eine Hose im maskulinen Stil, der von den Anzughosen der M\u00e4nner inspiriert ist. Ihr eleganter Schnitt wird durch Details wie die beiden aufgesetzten, abgerundeten Ges\u00e4\u00dftaschen, die durch eine dreifache Steppung hervorgehoben werden, feminisiert. Sie ist perfekt, um sie mit einem Hemd oder einem einfachen Baumwoll-T-Shirt zu tragen.<\/p>\n","protected":false},"featured_media":91532,"comment_status":"open","ping_status":"closed","template":"","meta":{"_acf_changed":false},"product_cat":[312,316,231,236],"product_tag":[],"acf":[],"yoast_head":"<!-- This site is optimized with the Yoast SEO plugin v22.6 - https:\/\/yoast.com\/wordpress\/plugins\/seo\/ -->\n<title>Le Pantalon CHINO - ARCHIVES -<\/title>\n<meta name=\"robots\" content=\"index, follow, max-snippet:-1, max-image-preview:large, max-video-preview:-1\" \/>\n<link rel=\"canonical\" href=\"https:\/\/happyhaus.fr\/de\/produkt\/chino-pant-coquelicot\/\" \/>\n<meta property=\"og:locale\" content=\"de_DE\" \/>\n<meta property=\"og:type\" content=\"article\" \/>\n<meta property=\"og:title\" content=\"Le Pantalon CHINO - ARCHIVES -\" \/>\n<meta property=\"og:description\" content=\"Unsere CHINO-Hose ist eine Hose im maskulinen Stil, der von den Anzughosen der M\u00e4nner inspiriert ist. Ihr eleganter Schnitt wird durch Details wie die beiden aufgesetzten, abgerundeten Ges\u00e4\u00dftaschen, die durch eine dreifache Steppung hervorgehoben werden, feminisiert. Sie ist perfekt, um sie mit einem Hemd oder einem einfachen Baumwoll-T-Shirt zu tragen.\" \/>\n<meta property=\"og:url\" content=\"https:\/\/happyhaus.fr\/de\/produkt\/chino-pant-coquelicot\/\" \/>\n<meta property=\"article:modified_time\" content=\"2025-02-05T15:18:46+00:00\" \/>\n<meta property=\"og:image\" content=\"https:\/\/happyhaus.fr\/wp-content\/uploads\/2024\/04\/HAPPY-HAUS-MARS-2024-924-Modifier-4500X3000-scaled.jpg\" \/>\n\t<meta property=\"og:image:width\" content=\"1707\" \/>\n\t<meta property=\"og:image:height\" content=\"2560\" \/>\n\t<meta property=\"og:image:type\" content=\"image\/jpeg\" \/>\n<meta name=\"twitter:card\" content=\"summary_large_image\" \/>\n<meta name=\"twitter:label1\" content=\"Gesch\u00e4tzte Lesezeit\" \/>\n\t<meta name=\"twitter:data1\" content=\"1\u00a0Minute\" \/>\n<script type=\"application\/ld+json\" class=\"yoast-schema-graph\">{\"@context\":\"https:\/\/schema.org\",\"@graph\":[{\"@type\":\"WebPage\",\"@id\":\"https:\/\/happyhaus.fr\/de\/produkt\/chino-pant-coquelicot\/\",\"url\":\"https:\/\/happyhaus.fr\/de\/produkt\/chino-pant-coquelicot\/\",\"name\":\"Le Pantalon CHINO - ARCHIVES -\",\"isPartOf\":{\"@id\":\"https:\/\/happyhaus.fr\/#website\"},\"primaryImageOfPage\":{\"@id\":\"https:\/\/happyhaus.fr\/de\/produkt\/chino-pant-coquelicot\/#primaryimage\"},\"image\":{\"@id\":\"https:\/\/happyhaus.fr\/de\/produkt\/chino-pant-coquelicot\/#primaryimage\"},\"thumbnailUrl\":\"https:\/\/happyhaus.fr\/wp-content\/uploads\/2024\/04\/HAPPY-HAUS-MARS-2024-924-Modifier-4500X3000-scaled.jpg\",\"datePublished\":\"2024-04-12T15:00:01+00:00\",\"dateModified\":\"2025-02-05T15:18:46+00:00\",\"breadcrumb\":{\"@id\":\"https:\/\/happyhaus.fr\/de\/produkt\/chino-pant-coquelicot\/#breadcrumb\"},\"inLanguage\":\"de\",\"potentialAction\":[{\"@type\":\"ReadAction\",\"target\":[\"https:\/\/happyhaus.fr\/de\/produkt\/chino-pant-coquelicot\/\"]}]},{\"@type\":\"ImageObject\",\"inLanguage\":\"de\",\"@id\":\"https:\/\/happyhaus.fr\/de\/produkt\/chino-pant-coquelicot\/#primaryimage\",\"url\":\"https:\/\/happyhaus.fr\/wp-content\/uploads\/2024\/04\/HAPPY-HAUS-MARS-2024-924-Modifier-4500X3000-scaled.jpg\",\"contentUrl\":\"https:\/\/happyhaus.fr\/wp-content\/uploads\/2024\/04\/HAPPY-HAUS-MARS-2024-924-Modifier-4500X3000-scaled.jpg\",\"width\":1707,\"height\":2560},{\"@type\":\"BreadcrumbList\",\"@id\":\"https:\/\/happyhaus.fr\/de\/produkt\/chino-pant-coquelicot\/#breadcrumb\",\"itemListElement\":[{\"@type\":\"ListItem\",\"position\":1,\"name\":\"Accueil\",\"item\":\"https:\/\/happyhaus.fr\/de\/\"},{\"@type\":\"ListItem\",\"position\":2,\"name\":\"Priv\u00e9\u00a0: Shop\",\"item\":\"https:\/\/happyhaus.fr\/?page_id=4438\"},{\"@type\":\"ListItem\",\"position\":3,\"name\":\"Le Pantalon CHINO &#8211; ARCHIVES\"}]},{\"@type\":\"WebSite\",\"@id\":\"https:\/\/happyhaus.fr\/#website\",\"url\":\"https:\/\/happyhaus.fr\/\",\"name\":\"\",\"description\":\"\",\"potentialAction\":[{\"@type\":\"SearchAction\",\"target\":{\"@type\":\"EntryPoint\",\"urlTemplate\":\"https:\/\/happyhaus.fr\/?s={search_term_string}\"},\"query-input\":\"required name=search_term_string\"}],\"inLanguage\":\"de\"}]}<\/script>\n<!-- \/ Yoast SEO plugin. -->","yoast_head_json":{"title":"Le Pantalon CHINO - ARCHIVES -","robots":{"index":"index","follow":"follow","max-snippet":"max-snippet:-1","max-image-preview":"max-image-preview:large","max-video-preview":"max-video-preview:-1"},"canonical":"https:\/\/happyhaus.fr\/de\/produkt\/chino-pant-coquelicot\/","og_locale":"de_DE","og_type":"article","og_title":"Le Pantalon CHINO - ARCHIVES -","og_description":"Unsere CHINO-Hose ist eine Hose im maskulinen Stil, der von den Anzughosen der M\u00e4nner inspiriert ist. Ihr eleganter Schnitt wird durch Details wie die beiden aufgesetzten, abgerundeten Ges\u00e4\u00dftaschen, die durch eine dreifache Steppung hervorgehoben werden, feminisiert. Sie ist perfekt, um sie mit einem Hemd oder einem einfachen Baumwoll-T-Shirt zu tragen.","og_url":"https:\/\/happyhaus.fr\/de\/produkt\/chino-pant-coquelicot\/","article_modified_time":"2025-02-05T15:18:46+00:00","og_image":[{"width":1707,"height":2560,"url":"https:\/\/happyhaus.fr\/wp-content\/uploads\/2024\/04\/HAPPY-HAUS-MARS-2024-924-Modifier-4500X3000-scaled.jpg","type":"image\/jpeg"}],"twitter_card":"summary_large_image","twitter_misc":{"Gesch\u00e4tzte Lesezeit":"1\u00a0Minute"},"schema":{"@context":"https:\/\/schema.org","@graph":[{"@type":"WebPage","@id":"https:\/\/happyhaus.fr\/de\/produkt\/chino-pant-coquelicot\/","url":"https:\/\/happyhaus.fr\/de\/produkt\/chino-pant-coquelicot\/","name":"Le Pantalon CHINO - ARCHIVES -","isPartOf":{"@id":"https:\/\/happyhaus.fr\/#website"},"primaryImageOfPage":{"@id":"https:\/\/happyhaus.fr\/de\/produkt\/chino-pant-coquelicot\/#primaryimage"},"image":{"@id":"https:\/\/happyhaus.fr\/de\/produkt\/chino-pant-coquelicot\/#primaryimage"},"thumbnailUrl":"https:\/\/happyhaus.fr\/wp-content\/uploads\/2024\/04\/HAPPY-HAUS-MARS-2024-924-Modifier-4500X3000-scaled.jpg","datePublished":"2024-04-12T15:00:01+00:00","dateModified":"2025-02-05T15:18:46+00:00","breadcrumb":{"@id":"https:\/\/happyhaus.fr\/de\/produkt\/chino-pant-coquelicot\/#breadcrumb"},"inLanguage":"de","potentialAction":[{"@type":"ReadAction","target":["https:\/\/happyhaus.fr\/de\/produkt\/chino-pant-coquelicot\/"]}]},{"@type":"ImageObject","inLanguage":"de","@id":"https:\/\/happyhaus.fr\/de\/produkt\/chino-pant-coquelicot\/#primaryimage","url":"https:\/\/happyhaus.fr\/wp-content\/uploads\/2024\/04\/HAPPY-HAUS-MARS-2024-924-Modifier-4500X3000-scaled.jpg","contentUrl":"https:\/\/happyhaus.fr\/wp-content\/uploads\/2024\/04\/HAPPY-HAUS-MARS-2024-924-Modifier-4500X3000-scaled.jpg","width":1707,"height":2560},{"@type":"BreadcrumbList","@id":"https:\/\/happyhaus.fr\/de\/produkt\/chino-pant-coquelicot\/#breadcrumb","itemListElement":[{"@type":"ListItem","position":1,"name":"Accueil","item":"https:\/\/happyhaus.fr\/de\/"},{"@type":"ListItem","position":2,"name":"Priv\u00e9\u00a0: Shop","item":"https:\/\/happyhaus.fr\/?page_id=4438"},{"@type":"ListItem","position":3,"name":"Le Pantalon CHINO &#8211; ARCHIVES"}]},{"@type":"WebSite","@id":"https:\/\/happyhaus.fr\/#website","url":"https:\/\/happyhaus.fr\/","name":"","description":"","potentialAction":[{"@type":"SearchAction","target":{"@type":"EntryPoint","urlTemplate":"https:\/\/happyhaus.fr\/?s={search_term_string}"},"query-input":"required name=search_term_string"}],"inLanguage":"de"}]}},"_links":{"self":[{"href":"https:\/\/happyhaus.fr\/de\/wp-json\/wp\/v2\/product\/91512"}],"collection":[{"href":"https:\/\/happyhaus.fr\/de\/wp-json\/wp\/v2\/product"}],"about":[{"href":"https:\/\/happyhaus.fr\/de\/wp-json\/wp\/v2\/types\/product"}],"replies":[{"embeddable":true,"href":"https:\/\/happyhaus.fr\/de\/wp-json\/wp\/v2\/comments?post=91512"}],"wp:featuredmedia":[{"embeddable":true,"href":"https:\/\/happyhaus.fr\/de\/wp-json\/wp\/v2\/media\/91532"}],"wp:attachment":[{"href":"https:\/\/happyhaus.fr\/de\/wp-json\/wp\/v2\/media?parent=91512"}],"wp:term":[{"taxonomy":"product_cat","embeddable":true,"href":"https:\/\/happyhaus.fr\/de\/wp-json\/wp\/v2\/product_cat?post=91512"},{"taxonomy":"product_tag","embeddable":true,"href":"https:\/\/happyhaus.fr\/de\/wp-json\/wp\/v2\/product_tag?post=91512"}],"curies":[{"name":"wp","href":"https:\/\/api.w.org\/{rel}","templated":true}]}}