{"id":91323,"date":"2023-11-12T10:18:39","date_gmt":"2024-04-06T16:18:43","guid":{"rendered":"https:\/\/happyhaus.fr\/?post_type=product&#038;p=91323"},"modified":"2024-05-21T16:21:55","modified_gmt":"2024-05-21T14:21:55","slug":"polo-hemd-caro","status":"publish","type":"product","link":"https:\/\/happyhaus.fr\/de\/produkt\/polo-hemd-caro\/","title":{"rendered":"LA CHEMISE YVES"},"content":{"rendered":"<ul>\n<li>Bequemer, lockerer Schnitt<\/li>\n<li>Leicht fallende Schultern<\/li>\n<li>Runder Kragen<\/li>\n<li>F\u00fcnf \u00fcberzogene Kn\u00f6pfe<\/li>\n<li>Zusammengezogene Manschetten<\/li>\n<li>100% Traditionelles japanisches Leinen<\/li>\n<\/ul>\n<p>Herkunft des Stoffes : Japan<br \/>\nHergestellt in Tunesien<\/p>\n","protected":false},"excerpt":{"rendered":"<p>Das POLO-Hemd ist ein lockeres, bequemes Hemd, das mit leicht abfallenden Schultern konstruiert ist, an die sich abgerundete \u00c4rmel anschlie\u00dfen, die an der Schulter kleine Raffungen zeigen.<\/p>\n<p>Es zeichnet sich durch einen Rundhalsausschnitt, h\u00fcbsche verdeckte Kn\u00f6pfe und \u00c4rmel aus, die an den Manschetten verengt sind.<\/p>\n<p>Das POLO-Hemd besteht aus einem au\u00dfergew\u00f6hnlichen nat\u00fcrlichen Leinen, das von einer Familienmanufaktur in Osaka, Japan, gewebt wird, die weiterhin traditionelle japanische Webst\u00fchle verwendet und den althergebrachten Fertigkeiten ihres Landes folgt.<\/p>\n","protected":false},"featured_media":91331,"comment_status":"closed","ping_status":"closed","template":"","meta":{"_acf_changed":false},"product_cat":[312,316,231,237],"product_tag":[],"acf":[],"yoast_head":"<!-- This site is optimized with the Yoast SEO plugin v22.6 - https:\/\/yoast.com\/wordpress\/plugins\/seo\/ -->\n<title>LA CHEMISE YVES -<\/title>\n<meta name=\"robots\" content=\"index, follow, max-snippet:-1, max-image-preview:large, max-video-preview:-1\" \/>\n<link rel=\"canonical\" href=\"https:\/\/happyhaus.fr\/de\/produkt\/polo-hemd-caro\/\" \/>\n<meta property=\"og:locale\" content=\"de_DE\" \/>\n<meta property=\"og:type\" content=\"article\" \/>\n<meta property=\"og:title\" content=\"LA CHEMISE YVES -\" \/>\n<meta property=\"og:description\" content=\"Das POLO-Hemd ist ein lockeres, bequemes Hemd, das mit leicht abfallenden Schultern konstruiert ist, an die sich abgerundete \u00c4rmel anschlie\u00dfen, die an der Schulter kleine Raffungen zeigen.  Es zeichnet sich durch einen Rundhalsausschnitt, h\u00fcbsche verdeckte Kn\u00f6pfe und \u00c4rmel aus, die an den Manschetten verengt sind.  Das POLO-Hemd besteht aus einem au\u00dfergew\u00f6hnlichen nat\u00fcrlichen Leinen, das von einer Familienmanufaktur in Osaka, Japan, gewebt wird, die weiterhin traditionelle japanische Webst\u00fchle verwendet und den althergebrachten Fertigkeiten ihres Landes folgt.\" \/>\n<meta property=\"og:url\" content=\"https:\/\/happyhaus.fr\/de\/produkt\/polo-hemd-caro\/\" \/>\n<meta property=\"article:modified_time\" content=\"2024-05-21T14:21:55+00:00\" \/>\n<meta property=\"og:image\" content=\"https:\/\/happyhaus.fr\/wp-content\/uploads\/2024\/04\/YVES-a-CARO.jpg\" \/>\n\t<meta property=\"og:image:width\" content=\"1707\" \/>\n\t<meta property=\"og:image:height\" content=\"2560\" \/>\n\t<meta property=\"og:image:type\" content=\"image\/jpeg\" \/>\n<meta name=\"twitter:card\" content=\"summary_large_image\" \/>\n<meta name=\"twitter:label1\" content=\"Gesch\u00e4tzte Lesezeit\" \/>\n\t<meta name=\"twitter:data1\" content=\"1\u00a0Minute\" \/>\n<script type=\"application\/ld+json\" class=\"yoast-schema-graph\">{\"@context\":\"https:\/\/schema.org\",\"@graph\":[{\"@type\":\"WebPage\",\"@id\":\"https:\/\/happyhaus.fr\/de\/produkt\/polo-hemd-caro\/\",\"url\":\"https:\/\/happyhaus.fr\/de\/produkt\/polo-hemd-caro\/\",\"name\":\"LA CHEMISE YVES -\",\"isPartOf\":{\"@id\":\"https:\/\/happyhaus.fr\/#website\"},\"primaryImageOfPage\":{\"@id\":\"https:\/\/happyhaus.fr\/de\/produkt\/polo-hemd-caro\/#primaryimage\"},\"image\":{\"@id\":\"https:\/\/happyhaus.fr\/de\/produkt\/polo-hemd-caro\/#primaryimage\"},\"thumbnailUrl\":\"https:\/\/happyhaus.fr\/wp-content\/uploads\/2024\/04\/YVES-a-CARO.jpg\",\"datePublished\":\"2024-04-06T16:18:43+00:00\",\"dateModified\":\"2024-05-21T14:21:55+00:00\",\"breadcrumb\":{\"@id\":\"https:\/\/happyhaus.fr\/de\/produkt\/polo-hemd-caro\/#breadcrumb\"},\"inLanguage\":\"de\",\"potentialAction\":[{\"@type\":\"ReadAction\",\"target\":[\"https:\/\/happyhaus.fr\/de\/produkt\/polo-hemd-caro\/\"]}]},{\"@type\":\"ImageObject\",\"inLanguage\":\"de\",\"@id\":\"https:\/\/happyhaus.fr\/de\/produkt\/polo-hemd-caro\/#primaryimage\",\"url\":\"https:\/\/happyhaus.fr\/wp-content\/uploads\/2024\/04\/YVES-a-CARO.jpg\",\"contentUrl\":\"https:\/\/happyhaus.fr\/wp-content\/uploads\/2024\/04\/YVES-a-CARO.jpg\",\"width\":1707,\"height\":2560},{\"@type\":\"BreadcrumbList\",\"@id\":\"https:\/\/happyhaus.fr\/de\/produkt\/polo-hemd-caro\/#breadcrumb\",\"itemListElement\":[{\"@type\":\"ListItem\",\"position\":1,\"name\":\"Accueil\",\"item\":\"https:\/\/happyhaus.fr\/de\/\"},{\"@type\":\"ListItem\",\"position\":2,\"name\":\"Priv\u00e9\u00a0: Shop\",\"item\":\"https:\/\/happyhaus.fr\/?page_id=4438\"},{\"@type\":\"ListItem\",\"position\":3,\"name\":\"LA CHEMISE YVES\"}]},{\"@type\":\"WebSite\",\"@id\":\"https:\/\/happyhaus.fr\/#website\",\"url\":\"https:\/\/happyhaus.fr\/\",\"name\":\"\",\"description\":\"\",\"potentialAction\":[{\"@type\":\"SearchAction\",\"target\":{\"@type\":\"EntryPoint\",\"urlTemplate\":\"https:\/\/happyhaus.fr\/?s={search_term_string}\"},\"query-input\":\"required name=search_term_string\"}],\"inLanguage\":\"de\"}]}<\/script>\n<!-- \/ Yoast SEO plugin. -->","yoast_head_json":{"title":"LA CHEMISE YVES -","robots":{"index":"index","follow":"follow","max-snippet":"max-snippet:-1","max-image-preview":"max-image-preview:large","max-video-preview":"max-video-preview:-1"},"canonical":"https:\/\/happyhaus.fr\/de\/produkt\/polo-hemd-caro\/","og_locale":"de_DE","og_type":"article","og_title":"LA CHEMISE YVES -","og_description":"Das POLO-Hemd ist ein lockeres, bequemes Hemd, das mit leicht abfallenden Schultern konstruiert ist, an die sich abgerundete \u00c4rmel anschlie\u00dfen, die an der Schulter kleine Raffungen zeigen.  Es zeichnet sich durch einen Rundhalsausschnitt, h\u00fcbsche verdeckte Kn\u00f6pfe und \u00c4rmel aus, die an den Manschetten verengt sind.  Das POLO-Hemd besteht aus einem au\u00dfergew\u00f6hnlichen nat\u00fcrlichen Leinen, das von einer Familienmanufaktur in Osaka, Japan, gewebt wird, die weiterhin traditionelle japanische Webst\u00fchle verwendet und den althergebrachten Fertigkeiten ihres Landes folgt.","og_url":"https:\/\/happyhaus.fr\/de\/produkt\/polo-hemd-caro\/","article_modified_time":"2024-05-21T14:21:55+00:00","og_image":[{"width":1707,"height":2560,"url":"https:\/\/happyhaus.fr\/wp-content\/uploads\/2024\/04\/YVES-a-CARO.jpg","type":"image\/jpeg"}],"twitter_card":"summary_large_image","twitter_misc":{"Gesch\u00e4tzte Lesezeit":"1\u00a0Minute"},"schema":{"@context":"https:\/\/schema.org","@graph":[{"@type":"WebPage","@id":"https:\/\/happyhaus.fr\/de\/produkt\/polo-hemd-caro\/","url":"https:\/\/happyhaus.fr\/de\/produkt\/polo-hemd-caro\/","name":"LA CHEMISE YVES -","isPartOf":{"@id":"https:\/\/happyhaus.fr\/#website"},"primaryImageOfPage":{"@id":"https:\/\/happyhaus.fr\/de\/produkt\/polo-hemd-caro\/#primaryimage"},"image":{"@id":"https:\/\/happyhaus.fr\/de\/produkt\/polo-hemd-caro\/#primaryimage"},"thumbnailUrl":"https:\/\/happyhaus.fr\/wp-content\/uploads\/2024\/04\/YVES-a-CARO.jpg","datePublished":"2024-04-06T16:18:43+00:00","dateModified":"2024-05-21T14:21:55+00:00","breadcrumb":{"@id":"https:\/\/happyhaus.fr\/de\/produkt\/polo-hemd-caro\/#breadcrumb"},"inLanguage":"de","potentialAction":[{"@type":"ReadAction","target":["https:\/\/happyhaus.fr\/de\/produkt\/polo-hemd-caro\/"]}]},{"@type":"ImageObject","inLanguage":"de","@id":"https:\/\/happyhaus.fr\/de\/produkt\/polo-hemd-caro\/#primaryimage","url":"https:\/\/happyhaus.fr\/wp-content\/uploads\/2024\/04\/YVES-a-CARO.jpg","contentUrl":"https:\/\/happyhaus.fr\/wp-content\/uploads\/2024\/04\/YVES-a-CARO.jpg","width":1707,"height":2560},{"@type":"BreadcrumbList","@id":"https:\/\/happyhaus.fr\/de\/produkt\/polo-hemd-caro\/#breadcrumb","itemListElement":[{"@type":"ListItem","position":1,"name":"Accueil","item":"https:\/\/happyhaus.fr\/de\/"},{"@type":"ListItem","position":2,"name":"Priv\u00e9\u00a0: Shop","item":"https:\/\/happyhaus.fr\/?page_id=4438"},{"@type":"ListItem","position":3,"name":"LA CHEMISE YVES"}]},{"@type":"WebSite","@id":"https:\/\/happyhaus.fr\/#website","url":"https:\/\/happyhaus.fr\/","name":"","description":"","potentialAction":[{"@type":"SearchAction","target":{"@type":"EntryPoint","urlTemplate":"https:\/\/happyhaus.fr\/?s={search_term_string}"},"query-input":"required name=search_term_string"}],"inLanguage":"de"}]}},"_links":{"self":[{"href":"https:\/\/happyhaus.fr\/de\/wp-json\/wp\/v2\/product\/91323"}],"collection":[{"href":"https:\/\/happyhaus.fr\/de\/wp-json\/wp\/v2\/product"}],"about":[{"href":"https:\/\/happyhaus.fr\/de\/wp-json\/wp\/v2\/types\/product"}],"replies":[{"embeddable":true,"href":"https:\/\/happyhaus.fr\/de\/wp-json\/wp\/v2\/comments?post=91323"}],"wp:featuredmedia":[{"embeddable":true,"href":"https:\/\/happyhaus.fr\/de\/wp-json\/wp\/v2\/media\/91331"}],"wp:attachment":[{"href":"https:\/\/happyhaus.fr\/de\/wp-json\/wp\/v2\/media?parent=91323"}],"wp:term":[{"taxonomy":"product_cat","embeddable":true,"href":"https:\/\/happyhaus.fr\/de\/wp-json\/wp\/v2\/product_cat?post=91323"},{"taxonomy":"product_tag","embeddable":true,"href":"https:\/\/happyhaus.fr\/de\/wp-json\/wp\/v2\/product_tag?post=91323"}],"curies":[{"name":"wp","href":"https:\/\/api.w.org\/{rel}","templated":true}]}}