{"id":91262,"date":"2024-04-06T17:04:30","date_gmt":"2024-04-06T15:04:28","guid":{"rendered":"https:\/\/happyhaus.fr\/?post_type=product&#038;p=91262"},"modified":"2024-04-06T17:40:04","modified_gmt":"2024-04-06T15:40:04","slug":"le-blouson-fleur","status":"publish","type":"product","link":"https:\/\/happyhaus.fr\/de\/produkt\/le-blouson-fleur\/","title":{"rendered":"LE BLOUSON FLEUR"},"content":{"rendered":"<ul>\n<li>Klassicher Jeansjacken Schnitt<\/li>\n<li>Spitz zulaufender Hemdkragen<\/li>\n<li>Aufgesteppte Brusttaschen in Blumen Form<\/li>\n<li>Lange \u00c4rmel mit nature Kn\u00f6pfen<\/li>\n<li>Leichter Denimstoff<\/li>\n<li>100% Baumwolle &#8211; Stoff zertifiziert nach OEKO-TEX STANDARD 100 und DETOX<\/li>\n<\/ul>\n<p>Stoff aus Italien<br \/>\nHergestellt in Tunesien<\/p>\n","protected":false},"excerpt":{"rendered":"<p>Der Blouson FLEUR ist eine kurze Jacke aus leichtem, weichem Denim in light blue Waschung. Sie zeichnet sich durch ihren spitzen Kragen, der wie ein Hemdkragen gestaltet ist, zwei aufgesetzte Taschen in Blumenform, helle Holzkn\u00f6pfe und die Stickerei des HAPPYHAUS-Peacocks aus, die auf H\u00f6he des G\u00fcrtels auf der R\u00fcckseite der Jacke aufgestickt ist.<\/p>\n<p>&nbsp;<\/p>\n<p>Sie l\u00e4sst sich perfekt mit unserer Hose OVERSIZE light blue aus demselben Denimstoff kombinieren.<\/p>\n","protected":false},"featured_media":97802,"comment_status":"closed","ping_status":"closed","template":"","meta":{"_acf_changed":false},"product_cat":[312,231,238,512],"product_tag":[335],"acf":[],"yoast_head":"<!-- This site is optimized with the Yoast SEO plugin v22.6 - https:\/\/yoast.com\/wordpress\/plugins\/seo\/ -->\n<title>LE BLOUSON FLEUR -<\/title>\n<meta name=\"robots\" content=\"index, follow, max-snippet:-1, max-image-preview:large, max-video-preview:-1\" \/>\n<link rel=\"canonical\" href=\"https:\/\/happyhaus.fr\/de\/produkt\/le-blouson-fleur\/\" \/>\n<meta property=\"og:locale\" content=\"de_DE\" \/>\n<meta property=\"og:type\" content=\"article\" \/>\n<meta property=\"og:title\" content=\"LE BLOUSON FLEUR -\" \/>\n<meta property=\"og:description\" content=\"Der Blouson FLEUR ist eine kurze Jacke aus leichtem, weichem Denim in light blue Waschung. Sie zeichnet sich durch ihren spitzen Kragen, der wie ein Hemdkragen gestaltet ist, zwei aufgesetzte Taschen in Blumenform, helle Holzkn\u00f6pfe und die Stickerei des HAPPYHAUS-Peacocks aus, die auf H\u00f6he des G\u00fcrtels auf der R\u00fcckseite der Jacke aufgestickt ist.  &nbsp;  Sie l\u00e4sst sich perfekt mit unserer Hose OVERSIZE light blue aus demselben Denimstoff kombinieren.\" \/>\n<meta property=\"og:url\" content=\"https:\/\/happyhaus.fr\/de\/produkt\/le-blouson-fleur\/\" \/>\n<meta property=\"article:modified_time\" content=\"2024-04-06T15:40:04+00:00\" \/>\n<meta property=\"og:image\" content=\"https:\/\/happyhaus.fr\/wp-content\/uploads\/2024\/04\/Z1-3.jpg\" \/>\n\t<meta property=\"og:image:width\" content=\"1707\" \/>\n\t<meta property=\"og:image:height\" content=\"2560\" \/>\n\t<meta property=\"og:image:type\" content=\"image\/jpeg\" \/>\n<meta name=\"twitter:card\" content=\"summary_large_image\" \/>\n<meta name=\"twitter:label1\" content=\"Gesch\u00e4tzte Lesezeit\" \/>\n\t<meta name=\"twitter:data1\" content=\"1\u00a0Minute\" \/>\n<script type=\"application\/ld+json\" class=\"yoast-schema-graph\">{\"@context\":\"https:\/\/schema.org\",\"@graph\":[{\"@type\":\"WebPage\",\"@id\":\"https:\/\/happyhaus.fr\/de\/produkt\/le-blouson-fleur\/\",\"url\":\"https:\/\/happyhaus.fr\/de\/produkt\/le-blouson-fleur\/\",\"name\":\"LE BLOUSON FLEUR -\",\"isPartOf\":{\"@id\":\"https:\/\/happyhaus.fr\/#website\"},\"primaryImageOfPage\":{\"@id\":\"https:\/\/happyhaus.fr\/de\/produkt\/le-blouson-fleur\/#primaryimage\"},\"image\":{\"@id\":\"https:\/\/happyhaus.fr\/de\/produkt\/le-blouson-fleur\/#primaryimage\"},\"thumbnailUrl\":\"https:\/\/happyhaus.fr\/wp-content\/uploads\/2024\/04\/Z1-3.jpg\",\"datePublished\":\"2024-04-06T15:04:28+00:00\",\"dateModified\":\"2024-04-06T15:40:04+00:00\",\"breadcrumb\":{\"@id\":\"https:\/\/happyhaus.fr\/de\/produkt\/le-blouson-fleur\/#breadcrumb\"},\"inLanguage\":\"de\",\"potentialAction\":[{\"@type\":\"ReadAction\",\"target\":[\"https:\/\/happyhaus.fr\/de\/produkt\/le-blouson-fleur\/\"]}]},{\"@type\":\"ImageObject\",\"inLanguage\":\"de\",\"@id\":\"https:\/\/happyhaus.fr\/de\/produkt\/le-blouson-fleur\/#primaryimage\",\"url\":\"https:\/\/happyhaus.fr\/wp-content\/uploads\/2024\/04\/Z1-3.jpg\",\"contentUrl\":\"https:\/\/happyhaus.fr\/wp-content\/uploads\/2024\/04\/Z1-3.jpg\",\"width\":1707,\"height\":2560},{\"@type\":\"BreadcrumbList\",\"@id\":\"https:\/\/happyhaus.fr\/de\/produkt\/le-blouson-fleur\/#breadcrumb\",\"itemListElement\":[{\"@type\":\"ListItem\",\"position\":1,\"name\":\"Accueil\",\"item\":\"https:\/\/happyhaus.fr\/de\/\"},{\"@type\":\"ListItem\",\"position\":2,\"name\":\"Priv\u00e9\u00a0: Shop\",\"item\":\"https:\/\/happyhaus.fr\/?page_id=4438\"},{\"@type\":\"ListItem\",\"position\":3,\"name\":\"LE BLOUSON FLEUR\"}]},{\"@type\":\"WebSite\",\"@id\":\"https:\/\/happyhaus.fr\/#website\",\"url\":\"https:\/\/happyhaus.fr\/\",\"name\":\"\",\"description\":\"\",\"potentialAction\":[{\"@type\":\"SearchAction\",\"target\":{\"@type\":\"EntryPoint\",\"urlTemplate\":\"https:\/\/happyhaus.fr\/?s={search_term_string}\"},\"query-input\":\"required name=search_term_string\"}],\"inLanguage\":\"de\"}]}<\/script>\n<!-- \/ Yoast SEO plugin. -->","yoast_head_json":{"title":"LE BLOUSON FLEUR -","robots":{"index":"index","follow":"follow","max-snippet":"max-snippet:-1","max-image-preview":"max-image-preview:large","max-video-preview":"max-video-preview:-1"},"canonical":"https:\/\/happyhaus.fr\/de\/produkt\/le-blouson-fleur\/","og_locale":"de_DE","og_type":"article","og_title":"LE BLOUSON FLEUR -","og_description":"Der Blouson FLEUR ist eine kurze Jacke aus leichtem, weichem Denim in light blue Waschung. Sie zeichnet sich durch ihren spitzen Kragen, der wie ein Hemdkragen gestaltet ist, zwei aufgesetzte Taschen in Blumenform, helle Holzkn\u00f6pfe und die Stickerei des HAPPYHAUS-Peacocks aus, die auf H\u00f6he des G\u00fcrtels auf der R\u00fcckseite der Jacke aufgestickt ist.  &nbsp;  Sie l\u00e4sst sich perfekt mit unserer Hose OVERSIZE light blue aus demselben Denimstoff kombinieren.","og_url":"https:\/\/happyhaus.fr\/de\/produkt\/le-blouson-fleur\/","article_modified_time":"2024-04-06T15:40:04+00:00","og_image":[{"width":1707,"height":2560,"url":"https:\/\/happyhaus.fr\/wp-content\/uploads\/2024\/04\/Z1-3.jpg","type":"image\/jpeg"}],"twitter_card":"summary_large_image","twitter_misc":{"Gesch\u00e4tzte Lesezeit":"1\u00a0Minute"},"schema":{"@context":"https:\/\/schema.org","@graph":[{"@type":"WebPage","@id":"https:\/\/happyhaus.fr\/de\/produkt\/le-blouson-fleur\/","url":"https:\/\/happyhaus.fr\/de\/produkt\/le-blouson-fleur\/","name":"LE BLOUSON FLEUR -","isPartOf":{"@id":"https:\/\/happyhaus.fr\/#website"},"primaryImageOfPage":{"@id":"https:\/\/happyhaus.fr\/de\/produkt\/le-blouson-fleur\/#primaryimage"},"image":{"@id":"https:\/\/happyhaus.fr\/de\/produkt\/le-blouson-fleur\/#primaryimage"},"thumbnailUrl":"https:\/\/happyhaus.fr\/wp-content\/uploads\/2024\/04\/Z1-3.jpg","datePublished":"2024-04-06T15:04:28+00:00","dateModified":"2024-04-06T15:40:04+00:00","breadcrumb":{"@id":"https:\/\/happyhaus.fr\/de\/produkt\/le-blouson-fleur\/#breadcrumb"},"inLanguage":"de","potentialAction":[{"@type":"ReadAction","target":["https:\/\/happyhaus.fr\/de\/produkt\/le-blouson-fleur\/"]}]},{"@type":"ImageObject","inLanguage":"de","@id":"https:\/\/happyhaus.fr\/de\/produkt\/le-blouson-fleur\/#primaryimage","url":"https:\/\/happyhaus.fr\/wp-content\/uploads\/2024\/04\/Z1-3.jpg","contentUrl":"https:\/\/happyhaus.fr\/wp-content\/uploads\/2024\/04\/Z1-3.jpg","width":1707,"height":2560},{"@type":"BreadcrumbList","@id":"https:\/\/happyhaus.fr\/de\/produkt\/le-blouson-fleur\/#breadcrumb","itemListElement":[{"@type":"ListItem","position":1,"name":"Accueil","item":"https:\/\/happyhaus.fr\/de\/"},{"@type":"ListItem","position":2,"name":"Priv\u00e9\u00a0: Shop","item":"https:\/\/happyhaus.fr\/?page_id=4438"},{"@type":"ListItem","position":3,"name":"LE BLOUSON FLEUR"}]},{"@type":"WebSite","@id":"https:\/\/happyhaus.fr\/#website","url":"https:\/\/happyhaus.fr\/","name":"","description":"","potentialAction":[{"@type":"SearchAction","target":{"@type":"EntryPoint","urlTemplate":"https:\/\/happyhaus.fr\/?s={search_term_string}"},"query-input":"required name=search_term_string"}],"inLanguage":"de"}]}},"_links":{"self":[{"href":"https:\/\/happyhaus.fr\/de\/wp-json\/wp\/v2\/product\/91262"}],"collection":[{"href":"https:\/\/happyhaus.fr\/de\/wp-json\/wp\/v2\/product"}],"about":[{"href":"https:\/\/happyhaus.fr\/de\/wp-json\/wp\/v2\/types\/product"}],"replies":[{"embeddable":true,"href":"https:\/\/happyhaus.fr\/de\/wp-json\/wp\/v2\/comments?post=91262"}],"wp:featuredmedia":[{"embeddable":true,"href":"https:\/\/happyhaus.fr\/de\/wp-json\/wp\/v2\/media\/97802"}],"wp:attachment":[{"href":"https:\/\/happyhaus.fr\/de\/wp-json\/wp\/v2\/media?parent=91262"}],"wp:term":[{"taxonomy":"product_cat","embeddable":true,"href":"https:\/\/happyhaus.fr\/de\/wp-json\/wp\/v2\/product_cat?post=91262"},{"taxonomy":"product_tag","embeddable":true,"href":"https:\/\/happyhaus.fr\/de\/wp-json\/wp\/v2\/product_tag?post=91262"}],"curies":[{"name":"wp","href":"https:\/\/api.w.org\/{rel}","templated":true}]}}