{"id":91155,"date":"2024-03-04T11:31:38","date_gmt":"2024-04-04T09:31:53","guid":{"rendered":"https:\/\/happyhaus.fr\/?post_type=product&#038;p=91155"},"modified":"2025-02-05T16:02:55","modified_gmt":"2025-02-05T15:02:55","slug":"la-mini-parka","status":"publish","type":"product","link":"https:\/\/happyhaus.fr\/de\/produkt\/la-mini-parka\/","title":{"rendered":"La Mini PARKA &#8211; ARCHIVES"},"content":{"rendered":"<ul>\n<li>Vorne mit Holzkn\u00f6pfen zu schlie\u00dfen<\/li>\n<li>Kordelzug um die Kapuze und unten an der Jacke<\/li>\n<li>\u00c4rmelweite mit zwei Holzkn\u00f6pfen an den \u00c4rmelb\u00fcndchen verstellbar.<\/li>\n<li>Eingefasst und ungef\u00fcttert<\/li>\n<li>Seitentaschen mit abgerundetem Nahtdetail.<\/li>\n<li>100% Baumwolle , zertifiziert nach \u00d6kotex Standard 100 und &#8220;DETOX&#8221;, zugelassen von Greenpeace.<\/li>\n<\/ul>\n<p>Herkunft des Stoffes: Italien.<\/p>\n<p>Hergestellt in Tunesien<\/p>\n","protected":false},"excerpt":{"rendered":"<p>This cotton &amp; Linen maxi parka is absolutely comfortable and soft, with an oversized fit. It is adjustable at the bottom with a cord, which gives it a sporty style, and you can wear it as you like. Wear it in spring with a long skirt, in summer with shorts and in autumn with a little jumper&#8230; With its hood, it will also accompany you in case of rain!<\/p>\n<p>Sandy, the founder of Happy Haus, wears a size 36 and is 170cm tall.<\/p>\n","protected":false},"featured_media":88424,"comment_status":"closed","ping_status":"closed","template":"","meta":{"_acf_changed":false},"product_cat":[312,316,231,238],"product_tag":[],"acf":[],"yoast_head":"<!-- This site is optimized with the Yoast SEO plugin v22.6 - https:\/\/yoast.com\/wordpress\/plugins\/seo\/ -->\n<title>La Mini PARKA - ARCHIVES -<\/title>\n<meta name=\"robots\" content=\"index, follow, max-snippet:-1, max-image-preview:large, max-video-preview:-1\" \/>\n<link rel=\"canonical\" href=\"https:\/\/happyhaus.fr\/de\/produkt\/la-mini-parka\/\" \/>\n<meta property=\"og:locale\" content=\"de_DE\" \/>\n<meta property=\"og:type\" content=\"article\" \/>\n<meta property=\"og:title\" content=\"La Mini PARKA - ARCHIVES -\" \/>\n<meta property=\"og:description\" content=\"This cotton &amp; Linen maxi parka is absolutely comfortable and soft, with an oversized fit. It is adjustable at the bottom with a cord, which gives it a sporty style, and you can wear it as you like. Wear it in spring with a long skirt, in summer with shorts and in autumn with a little jumper... With its hood, it will also accompany you in case of rain!  Sandy, the founder of Happy Haus, wears a size 36 and is 170cm tall.\" \/>\n<meta property=\"og:url\" content=\"https:\/\/happyhaus.fr\/de\/produkt\/la-mini-parka\/\" \/>\n<meta property=\"article:modified_time\" content=\"2025-02-05T15:02:55+00:00\" \/>\n<meta property=\"og:image\" content=\"https:\/\/happyhaus.fr\/wp-content\/uploads\/2023\/04\/0L1A1354-scaled.jpg\" \/>\n\t<meta property=\"og:image:width\" content=\"1707\" \/>\n\t<meta property=\"og:image:height\" content=\"2560\" \/>\n\t<meta property=\"og:image:type\" content=\"image\/jpeg\" \/>\n<meta name=\"twitter:card\" content=\"summary_large_image\" \/>\n<meta name=\"twitter:label1\" content=\"Gesch\u00e4tzte Lesezeit\" \/>\n\t<meta name=\"twitter:data1\" content=\"1\u00a0Minute\" \/>\n<script type=\"application\/ld+json\" class=\"yoast-schema-graph\">{\"@context\":\"https:\/\/schema.org\",\"@graph\":[{\"@type\":\"WebPage\",\"@id\":\"https:\/\/happyhaus.fr\/de\/produkt\/la-mini-parka\/\",\"url\":\"https:\/\/happyhaus.fr\/de\/produkt\/la-mini-parka\/\",\"name\":\"La Mini PARKA - ARCHIVES -\",\"isPartOf\":{\"@id\":\"https:\/\/happyhaus.fr\/#website\"},\"primaryImageOfPage\":{\"@id\":\"https:\/\/happyhaus.fr\/de\/produkt\/la-mini-parka\/#primaryimage\"},\"image\":{\"@id\":\"https:\/\/happyhaus.fr\/de\/produkt\/la-mini-parka\/#primaryimage\"},\"thumbnailUrl\":\"https:\/\/happyhaus.fr\/wp-content\/uploads\/2023\/04\/0L1A1354-scaled.jpg\",\"datePublished\":\"2024-04-04T09:31:53+00:00\",\"dateModified\":\"2025-02-05T15:02:55+00:00\",\"breadcrumb\":{\"@id\":\"https:\/\/happyhaus.fr\/de\/produkt\/la-mini-parka\/#breadcrumb\"},\"inLanguage\":\"de\",\"potentialAction\":[{\"@type\":\"ReadAction\",\"target\":[\"https:\/\/happyhaus.fr\/de\/produkt\/la-mini-parka\/\"]}]},{\"@type\":\"ImageObject\",\"inLanguage\":\"de\",\"@id\":\"https:\/\/happyhaus.fr\/de\/produkt\/la-mini-parka\/#primaryimage\",\"url\":\"https:\/\/happyhaus.fr\/wp-content\/uploads\/2023\/04\/0L1A1354-scaled.jpg\",\"contentUrl\":\"https:\/\/happyhaus.fr\/wp-content\/uploads\/2023\/04\/0L1A1354-scaled.jpg\",\"width\":1707,\"height\":2560},{\"@type\":\"BreadcrumbList\",\"@id\":\"https:\/\/happyhaus.fr\/de\/produkt\/la-mini-parka\/#breadcrumb\",\"itemListElement\":[{\"@type\":\"ListItem\",\"position\":1,\"name\":\"Accueil\",\"item\":\"https:\/\/happyhaus.fr\/de\/\"},{\"@type\":\"ListItem\",\"position\":2,\"name\":\"Priv\u00e9\u00a0: Shop\",\"item\":\"https:\/\/happyhaus.fr\/?page_id=4438\"},{\"@type\":\"ListItem\",\"position\":3,\"name\":\"La Mini PARKA &#8211; ARCHIVES\"}]},{\"@type\":\"WebSite\",\"@id\":\"https:\/\/happyhaus.fr\/#website\",\"url\":\"https:\/\/happyhaus.fr\/\",\"name\":\"\",\"description\":\"\",\"potentialAction\":[{\"@type\":\"SearchAction\",\"target\":{\"@type\":\"EntryPoint\",\"urlTemplate\":\"https:\/\/happyhaus.fr\/?s={search_term_string}\"},\"query-input\":\"required name=search_term_string\"}],\"inLanguage\":\"de\"}]}<\/script>\n<!-- \/ Yoast SEO plugin. -->","yoast_head_json":{"title":"La Mini PARKA - ARCHIVES -","robots":{"index":"index","follow":"follow","max-snippet":"max-snippet:-1","max-image-preview":"max-image-preview:large","max-video-preview":"max-video-preview:-1"},"canonical":"https:\/\/happyhaus.fr\/de\/produkt\/la-mini-parka\/","og_locale":"de_DE","og_type":"article","og_title":"La Mini PARKA - ARCHIVES -","og_description":"This cotton &amp; Linen maxi parka is absolutely comfortable and soft, with an oversized fit. It is adjustable at the bottom with a cord, which gives it a sporty style, and you can wear it as you like. Wear it in spring with a long skirt, in summer with shorts and in autumn with a little jumper... With its hood, it will also accompany you in case of rain!  Sandy, the founder of Happy Haus, wears a size 36 and is 170cm tall.","og_url":"https:\/\/happyhaus.fr\/de\/produkt\/la-mini-parka\/","article_modified_time":"2025-02-05T15:02:55+00:00","og_image":[{"width":1707,"height":2560,"url":"https:\/\/happyhaus.fr\/wp-content\/uploads\/2023\/04\/0L1A1354-scaled.jpg","type":"image\/jpeg"}],"twitter_card":"summary_large_image","twitter_misc":{"Gesch\u00e4tzte Lesezeit":"1\u00a0Minute"},"schema":{"@context":"https:\/\/schema.org","@graph":[{"@type":"WebPage","@id":"https:\/\/happyhaus.fr\/de\/produkt\/la-mini-parka\/","url":"https:\/\/happyhaus.fr\/de\/produkt\/la-mini-parka\/","name":"La Mini PARKA - ARCHIVES -","isPartOf":{"@id":"https:\/\/happyhaus.fr\/#website"},"primaryImageOfPage":{"@id":"https:\/\/happyhaus.fr\/de\/produkt\/la-mini-parka\/#primaryimage"},"image":{"@id":"https:\/\/happyhaus.fr\/de\/produkt\/la-mini-parka\/#primaryimage"},"thumbnailUrl":"https:\/\/happyhaus.fr\/wp-content\/uploads\/2023\/04\/0L1A1354-scaled.jpg","datePublished":"2024-04-04T09:31:53+00:00","dateModified":"2025-02-05T15:02:55+00:00","breadcrumb":{"@id":"https:\/\/happyhaus.fr\/de\/produkt\/la-mini-parka\/#breadcrumb"},"inLanguage":"de","potentialAction":[{"@type":"ReadAction","target":["https:\/\/happyhaus.fr\/de\/produkt\/la-mini-parka\/"]}]},{"@type":"ImageObject","inLanguage":"de","@id":"https:\/\/happyhaus.fr\/de\/produkt\/la-mini-parka\/#primaryimage","url":"https:\/\/happyhaus.fr\/wp-content\/uploads\/2023\/04\/0L1A1354-scaled.jpg","contentUrl":"https:\/\/happyhaus.fr\/wp-content\/uploads\/2023\/04\/0L1A1354-scaled.jpg","width":1707,"height":2560},{"@type":"BreadcrumbList","@id":"https:\/\/happyhaus.fr\/de\/produkt\/la-mini-parka\/#breadcrumb","itemListElement":[{"@type":"ListItem","position":1,"name":"Accueil","item":"https:\/\/happyhaus.fr\/de\/"},{"@type":"ListItem","position":2,"name":"Priv\u00e9\u00a0: Shop","item":"https:\/\/happyhaus.fr\/?page_id=4438"},{"@type":"ListItem","position":3,"name":"La Mini PARKA &#8211; ARCHIVES"}]},{"@type":"WebSite","@id":"https:\/\/happyhaus.fr\/#website","url":"https:\/\/happyhaus.fr\/","name":"","description":"","potentialAction":[{"@type":"SearchAction","target":{"@type":"EntryPoint","urlTemplate":"https:\/\/happyhaus.fr\/?s={search_term_string}"},"query-input":"required name=search_term_string"}],"inLanguage":"de"}]}},"_links":{"self":[{"href":"https:\/\/happyhaus.fr\/de\/wp-json\/wp\/v2\/product\/91155"}],"collection":[{"href":"https:\/\/happyhaus.fr\/de\/wp-json\/wp\/v2\/product"}],"about":[{"href":"https:\/\/happyhaus.fr\/de\/wp-json\/wp\/v2\/types\/product"}],"replies":[{"embeddable":true,"href":"https:\/\/happyhaus.fr\/de\/wp-json\/wp\/v2\/comments?post=91155"}],"wp:featuredmedia":[{"embeddable":true,"href":"https:\/\/happyhaus.fr\/de\/wp-json\/wp\/v2\/media\/88424"}],"wp:attachment":[{"href":"https:\/\/happyhaus.fr\/de\/wp-json\/wp\/v2\/media?parent=91155"}],"wp:term":[{"taxonomy":"product_cat","embeddable":true,"href":"https:\/\/happyhaus.fr\/de\/wp-json\/wp\/v2\/product_cat?post=91155"},{"taxonomy":"product_tag","embeddable":true,"href":"https:\/\/happyhaus.fr\/de\/wp-json\/wp\/v2\/product_tag?post=91155"}],"curies":[{"name":"wp","href":"https:\/\/api.w.org\/{rel}","templated":true}]}}