{"id":91109,"date":"2024-03-29T18:20:44","date_gmt":"2024-03-30T17:50:45","guid":{"rendered":"https:\/\/happyhaus.fr\/?post_type=product&#038;p=91109"},"modified":"2024-05-27T09:41:43","modified_gmt":"2024-05-27T07:41:43","slug":"le-s-bag-copie","status":"publish","type":"product","link":"https:\/\/happyhaus.fr\/de\/produkt\/le-s-bag-copie\/","title":{"rendered":"Le S Bag"},"content":{"rendered":"<ul>\n<li>Handgefertigt<\/li>\n<li>Happy Haus-Logo Etikett auf umweltfreundlichen Papier.<\/li>\n<li>Gr\u00f6\u00dfe S<\/li>\n<li>100% Raffia in natur Farbe<\/li>\n<li>65 cm tief<\/li>\n<\/ul>\n<p>Hergestellt in Indien.<\/p>\n","protected":false},"excerpt":{"rendered":"<p>Unsere Einkaufstasche aus Bast ist unsere allererste Tasche! Perfekt f\u00fcr den Strand, den Markt oder als ( gro\u00dfe ) Handtasche &#8230; sie kann Sie den ganzen Sommer \u00fcber auf all Ihren Streifz\u00fcgen begleiten. Sie passt zu allem und zu jedem Stil!<\/p>\n<p>Sandy, die Gr\u00fcnderin von Happy Haus, ist 170 cm gro\u00df.<\/p>\n","protected":false},"featured_media":91115,"comment_status":"open","ping_status":"closed","template":"","meta":{"_acf_changed":false},"product_cat":[231,404],"product_tag":[],"acf":[],"yoast_head":"<!-- This site is optimized with the Yoast SEO plugin v22.6 - https:\/\/yoast.com\/wordpress\/plugins\/seo\/ -->\n<title>Le S Bag -<\/title>\n<meta name=\"robots\" content=\"index, follow, max-snippet:-1, max-image-preview:large, max-video-preview:-1\" \/>\n<link rel=\"canonical\" href=\"https:\/\/happyhaus.fr\/de\/produkt\/le-s-bag-copie\/\" \/>\n<meta property=\"og:locale\" content=\"de_DE\" \/>\n<meta property=\"og:type\" content=\"article\" \/>\n<meta property=\"og:title\" content=\"Le S Bag -\" \/>\n<meta property=\"og:description\" content=\"Unsere Einkaufstasche aus Bast ist unsere allererste Tasche! Perfekt f\u00fcr den Strand, den Markt oder als ( gro\u00dfe ) Handtasche ... sie kann Sie den ganzen Sommer \u00fcber auf all Ihren Streifz\u00fcgen begleiten. Sie passt zu allem und zu jedem Stil!  Sandy, die Gr\u00fcnderin von Happy Haus, ist 170 cm gro\u00df.\" \/>\n<meta property=\"og:url\" content=\"https:\/\/happyhaus.fr\/de\/produkt\/le-s-bag-copie\/\" \/>\n<meta property=\"article:modified_time\" content=\"2024-05-27T07:41:43+00:00\" \/>\n<meta property=\"og:image\" content=\"https:\/\/happyhaus.fr\/wp-content\/uploads\/2024\/03\/HAPPY-HAUS-MARS-2024-400-4500X3000-scaled.jpg\" \/>\n\t<meta property=\"og:image:width\" content=\"1707\" \/>\n\t<meta property=\"og:image:height\" content=\"2560\" \/>\n\t<meta property=\"og:image:type\" content=\"image\/jpeg\" \/>\n<meta name=\"twitter:card\" content=\"summary_large_image\" \/>\n<meta name=\"twitter:label1\" content=\"Gesch\u00e4tzte Lesezeit\" \/>\n\t<meta name=\"twitter:data1\" content=\"1\u00a0Minute\" \/>\n<script type=\"application\/ld+json\" class=\"yoast-schema-graph\">{\"@context\":\"https:\/\/schema.org\",\"@graph\":[{\"@type\":\"WebPage\",\"@id\":\"https:\/\/happyhaus.fr\/de\/produkt\/le-s-bag-copie\/\",\"url\":\"https:\/\/happyhaus.fr\/de\/produkt\/le-s-bag-copie\/\",\"name\":\"Le S Bag -\",\"isPartOf\":{\"@id\":\"https:\/\/happyhaus.fr\/#website\"},\"primaryImageOfPage\":{\"@id\":\"https:\/\/happyhaus.fr\/de\/produkt\/le-s-bag-copie\/#primaryimage\"},\"image\":{\"@id\":\"https:\/\/happyhaus.fr\/de\/produkt\/le-s-bag-copie\/#primaryimage\"},\"thumbnailUrl\":\"https:\/\/happyhaus.fr\/wp-content\/uploads\/2024\/03\/HAPPY-HAUS-MARS-2024-400-4500X3000-scaled.jpg\",\"datePublished\":\"2024-03-30T17:50:45+00:00\",\"dateModified\":\"2024-05-27T07:41:43+00:00\",\"breadcrumb\":{\"@id\":\"https:\/\/happyhaus.fr\/de\/produkt\/le-s-bag-copie\/#breadcrumb\"},\"inLanguage\":\"de\",\"potentialAction\":[{\"@type\":\"ReadAction\",\"target\":[\"https:\/\/happyhaus.fr\/de\/produkt\/le-s-bag-copie\/\"]}]},{\"@type\":\"ImageObject\",\"inLanguage\":\"de\",\"@id\":\"https:\/\/happyhaus.fr\/de\/produkt\/le-s-bag-copie\/#primaryimage\",\"url\":\"https:\/\/happyhaus.fr\/wp-content\/uploads\/2024\/03\/HAPPY-HAUS-MARS-2024-400-4500X3000-scaled.jpg\",\"contentUrl\":\"https:\/\/happyhaus.fr\/wp-content\/uploads\/2024\/03\/HAPPY-HAUS-MARS-2024-400-4500X3000-scaled.jpg\",\"width\":1707,\"height\":2560},{\"@type\":\"BreadcrumbList\",\"@id\":\"https:\/\/happyhaus.fr\/de\/produkt\/le-s-bag-copie\/#breadcrumb\",\"itemListElement\":[{\"@type\":\"ListItem\",\"position\":1,\"name\":\"Accueil\",\"item\":\"https:\/\/happyhaus.fr\/de\/\"},{\"@type\":\"ListItem\",\"position\":2,\"name\":\"Priv\u00e9\u00a0: Shop\",\"item\":\"https:\/\/happyhaus.fr\/?page_id=4438\"},{\"@type\":\"ListItem\",\"position\":3,\"name\":\"Le S Bag\"}]},{\"@type\":\"WebSite\",\"@id\":\"https:\/\/happyhaus.fr\/#website\",\"url\":\"https:\/\/happyhaus.fr\/\",\"name\":\"\",\"description\":\"\",\"potentialAction\":[{\"@type\":\"SearchAction\",\"target\":{\"@type\":\"EntryPoint\",\"urlTemplate\":\"https:\/\/happyhaus.fr\/?s={search_term_string}\"},\"query-input\":\"required name=search_term_string\"}],\"inLanguage\":\"de\"}]}<\/script>\n<!-- \/ Yoast SEO plugin. -->","yoast_head_json":{"title":"Le S Bag -","robots":{"index":"index","follow":"follow","max-snippet":"max-snippet:-1","max-image-preview":"max-image-preview:large","max-video-preview":"max-video-preview:-1"},"canonical":"https:\/\/happyhaus.fr\/de\/produkt\/le-s-bag-copie\/","og_locale":"de_DE","og_type":"article","og_title":"Le S Bag -","og_description":"Unsere Einkaufstasche aus Bast ist unsere allererste Tasche! Perfekt f\u00fcr den Strand, den Markt oder als ( gro\u00dfe ) Handtasche ... sie kann Sie den ganzen Sommer \u00fcber auf all Ihren Streifz\u00fcgen begleiten. Sie passt zu allem und zu jedem Stil!  Sandy, die Gr\u00fcnderin von Happy Haus, ist 170 cm gro\u00df.","og_url":"https:\/\/happyhaus.fr\/de\/produkt\/le-s-bag-copie\/","article_modified_time":"2024-05-27T07:41:43+00:00","og_image":[{"width":1707,"height":2560,"url":"https:\/\/happyhaus.fr\/wp-content\/uploads\/2024\/03\/HAPPY-HAUS-MARS-2024-400-4500X3000-scaled.jpg","type":"image\/jpeg"}],"twitter_card":"summary_large_image","twitter_misc":{"Gesch\u00e4tzte Lesezeit":"1\u00a0Minute"},"schema":{"@context":"https:\/\/schema.org","@graph":[{"@type":"WebPage","@id":"https:\/\/happyhaus.fr\/de\/produkt\/le-s-bag-copie\/","url":"https:\/\/happyhaus.fr\/de\/produkt\/le-s-bag-copie\/","name":"Le S Bag -","isPartOf":{"@id":"https:\/\/happyhaus.fr\/#website"},"primaryImageOfPage":{"@id":"https:\/\/happyhaus.fr\/de\/produkt\/le-s-bag-copie\/#primaryimage"},"image":{"@id":"https:\/\/happyhaus.fr\/de\/produkt\/le-s-bag-copie\/#primaryimage"},"thumbnailUrl":"https:\/\/happyhaus.fr\/wp-content\/uploads\/2024\/03\/HAPPY-HAUS-MARS-2024-400-4500X3000-scaled.jpg","datePublished":"2024-03-30T17:50:45+00:00","dateModified":"2024-05-27T07:41:43+00:00","breadcrumb":{"@id":"https:\/\/happyhaus.fr\/de\/produkt\/le-s-bag-copie\/#breadcrumb"},"inLanguage":"de","potentialAction":[{"@type":"ReadAction","target":["https:\/\/happyhaus.fr\/de\/produkt\/le-s-bag-copie\/"]}]},{"@type":"ImageObject","inLanguage":"de","@id":"https:\/\/happyhaus.fr\/de\/produkt\/le-s-bag-copie\/#primaryimage","url":"https:\/\/happyhaus.fr\/wp-content\/uploads\/2024\/03\/HAPPY-HAUS-MARS-2024-400-4500X3000-scaled.jpg","contentUrl":"https:\/\/happyhaus.fr\/wp-content\/uploads\/2024\/03\/HAPPY-HAUS-MARS-2024-400-4500X3000-scaled.jpg","width":1707,"height":2560},{"@type":"BreadcrumbList","@id":"https:\/\/happyhaus.fr\/de\/produkt\/le-s-bag-copie\/#breadcrumb","itemListElement":[{"@type":"ListItem","position":1,"name":"Accueil","item":"https:\/\/happyhaus.fr\/de\/"},{"@type":"ListItem","position":2,"name":"Priv\u00e9\u00a0: Shop","item":"https:\/\/happyhaus.fr\/?page_id=4438"},{"@type":"ListItem","position":3,"name":"Le S Bag"}]},{"@type":"WebSite","@id":"https:\/\/happyhaus.fr\/#website","url":"https:\/\/happyhaus.fr\/","name":"","description":"","potentialAction":[{"@type":"SearchAction","target":{"@type":"EntryPoint","urlTemplate":"https:\/\/happyhaus.fr\/?s={search_term_string}"},"query-input":"required name=search_term_string"}],"inLanguage":"de"}]}},"_links":{"self":[{"href":"https:\/\/happyhaus.fr\/de\/wp-json\/wp\/v2\/product\/91109"}],"collection":[{"href":"https:\/\/happyhaus.fr\/de\/wp-json\/wp\/v2\/product"}],"about":[{"href":"https:\/\/happyhaus.fr\/de\/wp-json\/wp\/v2\/types\/product"}],"replies":[{"embeddable":true,"href":"https:\/\/happyhaus.fr\/de\/wp-json\/wp\/v2\/comments?post=91109"}],"wp:featuredmedia":[{"embeddable":true,"href":"https:\/\/happyhaus.fr\/de\/wp-json\/wp\/v2\/media\/91115"}],"wp:attachment":[{"href":"https:\/\/happyhaus.fr\/de\/wp-json\/wp\/v2\/media?parent=91109"}],"wp:term":[{"taxonomy":"product_cat","embeddable":true,"href":"https:\/\/happyhaus.fr\/de\/wp-json\/wp\/v2\/product_cat?post=91109"},{"taxonomy":"product_tag","embeddable":true,"href":"https:\/\/happyhaus.fr\/de\/wp-json\/wp\/v2\/product_tag?post=91109"}],"curies":[{"name":"wp","href":"https:\/\/api.w.org\/{rel}","templated":true}]}}