{"id":91006,"date":"2024-03-30T19:00:51","date_gmt":"2024-03-30T16:42:53","guid":{"rendered":"https:\/\/happyhaus.fr\/?post_type=product&#038;p=91006"},"modified":"2025-07-25T12:19:39","modified_gmt":"2025-07-25T10:19:39","slug":"la-jupe-freedom-upcycling","status":"publish","type":"product","link":"https:\/\/happyhaus.fr\/de\/produkt\/la-jupe-freedom-upcycling\/","title":{"rendered":"LA MINI FREEDOM"},"content":{"rendered":"<ul>\n<li class=\"p1\">Ausgestellter Schnitt<\/li>\n<li class=\"p1\">Kupferne Kn\u00f6pfe auf der Vorderseite<\/li>\n<li class=\"p1\">Stickerei im G\u00fcrtel<\/li>\n<li class=\"p1\">4 Taschen in Blumenform<\/li>\n<li class=\"p1\">100% Denim upcycl\u00e9Herkunft des Stoffes: Sie!<br \/>\nHergestellt in Tunesien<\/li>\n<\/ul>\n","protected":false},"excerpt":{"rendered":"<p>UPCYCLED DENIM<\/p>\n<p>HAPPY HAUS RECYCELT DEINE JEANS. Der MINI FREEDOM Rock aus upgecyceltem Denim wird aus Ihrem Denim hergestellt, den wir f\u00fcr Sie recyceln. F\u00fcr einen Rock brauchen Sie zwei alte Jeanshosen, die Sie nicht mehr tragen, deren Stoff Sie aber lieben und wieder zum Leben erwecken wollen.<\/p>\n<p>Um Ihre Mini-Freiheit&#8221; aus Ihrem eigenen Denim anzufertigen, ist der Vorgang ganz einfach: Sie geben Ihre Bestellung auf, schicken uns Ihre beiden alten Jeans an die HAPPY HAUS-Adresse, und wir schicken sie in unsere Werkstatt, wo wir Ihre Mini-Freiheit&#8221; exklusiv f\u00fcr Sie anfertigen. Da der Upcycling-Denim-Mini &#8220;Freedom&#8221; auf Bestellung f\u00fcr Sie angefertigt wird, rechnen Sie bitte mit einer Lieferzeit von sechs bis acht Wochen.<\/p>\n<p>Wenn Sie Fragen haben, z\u00f6gern Sie nicht, uns zu kontaktieren: sandy@happyhaus.fr<\/p>\n","protected":false},"featured_media":97518,"comment_status":"closed","ping_status":"closed","template":"","meta":{"_acf_changed":false},"product_cat":[312,231,328,515],"product_tag":[335],"acf":[],"yoast_head":"<!-- This site is optimized with the Yoast SEO plugin v22.6 - https:\/\/yoast.com\/wordpress\/plugins\/seo\/ -->\n<title>LA MINI FREEDOM -<\/title>\n<meta name=\"robots\" content=\"index, follow, max-snippet:-1, max-image-preview:large, max-video-preview:-1\" \/>\n<link rel=\"canonical\" href=\"https:\/\/happyhaus.fr\/de\/produkt\/la-jupe-freedom-upcycling\/\" \/>\n<meta property=\"og:locale\" content=\"de_DE\" \/>\n<meta property=\"og:type\" content=\"article\" \/>\n<meta property=\"og:title\" content=\"LA MINI FREEDOM -\" \/>\n<meta property=\"og:description\" content=\"UPCYCLED DENIM  HAPPY HAUS RECYCELT DEINE JEANS. Der MINI FREEDOM Rock aus upgecyceltem Denim wird aus Ihrem Denim hergestellt, den wir f\u00fcr Sie recyceln. F\u00fcr einen Rock brauchen Sie zwei alte Jeanshosen, die Sie nicht mehr tragen, deren Stoff Sie aber lieben und wieder zum Leben erwecken wollen.  Um Ihre Mini-Freiheit&quot; aus Ihrem eigenen Denim anzufertigen, ist der Vorgang ganz einfach: Sie geben Ihre Bestellung auf, schicken uns Ihre beiden alten Jeans an die HAPPY HAUS-Adresse, und wir schicken sie in unsere Werkstatt, wo wir Ihre Mini-Freiheit&quot; exklusiv f\u00fcr Sie anfertigen. Da der Upcycling-Denim-Mini &quot;Freedom&quot; auf Bestellung f\u00fcr Sie angefertigt wird, rechnen Sie bitte mit einer Lieferzeit von sechs bis acht Wochen.  Wenn Sie Fragen haben, z\u00f6gern Sie nicht, uns zu kontaktieren: sandy@happyhaus.fr\" \/>\n<meta property=\"og:url\" content=\"https:\/\/happyhaus.fr\/de\/produkt\/la-jupe-freedom-upcycling\/\" \/>\n<meta property=\"article:modified_time\" content=\"2025-07-25T10:19:39+00:00\" \/>\n<meta property=\"og:image\" content=\"https:\/\/happyhaus.fr\/wp-content\/uploads\/2024\/03\/Z1-2.jpg\" \/>\n\t<meta property=\"og:image:width\" content=\"1707\" \/>\n\t<meta property=\"og:image:height\" content=\"2560\" \/>\n\t<meta property=\"og:image:type\" content=\"image\/jpeg\" \/>\n<meta name=\"twitter:card\" content=\"summary_large_image\" \/>\n<meta name=\"twitter:label1\" content=\"Gesch\u00e4tzte Lesezeit\" \/>\n\t<meta name=\"twitter:data1\" content=\"1\u00a0Minute\" \/>\n<script type=\"application\/ld+json\" class=\"yoast-schema-graph\">{\"@context\":\"https:\/\/schema.org\",\"@graph\":[{\"@type\":\"WebPage\",\"@id\":\"https:\/\/happyhaus.fr\/de\/produkt\/la-jupe-freedom-upcycling\/\",\"url\":\"https:\/\/happyhaus.fr\/de\/produkt\/la-jupe-freedom-upcycling\/\",\"name\":\"LA MINI FREEDOM -\",\"isPartOf\":{\"@id\":\"https:\/\/happyhaus.fr\/#website\"},\"primaryImageOfPage\":{\"@id\":\"https:\/\/happyhaus.fr\/de\/produkt\/la-jupe-freedom-upcycling\/#primaryimage\"},\"image\":{\"@id\":\"https:\/\/happyhaus.fr\/de\/produkt\/la-jupe-freedom-upcycling\/#primaryimage\"},\"thumbnailUrl\":\"https:\/\/happyhaus.fr\/wp-content\/uploads\/2024\/03\/Z1-2.jpg\",\"datePublished\":\"2024-03-30T16:42:53+00:00\",\"dateModified\":\"2025-07-25T10:19:39+00:00\",\"breadcrumb\":{\"@id\":\"https:\/\/happyhaus.fr\/de\/produkt\/la-jupe-freedom-upcycling\/#breadcrumb\"},\"inLanguage\":\"de\",\"potentialAction\":[{\"@type\":\"ReadAction\",\"target\":[\"https:\/\/happyhaus.fr\/de\/produkt\/la-jupe-freedom-upcycling\/\"]}]},{\"@type\":\"ImageObject\",\"inLanguage\":\"de\",\"@id\":\"https:\/\/happyhaus.fr\/de\/produkt\/la-jupe-freedom-upcycling\/#primaryimage\",\"url\":\"https:\/\/happyhaus.fr\/wp-content\/uploads\/2024\/03\/Z1-2.jpg\",\"contentUrl\":\"https:\/\/happyhaus.fr\/wp-content\/uploads\/2024\/03\/Z1-2.jpg\",\"width\":1707,\"height\":2560},{\"@type\":\"BreadcrumbList\",\"@id\":\"https:\/\/happyhaus.fr\/de\/produkt\/la-jupe-freedom-upcycling\/#breadcrumb\",\"itemListElement\":[{\"@type\":\"ListItem\",\"position\":1,\"name\":\"Accueil\",\"item\":\"https:\/\/happyhaus.fr\/de\/\"},{\"@type\":\"ListItem\",\"position\":2,\"name\":\"Priv\u00e9\u00a0: Shop\",\"item\":\"https:\/\/happyhaus.fr\/?page_id=4438\"},{\"@type\":\"ListItem\",\"position\":3,\"name\":\"LA MINI FREEDOM\"}]},{\"@type\":\"WebSite\",\"@id\":\"https:\/\/happyhaus.fr\/#website\",\"url\":\"https:\/\/happyhaus.fr\/\",\"name\":\"\",\"description\":\"\",\"potentialAction\":[{\"@type\":\"SearchAction\",\"target\":{\"@type\":\"EntryPoint\",\"urlTemplate\":\"https:\/\/happyhaus.fr\/?s={search_term_string}\"},\"query-input\":\"required name=search_term_string\"}],\"inLanguage\":\"de\"}]}<\/script>\n<!-- \/ Yoast SEO plugin. -->","yoast_head_json":{"title":"LA MINI FREEDOM -","robots":{"index":"index","follow":"follow","max-snippet":"max-snippet:-1","max-image-preview":"max-image-preview:large","max-video-preview":"max-video-preview:-1"},"canonical":"https:\/\/happyhaus.fr\/de\/produkt\/la-jupe-freedom-upcycling\/","og_locale":"de_DE","og_type":"article","og_title":"LA MINI FREEDOM -","og_description":"UPCYCLED DENIM  HAPPY HAUS RECYCELT DEINE JEANS. Der MINI FREEDOM Rock aus upgecyceltem Denim wird aus Ihrem Denim hergestellt, den wir f\u00fcr Sie recyceln. F\u00fcr einen Rock brauchen Sie zwei alte Jeanshosen, die Sie nicht mehr tragen, deren Stoff Sie aber lieben und wieder zum Leben erwecken wollen.  Um Ihre Mini-Freiheit\" aus Ihrem eigenen Denim anzufertigen, ist der Vorgang ganz einfach: Sie geben Ihre Bestellung auf, schicken uns Ihre beiden alten Jeans an die HAPPY HAUS-Adresse, und wir schicken sie in unsere Werkstatt, wo wir Ihre Mini-Freiheit\" exklusiv f\u00fcr Sie anfertigen. Da der Upcycling-Denim-Mini \"Freedom\" auf Bestellung f\u00fcr Sie angefertigt wird, rechnen Sie bitte mit einer Lieferzeit von sechs bis acht Wochen.  Wenn Sie Fragen haben, z\u00f6gern Sie nicht, uns zu kontaktieren: sandy@happyhaus.fr","og_url":"https:\/\/happyhaus.fr\/de\/produkt\/la-jupe-freedom-upcycling\/","article_modified_time":"2025-07-25T10:19:39+00:00","og_image":[{"width":1707,"height":2560,"url":"https:\/\/happyhaus.fr\/wp-content\/uploads\/2024\/03\/Z1-2.jpg","type":"image\/jpeg"}],"twitter_card":"summary_large_image","twitter_misc":{"Gesch\u00e4tzte Lesezeit":"1\u00a0Minute"},"schema":{"@context":"https:\/\/schema.org","@graph":[{"@type":"WebPage","@id":"https:\/\/happyhaus.fr\/de\/produkt\/la-jupe-freedom-upcycling\/","url":"https:\/\/happyhaus.fr\/de\/produkt\/la-jupe-freedom-upcycling\/","name":"LA MINI FREEDOM -","isPartOf":{"@id":"https:\/\/happyhaus.fr\/#website"},"primaryImageOfPage":{"@id":"https:\/\/happyhaus.fr\/de\/produkt\/la-jupe-freedom-upcycling\/#primaryimage"},"image":{"@id":"https:\/\/happyhaus.fr\/de\/produkt\/la-jupe-freedom-upcycling\/#primaryimage"},"thumbnailUrl":"https:\/\/happyhaus.fr\/wp-content\/uploads\/2024\/03\/Z1-2.jpg","datePublished":"2024-03-30T16:42:53+00:00","dateModified":"2025-07-25T10:19:39+00:00","breadcrumb":{"@id":"https:\/\/happyhaus.fr\/de\/produkt\/la-jupe-freedom-upcycling\/#breadcrumb"},"inLanguage":"de","potentialAction":[{"@type":"ReadAction","target":["https:\/\/happyhaus.fr\/de\/produkt\/la-jupe-freedom-upcycling\/"]}]},{"@type":"ImageObject","inLanguage":"de","@id":"https:\/\/happyhaus.fr\/de\/produkt\/la-jupe-freedom-upcycling\/#primaryimage","url":"https:\/\/happyhaus.fr\/wp-content\/uploads\/2024\/03\/Z1-2.jpg","contentUrl":"https:\/\/happyhaus.fr\/wp-content\/uploads\/2024\/03\/Z1-2.jpg","width":1707,"height":2560},{"@type":"BreadcrumbList","@id":"https:\/\/happyhaus.fr\/de\/produkt\/la-jupe-freedom-upcycling\/#breadcrumb","itemListElement":[{"@type":"ListItem","position":1,"name":"Accueil","item":"https:\/\/happyhaus.fr\/de\/"},{"@type":"ListItem","position":2,"name":"Priv\u00e9\u00a0: Shop","item":"https:\/\/happyhaus.fr\/?page_id=4438"},{"@type":"ListItem","position":3,"name":"LA MINI FREEDOM"}]},{"@type":"WebSite","@id":"https:\/\/happyhaus.fr\/#website","url":"https:\/\/happyhaus.fr\/","name":"","description":"","potentialAction":[{"@type":"SearchAction","target":{"@type":"EntryPoint","urlTemplate":"https:\/\/happyhaus.fr\/?s={search_term_string}"},"query-input":"required name=search_term_string"}],"inLanguage":"de"}]}},"_links":{"self":[{"href":"https:\/\/happyhaus.fr\/de\/wp-json\/wp\/v2\/product\/91006"}],"collection":[{"href":"https:\/\/happyhaus.fr\/de\/wp-json\/wp\/v2\/product"}],"about":[{"href":"https:\/\/happyhaus.fr\/de\/wp-json\/wp\/v2\/types\/product"}],"replies":[{"embeddable":true,"href":"https:\/\/happyhaus.fr\/de\/wp-json\/wp\/v2\/comments?post=91006"}],"wp:featuredmedia":[{"embeddable":true,"href":"https:\/\/happyhaus.fr\/de\/wp-json\/wp\/v2\/media\/97518"}],"wp:attachment":[{"href":"https:\/\/happyhaus.fr\/de\/wp-json\/wp\/v2\/media?parent=91006"}],"wp:term":[{"taxonomy":"product_cat","embeddable":true,"href":"https:\/\/happyhaus.fr\/de\/wp-json\/wp\/v2\/product_cat?post=91006"},{"taxonomy":"product_tag","embeddable":true,"href":"https:\/\/happyhaus.fr\/de\/wp-json\/wp\/v2\/product_tag?post=91006"}],"curies":[{"name":"wp","href":"https:\/\/api.w.org\/{rel}","templated":true}]}}