{"id":90950,"date":"2024-05-30T19:13:00","date_gmt":"2024-03-29T16:48:02","guid":{"rendered":"https:\/\/happyhaus.fr\/?post_type=product&#038;p=90950"},"modified":"2025-07-25T10:56:42","modified_gmt":"2025-07-25T08:56:42","slug":"la-jupe-freedom-10-years","status":"publish","type":"product","link":"https:\/\/happyhaus.fr\/de\/produkt\/la-jupe-freedom-10-years\/","title":{"rendered":"LA JUPE FREEDOM"},"content":{"rendered":"<ul>\n<li class=\"p1\">Ausgestellter Schnitt<\/li>\n<li class=\"p1\">4 Taschen<\/li>\n<li class=\"p1\">Ges\u00e4\u00dftasche in Blumenform<\/li>\n<li class=\"p1\">20% recycelte Baumwolle 80% Baumwolle<\/li>\n<\/ul>\n<p class=\"p1\">Herkunft des Stoffes: Italien<br \/>\nHergestellt in Tunesien<\/p>\n","protected":false},"excerpt":{"rendered":"<p>Unser\u00a0 FREEDOM Rock ist ein hippie-inspiriertes Modell mit h\u00fcbschen Details wie vier aufgesetzten Taschen in Blumenform, einer Vintage-Waschung und h\u00fcbschen bronzefarbenen Kn\u00f6pfen auf der gesamten Vorderseite. Sie l\u00e4sst sich sowohl im Sommer mit einem kleinen Top als auch im Winter mit einem sch\u00f6nen Pullover tragen !<\/p>\n<p>Sandy, die Gr\u00fcnderin von HAPPY HAUS tr\u00e4gt eine Gr\u00f6sse 36 und misst 170 cm<\/p>\n","protected":false},"featured_media":97500,"comment_status":"closed","ping_status":"closed","template":"","meta":{"_acf_changed":false},"product_cat":[312,231,328,512],"product_tag":[335],"acf":[],"yoast_head":"<!-- This site is optimized with the Yoast SEO plugin v22.6 - https:\/\/yoast.com\/wordpress\/plugins\/seo\/ -->\n<title>LA JUPE FREEDOM -<\/title>\n<meta name=\"robots\" content=\"index, follow, max-snippet:-1, max-image-preview:large, max-video-preview:-1\" \/>\n<link rel=\"canonical\" href=\"https:\/\/happyhaus.fr\/de\/produkt\/la-jupe-freedom-10-years\/\" \/>\n<meta property=\"og:locale\" content=\"de_DE\" \/>\n<meta property=\"og:type\" content=\"article\" \/>\n<meta property=\"og:title\" content=\"LA JUPE FREEDOM -\" \/>\n<meta property=\"og:description\" content=\"Unser\u00a0 FREEDOM Rock ist ein hippie-inspiriertes Modell mit h\u00fcbschen Details wie vier aufgesetzten Taschen in Blumenform, einer Vintage-Waschung und h\u00fcbschen bronzefarbenen Kn\u00f6pfen auf der gesamten Vorderseite. Sie l\u00e4sst sich sowohl im Sommer mit einem kleinen Top als auch im Winter mit einem sch\u00f6nen Pullover tragen !  Sandy, die Gr\u00fcnderin von HAPPY HAUS tr\u00e4gt eine Gr\u00f6sse 36 und misst 170 cm\" \/>\n<meta property=\"og:url\" content=\"https:\/\/happyhaus.fr\/de\/produkt\/la-jupe-freedom-10-years\/\" \/>\n<meta property=\"article:modified_time\" content=\"2025-07-25T08:56:42+00:00\" \/>\n<meta property=\"og:image\" content=\"https:\/\/happyhaus.fr\/wp-content\/uploads\/2024\/03\/HAPPY-HAUS-MARS-2024-4639-scaled.jpg\" \/>\n\t<meta property=\"og:image:width\" content=\"1708\" \/>\n\t<meta property=\"og:image:height\" content=\"2560\" \/>\n\t<meta property=\"og:image:type\" content=\"image\/jpeg\" \/>\n<meta name=\"twitter:card\" content=\"summary_large_image\" \/>\n<meta name=\"twitter:label1\" content=\"Gesch\u00e4tzte Lesezeit\" \/>\n\t<meta name=\"twitter:data1\" content=\"1\u00a0Minute\" \/>\n<script type=\"application\/ld+json\" class=\"yoast-schema-graph\">{\"@context\":\"https:\/\/schema.org\",\"@graph\":[{\"@type\":\"WebPage\",\"@id\":\"https:\/\/happyhaus.fr\/de\/produkt\/la-jupe-freedom-10-years\/\",\"url\":\"https:\/\/happyhaus.fr\/de\/produkt\/la-jupe-freedom-10-years\/\",\"name\":\"LA JUPE FREEDOM -\",\"isPartOf\":{\"@id\":\"https:\/\/happyhaus.fr\/#website\"},\"primaryImageOfPage\":{\"@id\":\"https:\/\/happyhaus.fr\/de\/produkt\/la-jupe-freedom-10-years\/#primaryimage\"},\"image\":{\"@id\":\"https:\/\/happyhaus.fr\/de\/produkt\/la-jupe-freedom-10-years\/#primaryimage\"},\"thumbnailUrl\":\"https:\/\/happyhaus.fr\/wp-content\/uploads\/2024\/05\/Z1-2.jpg\",\"datePublished\":\"2024-03-29T16:48:02+00:00\",\"dateModified\":\"2025-07-25T08:56:42+00:00\",\"breadcrumb\":{\"@id\":\"https:\/\/happyhaus.fr\/de\/produkt\/la-jupe-freedom-10-years\/#breadcrumb\"},\"inLanguage\":\"de\",\"potentialAction\":[{\"@type\":\"ReadAction\",\"target\":[\"https:\/\/happyhaus.fr\/de\/produkt\/la-jupe-freedom-10-years\/\"]}]},{\"@type\":\"ImageObject\",\"inLanguage\":\"de\",\"@id\":\"https:\/\/happyhaus.fr\/de\/produkt\/la-jupe-freedom-10-years\/#primaryimage\",\"url\":\"https:\/\/happyhaus.fr\/wp-content\/uploads\/2024\/05\/Z1-2.jpg\",\"contentUrl\":\"https:\/\/happyhaus.fr\/wp-content\/uploads\/2024\/05\/Z1-2.jpg\",\"width\":1707,\"height\":2560},{\"@type\":\"BreadcrumbList\",\"@id\":\"https:\/\/happyhaus.fr\/de\/produkt\/la-jupe-freedom-10-years\/#breadcrumb\",\"itemListElement\":[{\"@type\":\"ListItem\",\"position\":1,\"name\":\"Accueil\",\"item\":\"https:\/\/happyhaus.fr\/de\/\"},{\"@type\":\"ListItem\",\"position\":2,\"name\":\"Priv\u00e9\u00a0: Shop\",\"item\":\"https:\/\/happyhaus.fr\/?page_id=4438\"},{\"@type\":\"ListItem\",\"position\":3,\"name\":\"LA JUPE FREEDOM\"}]},{\"@type\":\"WebSite\",\"@id\":\"https:\/\/happyhaus.fr\/#website\",\"url\":\"https:\/\/happyhaus.fr\/\",\"name\":\"\",\"description\":\"\",\"potentialAction\":[{\"@type\":\"SearchAction\",\"target\":{\"@type\":\"EntryPoint\",\"urlTemplate\":\"https:\/\/happyhaus.fr\/?s={search_term_string}\"},\"query-input\":\"required name=search_term_string\"}],\"inLanguage\":\"de\"}]}<\/script>\n<!-- \/ Yoast SEO plugin. -->","yoast_head_json":{"title":"LA JUPE FREEDOM -","robots":{"index":"index","follow":"follow","max-snippet":"max-snippet:-1","max-image-preview":"max-image-preview:large","max-video-preview":"max-video-preview:-1"},"canonical":"https:\/\/happyhaus.fr\/de\/produkt\/la-jupe-freedom-10-years\/","og_locale":"de_DE","og_type":"article","og_title":"LA JUPE FREEDOM -","og_description":"Unser\u00a0 FREEDOM Rock ist ein hippie-inspiriertes Modell mit h\u00fcbschen Details wie vier aufgesetzten Taschen in Blumenform, einer Vintage-Waschung und h\u00fcbschen bronzefarbenen Kn\u00f6pfen auf der gesamten Vorderseite. Sie l\u00e4sst sich sowohl im Sommer mit einem kleinen Top als auch im Winter mit einem sch\u00f6nen Pullover tragen !  Sandy, die Gr\u00fcnderin von HAPPY HAUS tr\u00e4gt eine Gr\u00f6sse 36 und misst 170 cm","og_url":"https:\/\/happyhaus.fr\/de\/produkt\/la-jupe-freedom-10-years\/","article_modified_time":"2025-07-25T08:56:42+00:00","og_image":[{"width":1708,"height":2560,"url":"https:\/\/happyhaus.fr\/wp-content\/uploads\/2024\/03\/HAPPY-HAUS-MARS-2024-4639-scaled.jpg","type":"image\/jpeg"}],"twitter_card":"summary_large_image","twitter_misc":{"Gesch\u00e4tzte Lesezeit":"1\u00a0Minute"},"schema":{"@context":"https:\/\/schema.org","@graph":[{"@type":"WebPage","@id":"https:\/\/happyhaus.fr\/de\/produkt\/la-jupe-freedom-10-years\/","url":"https:\/\/happyhaus.fr\/de\/produkt\/la-jupe-freedom-10-years\/","name":"LA JUPE FREEDOM -","isPartOf":{"@id":"https:\/\/happyhaus.fr\/#website"},"primaryImageOfPage":{"@id":"https:\/\/happyhaus.fr\/de\/produkt\/la-jupe-freedom-10-years\/#primaryimage"},"image":{"@id":"https:\/\/happyhaus.fr\/de\/produkt\/la-jupe-freedom-10-years\/#primaryimage"},"thumbnailUrl":"https:\/\/happyhaus.fr\/wp-content\/uploads\/2024\/05\/Z1-2.jpg","datePublished":"2024-03-29T16:48:02+00:00","dateModified":"2025-07-25T08:56:42+00:00","breadcrumb":{"@id":"https:\/\/happyhaus.fr\/de\/produkt\/la-jupe-freedom-10-years\/#breadcrumb"},"inLanguage":"de","potentialAction":[{"@type":"ReadAction","target":["https:\/\/happyhaus.fr\/de\/produkt\/la-jupe-freedom-10-years\/"]}]},{"@type":"ImageObject","inLanguage":"de","@id":"https:\/\/happyhaus.fr\/de\/produkt\/la-jupe-freedom-10-years\/#primaryimage","url":"https:\/\/happyhaus.fr\/wp-content\/uploads\/2024\/05\/Z1-2.jpg","contentUrl":"https:\/\/happyhaus.fr\/wp-content\/uploads\/2024\/05\/Z1-2.jpg","width":1707,"height":2560},{"@type":"BreadcrumbList","@id":"https:\/\/happyhaus.fr\/de\/produkt\/la-jupe-freedom-10-years\/#breadcrumb","itemListElement":[{"@type":"ListItem","position":1,"name":"Accueil","item":"https:\/\/happyhaus.fr\/de\/"},{"@type":"ListItem","position":2,"name":"Priv\u00e9\u00a0: Shop","item":"https:\/\/happyhaus.fr\/?page_id=4438"},{"@type":"ListItem","position":3,"name":"LA JUPE FREEDOM"}]},{"@type":"WebSite","@id":"https:\/\/happyhaus.fr\/#website","url":"https:\/\/happyhaus.fr\/","name":"","description":"","potentialAction":[{"@type":"SearchAction","target":{"@type":"EntryPoint","urlTemplate":"https:\/\/happyhaus.fr\/?s={search_term_string}"},"query-input":"required name=search_term_string"}],"inLanguage":"de"}]}},"_links":{"self":[{"href":"https:\/\/happyhaus.fr\/de\/wp-json\/wp\/v2\/product\/90950"}],"collection":[{"href":"https:\/\/happyhaus.fr\/de\/wp-json\/wp\/v2\/product"}],"about":[{"href":"https:\/\/happyhaus.fr\/de\/wp-json\/wp\/v2\/types\/product"}],"replies":[{"embeddable":true,"href":"https:\/\/happyhaus.fr\/de\/wp-json\/wp\/v2\/comments?post=90950"}],"wp:featuredmedia":[{"embeddable":true,"href":"https:\/\/happyhaus.fr\/de\/wp-json\/wp\/v2\/media\/97500"}],"wp:attachment":[{"href":"https:\/\/happyhaus.fr\/de\/wp-json\/wp\/v2\/media?parent=90950"}],"wp:term":[{"taxonomy":"product_cat","embeddable":true,"href":"https:\/\/happyhaus.fr\/de\/wp-json\/wp\/v2\/product_cat?post=90950"},{"taxonomy":"product_tag","embeddable":true,"href":"https:\/\/happyhaus.fr\/de\/wp-json\/wp\/v2\/product_tag?post=90950"}],"curies":[{"name":"wp","href":"https:\/\/api.w.org\/{rel}","templated":true}]}}