{"id":90784,"date":"2024-03-29T17:14:50","date_gmt":"2024-03-29T16:14:54","guid":{"rendered":"https:\/\/happyhaus.fr\/?post_type=product&#038;p=90784"},"modified":"2024-03-29T17:35:55","modified_gmt":"2024-03-29T16:35:55","slug":"le-pantalon-oversize-copie","status":"publish","type":"product","link":"https:\/\/happyhaus.fr\/de\/produkt\/le-pantalon-oversize-copie\/","title":{"rendered":"Le Bermuda OVERSIZE"},"content":{"rendered":"<ul>\n<li>Volumin\u00f6ser, ausgestellter Schnitt<\/li>\n<li>5 Taschen.<\/li>\n<li>Mit einer Kordel<\/li>\n<li>Auf der Ges\u00e4\u00dftasche ist der Pfau von Happy Haus aufgestickt.<\/li>\n<li>100 % Baumwolle<\/li>\n<\/ul>\n<p>Herkunft des Stoffes: Italien<br \/>\nHergestellt in Tunesien<\/p>\n","protected":false},"excerpt":{"rendered":"<p>Die OVERSIZE Bermuda ist direkt von unserem Spitzenmodell, der OVERSIZE Hose, inspiriert.<\/p>\n<p>Sie ist aus Baumwolle gefertigt, hat einen ausgestellten Schnitt, eine gleichm\u00e4\u00dfige L\u00e4nge, einen Holzknopf zum Schlie\u00dfen der Vorderseite und f\u00fcnf Taschen. Tragen Sie sie, wie Sie wollen: hochgeschnitten oder eine Nummer gr\u00f6\u00dfer als Ihre normale Gr\u00f6\u00dfe!<\/p>\n","protected":false},"featured_media":96952,"comment_status":"closed","ping_status":"closed","template":"","meta":{"_acf_changed":false},"product_cat":[312,231,235,512],"product_tag":[335],"acf":[],"yoast_head":"<!-- This site is optimized with the Yoast SEO plugin v22.6 - https:\/\/yoast.com\/wordpress\/plugins\/seo\/ -->\n<title>Le Bermuda OVERSIZE -<\/title>\n<meta name=\"robots\" content=\"index, follow, max-snippet:-1, max-image-preview:large, max-video-preview:-1\" \/>\n<link rel=\"canonical\" href=\"https:\/\/happyhaus.fr\/de\/produkt\/le-pantalon-oversize-copie\/\" \/>\n<meta property=\"og:locale\" content=\"de_DE\" \/>\n<meta property=\"og:type\" content=\"article\" \/>\n<meta property=\"og:title\" content=\"Le Bermuda OVERSIZE -\" \/>\n<meta property=\"og:description\" content=\"Die OVERSIZE Bermuda ist direkt von unserem Spitzenmodell, der OVERSIZE Hose, inspiriert.  Sie ist aus Baumwolle gefertigt, hat einen ausgestellten Schnitt, eine gleichm\u00e4\u00dfige L\u00e4nge, einen Holzknopf zum Schlie\u00dfen der Vorderseite und f\u00fcnf Taschen. Tragen Sie sie, wie Sie wollen: hochgeschnitten oder eine Nummer gr\u00f6\u00dfer als Ihre normale Gr\u00f6\u00dfe!\" \/>\n<meta property=\"og:url\" content=\"https:\/\/happyhaus.fr\/de\/produkt\/le-pantalon-oversize-copie\/\" \/>\n<meta property=\"article:modified_time\" content=\"2024-03-29T16:35:55+00:00\" \/>\n<meta property=\"og:image\" content=\"https:\/\/happyhaus.fr\/wp-content\/uploads\/2024\/03\/Z16.jpg\" \/>\n\t<meta property=\"og:image:width\" content=\"1707\" \/>\n\t<meta property=\"og:image:height\" content=\"2560\" \/>\n\t<meta property=\"og:image:type\" content=\"image\/jpeg\" \/>\n<meta name=\"twitter:card\" content=\"summary_large_image\" \/>\n<meta name=\"twitter:label1\" content=\"Gesch\u00e4tzte Lesezeit\" \/>\n\t<meta name=\"twitter:data1\" content=\"1\u00a0Minute\" \/>\n<script type=\"application\/ld+json\" class=\"yoast-schema-graph\">{\"@context\":\"https:\/\/schema.org\",\"@graph\":[{\"@type\":\"WebPage\",\"@id\":\"https:\/\/happyhaus.fr\/de\/produkt\/le-pantalon-oversize-copie\/\",\"url\":\"https:\/\/happyhaus.fr\/de\/produkt\/le-pantalon-oversize-copie\/\",\"name\":\"Le Bermuda OVERSIZE -\",\"isPartOf\":{\"@id\":\"https:\/\/happyhaus.fr\/#website\"},\"primaryImageOfPage\":{\"@id\":\"https:\/\/happyhaus.fr\/de\/produkt\/le-pantalon-oversize-copie\/#primaryimage\"},\"image\":{\"@id\":\"https:\/\/happyhaus.fr\/de\/produkt\/le-pantalon-oversize-copie\/#primaryimage\"},\"thumbnailUrl\":\"https:\/\/happyhaus.fr\/wp-content\/uploads\/2024\/03\/Z1.jpg\",\"datePublished\":\"2024-03-29T16:14:54+00:00\",\"dateModified\":\"2024-03-29T16:35:55+00:00\",\"breadcrumb\":{\"@id\":\"https:\/\/happyhaus.fr\/de\/produkt\/le-pantalon-oversize-copie\/#breadcrumb\"},\"inLanguage\":\"de\",\"potentialAction\":[{\"@type\":\"ReadAction\",\"target\":[\"https:\/\/happyhaus.fr\/de\/produkt\/le-pantalon-oversize-copie\/\"]}]},{\"@type\":\"ImageObject\",\"inLanguage\":\"de\",\"@id\":\"https:\/\/happyhaus.fr\/de\/produkt\/le-pantalon-oversize-copie\/#primaryimage\",\"url\":\"https:\/\/happyhaus.fr\/wp-content\/uploads\/2024\/03\/Z1.jpg\",\"contentUrl\":\"https:\/\/happyhaus.fr\/wp-content\/uploads\/2024\/03\/Z1.jpg\",\"width\":1707,\"height\":2560},{\"@type\":\"BreadcrumbList\",\"@id\":\"https:\/\/happyhaus.fr\/de\/produkt\/le-pantalon-oversize-copie\/#breadcrumb\",\"itemListElement\":[{\"@type\":\"ListItem\",\"position\":1,\"name\":\"Accueil\",\"item\":\"https:\/\/happyhaus.fr\/de\/\"},{\"@type\":\"ListItem\",\"position\":2,\"name\":\"Priv\u00e9\u00a0: Shop\",\"item\":\"https:\/\/happyhaus.fr\/?page_id=4438\"},{\"@type\":\"ListItem\",\"position\":3,\"name\":\"Le Bermuda OVERSIZE\"}]},{\"@type\":\"WebSite\",\"@id\":\"https:\/\/happyhaus.fr\/#website\",\"url\":\"https:\/\/happyhaus.fr\/\",\"name\":\"\",\"description\":\"\",\"potentialAction\":[{\"@type\":\"SearchAction\",\"target\":{\"@type\":\"EntryPoint\",\"urlTemplate\":\"https:\/\/happyhaus.fr\/?s={search_term_string}\"},\"query-input\":\"required name=search_term_string\"}],\"inLanguage\":\"de\"}]}<\/script>\n<!-- \/ Yoast SEO plugin. -->","yoast_head_json":{"title":"Le Bermuda OVERSIZE -","robots":{"index":"index","follow":"follow","max-snippet":"max-snippet:-1","max-image-preview":"max-image-preview:large","max-video-preview":"max-video-preview:-1"},"canonical":"https:\/\/happyhaus.fr\/de\/produkt\/le-pantalon-oversize-copie\/","og_locale":"de_DE","og_type":"article","og_title":"Le Bermuda OVERSIZE -","og_description":"Die OVERSIZE Bermuda ist direkt von unserem Spitzenmodell, der OVERSIZE Hose, inspiriert.  Sie ist aus Baumwolle gefertigt, hat einen ausgestellten Schnitt, eine gleichm\u00e4\u00dfige L\u00e4nge, einen Holzknopf zum Schlie\u00dfen der Vorderseite und f\u00fcnf Taschen. Tragen Sie sie, wie Sie wollen: hochgeschnitten oder eine Nummer gr\u00f6\u00dfer als Ihre normale Gr\u00f6\u00dfe!","og_url":"https:\/\/happyhaus.fr\/de\/produkt\/le-pantalon-oversize-copie\/","article_modified_time":"2024-03-29T16:35:55+00:00","og_image":[{"width":1707,"height":2560,"url":"https:\/\/happyhaus.fr\/wp-content\/uploads\/2024\/03\/Z16.jpg","type":"image\/jpeg"}],"twitter_card":"summary_large_image","twitter_misc":{"Gesch\u00e4tzte Lesezeit":"1\u00a0Minute"},"schema":{"@context":"https:\/\/schema.org","@graph":[{"@type":"WebPage","@id":"https:\/\/happyhaus.fr\/de\/produkt\/le-pantalon-oversize-copie\/","url":"https:\/\/happyhaus.fr\/de\/produkt\/le-pantalon-oversize-copie\/","name":"Le Bermuda OVERSIZE -","isPartOf":{"@id":"https:\/\/happyhaus.fr\/#website"},"primaryImageOfPage":{"@id":"https:\/\/happyhaus.fr\/de\/produkt\/le-pantalon-oversize-copie\/#primaryimage"},"image":{"@id":"https:\/\/happyhaus.fr\/de\/produkt\/le-pantalon-oversize-copie\/#primaryimage"},"thumbnailUrl":"https:\/\/happyhaus.fr\/wp-content\/uploads\/2024\/03\/Z1.jpg","datePublished":"2024-03-29T16:14:54+00:00","dateModified":"2024-03-29T16:35:55+00:00","breadcrumb":{"@id":"https:\/\/happyhaus.fr\/de\/produkt\/le-pantalon-oversize-copie\/#breadcrumb"},"inLanguage":"de","potentialAction":[{"@type":"ReadAction","target":["https:\/\/happyhaus.fr\/de\/produkt\/le-pantalon-oversize-copie\/"]}]},{"@type":"ImageObject","inLanguage":"de","@id":"https:\/\/happyhaus.fr\/de\/produkt\/le-pantalon-oversize-copie\/#primaryimage","url":"https:\/\/happyhaus.fr\/wp-content\/uploads\/2024\/03\/Z1.jpg","contentUrl":"https:\/\/happyhaus.fr\/wp-content\/uploads\/2024\/03\/Z1.jpg","width":1707,"height":2560},{"@type":"BreadcrumbList","@id":"https:\/\/happyhaus.fr\/de\/produkt\/le-pantalon-oversize-copie\/#breadcrumb","itemListElement":[{"@type":"ListItem","position":1,"name":"Accueil","item":"https:\/\/happyhaus.fr\/de\/"},{"@type":"ListItem","position":2,"name":"Priv\u00e9\u00a0: Shop","item":"https:\/\/happyhaus.fr\/?page_id=4438"},{"@type":"ListItem","position":3,"name":"Le Bermuda OVERSIZE"}]},{"@type":"WebSite","@id":"https:\/\/happyhaus.fr\/#website","url":"https:\/\/happyhaus.fr\/","name":"","description":"","potentialAction":[{"@type":"SearchAction","target":{"@type":"EntryPoint","urlTemplate":"https:\/\/happyhaus.fr\/?s={search_term_string}"},"query-input":"required name=search_term_string"}],"inLanguage":"de"}]}},"_links":{"self":[{"href":"https:\/\/happyhaus.fr\/de\/wp-json\/wp\/v2\/product\/90784"}],"collection":[{"href":"https:\/\/happyhaus.fr\/de\/wp-json\/wp\/v2\/product"}],"about":[{"href":"https:\/\/happyhaus.fr\/de\/wp-json\/wp\/v2\/types\/product"}],"replies":[{"embeddable":true,"href":"https:\/\/happyhaus.fr\/de\/wp-json\/wp\/v2\/comments?post=90784"}],"wp:featuredmedia":[{"embeddable":true,"href":"https:\/\/happyhaus.fr\/de\/wp-json\/wp\/v2\/media\/96952"}],"wp:attachment":[{"href":"https:\/\/happyhaus.fr\/de\/wp-json\/wp\/v2\/media?parent=90784"}],"wp:term":[{"taxonomy":"product_cat","embeddable":true,"href":"https:\/\/happyhaus.fr\/de\/wp-json\/wp\/v2\/product_cat?post=90784"},{"taxonomy":"product_tag","embeddable":true,"href":"https:\/\/happyhaus.fr\/de\/wp-json\/wp\/v2\/product_tag?post=90784"}],"curies":[{"name":"wp","href":"https:\/\/api.w.org\/{rel}","templated":true}]}}