{"id":90603,"date":"2024-03-29T17:20:34","date_gmt":"2024-03-29T13:11:38","guid":{"rendered":"https:\/\/happyhaus.fr\/?post_type=product&#038;p=90603"},"modified":"2025-04-29T16:50:27","modified_gmt":"2025-04-29T14:50:27","slug":"la-combinaison-bronze","status":"publish","type":"product","link":"https:\/\/happyhaus.fr\/de\/produkt\/la-combinaison-bronze\/","title":{"rendered":"La COMBINAISON"},"content":{"rendered":"<ul>\n<li>Runder Halsausschnitt<\/li>\n<li>Knopfleiste vorne mit stoff\u00fcberzogenen Kn\u00f6pfen<\/li>\n<li>4 aufgesetzte Taschen<\/li>\n<li>Falten im R\u00fccken<\/li>\n<li>7\/8 Lange \u00c4rmel<\/li>\n<li>Sortierter G\u00fcrtel aus Hauptstoff<\/li>\n<li>100% Leinen<\/li>\n<\/ul>\n<p><span class=\"Y2IQFc\" lang=\"de\">Herkunft der Stoffe: Poland<br \/>\n<\/span>Hergestellt in Poland<\/p>\n<p>&nbsp;<\/p>\n","protected":false},"excerpt":{"rendered":"<p>Der Jumpsuit ist ein Kleidungsst\u00fcck, das jede Frau so tragen kann, wie sie es m\u00f6chte: eng anliegend, angezogen oder im Gegenteil superweit und cool.<br \/>\nEs ist ein sehr vielseitiges Teil, das Sie zu jeder Jahreszeit tragen k\u00f6nnen: offen \u00fcber einem kleinen Marcel im Fr\u00fchling mit Sneakers oder aber im Winter mit Ihrem Lieblingspaar Stiefeletten!<\/p>\n<p>Sandy, die Gr\u00fcnderin von Happy Haus, tr\u00e4gt die Gr\u00f6\u00dfe 38 f\u00fcr einen lockereren, oversize Look. Sie ist 170 cm gro\u00df.<\/p>\n","protected":false},"featured_media":95248,"comment_status":"open","ping_status":"closed","template":"","meta":{"_acf_changed":false},"product_cat":[312,231,234,512],"product_tag":[],"acf":[],"yoast_head":"<!-- This site is optimized with the Yoast SEO plugin v22.6 - https:\/\/yoast.com\/wordpress\/plugins\/seo\/ -->\n<title>La COMBINAISON -<\/title>\n<meta name=\"robots\" content=\"index, follow, max-snippet:-1, max-image-preview:large, max-video-preview:-1\" \/>\n<link rel=\"canonical\" href=\"https:\/\/happyhaus.fr\/de\/produkt\/la-combinaison-bronze\/\" \/>\n<meta property=\"og:locale\" content=\"de_DE\" \/>\n<meta property=\"og:type\" content=\"article\" \/>\n<meta property=\"og:title\" content=\"La COMBINAISON -\" \/>\n<meta property=\"og:description\" content=\"Der Jumpsuit ist ein Kleidungsst\u00fcck, das jede Frau so tragen kann, wie sie es m\u00f6chte: eng anliegend, angezogen oder im Gegenteil superweit und cool. Es ist ein sehr vielseitiges Teil, das Sie zu jeder Jahreszeit tragen k\u00f6nnen: offen \u00fcber einem kleinen Marcel im Fr\u00fchling mit Sneakers oder aber im Winter mit Ihrem Lieblingspaar Stiefeletten!  Sandy, die Gr\u00fcnderin von Happy Haus, tr\u00e4gt die Gr\u00f6\u00dfe 38 f\u00fcr einen lockereren, oversize Look. Sie ist 170 cm gro\u00df.\" \/>\n<meta property=\"og:url\" content=\"https:\/\/happyhaus.fr\/de\/produkt\/la-combinaison-bronze\/\" \/>\n<meta property=\"article:modified_time\" content=\"2025-04-29T14:50:27+00:00\" \/>\n<meta property=\"og:image\" content=\"https:\/\/happyhaus.fr\/wp-content\/uploads\/2024\/03\/Z10.jpg\" \/>\n\t<meta property=\"og:image:width\" content=\"1707\" \/>\n\t<meta property=\"og:image:height\" content=\"2560\" \/>\n\t<meta property=\"og:image:type\" content=\"image\/jpeg\" \/>\n<meta name=\"twitter:card\" content=\"summary_large_image\" \/>\n<meta name=\"twitter:label1\" content=\"Gesch\u00e4tzte Lesezeit\" \/>\n\t<meta name=\"twitter:data1\" content=\"1\u00a0Minute\" \/>\n<script type=\"application\/ld+json\" class=\"yoast-schema-graph\">{\"@context\":\"https:\/\/schema.org\",\"@graph\":[{\"@type\":\"WebPage\",\"@id\":\"https:\/\/happyhaus.fr\/de\/produkt\/la-combinaison-bronze\/\",\"url\":\"https:\/\/happyhaus.fr\/de\/produkt\/la-combinaison-bronze\/\",\"name\":\"La COMBINAISON -\",\"isPartOf\":{\"@id\":\"https:\/\/happyhaus.fr\/#website\"},\"primaryImageOfPage\":{\"@id\":\"https:\/\/happyhaus.fr\/de\/produkt\/la-combinaison-bronze\/#primaryimage\"},\"image\":{\"@id\":\"https:\/\/happyhaus.fr\/de\/produkt\/la-combinaison-bronze\/#primaryimage\"},\"thumbnailUrl\":\"https:\/\/happyhaus.fr\/wp-content\/uploads\/2024\/03\/Z10.jpg\",\"datePublished\":\"2024-03-29T13:11:38+00:00\",\"dateModified\":\"2025-04-29T14:50:27+00:00\",\"breadcrumb\":{\"@id\":\"https:\/\/happyhaus.fr\/de\/produkt\/la-combinaison-bronze\/#breadcrumb\"},\"inLanguage\":\"de\",\"potentialAction\":[{\"@type\":\"ReadAction\",\"target\":[\"https:\/\/happyhaus.fr\/de\/produkt\/la-combinaison-bronze\/\"]}]},{\"@type\":\"ImageObject\",\"inLanguage\":\"de\",\"@id\":\"https:\/\/happyhaus.fr\/de\/produkt\/la-combinaison-bronze\/#primaryimage\",\"url\":\"https:\/\/happyhaus.fr\/wp-content\/uploads\/2024\/03\/Z10.jpg\",\"contentUrl\":\"https:\/\/happyhaus.fr\/wp-content\/uploads\/2024\/03\/Z10.jpg\",\"width\":1707,\"height\":2560},{\"@type\":\"BreadcrumbList\",\"@id\":\"https:\/\/happyhaus.fr\/de\/produkt\/la-combinaison-bronze\/#breadcrumb\",\"itemListElement\":[{\"@type\":\"ListItem\",\"position\":1,\"name\":\"Accueil\",\"item\":\"https:\/\/happyhaus.fr\/de\/\"},{\"@type\":\"ListItem\",\"position\":2,\"name\":\"Priv\u00e9\u00a0: Shop\",\"item\":\"https:\/\/happyhaus.fr\/?page_id=4438\"},{\"@type\":\"ListItem\",\"position\":3,\"name\":\"La COMBINAISON\"}]},{\"@type\":\"WebSite\",\"@id\":\"https:\/\/happyhaus.fr\/#website\",\"url\":\"https:\/\/happyhaus.fr\/\",\"name\":\"\",\"description\":\"\",\"potentialAction\":[{\"@type\":\"SearchAction\",\"target\":{\"@type\":\"EntryPoint\",\"urlTemplate\":\"https:\/\/happyhaus.fr\/?s={search_term_string}\"},\"query-input\":\"required name=search_term_string\"}],\"inLanguage\":\"de\"}]}<\/script>\n<!-- \/ Yoast SEO plugin. -->","yoast_head_json":{"title":"La COMBINAISON -","robots":{"index":"index","follow":"follow","max-snippet":"max-snippet:-1","max-image-preview":"max-image-preview:large","max-video-preview":"max-video-preview:-1"},"canonical":"https:\/\/happyhaus.fr\/de\/produkt\/la-combinaison-bronze\/","og_locale":"de_DE","og_type":"article","og_title":"La COMBINAISON -","og_description":"Der Jumpsuit ist ein Kleidungsst\u00fcck, das jede Frau so tragen kann, wie sie es m\u00f6chte: eng anliegend, angezogen oder im Gegenteil superweit und cool. Es ist ein sehr vielseitiges Teil, das Sie zu jeder Jahreszeit tragen k\u00f6nnen: offen \u00fcber einem kleinen Marcel im Fr\u00fchling mit Sneakers oder aber im Winter mit Ihrem Lieblingspaar Stiefeletten!  Sandy, die Gr\u00fcnderin von Happy Haus, tr\u00e4gt die Gr\u00f6\u00dfe 38 f\u00fcr einen lockereren, oversize Look. Sie ist 170 cm gro\u00df.","og_url":"https:\/\/happyhaus.fr\/de\/produkt\/la-combinaison-bronze\/","article_modified_time":"2025-04-29T14:50:27+00:00","og_image":[{"width":1707,"height":2560,"url":"https:\/\/happyhaus.fr\/wp-content\/uploads\/2024\/03\/Z10.jpg","type":"image\/jpeg"}],"twitter_card":"summary_large_image","twitter_misc":{"Gesch\u00e4tzte Lesezeit":"1\u00a0Minute"},"schema":{"@context":"https:\/\/schema.org","@graph":[{"@type":"WebPage","@id":"https:\/\/happyhaus.fr\/de\/produkt\/la-combinaison-bronze\/","url":"https:\/\/happyhaus.fr\/de\/produkt\/la-combinaison-bronze\/","name":"La COMBINAISON -","isPartOf":{"@id":"https:\/\/happyhaus.fr\/#website"},"primaryImageOfPage":{"@id":"https:\/\/happyhaus.fr\/de\/produkt\/la-combinaison-bronze\/#primaryimage"},"image":{"@id":"https:\/\/happyhaus.fr\/de\/produkt\/la-combinaison-bronze\/#primaryimage"},"thumbnailUrl":"https:\/\/happyhaus.fr\/wp-content\/uploads\/2024\/03\/Z10.jpg","datePublished":"2024-03-29T13:11:38+00:00","dateModified":"2025-04-29T14:50:27+00:00","breadcrumb":{"@id":"https:\/\/happyhaus.fr\/de\/produkt\/la-combinaison-bronze\/#breadcrumb"},"inLanguage":"de","potentialAction":[{"@type":"ReadAction","target":["https:\/\/happyhaus.fr\/de\/produkt\/la-combinaison-bronze\/"]}]},{"@type":"ImageObject","inLanguage":"de","@id":"https:\/\/happyhaus.fr\/de\/produkt\/la-combinaison-bronze\/#primaryimage","url":"https:\/\/happyhaus.fr\/wp-content\/uploads\/2024\/03\/Z10.jpg","contentUrl":"https:\/\/happyhaus.fr\/wp-content\/uploads\/2024\/03\/Z10.jpg","width":1707,"height":2560},{"@type":"BreadcrumbList","@id":"https:\/\/happyhaus.fr\/de\/produkt\/la-combinaison-bronze\/#breadcrumb","itemListElement":[{"@type":"ListItem","position":1,"name":"Accueil","item":"https:\/\/happyhaus.fr\/de\/"},{"@type":"ListItem","position":2,"name":"Priv\u00e9\u00a0: Shop","item":"https:\/\/happyhaus.fr\/?page_id=4438"},{"@type":"ListItem","position":3,"name":"La COMBINAISON"}]},{"@type":"WebSite","@id":"https:\/\/happyhaus.fr\/#website","url":"https:\/\/happyhaus.fr\/","name":"","description":"","potentialAction":[{"@type":"SearchAction","target":{"@type":"EntryPoint","urlTemplate":"https:\/\/happyhaus.fr\/?s={search_term_string}"},"query-input":"required name=search_term_string"}],"inLanguage":"de"}]}},"_links":{"self":[{"href":"https:\/\/happyhaus.fr\/de\/wp-json\/wp\/v2\/product\/90603"}],"collection":[{"href":"https:\/\/happyhaus.fr\/de\/wp-json\/wp\/v2\/product"}],"about":[{"href":"https:\/\/happyhaus.fr\/de\/wp-json\/wp\/v2\/types\/product"}],"replies":[{"embeddable":true,"href":"https:\/\/happyhaus.fr\/de\/wp-json\/wp\/v2\/comments?post=90603"}],"wp:featuredmedia":[{"embeddable":true,"href":"https:\/\/happyhaus.fr\/de\/wp-json\/wp\/v2\/media\/95248"}],"wp:attachment":[{"href":"https:\/\/happyhaus.fr\/de\/wp-json\/wp\/v2\/media?parent=90603"}],"wp:term":[{"taxonomy":"product_cat","embeddable":true,"href":"https:\/\/happyhaus.fr\/de\/wp-json\/wp\/v2\/product_cat?post=90603"},{"taxonomy":"product_tag","embeddable":true,"href":"https:\/\/happyhaus.fr\/de\/wp-json\/wp\/v2\/product_tag?post=90603"}],"curies":[{"name":"wp","href":"https:\/\/api.w.org\/{rel}","templated":true}]}}