{"id":90317,"date":"2024-02-18T14:43:07","date_gmt":"2024-02-18T13:43:09","guid":{"rendered":"https:\/\/happyhaus.fr\/?post_type=product&#038;p=90317"},"modified":"2025-08-17T15:35:40","modified_gmt":"2025-08-17T13:35:40","slug":"la-jupe-louise-jeansrock","status":"publish","type":"product","link":"https:\/\/happyhaus.fr\/de\/produkt\/la-jupe-louise-jeansrock\/","title":{"rendered":"LA JUPE LOUISE"},"content":{"rendered":"<ul>\n<li class=\"p1\">Ausgestellter Schnitt<\/li>\n<li class=\"p1\">Schnittdetails im R\u00fccken f\u00fcr eine sch\u00f6ne Silhouette<\/li>\n<li class=\"p1\">Vordertaschen mit kleinen Kr\u00e4uself\u00e4ltchen<\/li>\n<li class=\"p1\">Vordere\u00f6ffnung mit Holzkn\u00f6pfen<\/li>\n<li class=\"p1\">100% Baumwolle &#8211; ein leichter Jeansstoff<\/li>\n<\/ul>\n<p class=\"p1\">Herkunft des Stoffes: Italien<br \/>\nHergestellt in Tunesien<\/p>\n","protected":false},"excerpt":{"rendered":"<p class=\"p1\">Der Rock Louise ist ein langer Rock im Boho-Stil, der aus leichtem Denim gefertigt ist. Er zeichnet sich durch seine h\u00fcbschen Details aus, wie z. B. die zwei Taschen und den Verschluss mit h\u00fcbschen, versteckten Holzkn\u00f6pfen auf der Vorderseite. So k\u00f6nnen Sie ihn nach Belieben schlie\u00dfen und ihn so je nach Anlass vielseitig machen!<\/p>\n<p class=\"p1\">Sandy, die Gr\u00fcnderin von Happy Haus, tr\u00e4gt Gr\u00f6\u00dfe 36. Sie ist 170,00 cm \/ 5&#8221;6&#8242;<\/p>\n","protected":false},"featured_media":95211,"comment_status":"closed","ping_status":"closed","template":"","meta":{"_acf_changed":false},"product_cat":[312,231,315,328],"product_tag":[335],"acf":[],"yoast_head":"<!-- This site is optimized with the Yoast SEO plugin v22.6 - https:\/\/yoast.com\/wordpress\/plugins\/seo\/ -->\n<title>LA JUPE LOUISE -<\/title>\n<meta name=\"robots\" content=\"index, follow, max-snippet:-1, max-image-preview:large, max-video-preview:-1\" \/>\n<link rel=\"canonical\" href=\"https:\/\/happyhaus.fr\/de\/produkt\/la-jupe-louise-jeansrock\/\" \/>\n<meta property=\"og:locale\" content=\"de_DE\" \/>\n<meta property=\"og:type\" content=\"article\" \/>\n<meta property=\"og:title\" content=\"LA JUPE LOUISE -\" \/>\n<meta property=\"og:description\" content=\"Der Rock Louise ist ein langer Rock im Boho-Stil, der aus leichtem Denim gefertigt ist. Er zeichnet sich durch seine h\u00fcbschen Details aus, wie z. B. die zwei Taschen und den Verschluss mit h\u00fcbschen, versteckten Holzkn\u00f6pfen auf der Vorderseite. So k\u00f6nnen Sie ihn nach Belieben schlie\u00dfen und ihn so je nach Anlass vielseitig machen! Sandy, die Gr\u00fcnderin von Happy Haus, tr\u00e4gt Gr\u00f6\u00dfe 36. Sie ist 170,00 cm \/ 5&#039;&#039;6&#039;\" \/>\n<meta property=\"og:url\" content=\"https:\/\/happyhaus.fr\/de\/produkt\/la-jupe-louise-jeansrock\/\" \/>\n<meta property=\"article:modified_time\" content=\"2025-08-17T13:35:40+00:00\" \/>\n<meta property=\"og:image\" content=\"https:\/\/happyhaus.fr\/wp-content\/uploads\/2024\/02\/Z7.jpg\" \/>\n\t<meta property=\"og:image:width\" content=\"1707\" \/>\n\t<meta property=\"og:image:height\" content=\"2560\" \/>\n\t<meta property=\"og:image:type\" content=\"image\/jpeg\" \/>\n<meta name=\"twitter:card\" content=\"summary_large_image\" \/>\n<meta name=\"twitter:label1\" content=\"Gesch\u00e4tzte Lesezeit\" \/>\n\t<meta name=\"twitter:data1\" content=\"1\u00a0Minute\" \/>\n<script type=\"application\/ld+json\" class=\"yoast-schema-graph\">{\"@context\":\"https:\/\/schema.org\",\"@graph\":[{\"@type\":\"WebPage\",\"@id\":\"https:\/\/happyhaus.fr\/de\/produkt\/la-jupe-louise-jeansrock\/\",\"url\":\"https:\/\/happyhaus.fr\/de\/produkt\/la-jupe-louise-jeansrock\/\",\"name\":\"LA JUPE LOUISE -\",\"isPartOf\":{\"@id\":\"https:\/\/happyhaus.fr\/#website\"},\"primaryImageOfPage\":{\"@id\":\"https:\/\/happyhaus.fr\/de\/produkt\/la-jupe-louise-jeansrock\/#primaryimage\"},\"image\":{\"@id\":\"https:\/\/happyhaus.fr\/de\/produkt\/la-jupe-louise-jeansrock\/#primaryimage\"},\"thumbnailUrl\":\"https:\/\/happyhaus.fr\/wp-content\/uploads\/2024\/02\/Z7.jpg\",\"datePublished\":\"2024-02-18T13:43:09+00:00\",\"dateModified\":\"2025-08-17T13:35:40+00:00\",\"breadcrumb\":{\"@id\":\"https:\/\/happyhaus.fr\/de\/produkt\/la-jupe-louise-jeansrock\/#breadcrumb\"},\"inLanguage\":\"de\",\"potentialAction\":[{\"@type\":\"ReadAction\",\"target\":[\"https:\/\/happyhaus.fr\/de\/produkt\/la-jupe-louise-jeansrock\/\"]}]},{\"@type\":\"ImageObject\",\"inLanguage\":\"de\",\"@id\":\"https:\/\/happyhaus.fr\/de\/produkt\/la-jupe-louise-jeansrock\/#primaryimage\",\"url\":\"https:\/\/happyhaus.fr\/wp-content\/uploads\/2024\/02\/Z7.jpg\",\"contentUrl\":\"https:\/\/happyhaus.fr\/wp-content\/uploads\/2024\/02\/Z7.jpg\",\"width\":1707,\"height\":2560},{\"@type\":\"BreadcrumbList\",\"@id\":\"https:\/\/happyhaus.fr\/de\/produkt\/la-jupe-louise-jeansrock\/#breadcrumb\",\"itemListElement\":[{\"@type\":\"ListItem\",\"position\":1,\"name\":\"Accueil\",\"item\":\"https:\/\/happyhaus.fr\/de\/\"},{\"@type\":\"ListItem\",\"position\":2,\"name\":\"Priv\u00e9\u00a0: Shop\",\"item\":\"https:\/\/happyhaus.fr\/?page_id=4438\"},{\"@type\":\"ListItem\",\"position\":3,\"name\":\"LA JUPE LOUISE\"}]},{\"@type\":\"WebSite\",\"@id\":\"https:\/\/happyhaus.fr\/#website\",\"url\":\"https:\/\/happyhaus.fr\/\",\"name\":\"\",\"description\":\"\",\"potentialAction\":[{\"@type\":\"SearchAction\",\"target\":{\"@type\":\"EntryPoint\",\"urlTemplate\":\"https:\/\/happyhaus.fr\/?s={search_term_string}\"},\"query-input\":\"required name=search_term_string\"}],\"inLanguage\":\"de\"}]}<\/script>\n<!-- \/ Yoast SEO plugin. -->","yoast_head_json":{"title":"LA JUPE LOUISE -","robots":{"index":"index","follow":"follow","max-snippet":"max-snippet:-1","max-image-preview":"max-image-preview:large","max-video-preview":"max-video-preview:-1"},"canonical":"https:\/\/happyhaus.fr\/de\/produkt\/la-jupe-louise-jeansrock\/","og_locale":"de_DE","og_type":"article","og_title":"LA JUPE LOUISE -","og_description":"Der Rock Louise ist ein langer Rock im Boho-Stil, der aus leichtem Denim gefertigt ist. Er zeichnet sich durch seine h\u00fcbschen Details aus, wie z. B. die zwei Taschen und den Verschluss mit h\u00fcbschen, versteckten Holzkn\u00f6pfen auf der Vorderseite. So k\u00f6nnen Sie ihn nach Belieben schlie\u00dfen und ihn so je nach Anlass vielseitig machen! Sandy, die Gr\u00fcnderin von Happy Haus, tr\u00e4gt Gr\u00f6\u00dfe 36. Sie ist 170,00 cm \/ 5''6'","og_url":"https:\/\/happyhaus.fr\/de\/produkt\/la-jupe-louise-jeansrock\/","article_modified_time":"2025-08-17T13:35:40+00:00","og_image":[{"width":1707,"height":2560,"url":"https:\/\/happyhaus.fr\/wp-content\/uploads\/2024\/02\/Z7.jpg","type":"image\/jpeg"}],"twitter_card":"summary_large_image","twitter_misc":{"Gesch\u00e4tzte Lesezeit":"1\u00a0Minute"},"schema":{"@context":"https:\/\/schema.org","@graph":[{"@type":"WebPage","@id":"https:\/\/happyhaus.fr\/de\/produkt\/la-jupe-louise-jeansrock\/","url":"https:\/\/happyhaus.fr\/de\/produkt\/la-jupe-louise-jeansrock\/","name":"LA JUPE LOUISE -","isPartOf":{"@id":"https:\/\/happyhaus.fr\/#website"},"primaryImageOfPage":{"@id":"https:\/\/happyhaus.fr\/de\/produkt\/la-jupe-louise-jeansrock\/#primaryimage"},"image":{"@id":"https:\/\/happyhaus.fr\/de\/produkt\/la-jupe-louise-jeansrock\/#primaryimage"},"thumbnailUrl":"https:\/\/happyhaus.fr\/wp-content\/uploads\/2024\/02\/Z7.jpg","datePublished":"2024-02-18T13:43:09+00:00","dateModified":"2025-08-17T13:35:40+00:00","breadcrumb":{"@id":"https:\/\/happyhaus.fr\/de\/produkt\/la-jupe-louise-jeansrock\/#breadcrumb"},"inLanguage":"de","potentialAction":[{"@type":"ReadAction","target":["https:\/\/happyhaus.fr\/de\/produkt\/la-jupe-louise-jeansrock\/"]}]},{"@type":"ImageObject","inLanguage":"de","@id":"https:\/\/happyhaus.fr\/de\/produkt\/la-jupe-louise-jeansrock\/#primaryimage","url":"https:\/\/happyhaus.fr\/wp-content\/uploads\/2024\/02\/Z7.jpg","contentUrl":"https:\/\/happyhaus.fr\/wp-content\/uploads\/2024\/02\/Z7.jpg","width":1707,"height":2560},{"@type":"BreadcrumbList","@id":"https:\/\/happyhaus.fr\/de\/produkt\/la-jupe-louise-jeansrock\/#breadcrumb","itemListElement":[{"@type":"ListItem","position":1,"name":"Accueil","item":"https:\/\/happyhaus.fr\/de\/"},{"@type":"ListItem","position":2,"name":"Priv\u00e9\u00a0: Shop","item":"https:\/\/happyhaus.fr\/?page_id=4438"},{"@type":"ListItem","position":3,"name":"LA JUPE LOUISE"}]},{"@type":"WebSite","@id":"https:\/\/happyhaus.fr\/#website","url":"https:\/\/happyhaus.fr\/","name":"","description":"","potentialAction":[{"@type":"SearchAction","target":{"@type":"EntryPoint","urlTemplate":"https:\/\/happyhaus.fr\/?s={search_term_string}"},"query-input":"required name=search_term_string"}],"inLanguage":"de"}]}},"_links":{"self":[{"href":"https:\/\/happyhaus.fr\/de\/wp-json\/wp\/v2\/product\/90317"}],"collection":[{"href":"https:\/\/happyhaus.fr\/de\/wp-json\/wp\/v2\/product"}],"about":[{"href":"https:\/\/happyhaus.fr\/de\/wp-json\/wp\/v2\/types\/product"}],"replies":[{"embeddable":true,"href":"https:\/\/happyhaus.fr\/de\/wp-json\/wp\/v2\/comments?post=90317"}],"wp:featuredmedia":[{"embeddable":true,"href":"https:\/\/happyhaus.fr\/de\/wp-json\/wp\/v2\/media\/95211"}],"wp:attachment":[{"href":"https:\/\/happyhaus.fr\/de\/wp-json\/wp\/v2\/media?parent=90317"}],"wp:term":[{"taxonomy":"product_cat","embeddable":true,"href":"https:\/\/happyhaus.fr\/de\/wp-json\/wp\/v2\/product_cat?post=90317"},{"taxonomy":"product_tag","embeddable":true,"href":"https:\/\/happyhaus.fr\/de\/wp-json\/wp\/v2\/product_tag?post=90317"}],"curies":[{"name":"wp","href":"https:\/\/api.w.org\/{rel}","templated":true}]}}