{"id":90154,"date":"2025-07-11T16:30:15","date_gmt":"2024-01-09T17:02:18","guid":{"rendered":"https:\/\/happyhaus.fr\/?post_type=product&#038;p=90154"},"modified":"2025-08-03T20:18:06","modified_gmt":"2025-08-03T18:18:06","slug":"le-pantalon-tulipe-denimtrousers-blackdenim","status":"publish","type":"product","link":"https:\/\/happyhaus.fr\/de\/produkt\/le-pantalon-tulipe-denimtrousers-blackdenim\/","title":{"rendered":"Le Pantalon TULIPE"},"content":{"rendered":"<ul>\n<li>Regular waist<\/li>\n<li>Fabric button and zipper<\/li>\n<li>Raw edge hem<\/li>\n<li>Five Pocket design<\/li>\n<li>2 Pockets creating flower shape in the back<\/li>\n<li>Embroidered in the waistband<\/li>\n<li>100% cotton<\/li>\n<\/ul>\n<p>Herkunft des Stoffes: Italien<br \/>\nHergestellt in Tunesien<\/p>\n<p>&nbsp;<\/p>\n","protected":false},"excerpt":{"rendered":"<p>Unsere TULIPE-Hose ist ein Must-have in Ihrem Kleiderschrank! Einzigartige Details, ein Flair-Schnitt, der die Beine unendlich verl\u00e4ngert&#8230; sie versetzt uns zur\u00fcck in die Zeit der Hippies und ihrer unvergesslichen Heldinnen.<\/p>\n<p>Sandy, die Gr\u00fcnderin von Happy Haus, tr\u00e4gt Gr\u00f6\u00dfe 36 und ist 170 cm gro\u00df.<\/p>\n","protected":false},"featured_media":90174,"comment_status":"open","ping_status":"closed","template":"","meta":{"_acf_changed":false},"product_cat":[231,236,315],"product_tag":[],"acf":[],"yoast_head":"<!-- This site is optimized with the Yoast SEO plugin v22.6 - https:\/\/yoast.com\/wordpress\/plugins\/seo\/ -->\n<title>Le Pantalon TULIPE -<\/title>\n<meta name=\"robots\" content=\"index, follow, max-snippet:-1, max-image-preview:large, max-video-preview:-1\" \/>\n<link rel=\"canonical\" href=\"https:\/\/happyhaus.fr\/de\/produkt\/le-pantalon-tulipe-denimtrousers-blackdenim\/\" \/>\n<meta property=\"og:locale\" content=\"de_DE\" \/>\n<meta property=\"og:type\" content=\"article\" \/>\n<meta property=\"og:title\" content=\"Le Pantalon TULIPE -\" \/>\n<meta property=\"og:description\" content=\"Unsere TULIPE-Hose ist ein Must-have in Ihrem Kleiderschrank! Einzigartige Details, ein Flair-Schnitt, der die Beine unendlich verl\u00e4ngert... sie versetzt uns zur\u00fcck in die Zeit der Hippies und ihrer unvergesslichen Heldinnen.  Sandy, die Gr\u00fcnderin von Happy Haus, tr\u00e4gt Gr\u00f6\u00dfe 36 und ist 170 cm gro\u00df.\" \/>\n<meta property=\"og:url\" content=\"https:\/\/happyhaus.fr\/de\/produkt\/le-pantalon-tulipe-denimtrousers-blackdenim\/\" \/>\n<meta property=\"article:modified_time\" content=\"2025-08-03T18:18:06+00:00\" \/>\n<meta property=\"og:image\" content=\"https:\/\/happyhaus.fr\/wp-content\/uploads\/2024\/01\/TULIPE-FACE-.jpg\" \/>\n\t<meta property=\"og:image:width\" content=\"1707\" \/>\n\t<meta property=\"og:image:height\" content=\"2560\" \/>\n\t<meta property=\"og:image:type\" content=\"image\/jpeg\" \/>\n<meta name=\"twitter:card\" content=\"summary_large_image\" \/>\n<meta name=\"twitter:label1\" content=\"Gesch\u00e4tzte Lesezeit\" \/>\n\t<meta name=\"twitter:data1\" content=\"1\u00a0Minute\" \/>\n<script type=\"application\/ld+json\" class=\"yoast-schema-graph\">{\"@context\":\"https:\/\/schema.org\",\"@graph\":[{\"@type\":\"WebPage\",\"@id\":\"https:\/\/happyhaus.fr\/de\/produkt\/le-pantalon-tulipe-denimtrousers-blackdenim\/\",\"url\":\"https:\/\/happyhaus.fr\/de\/produkt\/le-pantalon-tulipe-denimtrousers-blackdenim\/\",\"name\":\"Le Pantalon TULIPE -\",\"isPartOf\":{\"@id\":\"https:\/\/happyhaus.fr\/#website\"},\"primaryImageOfPage\":{\"@id\":\"https:\/\/happyhaus.fr\/de\/produkt\/le-pantalon-tulipe-denimtrousers-blackdenim\/#primaryimage\"},\"image\":{\"@id\":\"https:\/\/happyhaus.fr\/de\/produkt\/le-pantalon-tulipe-denimtrousers-blackdenim\/#primaryimage\"},\"thumbnailUrl\":\"https:\/\/happyhaus.fr\/wp-content\/uploads\/2024\/01\/TULIPE-FACE-.jpg\",\"datePublished\":\"2024-01-09T17:02:18+00:00\",\"dateModified\":\"2025-08-03T18:18:06+00:00\",\"breadcrumb\":{\"@id\":\"https:\/\/happyhaus.fr\/de\/produkt\/le-pantalon-tulipe-denimtrousers-blackdenim\/#breadcrumb\"},\"inLanguage\":\"de\",\"potentialAction\":[{\"@type\":\"ReadAction\",\"target\":[\"https:\/\/happyhaus.fr\/de\/produkt\/le-pantalon-tulipe-denimtrousers-blackdenim\/\"]}]},{\"@type\":\"ImageObject\",\"inLanguage\":\"de\",\"@id\":\"https:\/\/happyhaus.fr\/de\/produkt\/le-pantalon-tulipe-denimtrousers-blackdenim\/#primaryimage\",\"url\":\"https:\/\/happyhaus.fr\/wp-content\/uploads\/2024\/01\/TULIPE-FACE-.jpg\",\"contentUrl\":\"https:\/\/happyhaus.fr\/wp-content\/uploads\/2024\/01\/TULIPE-FACE-.jpg\",\"width\":1707,\"height\":2560},{\"@type\":\"BreadcrumbList\",\"@id\":\"https:\/\/happyhaus.fr\/de\/produkt\/le-pantalon-tulipe-denimtrousers-blackdenim\/#breadcrumb\",\"itemListElement\":[{\"@type\":\"ListItem\",\"position\":1,\"name\":\"Accueil\",\"item\":\"https:\/\/happyhaus.fr\/de\/\"},{\"@type\":\"ListItem\",\"position\":2,\"name\":\"Priv\u00e9\u00a0: Shop\",\"item\":\"https:\/\/happyhaus.fr\/?page_id=4438\"},{\"@type\":\"ListItem\",\"position\":3,\"name\":\"Le Pantalon TULIPE\"}]},{\"@type\":\"WebSite\",\"@id\":\"https:\/\/happyhaus.fr\/#website\",\"url\":\"https:\/\/happyhaus.fr\/\",\"name\":\"\",\"description\":\"\",\"potentialAction\":[{\"@type\":\"SearchAction\",\"target\":{\"@type\":\"EntryPoint\",\"urlTemplate\":\"https:\/\/happyhaus.fr\/?s={search_term_string}\"},\"query-input\":\"required name=search_term_string\"}],\"inLanguage\":\"de\"}]}<\/script>\n<!-- \/ Yoast SEO plugin. -->","yoast_head_json":{"title":"Le Pantalon TULIPE -","robots":{"index":"index","follow":"follow","max-snippet":"max-snippet:-1","max-image-preview":"max-image-preview:large","max-video-preview":"max-video-preview:-1"},"canonical":"https:\/\/happyhaus.fr\/de\/produkt\/le-pantalon-tulipe-denimtrousers-blackdenim\/","og_locale":"de_DE","og_type":"article","og_title":"Le Pantalon TULIPE -","og_description":"Unsere TULIPE-Hose ist ein Must-have in Ihrem Kleiderschrank! Einzigartige Details, ein Flair-Schnitt, der die Beine unendlich verl\u00e4ngert... sie versetzt uns zur\u00fcck in die Zeit der Hippies und ihrer unvergesslichen Heldinnen.  Sandy, die Gr\u00fcnderin von Happy Haus, tr\u00e4gt Gr\u00f6\u00dfe 36 und ist 170 cm gro\u00df.","og_url":"https:\/\/happyhaus.fr\/de\/produkt\/le-pantalon-tulipe-denimtrousers-blackdenim\/","article_modified_time":"2025-08-03T18:18:06+00:00","og_image":[{"width":1707,"height":2560,"url":"https:\/\/happyhaus.fr\/wp-content\/uploads\/2024\/01\/TULIPE-FACE-.jpg","type":"image\/jpeg"}],"twitter_card":"summary_large_image","twitter_misc":{"Gesch\u00e4tzte Lesezeit":"1\u00a0Minute"},"schema":{"@context":"https:\/\/schema.org","@graph":[{"@type":"WebPage","@id":"https:\/\/happyhaus.fr\/de\/produkt\/le-pantalon-tulipe-denimtrousers-blackdenim\/","url":"https:\/\/happyhaus.fr\/de\/produkt\/le-pantalon-tulipe-denimtrousers-blackdenim\/","name":"Le Pantalon TULIPE -","isPartOf":{"@id":"https:\/\/happyhaus.fr\/#website"},"primaryImageOfPage":{"@id":"https:\/\/happyhaus.fr\/de\/produkt\/le-pantalon-tulipe-denimtrousers-blackdenim\/#primaryimage"},"image":{"@id":"https:\/\/happyhaus.fr\/de\/produkt\/le-pantalon-tulipe-denimtrousers-blackdenim\/#primaryimage"},"thumbnailUrl":"https:\/\/happyhaus.fr\/wp-content\/uploads\/2024\/01\/TULIPE-FACE-.jpg","datePublished":"2024-01-09T17:02:18+00:00","dateModified":"2025-08-03T18:18:06+00:00","breadcrumb":{"@id":"https:\/\/happyhaus.fr\/de\/produkt\/le-pantalon-tulipe-denimtrousers-blackdenim\/#breadcrumb"},"inLanguage":"de","potentialAction":[{"@type":"ReadAction","target":["https:\/\/happyhaus.fr\/de\/produkt\/le-pantalon-tulipe-denimtrousers-blackdenim\/"]}]},{"@type":"ImageObject","inLanguage":"de","@id":"https:\/\/happyhaus.fr\/de\/produkt\/le-pantalon-tulipe-denimtrousers-blackdenim\/#primaryimage","url":"https:\/\/happyhaus.fr\/wp-content\/uploads\/2024\/01\/TULIPE-FACE-.jpg","contentUrl":"https:\/\/happyhaus.fr\/wp-content\/uploads\/2024\/01\/TULIPE-FACE-.jpg","width":1707,"height":2560},{"@type":"BreadcrumbList","@id":"https:\/\/happyhaus.fr\/de\/produkt\/le-pantalon-tulipe-denimtrousers-blackdenim\/#breadcrumb","itemListElement":[{"@type":"ListItem","position":1,"name":"Accueil","item":"https:\/\/happyhaus.fr\/de\/"},{"@type":"ListItem","position":2,"name":"Priv\u00e9\u00a0: Shop","item":"https:\/\/happyhaus.fr\/?page_id=4438"},{"@type":"ListItem","position":3,"name":"Le Pantalon TULIPE"}]},{"@type":"WebSite","@id":"https:\/\/happyhaus.fr\/#website","url":"https:\/\/happyhaus.fr\/","name":"","description":"","potentialAction":[{"@type":"SearchAction","target":{"@type":"EntryPoint","urlTemplate":"https:\/\/happyhaus.fr\/?s={search_term_string}"},"query-input":"required name=search_term_string"}],"inLanguage":"de"}]}},"_links":{"self":[{"href":"https:\/\/happyhaus.fr\/de\/wp-json\/wp\/v2\/product\/90154"}],"collection":[{"href":"https:\/\/happyhaus.fr\/de\/wp-json\/wp\/v2\/product"}],"about":[{"href":"https:\/\/happyhaus.fr\/de\/wp-json\/wp\/v2\/types\/product"}],"replies":[{"embeddable":true,"href":"https:\/\/happyhaus.fr\/de\/wp-json\/wp\/v2\/comments?post=90154"}],"wp:featuredmedia":[{"embeddable":true,"href":"https:\/\/happyhaus.fr\/de\/wp-json\/wp\/v2\/media\/90174"}],"wp:attachment":[{"href":"https:\/\/happyhaus.fr\/de\/wp-json\/wp\/v2\/media?parent=90154"}],"wp:term":[{"taxonomy":"product_cat","embeddable":true,"href":"https:\/\/happyhaus.fr\/de\/wp-json\/wp\/v2\/product_cat?post=90154"},{"taxonomy":"product_tag","embeddable":true,"href":"https:\/\/happyhaus.fr\/de\/wp-json\/wp\/v2\/product_tag?post=90154"}],"curies":[{"name":"wp","href":"https:\/\/api.w.org\/{rel}","templated":true}]}}