{"id":89861,"date":"2023-09-08T09:56:26","date_gmt":"2023-09-08T08:07:00","guid":{"rendered":"https:\/\/happyhaus.fr\/?post_type=product&#038;p=89861"},"modified":"2024-12-24T09:40:35","modified_gmt":"2024-12-24T08:40:35","slug":"la-chemise-dhomme","status":"publish","type":"product","link":"https:\/\/happyhaus.fr\/de\/produkt\/la-chemise-dhomme\/","title":{"rendered":"LA CHEMISE D&#8217;HOMME &#8211; ARCHIVES"},"content":{"rendered":"<ul>\n<li>Spitz zulaufender Kragen<\/li>\n<li>Vorderer Verschluss mit stoff\u00fcberzogenen Kn\u00f6pfen<\/li>\n<li>\u00c4rmel mit doppelten \u00fcberzogenen Kn\u00f6pfen an den Manschetten<\/li>\n<li>Tasche auf der Brust<\/li>\n<li>Ton-in-Ton gesticktes Logo auf der Tasche.<\/li>\n<li>Abgerundeter Saum<\/li>\n<li>Oversized &#8220;Boyfriend&#8221;-Schnitt<\/li>\n<li>74% Tencel und 26% Seide<\/li>\n<\/ul>\n<p>Herkunft des Stoffes: Italien<\/p>\n<p>Hergestellt in Polen<\/p>\n","protected":false},"excerpt":{"rendered":"<p>Unser neues Herrenhemd ist ein Muss f\u00fcr jeden Kleiderschrank. Es hat einen Oversize-Boyfriend-Schnitt und besteht aus einer wundersch\u00f6nen Mischung aus Tencel und Seide, die sehr weich und leicht zu tragen ist. Sie l\u00e4sst sich sowohl mit einem Rock als auch mit einer Jeans kombinieren.<\/p>\n<p>Sandy, die Gr\u00fcnderin von Happy Haus, tr\u00e4gt Gr\u00f6\u00dfe 36. Sie ist 170 cm gro\u00df.<\/p>\n","protected":false},"featured_media":89850,"comment_status":"open","ping_status":"closed","template":"","meta":{"_acf_changed":false},"product_cat":[312,316,237],"product_tag":[],"acf":[],"yoast_head":"<!-- This site is optimized with the Yoast SEO plugin v22.6 - https:\/\/yoast.com\/wordpress\/plugins\/seo\/ -->\n<title>LA CHEMISE D&#039;HOMME - ARCHIVES -<\/title>\n<meta name=\"robots\" content=\"index, follow, max-snippet:-1, max-image-preview:large, max-video-preview:-1\" \/>\n<link rel=\"canonical\" href=\"https:\/\/happyhaus.fr\/de\/produkt\/la-chemise-dhomme\/\" \/>\n<meta property=\"og:locale\" content=\"de_DE\" \/>\n<meta property=\"og:type\" content=\"article\" \/>\n<meta property=\"og:title\" content=\"LA CHEMISE D&#039;HOMME - ARCHIVES -\" \/>\n<meta property=\"og:description\" content=\"Unser neues Herrenhemd ist ein Muss f\u00fcr jeden Kleiderschrank. Es hat einen Oversize-Boyfriend-Schnitt und besteht aus einer wundersch\u00f6nen Mischung aus Tencel und Seide, die sehr weich und leicht zu tragen ist. Sie l\u00e4sst sich sowohl mit einem Rock als auch mit einer Jeans kombinieren.  Sandy, die Gr\u00fcnderin von Happy Haus, tr\u00e4gt Gr\u00f6\u00dfe 36. Sie ist 170 cm gro\u00df.\" \/>\n<meta property=\"og:url\" content=\"https:\/\/happyhaus.fr\/de\/produkt\/la-chemise-dhomme\/\" \/>\n<meta property=\"article:modified_time\" content=\"2024-12-24T08:40:35+00:00\" \/>\n<meta property=\"og:image\" content=\"https:\/\/happyhaus.fr\/wp-content\/uploads\/2023\/09\/1-2-683x1024.png\" \/>\n\t<meta property=\"og:image:width\" content=\"683\" \/>\n\t<meta property=\"og:image:height\" content=\"1024\" \/>\n\t<meta property=\"og:image:type\" content=\"image\/png\" \/>\n<meta name=\"twitter:card\" content=\"summary_large_image\" \/>\n<meta name=\"twitter:label1\" content=\"Gesch\u00e4tzte Lesezeit\" \/>\n\t<meta name=\"twitter:data1\" content=\"1\u00a0Minute\" \/>\n<script type=\"application\/ld+json\" class=\"yoast-schema-graph\">{\"@context\":\"https:\/\/schema.org\",\"@graph\":[{\"@type\":\"WebPage\",\"@id\":\"https:\/\/happyhaus.fr\/de\/produkt\/la-chemise-dhomme\/\",\"url\":\"https:\/\/happyhaus.fr\/de\/produkt\/la-chemise-dhomme\/\",\"name\":\"LA CHEMISE D'HOMME - ARCHIVES -\",\"isPartOf\":{\"@id\":\"https:\/\/happyhaus.fr\/#website\"},\"primaryImageOfPage\":{\"@id\":\"https:\/\/happyhaus.fr\/de\/produkt\/la-chemise-dhomme\/#primaryimage\"},\"image\":{\"@id\":\"https:\/\/happyhaus.fr\/de\/produkt\/la-chemise-dhomme\/#primaryimage\"},\"thumbnailUrl\":\"https:\/\/happyhaus.fr\/wp-content\/uploads\/2023\/09\/1-2.png\",\"datePublished\":\"2023-09-08T08:07:00+00:00\",\"dateModified\":\"2024-12-24T08:40:35+00:00\",\"breadcrumb\":{\"@id\":\"https:\/\/happyhaus.fr\/de\/produkt\/la-chemise-dhomme\/#breadcrumb\"},\"inLanguage\":\"de\",\"potentialAction\":[{\"@type\":\"ReadAction\",\"target\":[\"https:\/\/happyhaus.fr\/de\/produkt\/la-chemise-dhomme\/\"]}]},{\"@type\":\"ImageObject\",\"inLanguage\":\"de\",\"@id\":\"https:\/\/happyhaus.fr\/de\/produkt\/la-chemise-dhomme\/#primaryimage\",\"url\":\"https:\/\/happyhaus.fr\/wp-content\/uploads\/2023\/09\/1-2.png\",\"contentUrl\":\"https:\/\/happyhaus.fr\/wp-content\/uploads\/2023\/09\/1-2.png\",\"width\":1707,\"height\":2560},{\"@type\":\"BreadcrumbList\",\"@id\":\"https:\/\/happyhaus.fr\/de\/produkt\/la-chemise-dhomme\/#breadcrumb\",\"itemListElement\":[{\"@type\":\"ListItem\",\"position\":1,\"name\":\"Accueil\",\"item\":\"https:\/\/happyhaus.fr\/de\/\"},{\"@type\":\"ListItem\",\"position\":2,\"name\":\"Priv\u00e9\u00a0: Shop\",\"item\":\"https:\/\/happyhaus.fr\/?page_id=4438\"},{\"@type\":\"ListItem\",\"position\":3,\"name\":\"LA CHEMISE D&#8217;HOMME &#8211; ARCHIVES\"}]},{\"@type\":\"WebSite\",\"@id\":\"https:\/\/happyhaus.fr\/#website\",\"url\":\"https:\/\/happyhaus.fr\/\",\"name\":\"\",\"description\":\"\",\"potentialAction\":[{\"@type\":\"SearchAction\",\"target\":{\"@type\":\"EntryPoint\",\"urlTemplate\":\"https:\/\/happyhaus.fr\/?s={search_term_string}\"},\"query-input\":\"required name=search_term_string\"}],\"inLanguage\":\"de\"}]}<\/script>\n<!-- \/ Yoast SEO plugin. -->","yoast_head_json":{"title":"LA CHEMISE D'HOMME - ARCHIVES -","robots":{"index":"index","follow":"follow","max-snippet":"max-snippet:-1","max-image-preview":"max-image-preview:large","max-video-preview":"max-video-preview:-1"},"canonical":"https:\/\/happyhaus.fr\/de\/produkt\/la-chemise-dhomme\/","og_locale":"de_DE","og_type":"article","og_title":"LA CHEMISE D'HOMME - ARCHIVES -","og_description":"Unser neues Herrenhemd ist ein Muss f\u00fcr jeden Kleiderschrank. Es hat einen Oversize-Boyfriend-Schnitt und besteht aus einer wundersch\u00f6nen Mischung aus Tencel und Seide, die sehr weich und leicht zu tragen ist. Sie l\u00e4sst sich sowohl mit einem Rock als auch mit einer Jeans kombinieren.  Sandy, die Gr\u00fcnderin von Happy Haus, tr\u00e4gt Gr\u00f6\u00dfe 36. Sie ist 170 cm gro\u00df.","og_url":"https:\/\/happyhaus.fr\/de\/produkt\/la-chemise-dhomme\/","article_modified_time":"2024-12-24T08:40:35+00:00","og_image":[{"width":683,"height":1024,"url":"https:\/\/happyhaus.fr\/wp-content\/uploads\/2023\/09\/1-2-683x1024.png","type":"image\/png"}],"twitter_card":"summary_large_image","twitter_misc":{"Gesch\u00e4tzte Lesezeit":"1\u00a0Minute"},"schema":{"@context":"https:\/\/schema.org","@graph":[{"@type":"WebPage","@id":"https:\/\/happyhaus.fr\/de\/produkt\/la-chemise-dhomme\/","url":"https:\/\/happyhaus.fr\/de\/produkt\/la-chemise-dhomme\/","name":"LA CHEMISE D'HOMME - ARCHIVES -","isPartOf":{"@id":"https:\/\/happyhaus.fr\/#website"},"primaryImageOfPage":{"@id":"https:\/\/happyhaus.fr\/de\/produkt\/la-chemise-dhomme\/#primaryimage"},"image":{"@id":"https:\/\/happyhaus.fr\/de\/produkt\/la-chemise-dhomme\/#primaryimage"},"thumbnailUrl":"https:\/\/happyhaus.fr\/wp-content\/uploads\/2023\/09\/1-2.png","datePublished":"2023-09-08T08:07:00+00:00","dateModified":"2024-12-24T08:40:35+00:00","breadcrumb":{"@id":"https:\/\/happyhaus.fr\/de\/produkt\/la-chemise-dhomme\/#breadcrumb"},"inLanguage":"de","potentialAction":[{"@type":"ReadAction","target":["https:\/\/happyhaus.fr\/de\/produkt\/la-chemise-dhomme\/"]}]},{"@type":"ImageObject","inLanguage":"de","@id":"https:\/\/happyhaus.fr\/de\/produkt\/la-chemise-dhomme\/#primaryimage","url":"https:\/\/happyhaus.fr\/wp-content\/uploads\/2023\/09\/1-2.png","contentUrl":"https:\/\/happyhaus.fr\/wp-content\/uploads\/2023\/09\/1-2.png","width":1707,"height":2560},{"@type":"BreadcrumbList","@id":"https:\/\/happyhaus.fr\/de\/produkt\/la-chemise-dhomme\/#breadcrumb","itemListElement":[{"@type":"ListItem","position":1,"name":"Accueil","item":"https:\/\/happyhaus.fr\/de\/"},{"@type":"ListItem","position":2,"name":"Priv\u00e9\u00a0: Shop","item":"https:\/\/happyhaus.fr\/?page_id=4438"},{"@type":"ListItem","position":3,"name":"LA CHEMISE D&#8217;HOMME &#8211; ARCHIVES"}]},{"@type":"WebSite","@id":"https:\/\/happyhaus.fr\/#website","url":"https:\/\/happyhaus.fr\/","name":"","description":"","potentialAction":[{"@type":"SearchAction","target":{"@type":"EntryPoint","urlTemplate":"https:\/\/happyhaus.fr\/?s={search_term_string}"},"query-input":"required name=search_term_string"}],"inLanguage":"de"}]}},"_links":{"self":[{"href":"https:\/\/happyhaus.fr\/de\/wp-json\/wp\/v2\/product\/89861"}],"collection":[{"href":"https:\/\/happyhaus.fr\/de\/wp-json\/wp\/v2\/product"}],"about":[{"href":"https:\/\/happyhaus.fr\/de\/wp-json\/wp\/v2\/types\/product"}],"replies":[{"embeddable":true,"href":"https:\/\/happyhaus.fr\/de\/wp-json\/wp\/v2\/comments?post=89861"}],"wp:featuredmedia":[{"embeddable":true,"href":"https:\/\/happyhaus.fr\/de\/wp-json\/wp\/v2\/media\/89850"}],"wp:attachment":[{"href":"https:\/\/happyhaus.fr\/de\/wp-json\/wp\/v2\/media?parent=89861"}],"wp:term":[{"taxonomy":"product_cat","embeddable":true,"href":"https:\/\/happyhaus.fr\/de\/wp-json\/wp\/v2\/product_cat?post=89861"},{"taxonomy":"product_tag","embeddable":true,"href":"https:\/\/happyhaus.fr\/de\/wp-json\/wp\/v2\/product_tag?post=89861"}],"curies":[{"name":"wp","href":"https:\/\/api.w.org\/{rel}","templated":true}]}}