{"id":89681,"date":"2023-09-01T09:35:54","date_gmt":"2023-09-01T07:35:56","guid":{"rendered":"https:\/\/happyhaus.fr\/?post_type=product&#038;p=89681"},"modified":"2025-04-29T20:56:14","modified_gmt":"2025-04-29T18:56:14","slug":"le-pantalon-regular-archives","status":"publish","type":"product","link":"https:\/\/happyhaus.fr\/de\/produkt\/le-pantalon-regular-archives\/","title":{"rendered":"LE PANTALON REGULAR &#8211; ARCHIVES"},"content":{"rendered":"<ul>\n<li>Oberteil<\/li>\n<li>5 Taschen<\/li>\n<li>Fermeture par bouton en bois et zip<\/li>\n<li>Hohe Taille<\/li>\n<li>Unser Logo in Form eines Bogens im Himmel auf den vorderen Taschen<\/li>\n<li>100% Coton, davon 20% recycelter Stoff<\/li>\n<\/ul>\n<p>Herkunft des Gewebes: Italien<br \/>\nFabriziert in Tunesien<\/p>\n","protected":false},"excerpt":{"rendered":"<p>Unsere neue REGULAR-Hose ist gerade geschnitten und hat eine hohe Taille. Sie verf\u00fcgt \u00fcber ein einzigartiges Steppdetail an den Taschen, das an unser Regenbogenlogo erinnert. F\u00fcr einen Boyfriend-Look wie Happy Haus Gr\u00fcnderin Sandy, z\u00f6gern Sie nicht, eine Nummer gr\u00f6\u00dfer zu nehmen!<\/p>\n<p>Happy Haus Gr\u00fcnderin Sandy tr\u00e4gt auf dem Foto Gr\u00f6\u00dfe 38 und ist 170 cm gro\u00df. Ihre normale Happy Haus Gr\u00f6\u00dfe ist 36.<\/p>\n","protected":false},"featured_media":89718,"comment_status":"closed","ping_status":"closed","template":"","meta":{"_acf_changed":false},"product_cat":[316,231,236],"product_tag":[335],"acf":[],"yoast_head":"<!-- This site is optimized with the Yoast SEO plugin v22.6 - https:\/\/yoast.com\/wordpress\/plugins\/seo\/ -->\n<title>LE PANTALON REGULAR - ARCHIVES -<\/title>\n<meta name=\"robots\" content=\"index, follow, max-snippet:-1, max-image-preview:large, max-video-preview:-1\" \/>\n<link rel=\"canonical\" href=\"https:\/\/happyhaus.fr\/de\/produkt\/le-pantalon-regular-archives\/\" \/>\n<meta property=\"og:locale\" content=\"de_DE\" \/>\n<meta property=\"og:type\" content=\"article\" \/>\n<meta property=\"og:title\" content=\"LE PANTALON REGULAR - ARCHIVES -\" \/>\n<meta property=\"og:description\" content=\"Unsere neue REGULAR-Hose ist gerade geschnitten und hat eine hohe Taille. Sie verf\u00fcgt \u00fcber ein einzigartiges Steppdetail an den Taschen, das an unser Regenbogenlogo erinnert. F\u00fcr einen Boyfriend-Look wie Happy Haus Gr\u00fcnderin Sandy, z\u00f6gern Sie nicht, eine Nummer gr\u00f6\u00dfer zu nehmen!  Happy Haus Gr\u00fcnderin Sandy tr\u00e4gt auf dem Foto Gr\u00f6\u00dfe 38 und ist 170 cm gro\u00df. Ihre normale Happy Haus Gr\u00f6\u00dfe ist 36.\" \/>\n<meta property=\"og:url\" content=\"https:\/\/happyhaus.fr\/de\/produkt\/le-pantalon-regular-archives\/\" \/>\n<meta property=\"article:modified_time\" content=\"2025-04-29T18:56:14+00:00\" \/>\n<meta property=\"og:image\" content=\"https:\/\/happyhaus.fr\/wp-content\/uploads\/2023\/09\/4-683x1024.png\" \/>\n\t<meta property=\"og:image:width\" content=\"683\" \/>\n\t<meta property=\"og:image:height\" content=\"1024\" \/>\n\t<meta property=\"og:image:type\" content=\"image\/png\" \/>\n<meta name=\"twitter:card\" content=\"summary_large_image\" \/>\n<meta name=\"twitter:label1\" content=\"Gesch\u00e4tzte Lesezeit\" \/>\n\t<meta name=\"twitter:data1\" content=\"1\u00a0Minute\" \/>\n<script type=\"application\/ld+json\" class=\"yoast-schema-graph\">{\"@context\":\"https:\/\/schema.org\",\"@graph\":[{\"@type\":\"WebPage\",\"@id\":\"https:\/\/happyhaus.fr\/de\/produkt\/le-pantalon-regular-archives\/\",\"url\":\"https:\/\/happyhaus.fr\/de\/produkt\/le-pantalon-regular-archives\/\",\"name\":\"LE PANTALON REGULAR - ARCHIVES -\",\"isPartOf\":{\"@id\":\"https:\/\/happyhaus.fr\/#website\"},\"primaryImageOfPage\":{\"@id\":\"https:\/\/happyhaus.fr\/de\/produkt\/le-pantalon-regular-archives\/#primaryimage\"},\"image\":{\"@id\":\"https:\/\/happyhaus.fr\/de\/produkt\/le-pantalon-regular-archives\/#primaryimage\"},\"thumbnailUrl\":\"https:\/\/happyhaus.fr\/wp-content\/uploads\/2023\/09\/4.png\",\"datePublished\":\"2023-09-01T07:35:56+00:00\",\"dateModified\":\"2025-04-29T18:56:14+00:00\",\"breadcrumb\":{\"@id\":\"https:\/\/happyhaus.fr\/de\/produkt\/le-pantalon-regular-archives\/#breadcrumb\"},\"inLanguage\":\"de\",\"potentialAction\":[{\"@type\":\"ReadAction\",\"target\":[\"https:\/\/happyhaus.fr\/de\/produkt\/le-pantalon-regular-archives\/\"]}]},{\"@type\":\"ImageObject\",\"inLanguage\":\"de\",\"@id\":\"https:\/\/happyhaus.fr\/de\/produkt\/le-pantalon-regular-archives\/#primaryimage\",\"url\":\"https:\/\/happyhaus.fr\/wp-content\/uploads\/2023\/09\/4.png\",\"contentUrl\":\"https:\/\/happyhaus.fr\/wp-content\/uploads\/2023\/09\/4.png\",\"width\":1707,\"height\":2560},{\"@type\":\"BreadcrumbList\",\"@id\":\"https:\/\/happyhaus.fr\/de\/produkt\/le-pantalon-regular-archives\/#breadcrumb\",\"itemListElement\":[{\"@type\":\"ListItem\",\"position\":1,\"name\":\"Accueil\",\"item\":\"https:\/\/happyhaus.fr\/de\/\"},{\"@type\":\"ListItem\",\"position\":2,\"name\":\"Priv\u00e9\u00a0: Shop\",\"item\":\"https:\/\/happyhaus.fr\/?page_id=4438\"},{\"@type\":\"ListItem\",\"position\":3,\"name\":\"LE PANTALON REGULAR &#8211; ARCHIVES\"}]},{\"@type\":\"WebSite\",\"@id\":\"https:\/\/happyhaus.fr\/#website\",\"url\":\"https:\/\/happyhaus.fr\/\",\"name\":\"\",\"description\":\"\",\"potentialAction\":[{\"@type\":\"SearchAction\",\"target\":{\"@type\":\"EntryPoint\",\"urlTemplate\":\"https:\/\/happyhaus.fr\/?s={search_term_string}\"},\"query-input\":\"required name=search_term_string\"}],\"inLanguage\":\"de\"}]}<\/script>\n<!-- \/ Yoast SEO plugin. -->","yoast_head_json":{"title":"LE PANTALON REGULAR - ARCHIVES -","robots":{"index":"index","follow":"follow","max-snippet":"max-snippet:-1","max-image-preview":"max-image-preview:large","max-video-preview":"max-video-preview:-1"},"canonical":"https:\/\/happyhaus.fr\/de\/produkt\/le-pantalon-regular-archives\/","og_locale":"de_DE","og_type":"article","og_title":"LE PANTALON REGULAR - ARCHIVES -","og_description":"Unsere neue REGULAR-Hose ist gerade geschnitten und hat eine hohe Taille. Sie verf\u00fcgt \u00fcber ein einzigartiges Steppdetail an den Taschen, das an unser Regenbogenlogo erinnert. F\u00fcr einen Boyfriend-Look wie Happy Haus Gr\u00fcnderin Sandy, z\u00f6gern Sie nicht, eine Nummer gr\u00f6\u00dfer zu nehmen!  Happy Haus Gr\u00fcnderin Sandy tr\u00e4gt auf dem Foto Gr\u00f6\u00dfe 38 und ist 170 cm gro\u00df. Ihre normale Happy Haus Gr\u00f6\u00dfe ist 36.","og_url":"https:\/\/happyhaus.fr\/de\/produkt\/le-pantalon-regular-archives\/","article_modified_time":"2025-04-29T18:56:14+00:00","og_image":[{"width":683,"height":1024,"url":"https:\/\/happyhaus.fr\/wp-content\/uploads\/2023\/09\/4-683x1024.png","type":"image\/png"}],"twitter_card":"summary_large_image","twitter_misc":{"Gesch\u00e4tzte Lesezeit":"1\u00a0Minute"},"schema":{"@context":"https:\/\/schema.org","@graph":[{"@type":"WebPage","@id":"https:\/\/happyhaus.fr\/de\/produkt\/le-pantalon-regular-archives\/","url":"https:\/\/happyhaus.fr\/de\/produkt\/le-pantalon-regular-archives\/","name":"LE PANTALON REGULAR - ARCHIVES -","isPartOf":{"@id":"https:\/\/happyhaus.fr\/#website"},"primaryImageOfPage":{"@id":"https:\/\/happyhaus.fr\/de\/produkt\/le-pantalon-regular-archives\/#primaryimage"},"image":{"@id":"https:\/\/happyhaus.fr\/de\/produkt\/le-pantalon-regular-archives\/#primaryimage"},"thumbnailUrl":"https:\/\/happyhaus.fr\/wp-content\/uploads\/2023\/09\/4.png","datePublished":"2023-09-01T07:35:56+00:00","dateModified":"2025-04-29T18:56:14+00:00","breadcrumb":{"@id":"https:\/\/happyhaus.fr\/de\/produkt\/le-pantalon-regular-archives\/#breadcrumb"},"inLanguage":"de","potentialAction":[{"@type":"ReadAction","target":["https:\/\/happyhaus.fr\/de\/produkt\/le-pantalon-regular-archives\/"]}]},{"@type":"ImageObject","inLanguage":"de","@id":"https:\/\/happyhaus.fr\/de\/produkt\/le-pantalon-regular-archives\/#primaryimage","url":"https:\/\/happyhaus.fr\/wp-content\/uploads\/2023\/09\/4.png","contentUrl":"https:\/\/happyhaus.fr\/wp-content\/uploads\/2023\/09\/4.png","width":1707,"height":2560},{"@type":"BreadcrumbList","@id":"https:\/\/happyhaus.fr\/de\/produkt\/le-pantalon-regular-archives\/#breadcrumb","itemListElement":[{"@type":"ListItem","position":1,"name":"Accueil","item":"https:\/\/happyhaus.fr\/de\/"},{"@type":"ListItem","position":2,"name":"Priv\u00e9\u00a0: Shop","item":"https:\/\/happyhaus.fr\/?page_id=4438"},{"@type":"ListItem","position":3,"name":"LE PANTALON REGULAR &#8211; ARCHIVES"}]},{"@type":"WebSite","@id":"https:\/\/happyhaus.fr\/#website","url":"https:\/\/happyhaus.fr\/","name":"","description":"","potentialAction":[{"@type":"SearchAction","target":{"@type":"EntryPoint","urlTemplate":"https:\/\/happyhaus.fr\/?s={search_term_string}"},"query-input":"required name=search_term_string"}],"inLanguage":"de"}]}},"_links":{"self":[{"href":"https:\/\/happyhaus.fr\/de\/wp-json\/wp\/v2\/product\/89681"}],"collection":[{"href":"https:\/\/happyhaus.fr\/de\/wp-json\/wp\/v2\/product"}],"about":[{"href":"https:\/\/happyhaus.fr\/de\/wp-json\/wp\/v2\/types\/product"}],"replies":[{"embeddable":true,"href":"https:\/\/happyhaus.fr\/de\/wp-json\/wp\/v2\/comments?post=89681"}],"wp:featuredmedia":[{"embeddable":true,"href":"https:\/\/happyhaus.fr\/de\/wp-json\/wp\/v2\/media\/89718"}],"wp:attachment":[{"href":"https:\/\/happyhaus.fr\/de\/wp-json\/wp\/v2\/media?parent=89681"}],"wp:term":[{"taxonomy":"product_cat","embeddable":true,"href":"https:\/\/happyhaus.fr\/de\/wp-json\/wp\/v2\/product_cat?post=89681"},{"taxonomy":"product_tag","embeddable":true,"href":"https:\/\/happyhaus.fr\/de\/wp-json\/wp\/v2\/product_tag?post=89681"}],"curies":[{"name":"wp","href":"https:\/\/api.w.org\/{rel}","templated":true}]}}