{"id":89386,"date":"2022-07-21T09:23:11","date_gmt":"2023-07-21T07:23:12","guid":{"rendered":"https:\/\/happyhaus.fr\/?post_type=product&#038;p=89386"},"modified":"2023-07-21T11:22:18","modified_gmt":"2023-07-21T09:22:18","slug":"la-robe-chemise-chambray-archives","status":"publish","type":"product","link":"https:\/\/happyhaus.fr\/de\/produkt\/la-robe-chemise-chambray-archives\/","title":{"rendered":"LA ROBE CHEMISE &#8211; Archives"},"content":{"rendered":"<ul>\n<li>Gerader Schnitt<\/li>\n<li>Mittlere Wadenl\u00e4nge<\/li>\n<li>Spitz zulaufender Hemdkragen<\/li>\n<li>Vordereingang mit Holzkn\u00f6pfen<\/li>\n<li>Lange \u00c4rmel mit Gummizug an den Handgelenken<\/li>\n<li>Vier Fronttaschen<\/li>\n<li>100% Baumwolle &#8211; Stoff zertifiziert \u00d6ko Tex Standard 100 &amp; &#8221; DETOX &#8221; &#8211; genehmigt von Greenpeace<\/li>\n<\/ul>\n<p>Herkunft des Stoffes: Italien<\/p>\n<p>Hergestellt in Polen<\/p>\n","protected":false},"excerpt":{"rendered":"<p>Unser Hemdblusenkleid ist ein elegantes Kleid, das eine sehr sch\u00f6ne Silhouette macht. Es kann mit einem Paar Pumps sehr schick aussehen oder im Gegenteil mit einem Paar Sneakers sportlich!<\/p>\n<p>Christelle, unser Model, tr\u00e4gt Gr\u00f6\u00dfe 36. Sie ist 1,71 m gro\u00df.<\/p>\n","protected":false},"featured_media":44637,"comment_status":"closed","ping_status":"closed","template":"","meta":{"_acf_changed":false},"product_cat":[316,231],"product_tag":[335],"acf":[],"yoast_head":"<!-- This site is optimized with the Yoast SEO plugin v22.6 - https:\/\/yoast.com\/wordpress\/plugins\/seo\/ -->\n<title>LA ROBE CHEMISE - Archives -<\/title>\n<meta name=\"robots\" content=\"index, follow, max-snippet:-1, max-image-preview:large, max-video-preview:-1\" \/>\n<link rel=\"canonical\" href=\"https:\/\/happyhaus.fr\/de\/produkt\/la-robe-chemise-chambray-archives\/\" \/>\n<meta property=\"og:locale\" content=\"de_DE\" \/>\n<meta property=\"og:type\" content=\"article\" \/>\n<meta property=\"og:title\" content=\"LA ROBE CHEMISE - Archives -\" \/>\n<meta property=\"og:description\" content=\"Unser Hemdblusenkleid ist ein elegantes Kleid, das eine sehr sch\u00f6ne Silhouette macht. Es kann mit einem Paar Pumps sehr schick aussehen oder im Gegenteil mit einem Paar Sneakers sportlich!  Christelle, unser Model, tr\u00e4gt Gr\u00f6\u00dfe 36. Sie ist 1,71 m gro\u00df.\" \/>\n<meta property=\"og:url\" content=\"https:\/\/happyhaus.fr\/de\/produkt\/la-robe-chemise-chambray-archives\/\" \/>\n<meta property=\"article:modified_time\" content=\"2023-07-21T09:22:18+00:00\" \/>\n<meta property=\"og:image\" content=\"https:\/\/happyhaus.fr\/wp-content\/uploads\/2018\/12\/Plein-pied-face.jpg\" \/>\n\t<meta property=\"og:image:width\" content=\"1470\" \/>\n\t<meta property=\"og:image:height\" content=\"2204\" \/>\n\t<meta property=\"og:image:type\" content=\"image\/jpeg\" \/>\n<meta name=\"twitter:card\" content=\"summary_large_image\" \/>\n<meta name=\"twitter:label1\" content=\"Gesch\u00e4tzte Lesezeit\" \/>\n\t<meta name=\"twitter:data1\" content=\"1\u00a0Minute\" \/>\n<script type=\"application\/ld+json\" class=\"yoast-schema-graph\">{\"@context\":\"https:\/\/schema.org\",\"@graph\":[{\"@type\":\"WebPage\",\"@id\":\"https:\/\/happyhaus.fr\/de\/produkt\/la-robe-chemise-chambray-archives\/\",\"url\":\"https:\/\/happyhaus.fr\/de\/produkt\/la-robe-chemise-chambray-archives\/\",\"name\":\"LA ROBE CHEMISE - Archives -\",\"isPartOf\":{\"@id\":\"https:\/\/happyhaus.fr\/#website\"},\"primaryImageOfPage\":{\"@id\":\"https:\/\/happyhaus.fr\/de\/produkt\/la-robe-chemise-chambray-archives\/#primaryimage\"},\"image\":{\"@id\":\"https:\/\/happyhaus.fr\/de\/produkt\/la-robe-chemise-chambray-archives\/#primaryimage\"},\"thumbnailUrl\":\"https:\/\/happyhaus.fr\/wp-content\/uploads\/2018\/12\/Plein-pied-face.jpg\",\"datePublished\":\"2023-07-21T07:23:12+00:00\",\"dateModified\":\"2023-07-21T09:22:18+00:00\",\"breadcrumb\":{\"@id\":\"https:\/\/happyhaus.fr\/de\/produkt\/la-robe-chemise-chambray-archives\/#breadcrumb\"},\"inLanguage\":\"de\",\"potentialAction\":[{\"@type\":\"ReadAction\",\"target\":[\"https:\/\/happyhaus.fr\/de\/produkt\/la-robe-chemise-chambray-archives\/\"]}]},{\"@type\":\"ImageObject\",\"inLanguage\":\"de\",\"@id\":\"https:\/\/happyhaus.fr\/de\/produkt\/la-robe-chemise-chambray-archives\/#primaryimage\",\"url\":\"https:\/\/happyhaus.fr\/wp-content\/uploads\/2018\/12\/Plein-pied-face.jpg\",\"contentUrl\":\"https:\/\/happyhaus.fr\/wp-content\/uploads\/2018\/12\/Plein-pied-face.jpg\",\"width\":1470,\"height\":2204},{\"@type\":\"BreadcrumbList\",\"@id\":\"https:\/\/happyhaus.fr\/de\/produkt\/la-robe-chemise-chambray-archives\/#breadcrumb\",\"itemListElement\":[{\"@type\":\"ListItem\",\"position\":1,\"name\":\"Accueil\",\"item\":\"https:\/\/happyhaus.fr\/de\/\"},{\"@type\":\"ListItem\",\"position\":2,\"name\":\"Priv\u00e9\u00a0: Shop\",\"item\":\"https:\/\/happyhaus.fr\/?page_id=4438\"},{\"@type\":\"ListItem\",\"position\":3,\"name\":\"LA ROBE CHEMISE &#8211; Archives\"}]},{\"@type\":\"WebSite\",\"@id\":\"https:\/\/happyhaus.fr\/#website\",\"url\":\"https:\/\/happyhaus.fr\/\",\"name\":\"\",\"description\":\"\",\"potentialAction\":[{\"@type\":\"SearchAction\",\"target\":{\"@type\":\"EntryPoint\",\"urlTemplate\":\"https:\/\/happyhaus.fr\/?s={search_term_string}\"},\"query-input\":\"required name=search_term_string\"}],\"inLanguage\":\"de\"}]}<\/script>\n<!-- \/ Yoast SEO plugin. -->","yoast_head_json":{"title":"LA ROBE CHEMISE - Archives -","robots":{"index":"index","follow":"follow","max-snippet":"max-snippet:-1","max-image-preview":"max-image-preview:large","max-video-preview":"max-video-preview:-1"},"canonical":"https:\/\/happyhaus.fr\/de\/produkt\/la-robe-chemise-chambray-archives\/","og_locale":"de_DE","og_type":"article","og_title":"LA ROBE CHEMISE - Archives -","og_description":"Unser Hemdblusenkleid ist ein elegantes Kleid, das eine sehr sch\u00f6ne Silhouette macht. Es kann mit einem Paar Pumps sehr schick aussehen oder im Gegenteil mit einem Paar Sneakers sportlich!  Christelle, unser Model, tr\u00e4gt Gr\u00f6\u00dfe 36. Sie ist 1,71 m gro\u00df.","og_url":"https:\/\/happyhaus.fr\/de\/produkt\/la-robe-chemise-chambray-archives\/","article_modified_time":"2023-07-21T09:22:18+00:00","og_image":[{"width":1470,"height":2204,"url":"https:\/\/happyhaus.fr\/wp-content\/uploads\/2018\/12\/Plein-pied-face.jpg","type":"image\/jpeg"}],"twitter_card":"summary_large_image","twitter_misc":{"Gesch\u00e4tzte Lesezeit":"1\u00a0Minute"},"schema":{"@context":"https:\/\/schema.org","@graph":[{"@type":"WebPage","@id":"https:\/\/happyhaus.fr\/de\/produkt\/la-robe-chemise-chambray-archives\/","url":"https:\/\/happyhaus.fr\/de\/produkt\/la-robe-chemise-chambray-archives\/","name":"LA ROBE CHEMISE - Archives -","isPartOf":{"@id":"https:\/\/happyhaus.fr\/#website"},"primaryImageOfPage":{"@id":"https:\/\/happyhaus.fr\/de\/produkt\/la-robe-chemise-chambray-archives\/#primaryimage"},"image":{"@id":"https:\/\/happyhaus.fr\/de\/produkt\/la-robe-chemise-chambray-archives\/#primaryimage"},"thumbnailUrl":"https:\/\/happyhaus.fr\/wp-content\/uploads\/2018\/12\/Plein-pied-face.jpg","datePublished":"2023-07-21T07:23:12+00:00","dateModified":"2023-07-21T09:22:18+00:00","breadcrumb":{"@id":"https:\/\/happyhaus.fr\/de\/produkt\/la-robe-chemise-chambray-archives\/#breadcrumb"},"inLanguage":"de","potentialAction":[{"@type":"ReadAction","target":["https:\/\/happyhaus.fr\/de\/produkt\/la-robe-chemise-chambray-archives\/"]}]},{"@type":"ImageObject","inLanguage":"de","@id":"https:\/\/happyhaus.fr\/de\/produkt\/la-robe-chemise-chambray-archives\/#primaryimage","url":"https:\/\/happyhaus.fr\/wp-content\/uploads\/2018\/12\/Plein-pied-face.jpg","contentUrl":"https:\/\/happyhaus.fr\/wp-content\/uploads\/2018\/12\/Plein-pied-face.jpg","width":1470,"height":2204},{"@type":"BreadcrumbList","@id":"https:\/\/happyhaus.fr\/de\/produkt\/la-robe-chemise-chambray-archives\/#breadcrumb","itemListElement":[{"@type":"ListItem","position":1,"name":"Accueil","item":"https:\/\/happyhaus.fr\/de\/"},{"@type":"ListItem","position":2,"name":"Priv\u00e9\u00a0: Shop","item":"https:\/\/happyhaus.fr\/?page_id=4438"},{"@type":"ListItem","position":3,"name":"LA ROBE CHEMISE &#8211; Archives"}]},{"@type":"WebSite","@id":"https:\/\/happyhaus.fr\/#website","url":"https:\/\/happyhaus.fr\/","name":"","description":"","potentialAction":[{"@type":"SearchAction","target":{"@type":"EntryPoint","urlTemplate":"https:\/\/happyhaus.fr\/?s={search_term_string}"},"query-input":"required name=search_term_string"}],"inLanguage":"de"}]}},"_links":{"self":[{"href":"https:\/\/happyhaus.fr\/de\/wp-json\/wp\/v2\/product\/89386"}],"collection":[{"href":"https:\/\/happyhaus.fr\/de\/wp-json\/wp\/v2\/product"}],"about":[{"href":"https:\/\/happyhaus.fr\/de\/wp-json\/wp\/v2\/types\/product"}],"replies":[{"embeddable":true,"href":"https:\/\/happyhaus.fr\/de\/wp-json\/wp\/v2\/comments?post=89386"}],"wp:featuredmedia":[{"embeddable":true,"href":"https:\/\/happyhaus.fr\/de\/wp-json\/wp\/v2\/media\/44637"}],"wp:attachment":[{"href":"https:\/\/happyhaus.fr\/de\/wp-json\/wp\/v2\/media?parent=89386"}],"wp:term":[{"taxonomy":"product_cat","embeddable":true,"href":"https:\/\/happyhaus.fr\/de\/wp-json\/wp\/v2\/product_cat?post=89386"},{"taxonomy":"product_tag","embeddable":true,"href":"https:\/\/happyhaus.fr\/de\/wp-json\/wp\/v2\/product_tag?post=89386"}],"curies":[{"name":"wp","href":"https:\/\/api.w.org\/{rel}","templated":true}]}}