{"id":89300,"date":"2022-09-04T11:52:35","date_gmt":"2023-09-04T10:09:38","guid":{"rendered":"https:\/\/happyhaus.fr\/?post_type=product&#038;p=89300"},"modified":"2023-09-04T12:09:38","modified_gmt":"2023-09-04T10:09:38","slug":"la-combinaison-kimono-archives","status":"publish","type":"product","link":"https:\/\/happyhaus.fr\/de\/produkt\/la-combinaison-kimono-archives\/","title":{"rendered":"La Combinaison KIMONO &#8211; Archives"},"content":{"rendered":"<ul>\n<li>V-f\u00f6rmiger Kragen<\/li>\n<li>Verschluss auf der Vorderseite mit Kn\u00f6pfen, die mit Denim \u00fcberzogen sind.<\/li>\n<li>Niedrige Taille<\/li>\n<li>Weite Beine<\/li>\n<li>2 Taschen auf der Vorderseite<\/li>\n<li>Wird mit einem passenden G\u00fcrtel geliefert<\/li>\n<li>Ausgestellte kurze \u00c4rmel<\/li>\n<li>100% Baumwolle, von Greenpeace als &#8220;DETOX&#8221; zertifiziert.<\/li>\n<\/ul>\n<p>Herkunft des Stoffes: Italien<\/p>\n<p>Hergestellt in Polen<\/p>\n","protected":false},"excerpt":{"rendered":"<p>Unser Kimono-Overall geh\u00f6rt zu unseren Archivst\u00fccken. Er ist aus Baumwolle gefertigt und hat einen V-Ausschnitt mit stoffbezogenen Kn\u00f6pfen. Die kurzen \u00c4rmel und die weiten Beine machen ihn zu einem \u00e4u\u00dferst angenehmen Begleiter im Sommer.<\/p>\n<p>Sandy, die Gr\u00fcnderin von Happy Haus, tr\u00e4gt Gr\u00f6\u00dfe 36 und ist 170 cm gro\u00df.<\/p>\n","protected":false},"featured_media":45300,"comment_status":"open","ping_status":"closed","template":"","meta":{"_acf_changed":false},"product_cat":[316],"product_tag":[],"acf":[],"yoast_head":"<!-- This site is optimized with the Yoast SEO plugin v22.6 - https:\/\/yoast.com\/wordpress\/plugins\/seo\/ -->\n<title>La Combinaison KIMONO - Archives -<\/title>\n<meta name=\"robots\" content=\"index, follow, max-snippet:-1, max-image-preview:large, max-video-preview:-1\" \/>\n<link rel=\"canonical\" href=\"https:\/\/happyhaus.fr\/de\/produkt\/la-combinaison-kimono-archives\/\" \/>\n<meta property=\"og:locale\" content=\"de_DE\" \/>\n<meta property=\"og:type\" content=\"article\" \/>\n<meta property=\"og:title\" content=\"La Combinaison KIMONO - Archives -\" \/>\n<meta property=\"og:description\" content=\"Unser Kimono-Overall geh\u00f6rt zu unseren Archivst\u00fccken. Er ist aus Baumwolle gefertigt und hat einen V-Ausschnitt mit stoffbezogenen Kn\u00f6pfen. Die kurzen \u00c4rmel und die weiten Beine machen ihn zu einem \u00e4u\u00dferst angenehmen Begleiter im Sommer.  Sandy, die Gr\u00fcnderin von Happy Haus, tr\u00e4gt Gr\u00f6\u00dfe 36 und ist 170 cm gro\u00df.\" \/>\n<meta property=\"og:url\" content=\"https:\/\/happyhaus.fr\/de\/produkt\/la-combinaison-kimono-archives\/\" \/>\n<meta property=\"og:image\" content=\"https:\/\/happyhaus.fr\/wp-content\/uploads\/2020\/06\/OU1A2674-scaled.jpg\" \/>\n\t<meta property=\"og:image:width\" content=\"1707\" \/>\n\t<meta property=\"og:image:height\" content=\"2560\" \/>\n\t<meta property=\"og:image:type\" content=\"image\/jpeg\" \/>\n<meta name=\"twitter:card\" content=\"summary_large_image\" \/>\n<meta name=\"twitter:label1\" content=\"Gesch\u00e4tzte Lesezeit\" \/>\n\t<meta name=\"twitter:data1\" content=\"1\u00a0Minute\" \/>\n<script type=\"application\/ld+json\" class=\"yoast-schema-graph\">{\"@context\":\"https:\/\/schema.org\",\"@graph\":[{\"@type\":\"WebPage\",\"@id\":\"https:\/\/happyhaus.fr\/de\/produkt\/la-combinaison-kimono-archives\/\",\"url\":\"https:\/\/happyhaus.fr\/de\/produkt\/la-combinaison-kimono-archives\/\",\"name\":\"La Combinaison KIMONO - Archives -\",\"isPartOf\":{\"@id\":\"https:\/\/happyhaus.fr\/#website\"},\"primaryImageOfPage\":{\"@id\":\"https:\/\/happyhaus.fr\/de\/produkt\/la-combinaison-kimono-archives\/#primaryimage\"},\"image\":{\"@id\":\"https:\/\/happyhaus.fr\/de\/produkt\/la-combinaison-kimono-archives\/#primaryimage\"},\"thumbnailUrl\":\"https:\/\/happyhaus.fr\/wp-content\/uploads\/2020\/06\/OU1A2674-scaled.jpg\",\"datePublished\":\"2023-09-04T10:09:38+00:00\",\"dateModified\":\"2023-09-04T10:09:38+00:00\",\"breadcrumb\":{\"@id\":\"https:\/\/happyhaus.fr\/de\/produkt\/la-combinaison-kimono-archives\/#breadcrumb\"},\"inLanguage\":\"de\",\"potentialAction\":[{\"@type\":\"ReadAction\",\"target\":[\"https:\/\/happyhaus.fr\/de\/produkt\/la-combinaison-kimono-archives\/\"]}]},{\"@type\":\"ImageObject\",\"inLanguage\":\"de\",\"@id\":\"https:\/\/happyhaus.fr\/de\/produkt\/la-combinaison-kimono-archives\/#primaryimage\",\"url\":\"https:\/\/happyhaus.fr\/wp-content\/uploads\/2020\/06\/OU1A2674-scaled.jpg\",\"contentUrl\":\"https:\/\/happyhaus.fr\/wp-content\/uploads\/2020\/06\/OU1A2674-scaled.jpg\",\"width\":1707,\"height\":2560},{\"@type\":\"BreadcrumbList\",\"@id\":\"https:\/\/happyhaus.fr\/de\/produkt\/la-combinaison-kimono-archives\/#breadcrumb\",\"itemListElement\":[{\"@type\":\"ListItem\",\"position\":1,\"name\":\"Accueil\",\"item\":\"https:\/\/happyhaus.fr\/de\/\"},{\"@type\":\"ListItem\",\"position\":2,\"name\":\"Priv\u00e9\u00a0: Shop\",\"item\":\"https:\/\/happyhaus.fr\/?page_id=4438\"},{\"@type\":\"ListItem\",\"position\":3,\"name\":\"La Combinaison KIMONO &#8211; Archives\"}]},{\"@type\":\"WebSite\",\"@id\":\"https:\/\/happyhaus.fr\/#website\",\"url\":\"https:\/\/happyhaus.fr\/\",\"name\":\"\",\"description\":\"\",\"potentialAction\":[{\"@type\":\"SearchAction\",\"target\":{\"@type\":\"EntryPoint\",\"urlTemplate\":\"https:\/\/happyhaus.fr\/?s={search_term_string}\"},\"query-input\":\"required name=search_term_string\"}],\"inLanguage\":\"de\"}]}<\/script>\n<!-- \/ Yoast SEO plugin. -->","yoast_head_json":{"title":"La Combinaison KIMONO - Archives -","robots":{"index":"index","follow":"follow","max-snippet":"max-snippet:-1","max-image-preview":"max-image-preview:large","max-video-preview":"max-video-preview:-1"},"canonical":"https:\/\/happyhaus.fr\/de\/produkt\/la-combinaison-kimono-archives\/","og_locale":"de_DE","og_type":"article","og_title":"La Combinaison KIMONO - Archives -","og_description":"Unser Kimono-Overall geh\u00f6rt zu unseren Archivst\u00fccken. Er ist aus Baumwolle gefertigt und hat einen V-Ausschnitt mit stoffbezogenen Kn\u00f6pfen. Die kurzen \u00c4rmel und die weiten Beine machen ihn zu einem \u00e4u\u00dferst angenehmen Begleiter im Sommer.  Sandy, die Gr\u00fcnderin von Happy Haus, tr\u00e4gt Gr\u00f6\u00dfe 36 und ist 170 cm gro\u00df.","og_url":"https:\/\/happyhaus.fr\/de\/produkt\/la-combinaison-kimono-archives\/","og_image":[{"width":1707,"height":2560,"url":"https:\/\/happyhaus.fr\/wp-content\/uploads\/2020\/06\/OU1A2674-scaled.jpg","type":"image\/jpeg"}],"twitter_card":"summary_large_image","twitter_misc":{"Gesch\u00e4tzte Lesezeit":"1\u00a0Minute"},"schema":{"@context":"https:\/\/schema.org","@graph":[{"@type":"WebPage","@id":"https:\/\/happyhaus.fr\/de\/produkt\/la-combinaison-kimono-archives\/","url":"https:\/\/happyhaus.fr\/de\/produkt\/la-combinaison-kimono-archives\/","name":"La Combinaison KIMONO - Archives -","isPartOf":{"@id":"https:\/\/happyhaus.fr\/#website"},"primaryImageOfPage":{"@id":"https:\/\/happyhaus.fr\/de\/produkt\/la-combinaison-kimono-archives\/#primaryimage"},"image":{"@id":"https:\/\/happyhaus.fr\/de\/produkt\/la-combinaison-kimono-archives\/#primaryimage"},"thumbnailUrl":"https:\/\/happyhaus.fr\/wp-content\/uploads\/2020\/06\/OU1A2674-scaled.jpg","datePublished":"2023-09-04T10:09:38+00:00","dateModified":"2023-09-04T10:09:38+00:00","breadcrumb":{"@id":"https:\/\/happyhaus.fr\/de\/produkt\/la-combinaison-kimono-archives\/#breadcrumb"},"inLanguage":"de","potentialAction":[{"@type":"ReadAction","target":["https:\/\/happyhaus.fr\/de\/produkt\/la-combinaison-kimono-archives\/"]}]},{"@type":"ImageObject","inLanguage":"de","@id":"https:\/\/happyhaus.fr\/de\/produkt\/la-combinaison-kimono-archives\/#primaryimage","url":"https:\/\/happyhaus.fr\/wp-content\/uploads\/2020\/06\/OU1A2674-scaled.jpg","contentUrl":"https:\/\/happyhaus.fr\/wp-content\/uploads\/2020\/06\/OU1A2674-scaled.jpg","width":1707,"height":2560},{"@type":"BreadcrumbList","@id":"https:\/\/happyhaus.fr\/de\/produkt\/la-combinaison-kimono-archives\/#breadcrumb","itemListElement":[{"@type":"ListItem","position":1,"name":"Accueil","item":"https:\/\/happyhaus.fr\/de\/"},{"@type":"ListItem","position":2,"name":"Priv\u00e9\u00a0: Shop","item":"https:\/\/happyhaus.fr\/?page_id=4438"},{"@type":"ListItem","position":3,"name":"La Combinaison KIMONO &#8211; Archives"}]},{"@type":"WebSite","@id":"https:\/\/happyhaus.fr\/#website","url":"https:\/\/happyhaus.fr\/","name":"","description":"","potentialAction":[{"@type":"SearchAction","target":{"@type":"EntryPoint","urlTemplate":"https:\/\/happyhaus.fr\/?s={search_term_string}"},"query-input":"required name=search_term_string"}],"inLanguage":"de"}]}},"_links":{"self":[{"href":"https:\/\/happyhaus.fr\/de\/wp-json\/wp\/v2\/product\/89300"}],"collection":[{"href":"https:\/\/happyhaus.fr\/de\/wp-json\/wp\/v2\/product"}],"about":[{"href":"https:\/\/happyhaus.fr\/de\/wp-json\/wp\/v2\/types\/product"}],"replies":[{"embeddable":true,"href":"https:\/\/happyhaus.fr\/de\/wp-json\/wp\/v2\/comments?post=89300"}],"wp:featuredmedia":[{"embeddable":true,"href":"https:\/\/happyhaus.fr\/de\/wp-json\/wp\/v2\/media\/45300"}],"wp:attachment":[{"href":"https:\/\/happyhaus.fr\/de\/wp-json\/wp\/v2\/media?parent=89300"}],"wp:term":[{"taxonomy":"product_cat","embeddable":true,"href":"https:\/\/happyhaus.fr\/de\/wp-json\/wp\/v2\/product_cat?post=89300"},{"taxonomy":"product_tag","embeddable":true,"href":"https:\/\/happyhaus.fr\/de\/wp-json\/wp\/v2\/product_tag?post=89300"}],"curies":[{"name":"wp","href":"https:\/\/api.w.org\/{rel}","templated":true}]}}