{"id":89172,"date":"2022-07-17T09:54:03","date_gmt":"2023-07-17T09:33:46","guid":{"rendered":"https:\/\/happyhaus.fr\/?post_type=product&#038;p=89172"},"modified":"2026-03-09T16:05:25","modified_gmt":"2026-03-09T15:05:25","slug":"la-jupe-pocket","status":"publish","type":"product","link":"https:\/\/happyhaus.fr\/de\/produkt\/la-jupe-pocket\/","title":{"rendered":"La Jupe POCKET &#8211; ARCHIVES"},"content":{"rendered":"<ul>\n<li>Gerader Schnitt<\/li>\n<li>2 gro\u00dfe Fronttaschen<\/li>\n<li>Elastischer Bund<\/li>\n<li>Midi-L\u00e4nge<\/li>\n<li>Falte auf der Vorderseite<\/li>\n<li>Seitenschlitz am unteren Rockteil<\/li>\n<li>100% LEINEN<\/li>\n<\/ul>\n<p>Herkunft des Stoffes: Italien<br \/>\nHergestellt in Polen<\/p>\n","protected":false},"excerpt":{"rendered":"<p>Unser Rock Danah ist eines unserer Archivst\u00fccke. Er hat einen geraden Schnitt, einen elastischen Bund f\u00fcr zus\u00e4tzlichen Komfort und h\u00fcbsche Details wie die kleinen Seitenschlitze.<\/p>\n<p>Bitte beachten Sie: Dieses Modell f\u00e4llt klein aus. Bitte nehmen Sie eine Nummer gr\u00f6\u00dfer als Ihre \u00fcbliche Gr\u00f6\u00dfe f\u00fcr mehr Komfort.<\/p>\n","protected":false},"featured_media":45138,"comment_status":"open","ping_status":"closed","template":"","meta":{"_acf_changed":false},"product_cat":[316,328],"product_tag":[],"acf":[],"yoast_head":"<!-- This site is optimized with the Yoast SEO plugin v22.6 - https:\/\/yoast.com\/wordpress\/plugins\/seo\/ -->\n<title>La Jupe POCKET - ARCHIVES -<\/title>\n<meta name=\"robots\" content=\"index, follow, max-snippet:-1, max-image-preview:large, max-video-preview:-1\" \/>\n<link rel=\"canonical\" href=\"https:\/\/happyhaus.fr\/de\/produkt\/la-jupe-pocket\/\" \/>\n<meta property=\"og:locale\" content=\"de_DE\" \/>\n<meta property=\"og:type\" content=\"article\" \/>\n<meta property=\"og:title\" content=\"La Jupe POCKET - ARCHIVES -\" \/>\n<meta property=\"og:description\" content=\"Unser Rock Danah ist eines unserer Archivst\u00fccke. Er hat einen geraden Schnitt, einen elastischen Bund f\u00fcr zus\u00e4tzlichen Komfort und h\u00fcbsche Details wie die kleinen Seitenschlitze.  Bitte beachten Sie: Dieses Modell f\u00e4llt klein aus. Bitte nehmen Sie eine Nummer gr\u00f6\u00dfer als Ihre \u00fcbliche Gr\u00f6\u00dfe f\u00fcr mehr Komfort.\" \/>\n<meta property=\"og:url\" content=\"https:\/\/happyhaus.fr\/de\/produkt\/la-jupe-pocket\/\" \/>\n<meta property=\"article:modified_time\" content=\"2026-03-09T15:05:25+00:00\" \/>\n<meta property=\"og:image\" content=\"https:\/\/happyhaus.fr\/wp-content\/uploads\/2019\/04\/Jade-Look-26-face-bis.jpg\" \/>\n\t<meta property=\"og:image:width\" content=\"1001\" \/>\n\t<meta property=\"og:image:height\" content=\"1500\" \/>\n\t<meta property=\"og:image:type\" content=\"image\/jpeg\" \/>\n<meta name=\"twitter:card\" content=\"summary_large_image\" \/>\n<meta name=\"twitter:label1\" content=\"Gesch\u00e4tzte Lesezeit\" \/>\n\t<meta name=\"twitter:data1\" content=\"1\u00a0Minute\" \/>\n<script type=\"application\/ld+json\" class=\"yoast-schema-graph\">{\"@context\":\"https:\/\/schema.org\",\"@graph\":[{\"@type\":\"WebPage\",\"@id\":\"https:\/\/happyhaus.fr\/de\/produkt\/la-jupe-pocket\/\",\"url\":\"https:\/\/happyhaus.fr\/de\/produkt\/la-jupe-pocket\/\",\"name\":\"La Jupe POCKET - ARCHIVES -\",\"isPartOf\":{\"@id\":\"https:\/\/happyhaus.fr\/#website\"},\"primaryImageOfPage\":{\"@id\":\"https:\/\/happyhaus.fr\/de\/produkt\/la-jupe-pocket\/#primaryimage\"},\"image\":{\"@id\":\"https:\/\/happyhaus.fr\/de\/produkt\/la-jupe-pocket\/#primaryimage\"},\"thumbnailUrl\":\"https:\/\/happyhaus.fr\/wp-content\/uploads\/2019\/04\/Jade-Look-26-face-bis.jpg\",\"datePublished\":\"2023-07-17T09:33:46+00:00\",\"dateModified\":\"2026-03-09T15:05:25+00:00\",\"breadcrumb\":{\"@id\":\"https:\/\/happyhaus.fr\/de\/produkt\/la-jupe-pocket\/#breadcrumb\"},\"inLanguage\":\"de\",\"potentialAction\":[{\"@type\":\"ReadAction\",\"target\":[\"https:\/\/happyhaus.fr\/de\/produkt\/la-jupe-pocket\/\"]}]},{\"@type\":\"ImageObject\",\"inLanguage\":\"de\",\"@id\":\"https:\/\/happyhaus.fr\/de\/produkt\/la-jupe-pocket\/#primaryimage\",\"url\":\"https:\/\/happyhaus.fr\/wp-content\/uploads\/2019\/04\/Jade-Look-26-face-bis.jpg\",\"contentUrl\":\"https:\/\/happyhaus.fr\/wp-content\/uploads\/2019\/04\/Jade-Look-26-face-bis.jpg\",\"width\":1001,\"height\":1500},{\"@type\":\"BreadcrumbList\",\"@id\":\"https:\/\/happyhaus.fr\/de\/produkt\/la-jupe-pocket\/#breadcrumb\",\"itemListElement\":[{\"@type\":\"ListItem\",\"position\":1,\"name\":\"Accueil\",\"item\":\"https:\/\/happyhaus.fr\/de\/\"},{\"@type\":\"ListItem\",\"position\":2,\"name\":\"Priv\u00e9\u00a0: Shop\",\"item\":\"https:\/\/happyhaus.fr\/?page_id=4438\"},{\"@type\":\"ListItem\",\"position\":3,\"name\":\"La Jupe POCKET &#8211; ARCHIVES\"}]},{\"@type\":\"WebSite\",\"@id\":\"https:\/\/happyhaus.fr\/#website\",\"url\":\"https:\/\/happyhaus.fr\/\",\"name\":\"\",\"description\":\"\",\"potentialAction\":[{\"@type\":\"SearchAction\",\"target\":{\"@type\":\"EntryPoint\",\"urlTemplate\":\"https:\/\/happyhaus.fr\/?s={search_term_string}\"},\"query-input\":\"required name=search_term_string\"}],\"inLanguage\":\"de\"}]}<\/script>\n<!-- \/ Yoast SEO plugin. -->","yoast_head_json":{"title":"La Jupe POCKET - ARCHIVES -","robots":{"index":"index","follow":"follow","max-snippet":"max-snippet:-1","max-image-preview":"max-image-preview:large","max-video-preview":"max-video-preview:-1"},"canonical":"https:\/\/happyhaus.fr\/de\/produkt\/la-jupe-pocket\/","og_locale":"de_DE","og_type":"article","og_title":"La Jupe POCKET - ARCHIVES -","og_description":"Unser Rock Danah ist eines unserer Archivst\u00fccke. Er hat einen geraden Schnitt, einen elastischen Bund f\u00fcr zus\u00e4tzlichen Komfort und h\u00fcbsche Details wie die kleinen Seitenschlitze.  Bitte beachten Sie: Dieses Modell f\u00e4llt klein aus. Bitte nehmen Sie eine Nummer gr\u00f6\u00dfer als Ihre \u00fcbliche Gr\u00f6\u00dfe f\u00fcr mehr Komfort.","og_url":"https:\/\/happyhaus.fr\/de\/produkt\/la-jupe-pocket\/","article_modified_time":"2026-03-09T15:05:25+00:00","og_image":[{"width":1001,"height":1500,"url":"https:\/\/happyhaus.fr\/wp-content\/uploads\/2019\/04\/Jade-Look-26-face-bis.jpg","type":"image\/jpeg"}],"twitter_card":"summary_large_image","twitter_misc":{"Gesch\u00e4tzte Lesezeit":"1\u00a0Minute"},"schema":{"@context":"https:\/\/schema.org","@graph":[{"@type":"WebPage","@id":"https:\/\/happyhaus.fr\/de\/produkt\/la-jupe-pocket\/","url":"https:\/\/happyhaus.fr\/de\/produkt\/la-jupe-pocket\/","name":"La Jupe POCKET - ARCHIVES -","isPartOf":{"@id":"https:\/\/happyhaus.fr\/#website"},"primaryImageOfPage":{"@id":"https:\/\/happyhaus.fr\/de\/produkt\/la-jupe-pocket\/#primaryimage"},"image":{"@id":"https:\/\/happyhaus.fr\/de\/produkt\/la-jupe-pocket\/#primaryimage"},"thumbnailUrl":"https:\/\/happyhaus.fr\/wp-content\/uploads\/2019\/04\/Jade-Look-26-face-bis.jpg","datePublished":"2023-07-17T09:33:46+00:00","dateModified":"2026-03-09T15:05:25+00:00","breadcrumb":{"@id":"https:\/\/happyhaus.fr\/de\/produkt\/la-jupe-pocket\/#breadcrumb"},"inLanguage":"de","potentialAction":[{"@type":"ReadAction","target":["https:\/\/happyhaus.fr\/de\/produkt\/la-jupe-pocket\/"]}]},{"@type":"ImageObject","inLanguage":"de","@id":"https:\/\/happyhaus.fr\/de\/produkt\/la-jupe-pocket\/#primaryimage","url":"https:\/\/happyhaus.fr\/wp-content\/uploads\/2019\/04\/Jade-Look-26-face-bis.jpg","contentUrl":"https:\/\/happyhaus.fr\/wp-content\/uploads\/2019\/04\/Jade-Look-26-face-bis.jpg","width":1001,"height":1500},{"@type":"BreadcrumbList","@id":"https:\/\/happyhaus.fr\/de\/produkt\/la-jupe-pocket\/#breadcrumb","itemListElement":[{"@type":"ListItem","position":1,"name":"Accueil","item":"https:\/\/happyhaus.fr\/de\/"},{"@type":"ListItem","position":2,"name":"Priv\u00e9\u00a0: Shop","item":"https:\/\/happyhaus.fr\/?page_id=4438"},{"@type":"ListItem","position":3,"name":"La Jupe POCKET &#8211; ARCHIVES"}]},{"@type":"WebSite","@id":"https:\/\/happyhaus.fr\/#website","url":"https:\/\/happyhaus.fr\/","name":"","description":"","potentialAction":[{"@type":"SearchAction","target":{"@type":"EntryPoint","urlTemplate":"https:\/\/happyhaus.fr\/?s={search_term_string}"},"query-input":"required name=search_term_string"}],"inLanguage":"de"}]}},"_links":{"self":[{"href":"https:\/\/happyhaus.fr\/de\/wp-json\/wp\/v2\/product\/89172"}],"collection":[{"href":"https:\/\/happyhaus.fr\/de\/wp-json\/wp\/v2\/product"}],"about":[{"href":"https:\/\/happyhaus.fr\/de\/wp-json\/wp\/v2\/types\/product"}],"replies":[{"embeddable":true,"href":"https:\/\/happyhaus.fr\/de\/wp-json\/wp\/v2\/comments?post=89172"}],"wp:featuredmedia":[{"embeddable":true,"href":"https:\/\/happyhaus.fr\/de\/wp-json\/wp\/v2\/media\/45138"}],"wp:attachment":[{"href":"https:\/\/happyhaus.fr\/de\/wp-json\/wp\/v2\/media?parent=89172"}],"wp:term":[{"taxonomy":"product_cat","embeddable":true,"href":"https:\/\/happyhaus.fr\/de\/wp-json\/wp\/v2\/product_cat?post=89172"},{"taxonomy":"product_tag","embeddable":true,"href":"https:\/\/happyhaus.fr\/de\/wp-json\/wp\/v2\/product_tag?post=89172"}],"curies":[{"name":"wp","href":"https:\/\/api.w.org\/{rel}","templated":true}]}}