{"id":89061,"date":"2022-07-13T10:21:34","date_gmt":"2023-07-13T08:21:37","guid":{"rendered":"https:\/\/happyhaus.fr\/?post_type=product&#038;p=89061"},"modified":"2024-02-28T11:14:43","modified_gmt":"2024-02-28T10:14:43","slug":"la-blouse-gaby-archives-banana","status":"publish","type":"product","link":"https:\/\/happyhaus.fr\/de\/produkt\/la-blouse-gaby-archives-banana\/","title":{"rendered":"LA BLOUSE GABY &#8211; Archives"},"content":{"rendered":"<ul>\n<li>Lange \u00c4rmel mit gerafften Details<\/li>\n<li>Rundhalsausschnitt<\/li>\n<li>Tencel und Seide: flie\u00dfendes, leichtes und sehr weiches Material.<\/li>\n<\/ul>\n<p>Herkunft des Stoffes: Italien<br \/>\nHergestellt in Polen<\/p>\n","protected":false},"excerpt":{"rendered":"<p>Unsere GABY-Bluse geh\u00f6rt zu unseren Archivst\u00fccken. Sie wurde aus einer Mischung aus Tencel und Seide gefertigt und ist unvergleichlich leicht und weich. Mit ihren h\u00fcbschen Raffdetails an den \u00c4rmeln und dem Rundhalsausschnitt ist sie perfekt f\u00fcr den Sommer!<\/p>\n<p>Christelle, unser Model, tr\u00e4gt Gr\u00f6\u00dfe 36 und ist 171 cm gro\u00df.<\/p>\n","protected":false},"featured_media":89089,"comment_status":"closed","ping_status":"closed","template":"","meta":{"_acf_changed":false},"product_cat":[312,316,237],"product_tag":[],"acf":[],"yoast_head":"<!-- This site is optimized with the Yoast SEO plugin v22.6 - https:\/\/yoast.com\/wordpress\/plugins\/seo\/ -->\n<title>LA BLOUSE GABY - Archives -<\/title>\n<meta name=\"robots\" content=\"index, follow, max-snippet:-1, max-image-preview:large, max-video-preview:-1\" \/>\n<link rel=\"canonical\" href=\"https:\/\/happyhaus.fr\/de\/produkt\/la-blouse-gaby-archives-banana\/\" \/>\n<meta property=\"og:locale\" content=\"de_DE\" \/>\n<meta property=\"og:type\" content=\"article\" \/>\n<meta property=\"og:title\" content=\"LA BLOUSE GABY - Archives -\" \/>\n<meta property=\"og:description\" content=\"Unsere GABY-Bluse geh\u00f6rt zu unseren Archivst\u00fccken. Sie wurde aus einer Mischung aus Tencel und Seide gefertigt und ist unvergleichlich leicht und weich. Mit ihren h\u00fcbschen Raffdetails an den \u00c4rmeln und dem Rundhalsausschnitt ist sie perfekt f\u00fcr den Sommer!  Christelle, unser Model, tr\u00e4gt Gr\u00f6\u00dfe 36 und ist 171 cm gro\u00df.\" \/>\n<meta property=\"og:url\" content=\"https:\/\/happyhaus.fr\/de\/produkt\/la-blouse-gaby-archives-banana\/\" \/>\n<meta property=\"article:modified_time\" content=\"2024-02-28T10:14:43+00:00\" \/>\n<meta property=\"og:image\" content=\"https:\/\/happyhaus.fr\/wp-content\/uploads\/2023\/07\/1-3-683x1024.png\" \/>\n\t<meta property=\"og:image:width\" content=\"683\" \/>\n\t<meta property=\"og:image:height\" content=\"1024\" \/>\n\t<meta property=\"og:image:type\" content=\"image\/png\" \/>\n<meta name=\"twitter:card\" content=\"summary_large_image\" \/>\n<meta name=\"twitter:label1\" content=\"Gesch\u00e4tzte Lesezeit\" \/>\n\t<meta name=\"twitter:data1\" content=\"1\u00a0Minute\" \/>\n<script type=\"application\/ld+json\" class=\"yoast-schema-graph\">{\"@context\":\"https:\/\/schema.org\",\"@graph\":[{\"@type\":\"WebPage\",\"@id\":\"https:\/\/happyhaus.fr\/de\/produkt\/la-blouse-gaby-archives-banana\/\",\"url\":\"https:\/\/happyhaus.fr\/de\/produkt\/la-blouse-gaby-archives-banana\/\",\"name\":\"LA BLOUSE GABY - Archives -\",\"isPartOf\":{\"@id\":\"https:\/\/happyhaus.fr\/#website\"},\"primaryImageOfPage\":{\"@id\":\"https:\/\/happyhaus.fr\/de\/produkt\/la-blouse-gaby-archives-banana\/#primaryimage\"},\"image\":{\"@id\":\"https:\/\/happyhaus.fr\/de\/produkt\/la-blouse-gaby-archives-banana\/#primaryimage\"},\"thumbnailUrl\":\"https:\/\/happyhaus.fr\/wp-content\/uploads\/2023\/07\/1-3.png\",\"datePublished\":\"2023-07-13T08:21:37+00:00\",\"dateModified\":\"2024-02-28T10:14:43+00:00\",\"breadcrumb\":{\"@id\":\"https:\/\/happyhaus.fr\/de\/produkt\/la-blouse-gaby-archives-banana\/#breadcrumb\"},\"inLanguage\":\"de\",\"potentialAction\":[{\"@type\":\"ReadAction\",\"target\":[\"https:\/\/happyhaus.fr\/de\/produkt\/la-blouse-gaby-archives-banana\/\"]}]},{\"@type\":\"ImageObject\",\"inLanguage\":\"de\",\"@id\":\"https:\/\/happyhaus.fr\/de\/produkt\/la-blouse-gaby-archives-banana\/#primaryimage\",\"url\":\"https:\/\/happyhaus.fr\/wp-content\/uploads\/2023\/07\/1-3.png\",\"contentUrl\":\"https:\/\/happyhaus.fr\/wp-content\/uploads\/2023\/07\/1-3.png\",\"width\":1707,\"height\":2560},{\"@type\":\"BreadcrumbList\",\"@id\":\"https:\/\/happyhaus.fr\/de\/produkt\/la-blouse-gaby-archives-banana\/#breadcrumb\",\"itemListElement\":[{\"@type\":\"ListItem\",\"position\":1,\"name\":\"Accueil\",\"item\":\"https:\/\/happyhaus.fr\/de\/\"},{\"@type\":\"ListItem\",\"position\":2,\"name\":\"Priv\u00e9\u00a0: Shop\",\"item\":\"https:\/\/happyhaus.fr\/?page_id=4438\"},{\"@type\":\"ListItem\",\"position\":3,\"name\":\"LA BLOUSE GABY &#8211; Archives\"}]},{\"@type\":\"WebSite\",\"@id\":\"https:\/\/happyhaus.fr\/#website\",\"url\":\"https:\/\/happyhaus.fr\/\",\"name\":\"\",\"description\":\"\",\"potentialAction\":[{\"@type\":\"SearchAction\",\"target\":{\"@type\":\"EntryPoint\",\"urlTemplate\":\"https:\/\/happyhaus.fr\/?s={search_term_string}\"},\"query-input\":\"required name=search_term_string\"}],\"inLanguage\":\"de\"}]}<\/script>\n<!-- \/ Yoast SEO plugin. -->","yoast_head_json":{"title":"LA BLOUSE GABY - Archives -","robots":{"index":"index","follow":"follow","max-snippet":"max-snippet:-1","max-image-preview":"max-image-preview:large","max-video-preview":"max-video-preview:-1"},"canonical":"https:\/\/happyhaus.fr\/de\/produkt\/la-blouse-gaby-archives-banana\/","og_locale":"de_DE","og_type":"article","og_title":"LA BLOUSE GABY - Archives -","og_description":"Unsere GABY-Bluse geh\u00f6rt zu unseren Archivst\u00fccken. Sie wurde aus einer Mischung aus Tencel und Seide gefertigt und ist unvergleichlich leicht und weich. Mit ihren h\u00fcbschen Raffdetails an den \u00c4rmeln und dem Rundhalsausschnitt ist sie perfekt f\u00fcr den Sommer!  Christelle, unser Model, tr\u00e4gt Gr\u00f6\u00dfe 36 und ist 171 cm gro\u00df.","og_url":"https:\/\/happyhaus.fr\/de\/produkt\/la-blouse-gaby-archives-banana\/","article_modified_time":"2024-02-28T10:14:43+00:00","og_image":[{"width":683,"height":1024,"url":"https:\/\/happyhaus.fr\/wp-content\/uploads\/2023\/07\/1-3-683x1024.png","type":"image\/png"}],"twitter_card":"summary_large_image","twitter_misc":{"Gesch\u00e4tzte Lesezeit":"1\u00a0Minute"},"schema":{"@context":"https:\/\/schema.org","@graph":[{"@type":"WebPage","@id":"https:\/\/happyhaus.fr\/de\/produkt\/la-blouse-gaby-archives-banana\/","url":"https:\/\/happyhaus.fr\/de\/produkt\/la-blouse-gaby-archives-banana\/","name":"LA BLOUSE GABY - Archives -","isPartOf":{"@id":"https:\/\/happyhaus.fr\/#website"},"primaryImageOfPage":{"@id":"https:\/\/happyhaus.fr\/de\/produkt\/la-blouse-gaby-archives-banana\/#primaryimage"},"image":{"@id":"https:\/\/happyhaus.fr\/de\/produkt\/la-blouse-gaby-archives-banana\/#primaryimage"},"thumbnailUrl":"https:\/\/happyhaus.fr\/wp-content\/uploads\/2023\/07\/1-3.png","datePublished":"2023-07-13T08:21:37+00:00","dateModified":"2024-02-28T10:14:43+00:00","breadcrumb":{"@id":"https:\/\/happyhaus.fr\/de\/produkt\/la-blouse-gaby-archives-banana\/#breadcrumb"},"inLanguage":"de","potentialAction":[{"@type":"ReadAction","target":["https:\/\/happyhaus.fr\/de\/produkt\/la-blouse-gaby-archives-banana\/"]}]},{"@type":"ImageObject","inLanguage":"de","@id":"https:\/\/happyhaus.fr\/de\/produkt\/la-blouse-gaby-archives-banana\/#primaryimage","url":"https:\/\/happyhaus.fr\/wp-content\/uploads\/2023\/07\/1-3.png","contentUrl":"https:\/\/happyhaus.fr\/wp-content\/uploads\/2023\/07\/1-3.png","width":1707,"height":2560},{"@type":"BreadcrumbList","@id":"https:\/\/happyhaus.fr\/de\/produkt\/la-blouse-gaby-archives-banana\/#breadcrumb","itemListElement":[{"@type":"ListItem","position":1,"name":"Accueil","item":"https:\/\/happyhaus.fr\/de\/"},{"@type":"ListItem","position":2,"name":"Priv\u00e9\u00a0: Shop","item":"https:\/\/happyhaus.fr\/?page_id=4438"},{"@type":"ListItem","position":3,"name":"LA BLOUSE GABY &#8211; Archives"}]},{"@type":"WebSite","@id":"https:\/\/happyhaus.fr\/#website","url":"https:\/\/happyhaus.fr\/","name":"","description":"","potentialAction":[{"@type":"SearchAction","target":{"@type":"EntryPoint","urlTemplate":"https:\/\/happyhaus.fr\/?s={search_term_string}"},"query-input":"required name=search_term_string"}],"inLanguage":"de"}]}},"_links":{"self":[{"href":"https:\/\/happyhaus.fr\/de\/wp-json\/wp\/v2\/product\/89061"}],"collection":[{"href":"https:\/\/happyhaus.fr\/de\/wp-json\/wp\/v2\/product"}],"about":[{"href":"https:\/\/happyhaus.fr\/de\/wp-json\/wp\/v2\/types\/product"}],"replies":[{"embeddable":true,"href":"https:\/\/happyhaus.fr\/de\/wp-json\/wp\/v2\/comments?post=89061"}],"wp:featuredmedia":[{"embeddable":true,"href":"https:\/\/happyhaus.fr\/de\/wp-json\/wp\/v2\/media\/89089"}],"wp:attachment":[{"href":"https:\/\/happyhaus.fr\/de\/wp-json\/wp\/v2\/media?parent=89061"}],"wp:term":[{"taxonomy":"product_cat","embeddable":true,"href":"https:\/\/happyhaus.fr\/de\/wp-json\/wp\/v2\/product_cat?post=89061"},{"taxonomy":"product_tag","embeddable":true,"href":"https:\/\/happyhaus.fr\/de\/wp-json\/wp\/v2\/product_tag?post=89061"}],"curies":[{"name":"wp","href":"https:\/\/api.w.org\/{rel}","templated":true}]}}