{"id":88507,"date":"2023-07-12T14:15:02","date_gmt":"2023-05-23T13:38:04","guid":{"rendered":"https:\/\/happyhaus.fr\/?post_type=product&#038;p=88507"},"modified":"2025-07-28T16:54:41","modified_gmt":"2025-07-28T14:54:41","slug":"la-combinaison-trompe-loeil-copie","status":"publish","type":"product","link":"https:\/\/happyhaus.fr\/de\/produkt\/la-combinaison-trompe-loeil-copie\/","title":{"rendered":"Le BOB"},"content":{"rendered":"<ul>\n<li>Bob aus gewaschener BW<\/li>\n<li>Unser Logo ist auf der Vorderseite aufgestickt<\/li>\n<li>Abstebbn\u00e4hte in Kontrastfarbe<\/li>\n<li>Vintage Waschung &#8221; 5yrs old &#8220;<\/li>\n<li>Ausgefranster Rand<\/li>\n<li>Gef\u00fcttert : 100% BW<\/li>\n<li>80% Coton 20% recycelt.<\/li>\n<\/ul>\n<p>Denim made in Italie.<\/p>\n<p>Made in Tunisia.<\/p>\n","protected":false},"excerpt":{"rendered":"<p>Diese Kombination zeichnet sich durch den illusorischen Effekt eines in eine Hose gesteckten Hemdes aus. Er zeichnet die Silhouette auf elegante Weise, aber es liegt an Ihnen, ihn an Ihren Stil anzupassen! Ob l\u00e4ssig oder schick, diese Kombination wird sich Ihrem Stil je nach Jahreszeit anpassen: offen \u00fcber einem Tanktop mit Turnschuhen im Sommer oder mit einer Jacke und Ihren Lieblingsboots im Winter!<\/p>\n<p>Die neue &#8220;5 years old&#8221;-Waschung verleiht dem Teil einen abgenutzten und rockigen Effekt. Wir bei Happy Haus sind Fans!<\/p>\n<p>Sandy, die Gr\u00fcnderin von Happy Haus, tr\u00e4gt Gr\u00f6\u00dfe 36. Sie ist 170 cm gro\u00df.<\/p>\n","protected":false},"featured_media":88877,"comment_status":"open","ping_status":"closed","template":"","meta":{"_acf_changed":false},"product_cat":[231,404],"product_tag":[],"acf":[],"yoast_head":"<!-- This site is optimized with the Yoast SEO plugin v22.6 - https:\/\/yoast.com\/wordpress\/plugins\/seo\/ -->\n<title>Le BOB -<\/title>\n<meta name=\"robots\" content=\"index, follow, max-snippet:-1, max-image-preview:large, max-video-preview:-1\" \/>\n<link rel=\"canonical\" href=\"https:\/\/happyhaus.fr\/de\/produkt\/la-combinaison-trompe-loeil-copie\/\" \/>\n<meta property=\"og:locale\" content=\"de_DE\" \/>\n<meta property=\"og:type\" content=\"article\" \/>\n<meta property=\"og:title\" content=\"Le BOB -\" \/>\n<meta property=\"og:description\" content=\"Diese Kombination zeichnet sich durch den illusorischen Effekt eines in eine Hose gesteckten Hemdes aus. Er zeichnet die Silhouette auf elegante Weise, aber es liegt an Ihnen, ihn an Ihren Stil anzupassen! Ob l\u00e4ssig oder schick, diese Kombination wird sich Ihrem Stil je nach Jahreszeit anpassen: offen \u00fcber einem Tanktop mit Turnschuhen im Sommer oder mit einer Jacke und Ihren Lieblingsboots im Winter!  Die neue &quot;5 years old&quot;-Waschung verleiht dem Teil einen abgenutzten und rockigen Effekt. Wir bei Happy Haus sind Fans!  Sandy, die Gr\u00fcnderin von Happy Haus, tr\u00e4gt Gr\u00f6\u00dfe 36. Sie ist 170 cm gro\u00df.\" \/>\n<meta property=\"og:url\" content=\"https:\/\/happyhaus.fr\/de\/produkt\/la-combinaison-trompe-loeil-copie\/\" \/>\n<meta property=\"article:modified_time\" content=\"2025-07-28T14:54:41+00:00\" \/>\n<meta property=\"og:image\" content=\"https:\/\/happyhaus.fr\/wp-content\/uploads\/2023\/05\/3-683x1024.png\" \/>\n\t<meta property=\"og:image:width\" content=\"683\" \/>\n\t<meta property=\"og:image:height\" content=\"1024\" \/>\n\t<meta property=\"og:image:type\" content=\"image\/png\" \/>\n<meta name=\"twitter:card\" content=\"summary_large_image\" \/>\n<meta name=\"twitter:label1\" content=\"Gesch\u00e4tzte Lesezeit\" \/>\n\t<meta name=\"twitter:data1\" content=\"1\u00a0Minute\" \/>\n<script type=\"application\/ld+json\" class=\"yoast-schema-graph\">{\"@context\":\"https:\/\/schema.org\",\"@graph\":[{\"@type\":\"WebPage\",\"@id\":\"https:\/\/happyhaus.fr\/de\/produkt\/la-combinaison-trompe-loeil-copie\/\",\"url\":\"https:\/\/happyhaus.fr\/de\/produkt\/la-combinaison-trompe-loeil-copie\/\",\"name\":\"Le BOB -\",\"isPartOf\":{\"@id\":\"https:\/\/happyhaus.fr\/#website\"},\"primaryImageOfPage\":{\"@id\":\"https:\/\/happyhaus.fr\/de\/produkt\/la-combinaison-trompe-loeil-copie\/#primaryimage\"},\"image\":{\"@id\":\"https:\/\/happyhaus.fr\/de\/produkt\/la-combinaison-trompe-loeil-copie\/#primaryimage\"},\"thumbnailUrl\":\"https:\/\/happyhaus.fr\/wp-content\/uploads\/2023\/05\/3.png\",\"datePublished\":\"2023-05-23T13:38:04+00:00\",\"dateModified\":\"2025-07-28T14:54:41+00:00\",\"breadcrumb\":{\"@id\":\"https:\/\/happyhaus.fr\/de\/produkt\/la-combinaison-trompe-loeil-copie\/#breadcrumb\"},\"inLanguage\":\"de\",\"potentialAction\":[{\"@type\":\"ReadAction\",\"target\":[\"https:\/\/happyhaus.fr\/de\/produkt\/la-combinaison-trompe-loeil-copie\/\"]}]},{\"@type\":\"ImageObject\",\"inLanguage\":\"de\",\"@id\":\"https:\/\/happyhaus.fr\/de\/produkt\/la-combinaison-trompe-loeil-copie\/#primaryimage\",\"url\":\"https:\/\/happyhaus.fr\/wp-content\/uploads\/2023\/05\/3.png\",\"contentUrl\":\"https:\/\/happyhaus.fr\/wp-content\/uploads\/2023\/05\/3.png\",\"width\":1707,\"height\":2560},{\"@type\":\"BreadcrumbList\",\"@id\":\"https:\/\/happyhaus.fr\/de\/produkt\/la-combinaison-trompe-loeil-copie\/#breadcrumb\",\"itemListElement\":[{\"@type\":\"ListItem\",\"position\":1,\"name\":\"Accueil\",\"item\":\"https:\/\/happyhaus.fr\/de\/\"},{\"@type\":\"ListItem\",\"position\":2,\"name\":\"Priv\u00e9\u00a0: Shop\",\"item\":\"https:\/\/happyhaus.fr\/?page_id=4438\"},{\"@type\":\"ListItem\",\"position\":3,\"name\":\"Le BOB\"}]},{\"@type\":\"WebSite\",\"@id\":\"https:\/\/happyhaus.fr\/#website\",\"url\":\"https:\/\/happyhaus.fr\/\",\"name\":\"\",\"description\":\"\",\"potentialAction\":[{\"@type\":\"SearchAction\",\"target\":{\"@type\":\"EntryPoint\",\"urlTemplate\":\"https:\/\/happyhaus.fr\/?s={search_term_string}\"},\"query-input\":\"required name=search_term_string\"}],\"inLanguage\":\"de\"}]}<\/script>\n<!-- \/ Yoast SEO plugin. -->","yoast_head_json":{"title":"Le BOB -","robots":{"index":"index","follow":"follow","max-snippet":"max-snippet:-1","max-image-preview":"max-image-preview:large","max-video-preview":"max-video-preview:-1"},"canonical":"https:\/\/happyhaus.fr\/de\/produkt\/la-combinaison-trompe-loeil-copie\/","og_locale":"de_DE","og_type":"article","og_title":"Le BOB -","og_description":"Diese Kombination zeichnet sich durch den illusorischen Effekt eines in eine Hose gesteckten Hemdes aus. Er zeichnet die Silhouette auf elegante Weise, aber es liegt an Ihnen, ihn an Ihren Stil anzupassen! Ob l\u00e4ssig oder schick, diese Kombination wird sich Ihrem Stil je nach Jahreszeit anpassen: offen \u00fcber einem Tanktop mit Turnschuhen im Sommer oder mit einer Jacke und Ihren Lieblingsboots im Winter!  Die neue \"5 years old\"-Waschung verleiht dem Teil einen abgenutzten und rockigen Effekt. Wir bei Happy Haus sind Fans!  Sandy, die Gr\u00fcnderin von Happy Haus, tr\u00e4gt Gr\u00f6\u00dfe 36. Sie ist 170 cm gro\u00df.","og_url":"https:\/\/happyhaus.fr\/de\/produkt\/la-combinaison-trompe-loeil-copie\/","article_modified_time":"2025-07-28T14:54:41+00:00","og_image":[{"width":683,"height":1024,"url":"https:\/\/happyhaus.fr\/wp-content\/uploads\/2023\/05\/3-683x1024.png","type":"image\/png"}],"twitter_card":"summary_large_image","twitter_misc":{"Gesch\u00e4tzte Lesezeit":"1\u00a0Minute"},"schema":{"@context":"https:\/\/schema.org","@graph":[{"@type":"WebPage","@id":"https:\/\/happyhaus.fr\/de\/produkt\/la-combinaison-trompe-loeil-copie\/","url":"https:\/\/happyhaus.fr\/de\/produkt\/la-combinaison-trompe-loeil-copie\/","name":"Le BOB -","isPartOf":{"@id":"https:\/\/happyhaus.fr\/#website"},"primaryImageOfPage":{"@id":"https:\/\/happyhaus.fr\/de\/produkt\/la-combinaison-trompe-loeil-copie\/#primaryimage"},"image":{"@id":"https:\/\/happyhaus.fr\/de\/produkt\/la-combinaison-trompe-loeil-copie\/#primaryimage"},"thumbnailUrl":"https:\/\/happyhaus.fr\/wp-content\/uploads\/2023\/05\/3.png","datePublished":"2023-05-23T13:38:04+00:00","dateModified":"2025-07-28T14:54:41+00:00","breadcrumb":{"@id":"https:\/\/happyhaus.fr\/de\/produkt\/la-combinaison-trompe-loeil-copie\/#breadcrumb"},"inLanguage":"de","potentialAction":[{"@type":"ReadAction","target":["https:\/\/happyhaus.fr\/de\/produkt\/la-combinaison-trompe-loeil-copie\/"]}]},{"@type":"ImageObject","inLanguage":"de","@id":"https:\/\/happyhaus.fr\/de\/produkt\/la-combinaison-trompe-loeil-copie\/#primaryimage","url":"https:\/\/happyhaus.fr\/wp-content\/uploads\/2023\/05\/3.png","contentUrl":"https:\/\/happyhaus.fr\/wp-content\/uploads\/2023\/05\/3.png","width":1707,"height":2560},{"@type":"BreadcrumbList","@id":"https:\/\/happyhaus.fr\/de\/produkt\/la-combinaison-trompe-loeil-copie\/#breadcrumb","itemListElement":[{"@type":"ListItem","position":1,"name":"Accueil","item":"https:\/\/happyhaus.fr\/de\/"},{"@type":"ListItem","position":2,"name":"Priv\u00e9\u00a0: Shop","item":"https:\/\/happyhaus.fr\/?page_id=4438"},{"@type":"ListItem","position":3,"name":"Le BOB"}]},{"@type":"WebSite","@id":"https:\/\/happyhaus.fr\/#website","url":"https:\/\/happyhaus.fr\/","name":"","description":"","potentialAction":[{"@type":"SearchAction","target":{"@type":"EntryPoint","urlTemplate":"https:\/\/happyhaus.fr\/?s={search_term_string}"},"query-input":"required name=search_term_string"}],"inLanguage":"de"}]}},"_links":{"self":[{"href":"https:\/\/happyhaus.fr\/de\/wp-json\/wp\/v2\/product\/88507"}],"collection":[{"href":"https:\/\/happyhaus.fr\/de\/wp-json\/wp\/v2\/product"}],"about":[{"href":"https:\/\/happyhaus.fr\/de\/wp-json\/wp\/v2\/types\/product"}],"replies":[{"embeddable":true,"href":"https:\/\/happyhaus.fr\/de\/wp-json\/wp\/v2\/comments?post=88507"}],"wp:featuredmedia":[{"embeddable":true,"href":"https:\/\/happyhaus.fr\/de\/wp-json\/wp\/v2\/media\/88877"}],"wp:attachment":[{"href":"https:\/\/happyhaus.fr\/de\/wp-json\/wp\/v2\/media?parent=88507"}],"wp:term":[{"taxonomy":"product_cat","embeddable":true,"href":"https:\/\/happyhaus.fr\/de\/wp-json\/wp\/v2\/product_cat?post=88507"},{"taxonomy":"product_tag","embeddable":true,"href":"https:\/\/happyhaus.fr\/de\/wp-json\/wp\/v2\/product_tag?post=88507"}],"curies":[{"name":"wp","href":"https:\/\/api.w.org\/{rel}","templated":true}]}}