{"id":88211,"date":"2023-04-20T12:45:45","date_gmt":"2023-04-20T10:45:47","guid":{"rendered":"https:\/\/happyhaus.fr\/?post_type=product&#038;p=88211"},"modified":"2025-02-05T17:34:27","modified_gmt":"2025-02-05T16:34:27","slug":"la-robe-debardeur-lieferzeit-ist-3-wochen-banana","status":"publish","type":"product","link":"https:\/\/happyhaus.fr\/de\/produkt\/la-robe-debardeur-lieferzeit-ist-3-wochen-banana\/","title":{"rendered":"LA ROBE DEBARDEUR &#8211; ARCHIVES"},"content":{"rendered":"<ul>\n<li class=\"p1\">Ausgestellter Schnitt<\/li>\n<li class=\"p1\">Mittlere Wadenl\u00e4nge<\/li>\n<li class=\"p1\">Verstellbarer Kragen mit Kordel<\/li>\n<li class=\"p1\">Seitentaschen mit Rundhalsausschnitt<\/li>\n<li class=\"p1\">Reissverschluss in der Seitennaht<\/li>\n<li class=\"p1\">50% Leinen 50% Baumwolle<\/li>\n<\/ul>\n<p>Herkunft des Stoffes: Italien<br \/>\nHergestellt in Tunesien<\/p>\n","protected":false},"excerpt":{"rendered":"<p>Dieses Kleid ist aus gef\u00e4rbtem Leinen &amp; Baumwolle gefertigt. Es hat einen ausgestellten Schnitt, der auf die Mitte der Wade f\u00e4llt, verstellbar mit Kordel am Kragen.<\/p>\n<p>Sabine die Besitzerin der AIE Boutique in K\u00f6ln tr\u00e4gt die Gr\u00f6\u00dfe 36, sie ist 1,68 cm gross. Sie tr\u00e4gt das Kleid eine Gr\u00f6sse gr\u00f6sser.<\/p>\n<p>&nbsp;<\/p>\n","protected":false},"featured_media":88226,"comment_status":"closed","ping_status":"closed","template":"","meta":{"_acf_changed":false},"product_cat":[312,316,231,233],"product_tag":[],"acf":[],"yoast_head":"<!-- This site is optimized with the Yoast SEO plugin v22.6 - https:\/\/yoast.com\/wordpress\/plugins\/seo\/ -->\n<title>LA ROBE DEBARDEUR - ARCHIVES -<\/title>\n<meta name=\"robots\" content=\"index, follow, max-snippet:-1, max-image-preview:large, max-video-preview:-1\" \/>\n<link rel=\"canonical\" href=\"https:\/\/happyhaus.fr\/de\/produkt\/la-robe-debardeur-lieferzeit-ist-3-wochen-banana\/\" \/>\n<meta property=\"og:locale\" content=\"de_DE\" \/>\n<meta property=\"og:type\" content=\"article\" \/>\n<meta property=\"og:title\" content=\"LA ROBE DEBARDEUR - ARCHIVES -\" \/>\n<meta property=\"og:description\" content=\"Dieses Kleid ist aus gef\u00e4rbtem Leinen &amp; Baumwolle gefertigt. Es hat einen ausgestellten Schnitt, der auf die Mitte der Wade f\u00e4llt, verstellbar mit Kordel am Kragen.  Sabine die Besitzerin der AIE Boutique in K\u00f6ln tr\u00e4gt die Gr\u00f6\u00dfe 36, sie ist 1,68 cm gross. Sie tr\u00e4gt das Kleid eine Gr\u00f6sse gr\u00f6sser.  &nbsp;\" \/>\n<meta property=\"og:url\" content=\"https:\/\/happyhaus.fr\/de\/produkt\/la-robe-debardeur-lieferzeit-ist-3-wochen-banana\/\" \/>\n<meta property=\"article:modified_time\" content=\"2025-02-05T16:34:27+00:00\" \/>\n<meta property=\"og:image\" content=\"https:\/\/happyhaus.fr\/wp-content\/uploads\/2023\/04\/Jupe-Cecilie-Kids-DOS-683x1024.png\" \/>\n\t<meta property=\"og:image:width\" content=\"683\" \/>\n\t<meta property=\"og:image:height\" content=\"1024\" \/>\n\t<meta property=\"og:image:type\" content=\"image\/png\" \/>\n<meta name=\"twitter:card\" content=\"summary_large_image\" \/>\n<meta name=\"twitter:label1\" content=\"Gesch\u00e4tzte Lesezeit\" \/>\n\t<meta name=\"twitter:data1\" content=\"1\u00a0Minute\" \/>\n<script type=\"application\/ld+json\" class=\"yoast-schema-graph\">{\"@context\":\"https:\/\/schema.org\",\"@graph\":[{\"@type\":\"WebPage\",\"@id\":\"https:\/\/happyhaus.fr\/de\/produkt\/la-robe-debardeur-lieferzeit-ist-3-wochen-banana\/\",\"url\":\"https:\/\/happyhaus.fr\/de\/produkt\/la-robe-debardeur-lieferzeit-ist-3-wochen-banana\/\",\"name\":\"LA ROBE DEBARDEUR - ARCHIVES -\",\"isPartOf\":{\"@id\":\"https:\/\/happyhaus.fr\/#website\"},\"primaryImageOfPage\":{\"@id\":\"https:\/\/happyhaus.fr\/de\/produkt\/la-robe-debardeur-lieferzeit-ist-3-wochen-banana\/#primaryimage\"},\"image\":{\"@id\":\"https:\/\/happyhaus.fr\/de\/produkt\/la-robe-debardeur-lieferzeit-ist-3-wochen-banana\/#primaryimage\"},\"thumbnailUrl\":\"https:\/\/happyhaus.fr\/wp-content\/uploads\/2023\/04\/Jupe-Cecilie-Kids-DOS.png\",\"datePublished\":\"2023-04-20T10:45:47+00:00\",\"dateModified\":\"2025-02-05T16:34:27+00:00\",\"breadcrumb\":{\"@id\":\"https:\/\/happyhaus.fr\/de\/produkt\/la-robe-debardeur-lieferzeit-ist-3-wochen-banana\/#breadcrumb\"},\"inLanguage\":\"de\",\"potentialAction\":[{\"@type\":\"ReadAction\",\"target\":[\"https:\/\/happyhaus.fr\/de\/produkt\/la-robe-debardeur-lieferzeit-ist-3-wochen-banana\/\"]}]},{\"@type\":\"ImageObject\",\"inLanguage\":\"de\",\"@id\":\"https:\/\/happyhaus.fr\/de\/produkt\/la-robe-debardeur-lieferzeit-ist-3-wochen-banana\/#primaryimage\",\"url\":\"https:\/\/happyhaus.fr\/wp-content\/uploads\/2023\/04\/Jupe-Cecilie-Kids-DOS.png\",\"contentUrl\":\"https:\/\/happyhaus.fr\/wp-content\/uploads\/2023\/04\/Jupe-Cecilie-Kids-DOS.png\",\"width\":1707,\"height\":2560},{\"@type\":\"BreadcrumbList\",\"@id\":\"https:\/\/happyhaus.fr\/de\/produkt\/la-robe-debardeur-lieferzeit-ist-3-wochen-banana\/#breadcrumb\",\"itemListElement\":[{\"@type\":\"ListItem\",\"position\":1,\"name\":\"Accueil\",\"item\":\"https:\/\/happyhaus.fr\/de\/\"},{\"@type\":\"ListItem\",\"position\":2,\"name\":\"Priv\u00e9\u00a0: Shop\",\"item\":\"https:\/\/happyhaus.fr\/?page_id=4438\"},{\"@type\":\"ListItem\",\"position\":3,\"name\":\"LA ROBE DEBARDEUR &#8211; ARCHIVES\"}]},{\"@type\":\"WebSite\",\"@id\":\"https:\/\/happyhaus.fr\/#website\",\"url\":\"https:\/\/happyhaus.fr\/\",\"name\":\"\",\"description\":\"\",\"potentialAction\":[{\"@type\":\"SearchAction\",\"target\":{\"@type\":\"EntryPoint\",\"urlTemplate\":\"https:\/\/happyhaus.fr\/?s={search_term_string}\"},\"query-input\":\"required name=search_term_string\"}],\"inLanguage\":\"de\"}]}<\/script>\n<!-- \/ Yoast SEO plugin. -->","yoast_head_json":{"title":"LA ROBE DEBARDEUR - ARCHIVES -","robots":{"index":"index","follow":"follow","max-snippet":"max-snippet:-1","max-image-preview":"max-image-preview:large","max-video-preview":"max-video-preview:-1"},"canonical":"https:\/\/happyhaus.fr\/de\/produkt\/la-robe-debardeur-lieferzeit-ist-3-wochen-banana\/","og_locale":"de_DE","og_type":"article","og_title":"LA ROBE DEBARDEUR - ARCHIVES -","og_description":"Dieses Kleid ist aus gef\u00e4rbtem Leinen &amp; Baumwolle gefertigt. Es hat einen ausgestellten Schnitt, der auf die Mitte der Wade f\u00e4llt, verstellbar mit Kordel am Kragen.  Sabine die Besitzerin der AIE Boutique in K\u00f6ln tr\u00e4gt die Gr\u00f6\u00dfe 36, sie ist 1,68 cm gross. Sie tr\u00e4gt das Kleid eine Gr\u00f6sse gr\u00f6sser.  &nbsp;","og_url":"https:\/\/happyhaus.fr\/de\/produkt\/la-robe-debardeur-lieferzeit-ist-3-wochen-banana\/","article_modified_time":"2025-02-05T16:34:27+00:00","og_image":[{"width":683,"height":1024,"url":"https:\/\/happyhaus.fr\/wp-content\/uploads\/2023\/04\/Jupe-Cecilie-Kids-DOS-683x1024.png","type":"image\/png"}],"twitter_card":"summary_large_image","twitter_misc":{"Gesch\u00e4tzte Lesezeit":"1\u00a0Minute"},"schema":{"@context":"https:\/\/schema.org","@graph":[{"@type":"WebPage","@id":"https:\/\/happyhaus.fr\/de\/produkt\/la-robe-debardeur-lieferzeit-ist-3-wochen-banana\/","url":"https:\/\/happyhaus.fr\/de\/produkt\/la-robe-debardeur-lieferzeit-ist-3-wochen-banana\/","name":"LA ROBE DEBARDEUR - ARCHIVES -","isPartOf":{"@id":"https:\/\/happyhaus.fr\/#website"},"primaryImageOfPage":{"@id":"https:\/\/happyhaus.fr\/de\/produkt\/la-robe-debardeur-lieferzeit-ist-3-wochen-banana\/#primaryimage"},"image":{"@id":"https:\/\/happyhaus.fr\/de\/produkt\/la-robe-debardeur-lieferzeit-ist-3-wochen-banana\/#primaryimage"},"thumbnailUrl":"https:\/\/happyhaus.fr\/wp-content\/uploads\/2023\/04\/Jupe-Cecilie-Kids-DOS.png","datePublished":"2023-04-20T10:45:47+00:00","dateModified":"2025-02-05T16:34:27+00:00","breadcrumb":{"@id":"https:\/\/happyhaus.fr\/de\/produkt\/la-robe-debardeur-lieferzeit-ist-3-wochen-banana\/#breadcrumb"},"inLanguage":"de","potentialAction":[{"@type":"ReadAction","target":["https:\/\/happyhaus.fr\/de\/produkt\/la-robe-debardeur-lieferzeit-ist-3-wochen-banana\/"]}]},{"@type":"ImageObject","inLanguage":"de","@id":"https:\/\/happyhaus.fr\/de\/produkt\/la-robe-debardeur-lieferzeit-ist-3-wochen-banana\/#primaryimage","url":"https:\/\/happyhaus.fr\/wp-content\/uploads\/2023\/04\/Jupe-Cecilie-Kids-DOS.png","contentUrl":"https:\/\/happyhaus.fr\/wp-content\/uploads\/2023\/04\/Jupe-Cecilie-Kids-DOS.png","width":1707,"height":2560},{"@type":"BreadcrumbList","@id":"https:\/\/happyhaus.fr\/de\/produkt\/la-robe-debardeur-lieferzeit-ist-3-wochen-banana\/#breadcrumb","itemListElement":[{"@type":"ListItem","position":1,"name":"Accueil","item":"https:\/\/happyhaus.fr\/de\/"},{"@type":"ListItem","position":2,"name":"Priv\u00e9\u00a0: Shop","item":"https:\/\/happyhaus.fr\/?page_id=4438"},{"@type":"ListItem","position":3,"name":"LA ROBE DEBARDEUR &#8211; ARCHIVES"}]},{"@type":"WebSite","@id":"https:\/\/happyhaus.fr\/#website","url":"https:\/\/happyhaus.fr\/","name":"","description":"","potentialAction":[{"@type":"SearchAction","target":{"@type":"EntryPoint","urlTemplate":"https:\/\/happyhaus.fr\/?s={search_term_string}"},"query-input":"required name=search_term_string"}],"inLanguage":"de"}]}},"_links":{"self":[{"href":"https:\/\/happyhaus.fr\/de\/wp-json\/wp\/v2\/product\/88211"}],"collection":[{"href":"https:\/\/happyhaus.fr\/de\/wp-json\/wp\/v2\/product"}],"about":[{"href":"https:\/\/happyhaus.fr\/de\/wp-json\/wp\/v2\/types\/product"}],"replies":[{"embeddable":true,"href":"https:\/\/happyhaus.fr\/de\/wp-json\/wp\/v2\/comments?post=88211"}],"wp:featuredmedia":[{"embeddable":true,"href":"https:\/\/happyhaus.fr\/de\/wp-json\/wp\/v2\/media\/88226"}],"wp:attachment":[{"href":"https:\/\/happyhaus.fr\/de\/wp-json\/wp\/v2\/media?parent=88211"}],"wp:term":[{"taxonomy":"product_cat","embeddable":true,"href":"https:\/\/happyhaus.fr\/de\/wp-json\/wp\/v2\/product_cat?post=88211"},{"taxonomy":"product_tag","embeddable":true,"href":"https:\/\/happyhaus.fr\/de\/wp-json\/wp\/v2\/product_tag?post=88211"}],"curies":[{"name":"wp","href":"https:\/\/api.w.org\/{rel}","templated":true}]}}