{"id":88122,"date":"2025-02-05T14:00:15","date_gmt":"2023-04-14T14:04:17","guid":{"rendered":"https:\/\/happyhaus.fr\/?post_type=product&#038;p=88122"},"modified":"2025-12-09T09:07:10","modified_gmt":"2025-12-09T08:07:10","slug":"la-jupe-jacinthe-5years","status":"publish","type":"product","link":"https:\/\/happyhaus.fr\/de\/produkt\/la-jupe-jacinthe-5years\/","title":{"rendered":"LA JUPE JACINTHE"},"content":{"rendered":"<ul>\n<li class=\"p1\">Ausgestellter Schnitt<\/li>\n<li class=\"p1\">5 Taschen<\/li>\n<li class=\"p1\">Ges\u00e4\u00dftasche in Blumenform<\/li>\n<li class=\"p1\">Gefranste Kanten<\/li>\n<li class=\"p1\">20% recycelte Baumwolle 80% Baumwolle<\/li>\n<\/ul>\n<p class=\"p1\">Herkunft des Stoffes: Italien<br \/>\nHergestellt in Tunesien<\/p>\n","protected":false},"excerpt":{"rendered":"<p class=\"p1\">Dieser Jeansrock ist aus einem dicken Stoff aus recycelter Baumwolle gefertigt. Er ist sehr lang und f\u00e4llt bis zu den Kn\u00f6cheln, mit einem h\u00fcbschen Taschendetail in Form einer Blume auf der R\u00fcckseite. Es ist ein St\u00fcck mit Charakter, das in seiner Umgebung immer Eindruck macht, wenn man es tr\u00e4gt.<\/p>\n<p class=\"p1\">Sandy, die Gr\u00fcnderin von Happy Haus, tr\u00e4gt Gr\u00f6\u00dfe 36. Sie ist 170,00 cm \/ 5&#8221;6&#8242;<\/p>\n","protected":false},"featured_media":88153,"comment_status":"closed","ping_status":"closed","template":"","meta":{"_acf_changed":false},"product_cat":[312,231,315,328],"product_tag":[335],"acf":[],"yoast_head":"<!-- This site is optimized with the Yoast SEO plugin v22.6 - https:\/\/yoast.com\/wordpress\/plugins\/seo\/ -->\n<title>LA JUPE JACINTHE -<\/title>\n<meta name=\"robots\" content=\"index, follow, max-snippet:-1, max-image-preview:large, max-video-preview:-1\" \/>\n<link rel=\"canonical\" href=\"https:\/\/happyhaus.fr\/de\/produkt\/la-jupe-jacinthe-5years\/\" \/>\n<meta property=\"og:locale\" content=\"de_DE\" \/>\n<meta property=\"og:type\" content=\"article\" \/>\n<meta property=\"og:title\" content=\"LA JUPE JACINTHE -\" \/>\n<meta property=\"og:description\" content=\"Dieser Jeansrock ist aus einem dicken Stoff aus recycelter Baumwolle gefertigt. Er ist sehr lang und f\u00e4llt bis zu den Kn\u00f6cheln, mit einem h\u00fcbschen Taschendetail in Form einer Blume auf der R\u00fcckseite. Es ist ein St\u00fcck mit Charakter, das in seiner Umgebung immer Eindruck macht, wenn man es tr\u00e4gt. Sandy, die Gr\u00fcnderin von Happy Haus, tr\u00e4gt Gr\u00f6\u00dfe 36. Sie ist 170,00 cm \/ 5&#039;&#039;6&#039;\" \/>\n<meta property=\"og:url\" content=\"https:\/\/happyhaus.fr\/de\/produkt\/la-jupe-jacinthe-5years\/\" \/>\n<meta property=\"article:modified_time\" content=\"2025-12-09T08:07:10+00:00\" \/>\n<meta property=\"og:image\" content=\"https:\/\/happyhaus.fr\/wp-content\/uploads\/2023\/04\/3-683x1024.png\" \/>\n\t<meta property=\"og:image:width\" content=\"683\" \/>\n\t<meta property=\"og:image:height\" content=\"1024\" \/>\n\t<meta property=\"og:image:type\" content=\"image\/png\" \/>\n<meta name=\"twitter:card\" content=\"summary_large_image\" \/>\n<meta name=\"twitter:label1\" content=\"Gesch\u00e4tzte Lesezeit\" \/>\n\t<meta name=\"twitter:data1\" content=\"1\u00a0Minute\" \/>\n<script type=\"application\/ld+json\" class=\"yoast-schema-graph\">{\"@context\":\"https:\/\/schema.org\",\"@graph\":[{\"@type\":\"WebPage\",\"@id\":\"https:\/\/happyhaus.fr\/de\/produkt\/la-jupe-jacinthe-5years\/\",\"url\":\"https:\/\/happyhaus.fr\/de\/produkt\/la-jupe-jacinthe-5years\/\",\"name\":\"LA JUPE JACINTHE -\",\"isPartOf\":{\"@id\":\"https:\/\/happyhaus.fr\/#website\"},\"primaryImageOfPage\":{\"@id\":\"https:\/\/happyhaus.fr\/de\/produkt\/la-jupe-jacinthe-5years\/#primaryimage\"},\"image\":{\"@id\":\"https:\/\/happyhaus.fr\/de\/produkt\/la-jupe-jacinthe-5years\/#primaryimage\"},\"thumbnailUrl\":\"https:\/\/happyhaus.fr\/wp-content\/uploads\/2023\/04\/3.png\",\"datePublished\":\"2023-04-14T14:04:17+00:00\",\"dateModified\":\"2025-12-09T08:07:10+00:00\",\"breadcrumb\":{\"@id\":\"https:\/\/happyhaus.fr\/de\/produkt\/la-jupe-jacinthe-5years\/#breadcrumb\"},\"inLanguage\":\"de\",\"potentialAction\":[{\"@type\":\"ReadAction\",\"target\":[\"https:\/\/happyhaus.fr\/de\/produkt\/la-jupe-jacinthe-5years\/\"]}]},{\"@type\":\"ImageObject\",\"inLanguage\":\"de\",\"@id\":\"https:\/\/happyhaus.fr\/de\/produkt\/la-jupe-jacinthe-5years\/#primaryimage\",\"url\":\"https:\/\/happyhaus.fr\/wp-content\/uploads\/2023\/04\/3.png\",\"contentUrl\":\"https:\/\/happyhaus.fr\/wp-content\/uploads\/2023\/04\/3.png\",\"width\":1707,\"height\":2560},{\"@type\":\"BreadcrumbList\",\"@id\":\"https:\/\/happyhaus.fr\/de\/produkt\/la-jupe-jacinthe-5years\/#breadcrumb\",\"itemListElement\":[{\"@type\":\"ListItem\",\"position\":1,\"name\":\"Accueil\",\"item\":\"https:\/\/happyhaus.fr\/de\/\"},{\"@type\":\"ListItem\",\"position\":2,\"name\":\"Priv\u00e9\u00a0: Shop\",\"item\":\"https:\/\/happyhaus.fr\/?page_id=4438\"},{\"@type\":\"ListItem\",\"position\":3,\"name\":\"LA JUPE JACINTHE\"}]},{\"@type\":\"WebSite\",\"@id\":\"https:\/\/happyhaus.fr\/#website\",\"url\":\"https:\/\/happyhaus.fr\/\",\"name\":\"\",\"description\":\"\",\"potentialAction\":[{\"@type\":\"SearchAction\",\"target\":{\"@type\":\"EntryPoint\",\"urlTemplate\":\"https:\/\/happyhaus.fr\/?s={search_term_string}\"},\"query-input\":\"required name=search_term_string\"}],\"inLanguage\":\"de\"}]}<\/script>\n<!-- \/ Yoast SEO plugin. -->","yoast_head_json":{"title":"LA JUPE JACINTHE -","robots":{"index":"index","follow":"follow","max-snippet":"max-snippet:-1","max-image-preview":"max-image-preview:large","max-video-preview":"max-video-preview:-1"},"canonical":"https:\/\/happyhaus.fr\/de\/produkt\/la-jupe-jacinthe-5years\/","og_locale":"de_DE","og_type":"article","og_title":"LA JUPE JACINTHE -","og_description":"Dieser Jeansrock ist aus einem dicken Stoff aus recycelter Baumwolle gefertigt. Er ist sehr lang und f\u00e4llt bis zu den Kn\u00f6cheln, mit einem h\u00fcbschen Taschendetail in Form einer Blume auf der R\u00fcckseite. Es ist ein St\u00fcck mit Charakter, das in seiner Umgebung immer Eindruck macht, wenn man es tr\u00e4gt. Sandy, die Gr\u00fcnderin von Happy Haus, tr\u00e4gt Gr\u00f6\u00dfe 36. Sie ist 170,00 cm \/ 5''6'","og_url":"https:\/\/happyhaus.fr\/de\/produkt\/la-jupe-jacinthe-5years\/","article_modified_time":"2025-12-09T08:07:10+00:00","og_image":[{"width":683,"height":1024,"url":"https:\/\/happyhaus.fr\/wp-content\/uploads\/2023\/04\/3-683x1024.png","type":"image\/png"}],"twitter_card":"summary_large_image","twitter_misc":{"Gesch\u00e4tzte Lesezeit":"1\u00a0Minute"},"schema":{"@context":"https:\/\/schema.org","@graph":[{"@type":"WebPage","@id":"https:\/\/happyhaus.fr\/de\/produkt\/la-jupe-jacinthe-5years\/","url":"https:\/\/happyhaus.fr\/de\/produkt\/la-jupe-jacinthe-5years\/","name":"LA JUPE JACINTHE -","isPartOf":{"@id":"https:\/\/happyhaus.fr\/#website"},"primaryImageOfPage":{"@id":"https:\/\/happyhaus.fr\/de\/produkt\/la-jupe-jacinthe-5years\/#primaryimage"},"image":{"@id":"https:\/\/happyhaus.fr\/de\/produkt\/la-jupe-jacinthe-5years\/#primaryimage"},"thumbnailUrl":"https:\/\/happyhaus.fr\/wp-content\/uploads\/2023\/04\/3.png","datePublished":"2023-04-14T14:04:17+00:00","dateModified":"2025-12-09T08:07:10+00:00","breadcrumb":{"@id":"https:\/\/happyhaus.fr\/de\/produkt\/la-jupe-jacinthe-5years\/#breadcrumb"},"inLanguage":"de","potentialAction":[{"@type":"ReadAction","target":["https:\/\/happyhaus.fr\/de\/produkt\/la-jupe-jacinthe-5years\/"]}]},{"@type":"ImageObject","inLanguage":"de","@id":"https:\/\/happyhaus.fr\/de\/produkt\/la-jupe-jacinthe-5years\/#primaryimage","url":"https:\/\/happyhaus.fr\/wp-content\/uploads\/2023\/04\/3.png","contentUrl":"https:\/\/happyhaus.fr\/wp-content\/uploads\/2023\/04\/3.png","width":1707,"height":2560},{"@type":"BreadcrumbList","@id":"https:\/\/happyhaus.fr\/de\/produkt\/la-jupe-jacinthe-5years\/#breadcrumb","itemListElement":[{"@type":"ListItem","position":1,"name":"Accueil","item":"https:\/\/happyhaus.fr\/de\/"},{"@type":"ListItem","position":2,"name":"Priv\u00e9\u00a0: Shop","item":"https:\/\/happyhaus.fr\/?page_id=4438"},{"@type":"ListItem","position":3,"name":"LA JUPE JACINTHE"}]},{"@type":"WebSite","@id":"https:\/\/happyhaus.fr\/#website","url":"https:\/\/happyhaus.fr\/","name":"","description":"","potentialAction":[{"@type":"SearchAction","target":{"@type":"EntryPoint","urlTemplate":"https:\/\/happyhaus.fr\/?s={search_term_string}"},"query-input":"required name=search_term_string"}],"inLanguage":"de"}]}},"_links":{"self":[{"href":"https:\/\/happyhaus.fr\/de\/wp-json\/wp\/v2\/product\/88122"}],"collection":[{"href":"https:\/\/happyhaus.fr\/de\/wp-json\/wp\/v2\/product"}],"about":[{"href":"https:\/\/happyhaus.fr\/de\/wp-json\/wp\/v2\/types\/product"}],"replies":[{"embeddable":true,"href":"https:\/\/happyhaus.fr\/de\/wp-json\/wp\/v2\/comments?post=88122"}],"wp:featuredmedia":[{"embeddable":true,"href":"https:\/\/happyhaus.fr\/de\/wp-json\/wp\/v2\/media\/88153"}],"wp:attachment":[{"href":"https:\/\/happyhaus.fr\/de\/wp-json\/wp\/v2\/media?parent=88122"}],"wp:term":[{"taxonomy":"product_cat","embeddable":true,"href":"https:\/\/happyhaus.fr\/de\/wp-json\/wp\/v2\/product_cat?post=88122"},{"taxonomy":"product_tag","embeddable":true,"href":"https:\/\/happyhaus.fr\/de\/wp-json\/wp\/v2\/product_tag?post=88122"}],"curies":[{"name":"wp","href":"https:\/\/api.w.org\/{rel}","templated":true}]}}