{"id":88045,"date":"2023-04-12T16:22:34","date_gmt":"2023-04-12T14:22:37","guid":{"rendered":"https:\/\/happyhaus.fr\/?post_type=product&#038;p=88045"},"modified":"2025-02-13T11:56:26","modified_gmt":"2025-02-13T10:56:26","slug":"la-robe-nuage-zartes-leinen","status":"publish","type":"product","link":"https:\/\/happyhaus.fr\/de\/produkt\/la-robe-nuage-zartes-leinen\/","title":{"rendered":"LA ROBE NUAGE"},"content":{"rendered":"<ul>\n<li id=\"tw-target-text\" class=\"tw-data-text tw-text-large tw-ta\" dir=\"ltr\" data-placeholder=\"Traduction\"><span class=\"Y2IQFc\" lang=\"de\">Ausgestellter Schnitt <\/span><\/li>\n<li class=\"tw-data-text tw-text-large tw-ta\" dir=\"ltr\" data-placeholder=\"Traduction\"><span class=\"Y2IQFc\" lang=\"de\">Tunnelhals <\/span><\/li>\n<li class=\"tw-data-text tw-text-large tw-ta\" dir=\"ltr\" data-placeholder=\"Traduction\"><span class=\"Y2IQFc\" lang=\"de\">Niedrige Armausschnitte mit gerafften Details <\/span><\/li>\n<li class=\"tw-data-text tw-text-large tw-ta\" dir=\"ltr\" data-placeholder=\"Traduction\"><span class=\"Y2IQFc\" lang=\"de\">Knopfloch auf der Vorderseite mit dem Hauptstoff bedeckt <\/span><\/li>\n<li class=\"tw-data-text tw-text-large tw-ta\" dir=\"ltr\" data-placeholder=\"Traduction\"><span class=\"Y2IQFc\" lang=\"de\">Puff\u00e4rmel <\/span><\/li>\n<li class=\"tw-data-text tw-text-large tw-ta\" dir=\"ltr\" data-placeholder=\"Traduction\"><span class=\"Y2IQFc\" lang=\"de\">Plissee-Ausf\u00fchrungen<\/span><\/li>\n<li class=\"tw-data-text tw-text-large tw-ta\" dir=\"ltr\" data-placeholder=\"Traduction\"><span class=\"Y2IQFc\" lang=\"de\">Gerafftes Detail an den \u00c4rmelkanten<\/span><\/li>\n<li class=\"tw-data-text tw-text-large tw-ta\" dir=\"ltr\" data-placeholder=\"Traduction\"><span class=\"Y2IQFc\" lang=\"de\">Taschen auf der Vorderseite Schleier aus <\/span><\/li>\n<li class=\"tw-data-text tw-text-large tw-ta\" dir=\"ltr\" data-placeholder=\"Traduction\"><span class=\"Y2IQFc\" lang=\"de\">100 % japanischem Leinen<\/span><\/li>\n<\/ul>\n<p><span class=\"Y2IQFc\" lang=\"de\">Stoffherkunft: Japan <\/span><\/p>\n<p><span class=\"Y2IQFc\" lang=\"de\">Hergestellt in Tunesien<\/span><\/p>\n<p><strong>\u00a0<\/strong><\/p>\n","protected":false},"excerpt":{"rendered":"<p id=\"tw-target-text\" class=\"tw-data-text tw-text-large tw-ta\" dir=\"ltr\" data-placeholder=\"Traduction\"><span class=\"Y2IQFc\" lang=\"de\">Dieses Kleid ist aus einem sich weich anf\u00fchlenden Leinenschleier gefertigt. Es ist sein \u00fcppiger Schnitt, der ihm den Namen NUAGE eingebracht hat. Es ist sehr leicht, einfach zu tragen und auszustatten, schick oder l\u00e4ssig, und vor allem ist es so angenehm zu tragen! <\/span><\/p>\n<p class=\"tw-data-text tw-text-large tw-ta\" dir=\"ltr\" data-placeholder=\"Traduction\"><span class=\"Y2IQFc\" lang=\"de\">Sandy, die Gr\u00fcnderin von HAPPY HAUS, tr\u00e4gt Konfektionsgr\u00f6\u00dfe 36. Sie ist 1,70 m gro\u00df.<\/span><\/p>\n","protected":false},"featured_media":88075,"comment_status":"closed","ping_status":"closed","template":"","meta":{"_acf_changed":false},"product_cat":[312,231,233,512],"product_tag":[335],"acf":[],"yoast_head":"<!-- This site is optimized with the Yoast SEO plugin v22.6 - https:\/\/yoast.com\/wordpress\/plugins\/seo\/ -->\n<title>LA ROBE NUAGE -<\/title>\n<meta name=\"robots\" content=\"index, follow, max-snippet:-1, max-image-preview:large, max-video-preview:-1\" \/>\n<link rel=\"canonical\" href=\"https:\/\/happyhaus.fr\/de\/produkt\/la-robe-nuage-zartes-leinen\/\" \/>\n<meta property=\"og:locale\" content=\"de_DE\" \/>\n<meta property=\"og:type\" content=\"article\" \/>\n<meta property=\"og:title\" content=\"LA ROBE NUAGE -\" \/>\n<meta property=\"og:description\" content=\"Dieses Kleid ist aus einem sich weich anf\u00fchlenden Leinenschleier gefertigt. Es ist sein \u00fcppiger Schnitt, der ihm den Namen NUAGE eingebracht hat. Es ist sehr leicht, einfach zu tragen und auszustatten, schick oder l\u00e4ssig, und vor allem ist es so angenehm zu tragen!  Sandy, die Gr\u00fcnderin von HAPPY HAUS, tr\u00e4gt Konfektionsgr\u00f6\u00dfe 36. Sie ist 1,70 m gro\u00df.\" \/>\n<meta property=\"og:url\" content=\"https:\/\/happyhaus.fr\/de\/produkt\/la-robe-nuage-zartes-leinen\/\" \/>\n<meta property=\"article:modified_time\" content=\"2025-02-13T10:56:26+00:00\" \/>\n<meta property=\"og:image\" content=\"https:\/\/happyhaus.fr\/wp-content\/uploads\/2023\/04\/La-robe-NUAGE-night-blue-1-2.jpg\" \/>\n\t<meta property=\"og:image:width\" content=\"1707\" \/>\n\t<meta property=\"og:image:height\" content=\"2560\" \/>\n\t<meta property=\"og:image:type\" content=\"image\/jpeg\" \/>\n<meta name=\"twitter:card\" content=\"summary_large_image\" \/>\n<meta name=\"twitter:label1\" content=\"Gesch\u00e4tzte Lesezeit\" \/>\n\t<meta name=\"twitter:data1\" content=\"1\u00a0Minute\" \/>\n<script type=\"application\/ld+json\" class=\"yoast-schema-graph\">{\"@context\":\"https:\/\/schema.org\",\"@graph\":[{\"@type\":\"WebPage\",\"@id\":\"https:\/\/happyhaus.fr\/de\/produkt\/la-robe-nuage-zartes-leinen\/\",\"url\":\"https:\/\/happyhaus.fr\/de\/produkt\/la-robe-nuage-zartes-leinen\/\",\"name\":\"LA ROBE NUAGE -\",\"isPartOf\":{\"@id\":\"https:\/\/happyhaus.fr\/#website\"},\"primaryImageOfPage\":{\"@id\":\"https:\/\/happyhaus.fr\/de\/produkt\/la-robe-nuage-zartes-leinen\/#primaryimage\"},\"image\":{\"@id\":\"https:\/\/happyhaus.fr\/de\/produkt\/la-robe-nuage-zartes-leinen\/#primaryimage\"},\"thumbnailUrl\":\"https:\/\/happyhaus.fr\/wp-content\/uploads\/2023\/04\/La-robe-NUAGE-night-blue-1-2.jpg\",\"datePublished\":\"2023-04-12T14:22:37+00:00\",\"dateModified\":\"2025-02-13T10:56:26+00:00\",\"breadcrumb\":{\"@id\":\"https:\/\/happyhaus.fr\/de\/produkt\/la-robe-nuage-zartes-leinen\/#breadcrumb\"},\"inLanguage\":\"de\",\"potentialAction\":[{\"@type\":\"ReadAction\",\"target\":[\"https:\/\/happyhaus.fr\/de\/produkt\/la-robe-nuage-zartes-leinen\/\"]}]},{\"@type\":\"ImageObject\",\"inLanguage\":\"de\",\"@id\":\"https:\/\/happyhaus.fr\/de\/produkt\/la-robe-nuage-zartes-leinen\/#primaryimage\",\"url\":\"https:\/\/happyhaus.fr\/wp-content\/uploads\/2023\/04\/La-robe-NUAGE-night-blue-1-2.jpg\",\"contentUrl\":\"https:\/\/happyhaus.fr\/wp-content\/uploads\/2023\/04\/La-robe-NUAGE-night-blue-1-2.jpg\",\"width\":1707,\"height\":2560},{\"@type\":\"BreadcrumbList\",\"@id\":\"https:\/\/happyhaus.fr\/de\/produkt\/la-robe-nuage-zartes-leinen\/#breadcrumb\",\"itemListElement\":[{\"@type\":\"ListItem\",\"position\":1,\"name\":\"Accueil\",\"item\":\"https:\/\/happyhaus.fr\/de\/\"},{\"@type\":\"ListItem\",\"position\":2,\"name\":\"Priv\u00e9\u00a0: Shop\",\"item\":\"https:\/\/happyhaus.fr\/?page_id=4438\"},{\"@type\":\"ListItem\",\"position\":3,\"name\":\"LA ROBE NUAGE\"}]},{\"@type\":\"WebSite\",\"@id\":\"https:\/\/happyhaus.fr\/#website\",\"url\":\"https:\/\/happyhaus.fr\/\",\"name\":\"\",\"description\":\"\",\"potentialAction\":[{\"@type\":\"SearchAction\",\"target\":{\"@type\":\"EntryPoint\",\"urlTemplate\":\"https:\/\/happyhaus.fr\/?s={search_term_string}\"},\"query-input\":\"required name=search_term_string\"}],\"inLanguage\":\"de\"}]}<\/script>\n<!-- \/ Yoast SEO plugin. -->","yoast_head_json":{"title":"LA ROBE NUAGE -","robots":{"index":"index","follow":"follow","max-snippet":"max-snippet:-1","max-image-preview":"max-image-preview:large","max-video-preview":"max-video-preview:-1"},"canonical":"https:\/\/happyhaus.fr\/de\/produkt\/la-robe-nuage-zartes-leinen\/","og_locale":"de_DE","og_type":"article","og_title":"LA ROBE NUAGE -","og_description":"Dieses Kleid ist aus einem sich weich anf\u00fchlenden Leinenschleier gefertigt. Es ist sein \u00fcppiger Schnitt, der ihm den Namen NUAGE eingebracht hat. Es ist sehr leicht, einfach zu tragen und auszustatten, schick oder l\u00e4ssig, und vor allem ist es so angenehm zu tragen!  Sandy, die Gr\u00fcnderin von HAPPY HAUS, tr\u00e4gt Konfektionsgr\u00f6\u00dfe 36. Sie ist 1,70 m gro\u00df.","og_url":"https:\/\/happyhaus.fr\/de\/produkt\/la-robe-nuage-zartes-leinen\/","article_modified_time":"2025-02-13T10:56:26+00:00","og_image":[{"width":1707,"height":2560,"url":"https:\/\/happyhaus.fr\/wp-content\/uploads\/2023\/04\/La-robe-NUAGE-night-blue-1-2.jpg","type":"image\/jpeg"}],"twitter_card":"summary_large_image","twitter_misc":{"Gesch\u00e4tzte Lesezeit":"1\u00a0Minute"},"schema":{"@context":"https:\/\/schema.org","@graph":[{"@type":"WebPage","@id":"https:\/\/happyhaus.fr\/de\/produkt\/la-robe-nuage-zartes-leinen\/","url":"https:\/\/happyhaus.fr\/de\/produkt\/la-robe-nuage-zartes-leinen\/","name":"LA ROBE NUAGE -","isPartOf":{"@id":"https:\/\/happyhaus.fr\/#website"},"primaryImageOfPage":{"@id":"https:\/\/happyhaus.fr\/de\/produkt\/la-robe-nuage-zartes-leinen\/#primaryimage"},"image":{"@id":"https:\/\/happyhaus.fr\/de\/produkt\/la-robe-nuage-zartes-leinen\/#primaryimage"},"thumbnailUrl":"https:\/\/happyhaus.fr\/wp-content\/uploads\/2023\/04\/La-robe-NUAGE-night-blue-1-2.jpg","datePublished":"2023-04-12T14:22:37+00:00","dateModified":"2025-02-13T10:56:26+00:00","breadcrumb":{"@id":"https:\/\/happyhaus.fr\/de\/produkt\/la-robe-nuage-zartes-leinen\/#breadcrumb"},"inLanguage":"de","potentialAction":[{"@type":"ReadAction","target":["https:\/\/happyhaus.fr\/de\/produkt\/la-robe-nuage-zartes-leinen\/"]}]},{"@type":"ImageObject","inLanguage":"de","@id":"https:\/\/happyhaus.fr\/de\/produkt\/la-robe-nuage-zartes-leinen\/#primaryimage","url":"https:\/\/happyhaus.fr\/wp-content\/uploads\/2023\/04\/La-robe-NUAGE-night-blue-1-2.jpg","contentUrl":"https:\/\/happyhaus.fr\/wp-content\/uploads\/2023\/04\/La-robe-NUAGE-night-blue-1-2.jpg","width":1707,"height":2560},{"@type":"BreadcrumbList","@id":"https:\/\/happyhaus.fr\/de\/produkt\/la-robe-nuage-zartes-leinen\/#breadcrumb","itemListElement":[{"@type":"ListItem","position":1,"name":"Accueil","item":"https:\/\/happyhaus.fr\/de\/"},{"@type":"ListItem","position":2,"name":"Priv\u00e9\u00a0: Shop","item":"https:\/\/happyhaus.fr\/?page_id=4438"},{"@type":"ListItem","position":3,"name":"LA ROBE NUAGE"}]},{"@type":"WebSite","@id":"https:\/\/happyhaus.fr\/#website","url":"https:\/\/happyhaus.fr\/","name":"","description":"","potentialAction":[{"@type":"SearchAction","target":{"@type":"EntryPoint","urlTemplate":"https:\/\/happyhaus.fr\/?s={search_term_string}"},"query-input":"required name=search_term_string"}],"inLanguage":"de"}]}},"_links":{"self":[{"href":"https:\/\/happyhaus.fr\/de\/wp-json\/wp\/v2\/product\/88045"}],"collection":[{"href":"https:\/\/happyhaus.fr\/de\/wp-json\/wp\/v2\/product"}],"about":[{"href":"https:\/\/happyhaus.fr\/de\/wp-json\/wp\/v2\/types\/product"}],"replies":[{"embeddable":true,"href":"https:\/\/happyhaus.fr\/de\/wp-json\/wp\/v2\/comments?post=88045"}],"wp:featuredmedia":[{"embeddable":true,"href":"https:\/\/happyhaus.fr\/de\/wp-json\/wp\/v2\/media\/88075"}],"wp:attachment":[{"href":"https:\/\/happyhaus.fr\/de\/wp-json\/wp\/v2\/media?parent=88045"}],"wp:term":[{"taxonomy":"product_cat","embeddable":true,"href":"https:\/\/happyhaus.fr\/de\/wp-json\/wp\/v2\/product_cat?post=88045"},{"taxonomy":"product_tag","embeddable":true,"href":"https:\/\/happyhaus.fr\/de\/wp-json\/wp\/v2\/product_tag?post=88045"}],"curies":[{"name":"wp","href":"https:\/\/api.w.org\/{rel}","templated":true}]}}