{"id":87771,"date":"2024-11-05T10:09:04","date_gmt":"2024-11-04T11:09:04","guid":{"rendered":"https:\/\/happyhaus.fr\/?post_type=product&#038;p=87771"},"modified":"2025-03-19T09:23:59","modified_gmt":"2025-03-19T08:23:59","slug":"le-pantalon-over-chino-night-blue","status":"publish","type":"product","link":"https:\/\/happyhaus.fr\/de\/produkt\/le-pantalon-over-chino-night-blue\/","title":{"rendered":"LE PANTALON OVER CHINO"},"content":{"rendered":"<ul>\n<li>Oversized Passform<\/li>\n<li>Ausgestellter Schnitt<\/li>\n<li>5 Taschen<\/li>\n<li>Happy Haus gestepptes Pfauenstickerei auf der Ges\u00e4\u00dftasche<\/li>\n<li>Holzknopf<\/li>\n<li>100% Baumwolle<\/li>\n<\/ul>\n<p>Stoffherkunft: Italien<br \/>\nHergestellt in Tunesien<\/p>\n","protected":false},"excerpt":{"rendered":"<p>Unsere neue Over-Chino-Hose ist ein Must-Have in Ihrer Garderobe! Inspiriert von unseren Flaggschiff-Modellen, der OVERSIZE-Hose und der CHINO, bietet sie einen ausgestellten und oversized Schnitt mit regul\u00e4rer L\u00e4nge.<\/p>\n<p>Da diese Jeans oversized ist, empfehlen wir, Ihre \u00fcbliche Gr\u00f6\u00dfe f\u00fcr einen l\u00e4ssigen Look oder eine Nummer kleiner f\u00fcr eine etwas engere Passform zu w\u00e4hlen.<\/p>\n","protected":false},"featured_media":94310,"comment_status":"open","ping_status":"closed","template":"","meta":{"_acf_changed":false},"product_cat":[312,231,236,315],"product_tag":[],"acf":[],"yoast_head":"<!-- This site is optimized with the Yoast SEO plugin v22.6 - https:\/\/yoast.com\/wordpress\/plugins\/seo\/ -->\n<title>LE PANTALON OVER CHINO -<\/title>\n<meta name=\"robots\" content=\"index, follow, max-snippet:-1, max-image-preview:large, max-video-preview:-1\" \/>\n<link rel=\"canonical\" href=\"https:\/\/happyhaus.fr\/de\/produkt\/le-pantalon-over-chino-night-blue\/\" \/>\n<meta property=\"og:locale\" content=\"de_DE\" \/>\n<meta property=\"og:type\" content=\"article\" \/>\n<meta property=\"og:title\" content=\"LE PANTALON OVER CHINO -\" \/>\n<meta property=\"og:description\" content=\"Unsere neue Over-Chino-Hose ist ein Must-Have in Ihrer Garderobe! Inspiriert von unseren Flaggschiff-Modellen, der OVERSIZE-Hose und der CHINO, bietet sie einen ausgestellten und oversized Schnitt mit regul\u00e4rer L\u00e4nge.  Da diese Jeans oversized ist, empfehlen wir, Ihre \u00fcbliche Gr\u00f6\u00dfe f\u00fcr einen l\u00e4ssigen Look oder eine Nummer kleiner f\u00fcr eine etwas engere Passform zu w\u00e4hlen.\" \/>\n<meta property=\"og:url\" content=\"https:\/\/happyhaus.fr\/de\/produkt\/le-pantalon-over-chino-night-blue\/\" \/>\n<meta property=\"article:modified_time\" content=\"2025-03-19T08:23:59+00:00\" \/>\n<meta property=\"og:image\" content=\"https:\/\/happyhaus.fr\/wp-content\/uploads\/2024\/11\/CHINO-OVER-683x1024.png\" \/>\n\t<meta property=\"og:image:width\" content=\"683\" \/>\n\t<meta property=\"og:image:height\" content=\"1024\" \/>\n\t<meta property=\"og:image:type\" content=\"image\/png\" \/>\n<meta name=\"twitter:card\" content=\"summary_large_image\" \/>\n<meta name=\"twitter:label1\" content=\"Gesch\u00e4tzte Lesezeit\" \/>\n\t<meta name=\"twitter:data1\" content=\"1\u00a0Minute\" \/>\n<script type=\"application\/ld+json\" class=\"yoast-schema-graph\">{\"@context\":\"https:\/\/schema.org\",\"@graph\":[{\"@type\":\"WebPage\",\"@id\":\"https:\/\/happyhaus.fr\/de\/produkt\/le-pantalon-over-chino-night-blue\/\",\"url\":\"https:\/\/happyhaus.fr\/de\/produkt\/le-pantalon-over-chino-night-blue\/\",\"name\":\"LE PANTALON OVER CHINO -\",\"isPartOf\":{\"@id\":\"https:\/\/happyhaus.fr\/#website\"},\"primaryImageOfPage\":{\"@id\":\"https:\/\/happyhaus.fr\/de\/produkt\/le-pantalon-over-chino-night-blue\/#primaryimage\"},\"image\":{\"@id\":\"https:\/\/happyhaus.fr\/de\/produkt\/le-pantalon-over-chino-night-blue\/#primaryimage\"},\"thumbnailUrl\":\"https:\/\/happyhaus.fr\/wp-content\/uploads\/2024\/11\/CHINO-OVER.png\",\"datePublished\":\"2024-11-04T11:09:04+00:00\",\"dateModified\":\"2025-03-19T08:23:59+00:00\",\"breadcrumb\":{\"@id\":\"https:\/\/happyhaus.fr\/de\/produkt\/le-pantalon-over-chino-night-blue\/#breadcrumb\"},\"inLanguage\":\"de\",\"potentialAction\":[{\"@type\":\"ReadAction\",\"target\":[\"https:\/\/happyhaus.fr\/de\/produkt\/le-pantalon-over-chino-night-blue\/\"]}]},{\"@type\":\"ImageObject\",\"inLanguage\":\"de\",\"@id\":\"https:\/\/happyhaus.fr\/de\/produkt\/le-pantalon-over-chino-night-blue\/#primaryimage\",\"url\":\"https:\/\/happyhaus.fr\/wp-content\/uploads\/2024\/11\/CHINO-OVER.png\",\"contentUrl\":\"https:\/\/happyhaus.fr\/wp-content\/uploads\/2024\/11\/CHINO-OVER.png\",\"width\":1707,\"height\":2560},{\"@type\":\"BreadcrumbList\",\"@id\":\"https:\/\/happyhaus.fr\/de\/produkt\/le-pantalon-over-chino-night-blue\/#breadcrumb\",\"itemListElement\":[{\"@type\":\"ListItem\",\"position\":1,\"name\":\"Accueil\",\"item\":\"https:\/\/happyhaus.fr\/de\/\"},{\"@type\":\"ListItem\",\"position\":2,\"name\":\"Priv\u00e9\u00a0: Shop\",\"item\":\"https:\/\/happyhaus.fr\/?page_id=4438\"},{\"@type\":\"ListItem\",\"position\":3,\"name\":\"LE PANTALON OVER CHINO\"}]},{\"@type\":\"WebSite\",\"@id\":\"https:\/\/happyhaus.fr\/#website\",\"url\":\"https:\/\/happyhaus.fr\/\",\"name\":\"\",\"description\":\"\",\"potentialAction\":[{\"@type\":\"SearchAction\",\"target\":{\"@type\":\"EntryPoint\",\"urlTemplate\":\"https:\/\/happyhaus.fr\/?s={search_term_string}\"},\"query-input\":\"required name=search_term_string\"}],\"inLanguage\":\"de\"}]}<\/script>\n<!-- \/ Yoast SEO plugin. -->","yoast_head_json":{"title":"LE PANTALON OVER CHINO -","robots":{"index":"index","follow":"follow","max-snippet":"max-snippet:-1","max-image-preview":"max-image-preview:large","max-video-preview":"max-video-preview:-1"},"canonical":"https:\/\/happyhaus.fr\/de\/produkt\/le-pantalon-over-chino-night-blue\/","og_locale":"de_DE","og_type":"article","og_title":"LE PANTALON OVER CHINO -","og_description":"Unsere neue Over-Chino-Hose ist ein Must-Have in Ihrer Garderobe! Inspiriert von unseren Flaggschiff-Modellen, der OVERSIZE-Hose und der CHINO, bietet sie einen ausgestellten und oversized Schnitt mit regul\u00e4rer L\u00e4nge.  Da diese Jeans oversized ist, empfehlen wir, Ihre \u00fcbliche Gr\u00f6\u00dfe f\u00fcr einen l\u00e4ssigen Look oder eine Nummer kleiner f\u00fcr eine etwas engere Passform zu w\u00e4hlen.","og_url":"https:\/\/happyhaus.fr\/de\/produkt\/le-pantalon-over-chino-night-blue\/","article_modified_time":"2025-03-19T08:23:59+00:00","og_image":[{"width":683,"height":1024,"url":"https:\/\/happyhaus.fr\/wp-content\/uploads\/2024\/11\/CHINO-OVER-683x1024.png","type":"image\/png"}],"twitter_card":"summary_large_image","twitter_misc":{"Gesch\u00e4tzte Lesezeit":"1\u00a0Minute"},"schema":{"@context":"https:\/\/schema.org","@graph":[{"@type":"WebPage","@id":"https:\/\/happyhaus.fr\/de\/produkt\/le-pantalon-over-chino-night-blue\/","url":"https:\/\/happyhaus.fr\/de\/produkt\/le-pantalon-over-chino-night-blue\/","name":"LE PANTALON OVER CHINO -","isPartOf":{"@id":"https:\/\/happyhaus.fr\/#website"},"primaryImageOfPage":{"@id":"https:\/\/happyhaus.fr\/de\/produkt\/le-pantalon-over-chino-night-blue\/#primaryimage"},"image":{"@id":"https:\/\/happyhaus.fr\/de\/produkt\/le-pantalon-over-chino-night-blue\/#primaryimage"},"thumbnailUrl":"https:\/\/happyhaus.fr\/wp-content\/uploads\/2024\/11\/CHINO-OVER.png","datePublished":"2024-11-04T11:09:04+00:00","dateModified":"2025-03-19T08:23:59+00:00","breadcrumb":{"@id":"https:\/\/happyhaus.fr\/de\/produkt\/le-pantalon-over-chino-night-blue\/#breadcrumb"},"inLanguage":"de","potentialAction":[{"@type":"ReadAction","target":["https:\/\/happyhaus.fr\/de\/produkt\/le-pantalon-over-chino-night-blue\/"]}]},{"@type":"ImageObject","inLanguage":"de","@id":"https:\/\/happyhaus.fr\/de\/produkt\/le-pantalon-over-chino-night-blue\/#primaryimage","url":"https:\/\/happyhaus.fr\/wp-content\/uploads\/2024\/11\/CHINO-OVER.png","contentUrl":"https:\/\/happyhaus.fr\/wp-content\/uploads\/2024\/11\/CHINO-OVER.png","width":1707,"height":2560},{"@type":"BreadcrumbList","@id":"https:\/\/happyhaus.fr\/de\/produkt\/le-pantalon-over-chino-night-blue\/#breadcrumb","itemListElement":[{"@type":"ListItem","position":1,"name":"Accueil","item":"https:\/\/happyhaus.fr\/de\/"},{"@type":"ListItem","position":2,"name":"Priv\u00e9\u00a0: Shop","item":"https:\/\/happyhaus.fr\/?page_id=4438"},{"@type":"ListItem","position":3,"name":"LE PANTALON OVER CHINO"}]},{"@type":"WebSite","@id":"https:\/\/happyhaus.fr\/#website","url":"https:\/\/happyhaus.fr\/","name":"","description":"","potentialAction":[{"@type":"SearchAction","target":{"@type":"EntryPoint","urlTemplate":"https:\/\/happyhaus.fr\/?s={search_term_string}"},"query-input":"required name=search_term_string"}],"inLanguage":"de"}]}},"_links":{"self":[{"href":"https:\/\/happyhaus.fr\/de\/wp-json\/wp\/v2\/product\/87771"}],"collection":[{"href":"https:\/\/happyhaus.fr\/de\/wp-json\/wp\/v2\/product"}],"about":[{"href":"https:\/\/happyhaus.fr\/de\/wp-json\/wp\/v2\/types\/product"}],"replies":[{"embeddable":true,"href":"https:\/\/happyhaus.fr\/de\/wp-json\/wp\/v2\/comments?post=87771"}],"wp:featuredmedia":[{"embeddable":true,"href":"https:\/\/happyhaus.fr\/de\/wp-json\/wp\/v2\/media\/94310"}],"wp:attachment":[{"href":"https:\/\/happyhaus.fr\/de\/wp-json\/wp\/v2\/media?parent=87771"}],"wp:term":[{"taxonomy":"product_cat","embeddable":true,"href":"https:\/\/happyhaus.fr\/de\/wp-json\/wp\/v2\/product_cat?post=87771"},{"taxonomy":"product_tag","embeddable":true,"href":"https:\/\/happyhaus.fr\/de\/wp-json\/wp\/v2\/product_tag?post=87771"}],"curies":[{"name":"wp","href":"https:\/\/api.w.org\/{rel}","templated":true}]}}