{"id":87536,"date":"2022-11-01T12:03:22","date_gmt":"2023-02-01T11:03:24","guid":{"rendered":"https:\/\/happyhaus.fr\/?post_type=product&#038;p=87536"},"modified":"2023-06-28T12:42:44","modified_gmt":"2023-06-28T10:42:44","slug":"la-robe-gaby-archives-grapefruit","status":"publish","type":"product","link":"https:\/\/happyhaus.fr\/de\/produkt\/la-robe-gaby-archives-grapefruit\/","title":{"rendered":"LA ROBE GABY &#8211; Archives"},"content":{"rendered":"<ul>\n<li>Ausgestellter Schnitt<\/li>\n<li>Runder Halsausschnitt<\/li>\n<li>Niedrige Armausschnitte mit ger\u00fcschten Details<\/li>\n<li>3\/4-Wolken\u00e4rmel<\/li>\n<li>Gerafftes Detail an den \u00c4rmelkanten<\/li>\n<li>Eingrifftaschen auf der Vorderseite<\/li>\n<li>100 % Leinen &#8211; Gewebe zertifiziert nach OEKO-TEX STANDARD 100 und &#8220;DETOX&#8221; genehmigt von Greenpeace<\/li>\n<\/ul>\n<p>Herkunft des Stoffes: Italien<br \/>\nHergestellt in Polen<\/p>\n","protected":false},"excerpt":{"rendered":"<p class=\"p1\">Das GABY-Kleid ist ein leichtes Kleid mit zwei gro\u00dfen Taschen auf der Vorderseite und Raffungen an den \u00c4rmeln. Mit seiner mittellangen L\u00e4nge ist es sehr vielseitig und kann im Rhythmus der Jahreszeiten getragen werden, sei es im Fr\u00fchling oder mit einem dicken Pullover und Stiefeln im Winter.<\/p>\n<p>Manon, unser Model, tr\u00e4gt Gr\u00f6\u00dfe 36. Sie misst 174 cm<\/p>\n","protected":false},"featured_media":87658,"comment_status":"closed","ping_status":"closed","template":"","meta":{"_acf_changed":false},"product_cat":[316],"product_tag":[335],"acf":[],"yoast_head":"<!-- This site is optimized with the Yoast SEO plugin v22.6 - https:\/\/yoast.com\/wordpress\/plugins\/seo\/ -->\n<title>LA ROBE GABY - Archives -<\/title>\n<meta name=\"robots\" content=\"index, follow, max-snippet:-1, max-image-preview:large, max-video-preview:-1\" \/>\n<link rel=\"canonical\" href=\"https:\/\/happyhaus.fr\/de\/produkt\/la-robe-gaby-archives-grapefruit\/\" \/>\n<meta property=\"og:locale\" content=\"de_DE\" \/>\n<meta property=\"og:type\" content=\"article\" \/>\n<meta property=\"og:title\" content=\"LA ROBE GABY - Archives -\" \/>\n<meta property=\"og:description\" content=\"Das GABY-Kleid ist ein leichtes Kleid mit zwei gro\u00dfen Taschen auf der Vorderseite und Raffungen an den \u00c4rmeln. Mit seiner mittellangen L\u00e4nge ist es sehr vielseitig und kann im Rhythmus der Jahreszeiten getragen werden, sei es im Fr\u00fchling oder mit einem dicken Pullover und Stiefeln im Winter. Manon, unser Model, tr\u00e4gt Gr\u00f6\u00dfe 36. Sie misst 174 cm\" \/>\n<meta property=\"og:url\" content=\"https:\/\/happyhaus.fr\/de\/produkt\/la-robe-gaby-archives-grapefruit\/\" \/>\n<meta property=\"article:modified_time\" content=\"2023-06-28T10:42:44+00:00\" \/>\n<meta property=\"og:image\" content=\"https:\/\/happyhaus.fr\/wp-content\/uploads\/2023\/02\/6-1-683x1024.png\" \/>\n\t<meta property=\"og:image:width\" content=\"683\" \/>\n\t<meta property=\"og:image:height\" content=\"1024\" \/>\n\t<meta property=\"og:image:type\" content=\"image\/png\" \/>\n<meta name=\"twitter:card\" content=\"summary_large_image\" \/>\n<meta name=\"twitter:label1\" content=\"Gesch\u00e4tzte Lesezeit\" \/>\n\t<meta name=\"twitter:data1\" content=\"1\u00a0Minute\" \/>\n<script type=\"application\/ld+json\" class=\"yoast-schema-graph\">{\"@context\":\"https:\/\/schema.org\",\"@graph\":[{\"@type\":\"WebPage\",\"@id\":\"https:\/\/happyhaus.fr\/de\/produkt\/la-robe-gaby-archives-grapefruit\/\",\"url\":\"https:\/\/happyhaus.fr\/de\/produkt\/la-robe-gaby-archives-grapefruit\/\",\"name\":\"LA ROBE GABY - Archives -\",\"isPartOf\":{\"@id\":\"https:\/\/happyhaus.fr\/#website\"},\"primaryImageOfPage\":{\"@id\":\"https:\/\/happyhaus.fr\/de\/produkt\/la-robe-gaby-archives-grapefruit\/#primaryimage\"},\"image\":{\"@id\":\"https:\/\/happyhaus.fr\/de\/produkt\/la-robe-gaby-archives-grapefruit\/#primaryimage\"},\"thumbnailUrl\":\"https:\/\/happyhaus.fr\/wp-content\/uploads\/2023\/02\/6-1.png\",\"datePublished\":\"2023-02-01T11:03:24+00:00\",\"dateModified\":\"2023-06-28T10:42:44+00:00\",\"breadcrumb\":{\"@id\":\"https:\/\/happyhaus.fr\/de\/produkt\/la-robe-gaby-archives-grapefruit\/#breadcrumb\"},\"inLanguage\":\"de\",\"potentialAction\":[{\"@type\":\"ReadAction\",\"target\":[\"https:\/\/happyhaus.fr\/de\/produkt\/la-robe-gaby-archives-grapefruit\/\"]}]},{\"@type\":\"ImageObject\",\"inLanguage\":\"de\",\"@id\":\"https:\/\/happyhaus.fr\/de\/produkt\/la-robe-gaby-archives-grapefruit\/#primaryimage\",\"url\":\"https:\/\/happyhaus.fr\/wp-content\/uploads\/2023\/02\/6-1.png\",\"contentUrl\":\"https:\/\/happyhaus.fr\/wp-content\/uploads\/2023\/02\/6-1.png\",\"width\":1707,\"height\":2560},{\"@type\":\"BreadcrumbList\",\"@id\":\"https:\/\/happyhaus.fr\/de\/produkt\/la-robe-gaby-archives-grapefruit\/#breadcrumb\",\"itemListElement\":[{\"@type\":\"ListItem\",\"position\":1,\"name\":\"Accueil\",\"item\":\"https:\/\/happyhaus.fr\/de\/\"},{\"@type\":\"ListItem\",\"position\":2,\"name\":\"Priv\u00e9\u00a0: Shop\",\"item\":\"https:\/\/happyhaus.fr\/?page_id=4438\"},{\"@type\":\"ListItem\",\"position\":3,\"name\":\"LA ROBE GABY &#8211; Archives\"}]},{\"@type\":\"WebSite\",\"@id\":\"https:\/\/happyhaus.fr\/#website\",\"url\":\"https:\/\/happyhaus.fr\/\",\"name\":\"\",\"description\":\"\",\"potentialAction\":[{\"@type\":\"SearchAction\",\"target\":{\"@type\":\"EntryPoint\",\"urlTemplate\":\"https:\/\/happyhaus.fr\/?s={search_term_string}\"},\"query-input\":\"required name=search_term_string\"}],\"inLanguage\":\"de\"}]}<\/script>\n<!-- \/ Yoast SEO plugin. -->","yoast_head_json":{"title":"LA ROBE GABY - Archives -","robots":{"index":"index","follow":"follow","max-snippet":"max-snippet:-1","max-image-preview":"max-image-preview:large","max-video-preview":"max-video-preview:-1"},"canonical":"https:\/\/happyhaus.fr\/de\/produkt\/la-robe-gaby-archives-grapefruit\/","og_locale":"de_DE","og_type":"article","og_title":"LA ROBE GABY - Archives -","og_description":"Das GABY-Kleid ist ein leichtes Kleid mit zwei gro\u00dfen Taschen auf der Vorderseite und Raffungen an den \u00c4rmeln. Mit seiner mittellangen L\u00e4nge ist es sehr vielseitig und kann im Rhythmus der Jahreszeiten getragen werden, sei es im Fr\u00fchling oder mit einem dicken Pullover und Stiefeln im Winter. Manon, unser Model, tr\u00e4gt Gr\u00f6\u00dfe 36. Sie misst 174 cm","og_url":"https:\/\/happyhaus.fr\/de\/produkt\/la-robe-gaby-archives-grapefruit\/","article_modified_time":"2023-06-28T10:42:44+00:00","og_image":[{"width":683,"height":1024,"url":"https:\/\/happyhaus.fr\/wp-content\/uploads\/2023\/02\/6-1-683x1024.png","type":"image\/png"}],"twitter_card":"summary_large_image","twitter_misc":{"Gesch\u00e4tzte Lesezeit":"1\u00a0Minute"},"schema":{"@context":"https:\/\/schema.org","@graph":[{"@type":"WebPage","@id":"https:\/\/happyhaus.fr\/de\/produkt\/la-robe-gaby-archives-grapefruit\/","url":"https:\/\/happyhaus.fr\/de\/produkt\/la-robe-gaby-archives-grapefruit\/","name":"LA ROBE GABY - Archives -","isPartOf":{"@id":"https:\/\/happyhaus.fr\/#website"},"primaryImageOfPage":{"@id":"https:\/\/happyhaus.fr\/de\/produkt\/la-robe-gaby-archives-grapefruit\/#primaryimage"},"image":{"@id":"https:\/\/happyhaus.fr\/de\/produkt\/la-robe-gaby-archives-grapefruit\/#primaryimage"},"thumbnailUrl":"https:\/\/happyhaus.fr\/wp-content\/uploads\/2023\/02\/6-1.png","datePublished":"2023-02-01T11:03:24+00:00","dateModified":"2023-06-28T10:42:44+00:00","breadcrumb":{"@id":"https:\/\/happyhaus.fr\/de\/produkt\/la-robe-gaby-archives-grapefruit\/#breadcrumb"},"inLanguage":"de","potentialAction":[{"@type":"ReadAction","target":["https:\/\/happyhaus.fr\/de\/produkt\/la-robe-gaby-archives-grapefruit\/"]}]},{"@type":"ImageObject","inLanguage":"de","@id":"https:\/\/happyhaus.fr\/de\/produkt\/la-robe-gaby-archives-grapefruit\/#primaryimage","url":"https:\/\/happyhaus.fr\/wp-content\/uploads\/2023\/02\/6-1.png","contentUrl":"https:\/\/happyhaus.fr\/wp-content\/uploads\/2023\/02\/6-1.png","width":1707,"height":2560},{"@type":"BreadcrumbList","@id":"https:\/\/happyhaus.fr\/de\/produkt\/la-robe-gaby-archives-grapefruit\/#breadcrumb","itemListElement":[{"@type":"ListItem","position":1,"name":"Accueil","item":"https:\/\/happyhaus.fr\/de\/"},{"@type":"ListItem","position":2,"name":"Priv\u00e9\u00a0: Shop","item":"https:\/\/happyhaus.fr\/?page_id=4438"},{"@type":"ListItem","position":3,"name":"LA ROBE GABY &#8211; Archives"}]},{"@type":"WebSite","@id":"https:\/\/happyhaus.fr\/#website","url":"https:\/\/happyhaus.fr\/","name":"","description":"","potentialAction":[{"@type":"SearchAction","target":{"@type":"EntryPoint","urlTemplate":"https:\/\/happyhaus.fr\/?s={search_term_string}"},"query-input":"required name=search_term_string"}],"inLanguage":"de"}]}},"_links":{"self":[{"href":"https:\/\/happyhaus.fr\/de\/wp-json\/wp\/v2\/product\/87536"}],"collection":[{"href":"https:\/\/happyhaus.fr\/de\/wp-json\/wp\/v2\/product"}],"about":[{"href":"https:\/\/happyhaus.fr\/de\/wp-json\/wp\/v2\/types\/product"}],"replies":[{"embeddable":true,"href":"https:\/\/happyhaus.fr\/de\/wp-json\/wp\/v2\/comments?post=87536"}],"wp:featuredmedia":[{"embeddable":true,"href":"https:\/\/happyhaus.fr\/de\/wp-json\/wp\/v2\/media\/87658"}],"wp:attachment":[{"href":"https:\/\/happyhaus.fr\/de\/wp-json\/wp\/v2\/media?parent=87536"}],"wp:term":[{"taxonomy":"product_cat","embeddable":true,"href":"https:\/\/happyhaus.fr\/de\/wp-json\/wp\/v2\/product_cat?post=87536"},{"taxonomy":"product_tag","embeddable":true,"href":"https:\/\/happyhaus.fr\/de\/wp-json\/wp\/v2\/product_tag?post=87536"}],"curies":[{"name":"wp","href":"https:\/\/api.w.org\/{rel}","templated":true}]}}