{"id":87481,"date":"2022-02-01T10:22:35","date_gmt":"2022-02-01T09:22:35","guid":{"rendered":"https:\/\/happyhaus.fr\/?post_type=product&#038;p=87481"},"modified":"2023-02-02T10:56:14","modified_gmt":"2023-02-02T09:56:14","slug":"la-robe-chemise-archives","status":"publish","type":"product","link":"https:\/\/happyhaus.fr\/de\/produkt\/la-robe-chemise-archives\/","title":{"rendered":"La Robe Chemise &#8211; Archives"},"content":{"rendered":"<ul>\n<li>Lange \u00c4rmel mit Kn\u00f6pfen aus Corozo<\/li>\n<li>Schmaler Schnitt in der Taille<\/li>\n<li>Frontverschluss mit Knopf aus Corozo<\/li>\n<li>Mittellang<\/li>\n<li>Spitz zulaufender Hemdkragen<\/li>\n<li>100% Merinowolle \/ Loden gewebt in \u00d6sterreich.<\/li>\n<\/ul>\n<p>Herkunft des Stoffes: \u00d6sterreich<\/p>\n<p>Hergestellt in Tunesien<\/p>\n","protected":false},"excerpt":{"rendered":"<p>Unser Hemdkleid ist ein elegantes, leicht tailliertes Kleid, das eine sehr sch\u00f6ne Silhouette macht. Es kann sehr schick mit einem Paar Pumps aussehen, oder im Gegenteil ein sportlicher Look mit einem sch\u00f6nen Paar Sneakers!<\/p>\n<p>Diese Version aus Lodenwolle eignet sich perfekt f\u00fcr den Winter, da sie nicht nur warm ist, sondern auch eine burgunderrote Farbe hat, die eine gute Alternative zu Schwarz ist.<\/p>\n<p>Das Model tr\u00e4gt Gr\u00f6\u00dfe 36.<\/p>\n","protected":false},"featured_media":87631,"comment_status":"open","ping_status":"closed","template":"","meta":{"_acf_changed":false},"product_cat":[316],"product_tag":[],"acf":[],"yoast_head":"<!-- This site is optimized with the Yoast SEO plugin v22.6 - https:\/\/yoast.com\/wordpress\/plugins\/seo\/ -->\n<title>La Robe Chemise - Archives -<\/title>\n<meta name=\"robots\" content=\"index, follow, max-snippet:-1, max-image-preview:large, max-video-preview:-1\" \/>\n<link rel=\"canonical\" href=\"https:\/\/happyhaus.fr\/de\/produkt\/la-robe-chemise-archives\/\" \/>\n<meta property=\"og:locale\" content=\"de_DE\" \/>\n<meta property=\"og:type\" content=\"article\" \/>\n<meta property=\"og:title\" content=\"La Robe Chemise - Archives -\" \/>\n<meta property=\"og:description\" content=\"Unser Hemdkleid ist ein elegantes, leicht tailliertes Kleid, das eine sehr sch\u00f6ne Silhouette macht. Es kann sehr schick mit einem Paar Pumps aussehen, oder im Gegenteil ein sportlicher Look mit einem sch\u00f6nen Paar Sneakers!  Diese Version aus Lodenwolle eignet sich perfekt f\u00fcr den Winter, da sie nicht nur warm ist, sondern auch eine burgunderrote Farbe hat, die eine gute Alternative zu Schwarz ist.  Das Model tr\u00e4gt Gr\u00f6\u00dfe 36.\" \/>\n<meta property=\"og:url\" content=\"https:\/\/happyhaus.fr\/de\/produkt\/la-robe-chemise-archives\/\" \/>\n<meta property=\"article:modified_time\" content=\"2023-02-02T09:56:14+00:00\" \/>\n<meta property=\"og:image\" content=\"https:\/\/happyhaus.fr\/wp-content\/uploads\/2019\/08\/Robe-Chemise-Burgundy-Nine-scaled.jpg\" \/>\n\t<meta property=\"og:image:width\" content=\"1697\" \/>\n\t<meta property=\"og:image:height\" content=\"2560\" \/>\n\t<meta property=\"og:image:type\" content=\"image\/jpeg\" \/>\n<meta name=\"twitter:card\" content=\"summary_large_image\" \/>\n<meta name=\"twitter:label1\" content=\"Gesch\u00e4tzte Lesezeit\" \/>\n\t<meta name=\"twitter:data1\" content=\"1\u00a0Minute\" \/>\n<script type=\"application\/ld+json\" class=\"yoast-schema-graph\">{\"@context\":\"https:\/\/schema.org\",\"@graph\":[{\"@type\":\"WebPage\",\"@id\":\"https:\/\/happyhaus.fr\/de\/produkt\/la-robe-chemise-archives\/\",\"url\":\"https:\/\/happyhaus.fr\/de\/produkt\/la-robe-chemise-archives\/\",\"name\":\"La Robe Chemise - Archives -\",\"isPartOf\":{\"@id\":\"https:\/\/happyhaus.fr\/#website\"},\"primaryImageOfPage\":{\"@id\":\"https:\/\/happyhaus.fr\/de\/produkt\/la-robe-chemise-archives\/#primaryimage\"},\"image\":{\"@id\":\"https:\/\/happyhaus.fr\/de\/produkt\/la-robe-chemise-archives\/#primaryimage\"},\"thumbnailUrl\":\"https:\/\/happyhaus.fr\/wp-content\/uploads\/2022\/02\/size-photos-fiches-produits-sw.png\",\"datePublished\":\"2022-02-01T09:22:35+00:00\",\"dateModified\":\"2023-02-02T09:56:14+00:00\",\"breadcrumb\":{\"@id\":\"https:\/\/happyhaus.fr\/de\/produkt\/la-robe-chemise-archives\/#breadcrumb\"},\"inLanguage\":\"de\",\"potentialAction\":[{\"@type\":\"ReadAction\",\"target\":[\"https:\/\/happyhaus.fr\/de\/produkt\/la-robe-chemise-archives\/\"]}]},{\"@type\":\"ImageObject\",\"inLanguage\":\"de\",\"@id\":\"https:\/\/happyhaus.fr\/de\/produkt\/la-robe-chemise-archives\/#primaryimage\",\"url\":\"https:\/\/happyhaus.fr\/wp-content\/uploads\/2022\/02\/size-photos-fiches-produits-sw.png\",\"contentUrl\":\"https:\/\/happyhaus.fr\/wp-content\/uploads\/2022\/02\/size-photos-fiches-produits-sw.png\",\"width\":1707,\"height\":2560},{\"@type\":\"BreadcrumbList\",\"@id\":\"https:\/\/happyhaus.fr\/de\/produkt\/la-robe-chemise-archives\/#breadcrumb\",\"itemListElement\":[{\"@type\":\"ListItem\",\"position\":1,\"name\":\"Accueil\",\"item\":\"https:\/\/happyhaus.fr\/de\/\"},{\"@type\":\"ListItem\",\"position\":2,\"name\":\"Priv\u00e9\u00a0: Shop\",\"item\":\"https:\/\/happyhaus.fr\/?page_id=4438\"},{\"@type\":\"ListItem\",\"position\":3,\"name\":\"La Robe Chemise &#8211; Archives\"}]},{\"@type\":\"WebSite\",\"@id\":\"https:\/\/happyhaus.fr\/#website\",\"url\":\"https:\/\/happyhaus.fr\/\",\"name\":\"\",\"description\":\"\",\"potentialAction\":[{\"@type\":\"SearchAction\",\"target\":{\"@type\":\"EntryPoint\",\"urlTemplate\":\"https:\/\/happyhaus.fr\/?s={search_term_string}\"},\"query-input\":\"required name=search_term_string\"}],\"inLanguage\":\"de\"}]}<\/script>\n<!-- \/ Yoast SEO plugin. -->","yoast_head_json":{"title":"La Robe Chemise - Archives -","robots":{"index":"index","follow":"follow","max-snippet":"max-snippet:-1","max-image-preview":"max-image-preview:large","max-video-preview":"max-video-preview:-1"},"canonical":"https:\/\/happyhaus.fr\/de\/produkt\/la-robe-chemise-archives\/","og_locale":"de_DE","og_type":"article","og_title":"La Robe Chemise - Archives -","og_description":"Unser Hemdkleid ist ein elegantes, leicht tailliertes Kleid, das eine sehr sch\u00f6ne Silhouette macht. Es kann sehr schick mit einem Paar Pumps aussehen, oder im Gegenteil ein sportlicher Look mit einem sch\u00f6nen Paar Sneakers!  Diese Version aus Lodenwolle eignet sich perfekt f\u00fcr den Winter, da sie nicht nur warm ist, sondern auch eine burgunderrote Farbe hat, die eine gute Alternative zu Schwarz ist.  Das Model tr\u00e4gt Gr\u00f6\u00dfe 36.","og_url":"https:\/\/happyhaus.fr\/de\/produkt\/la-robe-chemise-archives\/","article_modified_time":"2023-02-02T09:56:14+00:00","og_image":[{"width":1697,"height":2560,"url":"https:\/\/happyhaus.fr\/wp-content\/uploads\/2019\/08\/Robe-Chemise-Burgundy-Nine-scaled.jpg","type":"image\/jpeg"}],"twitter_card":"summary_large_image","twitter_misc":{"Gesch\u00e4tzte Lesezeit":"1\u00a0Minute"},"schema":{"@context":"https:\/\/schema.org","@graph":[{"@type":"WebPage","@id":"https:\/\/happyhaus.fr\/de\/produkt\/la-robe-chemise-archives\/","url":"https:\/\/happyhaus.fr\/de\/produkt\/la-robe-chemise-archives\/","name":"La Robe Chemise - Archives -","isPartOf":{"@id":"https:\/\/happyhaus.fr\/#website"},"primaryImageOfPage":{"@id":"https:\/\/happyhaus.fr\/de\/produkt\/la-robe-chemise-archives\/#primaryimage"},"image":{"@id":"https:\/\/happyhaus.fr\/de\/produkt\/la-robe-chemise-archives\/#primaryimage"},"thumbnailUrl":"https:\/\/happyhaus.fr\/wp-content\/uploads\/2022\/02\/size-photos-fiches-produits-sw.png","datePublished":"2022-02-01T09:22:35+00:00","dateModified":"2023-02-02T09:56:14+00:00","breadcrumb":{"@id":"https:\/\/happyhaus.fr\/de\/produkt\/la-robe-chemise-archives\/#breadcrumb"},"inLanguage":"de","potentialAction":[{"@type":"ReadAction","target":["https:\/\/happyhaus.fr\/de\/produkt\/la-robe-chemise-archives\/"]}]},{"@type":"ImageObject","inLanguage":"de","@id":"https:\/\/happyhaus.fr\/de\/produkt\/la-robe-chemise-archives\/#primaryimage","url":"https:\/\/happyhaus.fr\/wp-content\/uploads\/2022\/02\/size-photos-fiches-produits-sw.png","contentUrl":"https:\/\/happyhaus.fr\/wp-content\/uploads\/2022\/02\/size-photos-fiches-produits-sw.png","width":1707,"height":2560},{"@type":"BreadcrumbList","@id":"https:\/\/happyhaus.fr\/de\/produkt\/la-robe-chemise-archives\/#breadcrumb","itemListElement":[{"@type":"ListItem","position":1,"name":"Accueil","item":"https:\/\/happyhaus.fr\/de\/"},{"@type":"ListItem","position":2,"name":"Priv\u00e9\u00a0: Shop","item":"https:\/\/happyhaus.fr\/?page_id=4438"},{"@type":"ListItem","position":3,"name":"La Robe Chemise &#8211; Archives"}]},{"@type":"WebSite","@id":"https:\/\/happyhaus.fr\/#website","url":"https:\/\/happyhaus.fr\/","name":"","description":"","potentialAction":[{"@type":"SearchAction","target":{"@type":"EntryPoint","urlTemplate":"https:\/\/happyhaus.fr\/?s={search_term_string}"},"query-input":"required name=search_term_string"}],"inLanguage":"de"}]}},"_links":{"self":[{"href":"https:\/\/happyhaus.fr\/de\/wp-json\/wp\/v2\/product\/87481"}],"collection":[{"href":"https:\/\/happyhaus.fr\/de\/wp-json\/wp\/v2\/product"}],"about":[{"href":"https:\/\/happyhaus.fr\/de\/wp-json\/wp\/v2\/types\/product"}],"replies":[{"embeddable":true,"href":"https:\/\/happyhaus.fr\/de\/wp-json\/wp\/v2\/comments?post=87481"}],"wp:featuredmedia":[{"embeddable":true,"href":"https:\/\/happyhaus.fr\/de\/wp-json\/wp\/v2\/media\/87631"}],"wp:attachment":[{"href":"https:\/\/happyhaus.fr\/de\/wp-json\/wp\/v2\/media?parent=87481"}],"wp:term":[{"taxonomy":"product_cat","embeddable":true,"href":"https:\/\/happyhaus.fr\/de\/wp-json\/wp\/v2\/product_cat?post=87481"},{"taxonomy":"product_tag","embeddable":true,"href":"https:\/\/happyhaus.fr\/de\/wp-json\/wp\/v2\/product_tag?post=87481"}],"curies":[{"name":"wp","href":"https:\/\/api.w.org\/{rel}","templated":true}]}}