{"id":86928,"date":"2025-02-05T10:00:55","date_gmt":"2022-11-14T16:21:56","guid":{"rendered":"https:\/\/happyhaus.fr\/?post_type=product&#038;p=86928"},"modified":"2025-05-13T15:54:59","modified_gmt":"2025-05-13T13:54:59","slug":"le-pantalon-oversize-banana","status":"publish","type":"product","link":"https:\/\/happyhaus.fr\/de\/produkt\/le-pantalon-oversize-banana\/","title":{"rendered":"LE PANTALON OVERSIZE"},"content":{"rendered":"<ul>\n<li>Volumin\u00f6ser, ausgestellter Schnitt<\/li>\n<li>5 Taschen<\/li>\n<li>Hohe Taille mit einer Kordel oder auf der H\u00fcfte anliegend wenn sie eine Gr\u00f6\u00dfe gr\u00f6sser bestellen wie Sabine die Besitzerin der AIE Boutique aus K\u00f6ln auf diesem Photo<\/li>\n<li>Auf der Ges\u00e4\u00dftasche ist der Pfau von Happy Haus aufgestickt<\/li>\n<li>Fransen an den Kanten<\/li>\n<\/ul>\n<p>Herkunft des Stoffes: Italien<br \/>\nHergestellt in Tunesien<\/p>\n","protected":false},"excerpt":{"rendered":"<p>Die OVERSIZE-Hose ist unser Spitzenmodell. Sie ist aus Baumwolle gefertigt, hat einen ausgestellten Schnitt, eine gleichm\u00e4\u00dfige L\u00e4nge, einen Holzknopf zum Schlie\u00dfen der Vorderseite und f\u00fcnf Taschen. Tragen Sie es, wie Sie wollen: hochgeschnitten oder eine Nummer gr\u00f6\u00dfer als Ihre normale Gr\u00f6\u00dfe!<\/p>\n<p>Z\u00f6gern Sie nicht, uns zu kontaktieren, wenn Sie sich bei der Gr\u00f6\u00dfe nicht sicher sind: sandy@happyhaus.fr<\/p>\n","protected":false},"featured_media":86953,"comment_status":"closed","ping_status":"closed","template":"","meta":{"_acf_changed":false},"product_cat":[312,231,236,315],"product_tag":[335],"acf":[],"yoast_head":"<!-- This site is optimized with the Yoast SEO plugin v22.6 - https:\/\/yoast.com\/wordpress\/plugins\/seo\/ -->\n<title>LE PANTALON OVERSIZE -<\/title>\n<meta name=\"robots\" content=\"index, follow, max-snippet:-1, max-image-preview:large, max-video-preview:-1\" \/>\n<link rel=\"canonical\" href=\"https:\/\/happyhaus.fr\/de\/produkt\/le-pantalon-oversize-banana\/\" \/>\n<meta property=\"og:locale\" content=\"de_DE\" \/>\n<meta property=\"og:type\" content=\"article\" \/>\n<meta property=\"og:title\" content=\"LE PANTALON OVERSIZE -\" \/>\n<meta property=\"og:description\" content=\"Die OVERSIZE-Hose ist unser Spitzenmodell. Sie ist aus Baumwolle gefertigt, hat einen ausgestellten Schnitt, eine gleichm\u00e4\u00dfige L\u00e4nge, einen Holzknopf zum Schlie\u00dfen der Vorderseite und f\u00fcnf Taschen. Tragen Sie es, wie Sie wollen: hochgeschnitten oder eine Nummer gr\u00f6\u00dfer als Ihre normale Gr\u00f6\u00dfe!  Z\u00f6gern Sie nicht, uns zu kontaktieren, wenn Sie sich bei der Gr\u00f6\u00dfe nicht sicher sind: sandy@happyhaus.fr\" \/>\n<meta property=\"og:url\" content=\"https:\/\/happyhaus.fr\/de\/produkt\/le-pantalon-oversize-banana\/\" \/>\n<meta property=\"article:modified_time\" content=\"2025-05-13T13:54:59+00:00\" \/>\n<meta property=\"og:image\" content=\"https:\/\/happyhaus.fr\/wp-content\/uploads\/2022\/11\/OVER-BANANA-dos.jpg\" \/>\n\t<meta property=\"og:image:width\" content=\"1707\" \/>\n\t<meta property=\"og:image:height\" content=\"2560\" \/>\n\t<meta property=\"og:image:type\" content=\"image\/jpeg\" \/>\n<meta name=\"twitter:card\" content=\"summary_large_image\" \/>\n<meta name=\"twitter:label1\" content=\"Gesch\u00e4tzte Lesezeit\" \/>\n\t<meta name=\"twitter:data1\" content=\"1\u00a0Minute\" \/>\n<script type=\"application\/ld+json\" class=\"yoast-schema-graph\">{\"@context\":\"https:\/\/schema.org\",\"@graph\":[{\"@type\":\"WebPage\",\"@id\":\"https:\/\/happyhaus.fr\/de\/produkt\/le-pantalon-oversize-banana\/\",\"url\":\"https:\/\/happyhaus.fr\/de\/produkt\/le-pantalon-oversize-banana\/\",\"name\":\"LE PANTALON OVERSIZE -\",\"isPartOf\":{\"@id\":\"https:\/\/happyhaus.fr\/#website\"},\"primaryImageOfPage\":{\"@id\":\"https:\/\/happyhaus.fr\/de\/produkt\/le-pantalon-oversize-banana\/#primaryimage\"},\"image\":{\"@id\":\"https:\/\/happyhaus.fr\/de\/produkt\/le-pantalon-oversize-banana\/#primaryimage\"},\"thumbnailUrl\":\"https:\/\/happyhaus.fr\/wp-content\/uploads\/2022\/11\/OVER-BANANA-dos.jpg\",\"datePublished\":\"2022-11-14T16:21:56+00:00\",\"dateModified\":\"2025-05-13T13:54:59+00:00\",\"breadcrumb\":{\"@id\":\"https:\/\/happyhaus.fr\/de\/produkt\/le-pantalon-oversize-banana\/#breadcrumb\"},\"inLanguage\":\"de\",\"potentialAction\":[{\"@type\":\"ReadAction\",\"target\":[\"https:\/\/happyhaus.fr\/de\/produkt\/le-pantalon-oversize-banana\/\"]}]},{\"@type\":\"ImageObject\",\"inLanguage\":\"de\",\"@id\":\"https:\/\/happyhaus.fr\/de\/produkt\/le-pantalon-oversize-banana\/#primaryimage\",\"url\":\"https:\/\/happyhaus.fr\/wp-content\/uploads\/2022\/11\/OVER-BANANA-dos.jpg\",\"contentUrl\":\"https:\/\/happyhaus.fr\/wp-content\/uploads\/2022\/11\/OVER-BANANA-dos.jpg\",\"width\":1707,\"height\":2560},{\"@type\":\"BreadcrumbList\",\"@id\":\"https:\/\/happyhaus.fr\/de\/produkt\/le-pantalon-oversize-banana\/#breadcrumb\",\"itemListElement\":[{\"@type\":\"ListItem\",\"position\":1,\"name\":\"Accueil\",\"item\":\"https:\/\/happyhaus.fr\/de\/\"},{\"@type\":\"ListItem\",\"position\":2,\"name\":\"Priv\u00e9\u00a0: Shop\",\"item\":\"https:\/\/happyhaus.fr\/?page_id=4438\"},{\"@type\":\"ListItem\",\"position\":3,\"name\":\"LE PANTALON OVERSIZE\"}]},{\"@type\":\"WebSite\",\"@id\":\"https:\/\/happyhaus.fr\/#website\",\"url\":\"https:\/\/happyhaus.fr\/\",\"name\":\"\",\"description\":\"\",\"potentialAction\":[{\"@type\":\"SearchAction\",\"target\":{\"@type\":\"EntryPoint\",\"urlTemplate\":\"https:\/\/happyhaus.fr\/?s={search_term_string}\"},\"query-input\":\"required name=search_term_string\"}],\"inLanguage\":\"de\"}]}<\/script>\n<!-- \/ Yoast SEO plugin. -->","yoast_head_json":{"title":"LE PANTALON OVERSIZE -","robots":{"index":"index","follow":"follow","max-snippet":"max-snippet:-1","max-image-preview":"max-image-preview:large","max-video-preview":"max-video-preview:-1"},"canonical":"https:\/\/happyhaus.fr\/de\/produkt\/le-pantalon-oversize-banana\/","og_locale":"de_DE","og_type":"article","og_title":"LE PANTALON OVERSIZE -","og_description":"Die OVERSIZE-Hose ist unser Spitzenmodell. Sie ist aus Baumwolle gefertigt, hat einen ausgestellten Schnitt, eine gleichm\u00e4\u00dfige L\u00e4nge, einen Holzknopf zum Schlie\u00dfen der Vorderseite und f\u00fcnf Taschen. Tragen Sie es, wie Sie wollen: hochgeschnitten oder eine Nummer gr\u00f6\u00dfer als Ihre normale Gr\u00f6\u00dfe!  Z\u00f6gern Sie nicht, uns zu kontaktieren, wenn Sie sich bei der Gr\u00f6\u00dfe nicht sicher sind: sandy@happyhaus.fr","og_url":"https:\/\/happyhaus.fr\/de\/produkt\/le-pantalon-oversize-banana\/","article_modified_time":"2025-05-13T13:54:59+00:00","og_image":[{"width":1707,"height":2560,"url":"https:\/\/happyhaus.fr\/wp-content\/uploads\/2022\/11\/OVER-BANANA-dos.jpg","type":"image\/jpeg"}],"twitter_card":"summary_large_image","twitter_misc":{"Gesch\u00e4tzte Lesezeit":"1\u00a0Minute"},"schema":{"@context":"https:\/\/schema.org","@graph":[{"@type":"WebPage","@id":"https:\/\/happyhaus.fr\/de\/produkt\/le-pantalon-oversize-banana\/","url":"https:\/\/happyhaus.fr\/de\/produkt\/le-pantalon-oversize-banana\/","name":"LE PANTALON OVERSIZE -","isPartOf":{"@id":"https:\/\/happyhaus.fr\/#website"},"primaryImageOfPage":{"@id":"https:\/\/happyhaus.fr\/de\/produkt\/le-pantalon-oversize-banana\/#primaryimage"},"image":{"@id":"https:\/\/happyhaus.fr\/de\/produkt\/le-pantalon-oversize-banana\/#primaryimage"},"thumbnailUrl":"https:\/\/happyhaus.fr\/wp-content\/uploads\/2022\/11\/OVER-BANANA-dos.jpg","datePublished":"2022-11-14T16:21:56+00:00","dateModified":"2025-05-13T13:54:59+00:00","breadcrumb":{"@id":"https:\/\/happyhaus.fr\/de\/produkt\/le-pantalon-oversize-banana\/#breadcrumb"},"inLanguage":"de","potentialAction":[{"@type":"ReadAction","target":["https:\/\/happyhaus.fr\/de\/produkt\/le-pantalon-oversize-banana\/"]}]},{"@type":"ImageObject","inLanguage":"de","@id":"https:\/\/happyhaus.fr\/de\/produkt\/le-pantalon-oversize-banana\/#primaryimage","url":"https:\/\/happyhaus.fr\/wp-content\/uploads\/2022\/11\/OVER-BANANA-dos.jpg","contentUrl":"https:\/\/happyhaus.fr\/wp-content\/uploads\/2022\/11\/OVER-BANANA-dos.jpg","width":1707,"height":2560},{"@type":"BreadcrumbList","@id":"https:\/\/happyhaus.fr\/de\/produkt\/le-pantalon-oversize-banana\/#breadcrumb","itemListElement":[{"@type":"ListItem","position":1,"name":"Accueil","item":"https:\/\/happyhaus.fr\/de\/"},{"@type":"ListItem","position":2,"name":"Priv\u00e9\u00a0: Shop","item":"https:\/\/happyhaus.fr\/?page_id=4438"},{"@type":"ListItem","position":3,"name":"LE PANTALON OVERSIZE"}]},{"@type":"WebSite","@id":"https:\/\/happyhaus.fr\/#website","url":"https:\/\/happyhaus.fr\/","name":"","description":"","potentialAction":[{"@type":"SearchAction","target":{"@type":"EntryPoint","urlTemplate":"https:\/\/happyhaus.fr\/?s={search_term_string}"},"query-input":"required name=search_term_string"}],"inLanguage":"de"}]}},"_links":{"self":[{"href":"https:\/\/happyhaus.fr\/de\/wp-json\/wp\/v2\/product\/86928"}],"collection":[{"href":"https:\/\/happyhaus.fr\/de\/wp-json\/wp\/v2\/product"}],"about":[{"href":"https:\/\/happyhaus.fr\/de\/wp-json\/wp\/v2\/types\/product"}],"replies":[{"embeddable":true,"href":"https:\/\/happyhaus.fr\/de\/wp-json\/wp\/v2\/comments?post=86928"}],"wp:featuredmedia":[{"embeddable":true,"href":"https:\/\/happyhaus.fr\/de\/wp-json\/wp\/v2\/media\/86953"}],"wp:attachment":[{"href":"https:\/\/happyhaus.fr\/de\/wp-json\/wp\/v2\/media?parent=86928"}],"wp:term":[{"taxonomy":"product_cat","embeddable":true,"href":"https:\/\/happyhaus.fr\/de\/wp-json\/wp\/v2\/product_cat?post=86928"},{"taxonomy":"product_tag","embeddable":true,"href":"https:\/\/happyhaus.fr\/de\/wp-json\/wp\/v2\/product_tag?post=86928"}],"curies":[{"name":"wp","href":"https:\/\/api.w.org\/{rel}","templated":true}]}}