{"id":86792,"date":"2022-10-31T20:41:28","date_gmt":"2022-10-31T19:41:31","guid":{"rendered":"https:\/\/happyhaus.fr\/?post_type=product&#038;p=86792"},"modified":"2025-07-25T16:07:23","modified_gmt":"2025-07-25T14:07:23","slug":"le-manteau-bonnie","status":"publish","type":"product","link":"https:\/\/happyhaus.fr\/de\/produkt\/le-manteau-bonnie\/","title":{"rendered":"Le MANTEAU BONNIE &#8211; ARCHIVES"},"content":{"rendered":"<ul>\n<li>Ungef\u00fcttert: Ton-in-Ton geflochtene Oberfl\u00e4che auf der Innenseite<\/li>\n<li>Rei\u00dfverschluss vorne \u2013 Doppelschieber in Goldfarbe<\/li>\n<li>Seitentaschen mit Steppn\u00e4hten, abgerundeten N\u00e4hten und Holzknopf<\/li>\n<li>Seitliche \u00d6ffnungen mit Zugang zu Ihren Hosentaschen<\/li>\n<li>Lange \u00c4rmel<\/li>\n<li>100 % Wolle Merinos\/ Loden<\/li>\n<\/ul>\n<p>Stoffherkunft: \u00d6sterreich<br \/>\nHergestellt in Polen<\/p>\n","protected":false},"excerpt":{"rendered":"<p>Unser BONNIE-Mantel ist in der neuen Saison wieder da. Er ist sehr minimalistisch und ultrabequem, vor allem dank des traditionellen Lodenstoffs, der von der \u00e4ltesten \u00f6sterreichischen Stoffmanufaktur LEICHTFRIED gewebt wird.<\/p>\n<p>Ich mag den Griff dieser dicken Wolle, die mich an die M\u00e4ntel meiner Kindheit erinnert&#8230; Die braune Farbe (rostfarbenes Futter) ist perfekt f\u00fcr diese Jahreszeit und passt zu allem.<\/p>\n<p>Sandy, die Gr\u00fcnderin von Happy Haus, tr\u00e4gt Gr\u00f6\u00dfe 36. Sie ist 170 cm gro\u00df.<\/p>\n","protected":false},"featured_media":86808,"comment_status":"closed","ping_status":"closed","template":"","meta":{"_acf_changed":false},"product_cat":[312,316,231,238],"product_tag":[],"acf":[],"yoast_head":"<!-- This site is optimized with the Yoast SEO plugin v22.6 - https:\/\/yoast.com\/wordpress\/plugins\/seo\/ -->\n<title>Le MANTEAU BONNIE - ARCHIVES -<\/title>\n<meta name=\"robots\" content=\"index, follow, max-snippet:-1, max-image-preview:large, max-video-preview:-1\" \/>\n<link rel=\"canonical\" href=\"https:\/\/happyhaus.fr\/de\/produkt\/le-manteau-bonnie\/\" \/>\n<meta property=\"og:locale\" content=\"de_DE\" \/>\n<meta property=\"og:type\" content=\"article\" \/>\n<meta property=\"og:title\" content=\"Le MANTEAU BONNIE - ARCHIVES -\" \/>\n<meta property=\"og:description\" content=\"Unser BONNIE-Mantel ist in der neuen Saison wieder da. Er ist sehr minimalistisch und ultrabequem, vor allem dank des traditionellen Lodenstoffs, der von der \u00e4ltesten \u00f6sterreichischen Stoffmanufaktur LEICHTFRIED gewebt wird.  Ich mag den Griff dieser dicken Wolle, die mich an die M\u00e4ntel meiner Kindheit erinnert... Die braune Farbe (rostfarbenes Futter) ist perfekt f\u00fcr diese Jahreszeit und passt zu allem.  Sandy, die Gr\u00fcnderin von Happy Haus, tr\u00e4gt Gr\u00f6\u00dfe 36. Sie ist 170 cm gro\u00df.\" \/>\n<meta property=\"og:url\" content=\"https:\/\/happyhaus.fr\/de\/produkt\/le-manteau-bonnie\/\" \/>\n<meta property=\"article:modified_time\" content=\"2025-07-25T14:07:23+00:00\" \/>\n<meta property=\"og:image\" content=\"https:\/\/happyhaus.fr\/wp-content\/uploads\/2022\/10\/Manteau-Bonnie-en-Loden.jpg\" \/>\n\t<meta property=\"og:image:width\" content=\"1707\" \/>\n\t<meta property=\"og:image:height\" content=\"2560\" \/>\n\t<meta property=\"og:image:type\" content=\"image\/jpeg\" \/>\n<meta name=\"twitter:card\" content=\"summary_large_image\" \/>\n<meta name=\"twitter:label1\" content=\"Gesch\u00e4tzte Lesezeit\" \/>\n\t<meta name=\"twitter:data1\" content=\"1\u00a0Minute\" \/>\n<script type=\"application\/ld+json\" class=\"yoast-schema-graph\">{\"@context\":\"https:\/\/schema.org\",\"@graph\":[{\"@type\":\"WebPage\",\"@id\":\"https:\/\/happyhaus.fr\/de\/produkt\/le-manteau-bonnie\/\",\"url\":\"https:\/\/happyhaus.fr\/de\/produkt\/le-manteau-bonnie\/\",\"name\":\"Le MANTEAU BONNIE - ARCHIVES -\",\"isPartOf\":{\"@id\":\"https:\/\/happyhaus.fr\/#website\"},\"primaryImageOfPage\":{\"@id\":\"https:\/\/happyhaus.fr\/de\/produkt\/le-manteau-bonnie\/#primaryimage\"},\"image\":{\"@id\":\"https:\/\/happyhaus.fr\/de\/produkt\/le-manteau-bonnie\/#primaryimage\"},\"thumbnailUrl\":\"https:\/\/happyhaus.fr\/wp-content\/uploads\/2022\/10\/Manteau-Bonnie-en-Loden.jpg\",\"datePublished\":\"2022-10-31T19:41:31+00:00\",\"dateModified\":\"2025-07-25T14:07:23+00:00\",\"breadcrumb\":{\"@id\":\"https:\/\/happyhaus.fr\/de\/produkt\/le-manteau-bonnie\/#breadcrumb\"},\"inLanguage\":\"de\",\"potentialAction\":[{\"@type\":\"ReadAction\",\"target\":[\"https:\/\/happyhaus.fr\/de\/produkt\/le-manteau-bonnie\/\"]}]},{\"@type\":\"ImageObject\",\"inLanguage\":\"de\",\"@id\":\"https:\/\/happyhaus.fr\/de\/produkt\/le-manteau-bonnie\/#primaryimage\",\"url\":\"https:\/\/happyhaus.fr\/wp-content\/uploads\/2022\/10\/Manteau-Bonnie-en-Loden.jpg\",\"contentUrl\":\"https:\/\/happyhaus.fr\/wp-content\/uploads\/2022\/10\/Manteau-Bonnie-en-Loden.jpg\",\"width\":1707,\"height\":2560},{\"@type\":\"BreadcrumbList\",\"@id\":\"https:\/\/happyhaus.fr\/de\/produkt\/le-manteau-bonnie\/#breadcrumb\",\"itemListElement\":[{\"@type\":\"ListItem\",\"position\":1,\"name\":\"Accueil\",\"item\":\"https:\/\/happyhaus.fr\/de\/\"},{\"@type\":\"ListItem\",\"position\":2,\"name\":\"Priv\u00e9\u00a0: Shop\",\"item\":\"https:\/\/happyhaus.fr\/?page_id=4438\"},{\"@type\":\"ListItem\",\"position\":3,\"name\":\"Le MANTEAU BONNIE &#8211; ARCHIVES\"}]},{\"@type\":\"WebSite\",\"@id\":\"https:\/\/happyhaus.fr\/#website\",\"url\":\"https:\/\/happyhaus.fr\/\",\"name\":\"\",\"description\":\"\",\"potentialAction\":[{\"@type\":\"SearchAction\",\"target\":{\"@type\":\"EntryPoint\",\"urlTemplate\":\"https:\/\/happyhaus.fr\/?s={search_term_string}\"},\"query-input\":\"required name=search_term_string\"}],\"inLanguage\":\"de\"}]}<\/script>\n<!-- \/ Yoast SEO plugin. -->","yoast_head_json":{"title":"Le MANTEAU BONNIE - ARCHIVES -","robots":{"index":"index","follow":"follow","max-snippet":"max-snippet:-1","max-image-preview":"max-image-preview:large","max-video-preview":"max-video-preview:-1"},"canonical":"https:\/\/happyhaus.fr\/de\/produkt\/le-manteau-bonnie\/","og_locale":"de_DE","og_type":"article","og_title":"Le MANTEAU BONNIE - ARCHIVES -","og_description":"Unser BONNIE-Mantel ist in der neuen Saison wieder da. Er ist sehr minimalistisch und ultrabequem, vor allem dank des traditionellen Lodenstoffs, der von der \u00e4ltesten \u00f6sterreichischen Stoffmanufaktur LEICHTFRIED gewebt wird.  Ich mag den Griff dieser dicken Wolle, die mich an die M\u00e4ntel meiner Kindheit erinnert... Die braune Farbe (rostfarbenes Futter) ist perfekt f\u00fcr diese Jahreszeit und passt zu allem.  Sandy, die Gr\u00fcnderin von Happy Haus, tr\u00e4gt Gr\u00f6\u00dfe 36. Sie ist 170 cm gro\u00df.","og_url":"https:\/\/happyhaus.fr\/de\/produkt\/le-manteau-bonnie\/","article_modified_time":"2025-07-25T14:07:23+00:00","og_image":[{"width":1707,"height":2560,"url":"https:\/\/happyhaus.fr\/wp-content\/uploads\/2022\/10\/Manteau-Bonnie-en-Loden.jpg","type":"image\/jpeg"}],"twitter_card":"summary_large_image","twitter_misc":{"Gesch\u00e4tzte Lesezeit":"1\u00a0Minute"},"schema":{"@context":"https:\/\/schema.org","@graph":[{"@type":"WebPage","@id":"https:\/\/happyhaus.fr\/de\/produkt\/le-manteau-bonnie\/","url":"https:\/\/happyhaus.fr\/de\/produkt\/le-manteau-bonnie\/","name":"Le MANTEAU BONNIE - ARCHIVES -","isPartOf":{"@id":"https:\/\/happyhaus.fr\/#website"},"primaryImageOfPage":{"@id":"https:\/\/happyhaus.fr\/de\/produkt\/le-manteau-bonnie\/#primaryimage"},"image":{"@id":"https:\/\/happyhaus.fr\/de\/produkt\/le-manteau-bonnie\/#primaryimage"},"thumbnailUrl":"https:\/\/happyhaus.fr\/wp-content\/uploads\/2022\/10\/Manteau-Bonnie-en-Loden.jpg","datePublished":"2022-10-31T19:41:31+00:00","dateModified":"2025-07-25T14:07:23+00:00","breadcrumb":{"@id":"https:\/\/happyhaus.fr\/de\/produkt\/le-manteau-bonnie\/#breadcrumb"},"inLanguage":"de","potentialAction":[{"@type":"ReadAction","target":["https:\/\/happyhaus.fr\/de\/produkt\/le-manteau-bonnie\/"]}]},{"@type":"ImageObject","inLanguage":"de","@id":"https:\/\/happyhaus.fr\/de\/produkt\/le-manteau-bonnie\/#primaryimage","url":"https:\/\/happyhaus.fr\/wp-content\/uploads\/2022\/10\/Manteau-Bonnie-en-Loden.jpg","contentUrl":"https:\/\/happyhaus.fr\/wp-content\/uploads\/2022\/10\/Manteau-Bonnie-en-Loden.jpg","width":1707,"height":2560},{"@type":"BreadcrumbList","@id":"https:\/\/happyhaus.fr\/de\/produkt\/le-manteau-bonnie\/#breadcrumb","itemListElement":[{"@type":"ListItem","position":1,"name":"Accueil","item":"https:\/\/happyhaus.fr\/de\/"},{"@type":"ListItem","position":2,"name":"Priv\u00e9\u00a0: Shop","item":"https:\/\/happyhaus.fr\/?page_id=4438"},{"@type":"ListItem","position":3,"name":"Le MANTEAU BONNIE &#8211; ARCHIVES"}]},{"@type":"WebSite","@id":"https:\/\/happyhaus.fr\/#website","url":"https:\/\/happyhaus.fr\/","name":"","description":"","potentialAction":[{"@type":"SearchAction","target":{"@type":"EntryPoint","urlTemplate":"https:\/\/happyhaus.fr\/?s={search_term_string}"},"query-input":"required name=search_term_string"}],"inLanguage":"de"}]}},"_links":{"self":[{"href":"https:\/\/happyhaus.fr\/de\/wp-json\/wp\/v2\/product\/86792"}],"collection":[{"href":"https:\/\/happyhaus.fr\/de\/wp-json\/wp\/v2\/product"}],"about":[{"href":"https:\/\/happyhaus.fr\/de\/wp-json\/wp\/v2\/types\/product"}],"replies":[{"embeddable":true,"href":"https:\/\/happyhaus.fr\/de\/wp-json\/wp\/v2\/comments?post=86792"}],"wp:featuredmedia":[{"embeddable":true,"href":"https:\/\/happyhaus.fr\/de\/wp-json\/wp\/v2\/media\/86808"}],"wp:attachment":[{"href":"https:\/\/happyhaus.fr\/de\/wp-json\/wp\/v2\/media?parent=86792"}],"wp:term":[{"taxonomy":"product_cat","embeddable":true,"href":"https:\/\/happyhaus.fr\/de\/wp-json\/wp\/v2\/product_cat?post=86792"},{"taxonomy":"product_tag","embeddable":true,"href":"https:\/\/happyhaus.fr\/de\/wp-json\/wp\/v2\/product_tag?post=86792"}],"curies":[{"name":"wp","href":"https:\/\/api.w.org\/{rel}","templated":true}]}}