{"id":86713,"date":"2025-02-05T14:30:12","date_gmt":"2022-10-08T09:26:16","guid":{"rendered":"https:\/\/happyhaus.fr\/?post_type=product&#038;p=86713"},"modified":"2025-07-31T13:50:18","modified_gmt":"2025-07-31T11:50:18","slug":"la-combinaison-trompe-loeil-5-years-old","status":"publish","type":"product","link":"https:\/\/happyhaus.fr\/de\/produkt\/la-combinaison-trompe-loeil-5-years-old\/","title":{"rendered":"La Combinaison TROMPE L&#8217;OEIL"},"content":{"rendered":"<ul>\n<li>Hemdkragen<\/li>\n<li>Verdecktes Knopfloch vorne mit Kn\u00f6pfen aus Naturholz<\/li>\n<li>Seitentaschen und aufgesetzte Taschen<\/li>\n<li>Pfauenstickerei auf der Tasche auf der R\u00fcckseite<\/li>\n<li>Manschette mit doppelter Falte und Holzknopf<\/li>\n<li>G\u00fcrtel mit ecrufarbenem Seil<\/li>\n<li>Die Silhouette ist bequem<\/li>\n<li>80% Coton 20% recycelt<\/li>\n<\/ul>\n<p>Denim made in Italie<\/p>\n<p>Made in Tunisia<\/p>\n<p>&nbsp;<\/p>\n","protected":false},"excerpt":{"rendered":"<p>Diese Kombination zeichnet sich durch den illusorischen Effekt eines in eine Hose gesteckten Hemdes aus. Er zeichnet die Silhouette auf elegante Weise, aber es liegt an Ihnen, ihn an Ihren Stil anzupassen! Ob l\u00e4ssig oder schick, diese Kombination wird sich Ihrem Stil je nach Jahreszeit anpassen: offen \u00fcber einem Tanktop mit Turnschuhen im Sommer oder mit einer Jacke und Ihren Lieblingsboots im Winter!<\/p>\n<p>Die neue &#8220;5 years old&#8221;-Waschung verleiht dem Teil einen abgenutzten und rockigen Effekt. Wir bei Happy Haus sind Fans!<\/p>\n<p>Sandy, die Gr\u00fcnderin von Happy Haus, tr\u00e4gt Gr\u00f6\u00dfe 36. Sie ist 170 cm gro\u00df.<\/p>\n<p>&nbsp;<\/p>\n","protected":false},"featured_media":86722,"comment_status":"open","ping_status":"closed","template":"","meta":{"_acf_changed":false},"product_cat":[312,231,234,315],"product_tag":[],"acf":[],"yoast_head":"<!-- This site is optimized with the Yoast SEO plugin v22.6 - https:\/\/yoast.com\/wordpress\/plugins\/seo\/ -->\n<title>La Combinaison TROMPE L&#039;OEIL -<\/title>\n<meta name=\"robots\" content=\"index, follow, max-snippet:-1, max-image-preview:large, max-video-preview:-1\" \/>\n<link rel=\"canonical\" href=\"https:\/\/happyhaus.fr\/de\/produkt\/la-combinaison-trompe-loeil-5-years-old\/\" \/>\n<meta property=\"og:locale\" content=\"de_DE\" \/>\n<meta property=\"og:type\" content=\"article\" \/>\n<meta property=\"og:title\" content=\"La Combinaison TROMPE L&#039;OEIL -\" \/>\n<meta property=\"og:description\" content=\"Diese Kombination zeichnet sich durch den illusorischen Effekt eines in eine Hose gesteckten Hemdes aus. Er zeichnet die Silhouette auf elegante Weise, aber es liegt an Ihnen, ihn an Ihren Stil anzupassen! Ob l\u00e4ssig oder schick, diese Kombination wird sich Ihrem Stil je nach Jahreszeit anpassen: offen \u00fcber einem Tanktop mit Turnschuhen im Sommer oder mit einer Jacke und Ihren Lieblingsboots im Winter!  Die neue &quot;5 years old&quot;-Waschung verleiht dem Teil einen abgenutzten und rockigen Effekt. Wir bei Happy Haus sind Fans!  Sandy, die Gr\u00fcnderin von Happy Haus, tr\u00e4gt Gr\u00f6\u00dfe 36. Sie ist 170 cm gro\u00df.  &nbsp;\" \/>\n<meta property=\"og:url\" content=\"https:\/\/happyhaus.fr\/de\/produkt\/la-combinaison-trompe-loeil-5-years-old\/\" \/>\n<meta property=\"article:modified_time\" content=\"2025-07-31T11:50:18+00:00\" \/>\n<meta property=\"og:image\" content=\"https:\/\/happyhaus.fr\/wp-content\/uploads\/2022\/10\/LA-COMBINAISON-TROMPE-L-OEIL-5-YEARS-OLD.jpg\" \/>\n\t<meta property=\"og:image:width\" content=\"1707\" \/>\n\t<meta property=\"og:image:height\" content=\"2560\" \/>\n\t<meta property=\"og:image:type\" content=\"image\/jpeg\" \/>\n<meta name=\"twitter:card\" content=\"summary_large_image\" \/>\n<meta name=\"twitter:label1\" content=\"Gesch\u00e4tzte Lesezeit\" \/>\n\t<meta name=\"twitter:data1\" content=\"1\u00a0Minute\" \/>\n<script type=\"application\/ld+json\" class=\"yoast-schema-graph\">{\"@context\":\"https:\/\/schema.org\",\"@graph\":[{\"@type\":\"WebPage\",\"@id\":\"https:\/\/happyhaus.fr\/de\/produkt\/la-combinaison-trompe-loeil-5-years-old\/\",\"url\":\"https:\/\/happyhaus.fr\/de\/produkt\/la-combinaison-trompe-loeil-5-years-old\/\",\"name\":\"La Combinaison TROMPE L'OEIL -\",\"isPartOf\":{\"@id\":\"https:\/\/happyhaus.fr\/#website\"},\"primaryImageOfPage\":{\"@id\":\"https:\/\/happyhaus.fr\/de\/produkt\/la-combinaison-trompe-loeil-5-years-old\/#primaryimage\"},\"image\":{\"@id\":\"https:\/\/happyhaus.fr\/de\/produkt\/la-combinaison-trompe-loeil-5-years-old\/#primaryimage\"},\"thumbnailUrl\":\"https:\/\/happyhaus.fr\/wp-content\/uploads\/2022\/10\/LA-COMBINAISON-TROMPE-L-OEIL-5-YEARS-OLD.jpg\",\"datePublished\":\"2022-10-08T09:26:16+00:00\",\"dateModified\":\"2025-07-31T11:50:18+00:00\",\"breadcrumb\":{\"@id\":\"https:\/\/happyhaus.fr\/de\/produkt\/la-combinaison-trompe-loeil-5-years-old\/#breadcrumb\"},\"inLanguage\":\"de\",\"potentialAction\":[{\"@type\":\"ReadAction\",\"target\":[\"https:\/\/happyhaus.fr\/de\/produkt\/la-combinaison-trompe-loeil-5-years-old\/\"]}]},{\"@type\":\"ImageObject\",\"inLanguage\":\"de\",\"@id\":\"https:\/\/happyhaus.fr\/de\/produkt\/la-combinaison-trompe-loeil-5-years-old\/#primaryimage\",\"url\":\"https:\/\/happyhaus.fr\/wp-content\/uploads\/2022\/10\/LA-COMBINAISON-TROMPE-L-OEIL-5-YEARS-OLD.jpg\",\"contentUrl\":\"https:\/\/happyhaus.fr\/wp-content\/uploads\/2022\/10\/LA-COMBINAISON-TROMPE-L-OEIL-5-YEARS-OLD.jpg\",\"width\":1707,\"height\":2560},{\"@type\":\"BreadcrumbList\",\"@id\":\"https:\/\/happyhaus.fr\/de\/produkt\/la-combinaison-trompe-loeil-5-years-old\/#breadcrumb\",\"itemListElement\":[{\"@type\":\"ListItem\",\"position\":1,\"name\":\"Accueil\",\"item\":\"https:\/\/happyhaus.fr\/de\/\"},{\"@type\":\"ListItem\",\"position\":2,\"name\":\"Priv\u00e9\u00a0: Shop\",\"item\":\"https:\/\/happyhaus.fr\/?page_id=4438\"},{\"@type\":\"ListItem\",\"position\":3,\"name\":\"La Combinaison TROMPE L&#8217;OEIL\"}]},{\"@type\":\"WebSite\",\"@id\":\"https:\/\/happyhaus.fr\/#website\",\"url\":\"https:\/\/happyhaus.fr\/\",\"name\":\"\",\"description\":\"\",\"potentialAction\":[{\"@type\":\"SearchAction\",\"target\":{\"@type\":\"EntryPoint\",\"urlTemplate\":\"https:\/\/happyhaus.fr\/?s={search_term_string}\"},\"query-input\":\"required name=search_term_string\"}],\"inLanguage\":\"de\"}]}<\/script>\n<!-- \/ Yoast SEO plugin. -->","yoast_head_json":{"title":"La Combinaison TROMPE L'OEIL -","robots":{"index":"index","follow":"follow","max-snippet":"max-snippet:-1","max-image-preview":"max-image-preview:large","max-video-preview":"max-video-preview:-1"},"canonical":"https:\/\/happyhaus.fr\/de\/produkt\/la-combinaison-trompe-loeil-5-years-old\/","og_locale":"de_DE","og_type":"article","og_title":"La Combinaison TROMPE L'OEIL -","og_description":"Diese Kombination zeichnet sich durch den illusorischen Effekt eines in eine Hose gesteckten Hemdes aus. Er zeichnet die Silhouette auf elegante Weise, aber es liegt an Ihnen, ihn an Ihren Stil anzupassen! Ob l\u00e4ssig oder schick, diese Kombination wird sich Ihrem Stil je nach Jahreszeit anpassen: offen \u00fcber einem Tanktop mit Turnschuhen im Sommer oder mit einer Jacke und Ihren Lieblingsboots im Winter!  Die neue \"5 years old\"-Waschung verleiht dem Teil einen abgenutzten und rockigen Effekt. Wir bei Happy Haus sind Fans!  Sandy, die Gr\u00fcnderin von Happy Haus, tr\u00e4gt Gr\u00f6\u00dfe 36. Sie ist 170 cm gro\u00df.  &nbsp;","og_url":"https:\/\/happyhaus.fr\/de\/produkt\/la-combinaison-trompe-loeil-5-years-old\/","article_modified_time":"2025-07-31T11:50:18+00:00","og_image":[{"width":1707,"height":2560,"url":"https:\/\/happyhaus.fr\/wp-content\/uploads\/2022\/10\/LA-COMBINAISON-TROMPE-L-OEIL-5-YEARS-OLD.jpg","type":"image\/jpeg"}],"twitter_card":"summary_large_image","twitter_misc":{"Gesch\u00e4tzte Lesezeit":"1\u00a0Minute"},"schema":{"@context":"https:\/\/schema.org","@graph":[{"@type":"WebPage","@id":"https:\/\/happyhaus.fr\/de\/produkt\/la-combinaison-trompe-loeil-5-years-old\/","url":"https:\/\/happyhaus.fr\/de\/produkt\/la-combinaison-trompe-loeil-5-years-old\/","name":"La Combinaison TROMPE L'OEIL -","isPartOf":{"@id":"https:\/\/happyhaus.fr\/#website"},"primaryImageOfPage":{"@id":"https:\/\/happyhaus.fr\/de\/produkt\/la-combinaison-trompe-loeil-5-years-old\/#primaryimage"},"image":{"@id":"https:\/\/happyhaus.fr\/de\/produkt\/la-combinaison-trompe-loeil-5-years-old\/#primaryimage"},"thumbnailUrl":"https:\/\/happyhaus.fr\/wp-content\/uploads\/2022\/10\/LA-COMBINAISON-TROMPE-L-OEIL-5-YEARS-OLD.jpg","datePublished":"2022-10-08T09:26:16+00:00","dateModified":"2025-07-31T11:50:18+00:00","breadcrumb":{"@id":"https:\/\/happyhaus.fr\/de\/produkt\/la-combinaison-trompe-loeil-5-years-old\/#breadcrumb"},"inLanguage":"de","potentialAction":[{"@type":"ReadAction","target":["https:\/\/happyhaus.fr\/de\/produkt\/la-combinaison-trompe-loeil-5-years-old\/"]}]},{"@type":"ImageObject","inLanguage":"de","@id":"https:\/\/happyhaus.fr\/de\/produkt\/la-combinaison-trompe-loeil-5-years-old\/#primaryimage","url":"https:\/\/happyhaus.fr\/wp-content\/uploads\/2022\/10\/LA-COMBINAISON-TROMPE-L-OEIL-5-YEARS-OLD.jpg","contentUrl":"https:\/\/happyhaus.fr\/wp-content\/uploads\/2022\/10\/LA-COMBINAISON-TROMPE-L-OEIL-5-YEARS-OLD.jpg","width":1707,"height":2560},{"@type":"BreadcrumbList","@id":"https:\/\/happyhaus.fr\/de\/produkt\/la-combinaison-trompe-loeil-5-years-old\/#breadcrumb","itemListElement":[{"@type":"ListItem","position":1,"name":"Accueil","item":"https:\/\/happyhaus.fr\/de\/"},{"@type":"ListItem","position":2,"name":"Priv\u00e9\u00a0: Shop","item":"https:\/\/happyhaus.fr\/?page_id=4438"},{"@type":"ListItem","position":3,"name":"La Combinaison TROMPE L&#8217;OEIL"}]},{"@type":"WebSite","@id":"https:\/\/happyhaus.fr\/#website","url":"https:\/\/happyhaus.fr\/","name":"","description":"","potentialAction":[{"@type":"SearchAction","target":{"@type":"EntryPoint","urlTemplate":"https:\/\/happyhaus.fr\/?s={search_term_string}"},"query-input":"required name=search_term_string"}],"inLanguage":"de"}]}},"_links":{"self":[{"href":"https:\/\/happyhaus.fr\/de\/wp-json\/wp\/v2\/product\/86713"}],"collection":[{"href":"https:\/\/happyhaus.fr\/de\/wp-json\/wp\/v2\/product"}],"about":[{"href":"https:\/\/happyhaus.fr\/de\/wp-json\/wp\/v2\/types\/product"}],"replies":[{"embeddable":true,"href":"https:\/\/happyhaus.fr\/de\/wp-json\/wp\/v2\/comments?post=86713"}],"wp:featuredmedia":[{"embeddable":true,"href":"https:\/\/happyhaus.fr\/de\/wp-json\/wp\/v2\/media\/86722"}],"wp:attachment":[{"href":"https:\/\/happyhaus.fr\/de\/wp-json\/wp\/v2\/media?parent=86713"}],"wp:term":[{"taxonomy":"product_cat","embeddable":true,"href":"https:\/\/happyhaus.fr\/de\/wp-json\/wp\/v2\/product_cat?post=86713"},{"taxonomy":"product_tag","embeddable":true,"href":"https:\/\/happyhaus.fr\/de\/wp-json\/wp\/v2\/product_tag?post=86713"}],"curies":[{"name":"wp","href":"https:\/\/api.w.org\/{rel}","templated":true}]}}