{"id":86646,"date":"2022-10-03T12:51:37","date_gmt":"2022-10-03T10:51:39","guid":{"rendered":"https:\/\/happyhaus.fr\/?post_type=product&#038;p=86646"},"modified":"2025-07-23T13:34:22","modified_gmt":"2025-07-23T11:34:22","slug":"le-pantalon-unisex-denim","status":"publish","type":"product","link":"https:\/\/happyhaus.fr\/de\/produkt\/le-pantalon-unisex-denim\/","title":{"rendered":"LE PANTALON UNISEX"},"content":{"rendered":"<ul>\n<li>Regular\u00a0fitted<\/li>\n<li>5 Taschen<\/li>\n<li>Mit Holzkn\u00f6pfe<\/li>\n<li>Passt ach toll f\u00fcr M\u00e4nner<\/li>\n<li>100 % Baumwolle 20% recycelte Baumwolle<\/li>\n<\/ul>\n<p>Herkunft des Stoffes: Tunesien<br \/>\nHergestellt in Tunesien<\/p>\n","protected":false},"excerpt":{"rendered":"<p>Diese Hose ist aus japanischer Baumwolle gefertigt. Sie hat einen ausgestellten Schnitt, eine gleichm\u00e4\u00dfige L\u00e4nge, einen Holzknopf zum Schlie\u00dfen der Vorderseite und f\u00fcnf Taschen.<\/p>\n<p>Diese Hose ist, wie der Name schon sagt, als gemischte Hose gedacht. Meine Herren, z\u00f6gern Sie nicht, sie \u00fcberzuziehen!<\/p>\n<p>Sandy, die Gr\u00fcnderin von HAPPY HAUS, tr\u00e4gt Gr\u00f6\u00dfe 36. Sie ist 1,70 m gro\u00df.<\/p>\n<p>&nbsp;<\/p>\n","protected":false},"featured_media":86764,"comment_status":"closed","ping_status":"closed","template":"","meta":{"_acf_changed":false},"product_cat":[312,231,236,315],"product_tag":[335],"acf":[],"yoast_head":"<!-- This site is optimized with the Yoast SEO plugin v22.6 - https:\/\/yoast.com\/wordpress\/plugins\/seo\/ -->\n<title>LE PANTALON UNISEX -<\/title>\n<meta name=\"robots\" content=\"index, follow, max-snippet:-1, max-image-preview:large, max-video-preview:-1\" \/>\n<link rel=\"canonical\" href=\"https:\/\/happyhaus.fr\/de\/produkt\/le-pantalon-unisex-denim\/\" \/>\n<meta property=\"og:locale\" content=\"de_DE\" \/>\n<meta property=\"og:type\" content=\"article\" \/>\n<meta property=\"og:title\" content=\"LE PANTALON UNISEX -\" \/>\n<meta property=\"og:description\" content=\"Diese Hose ist aus japanischer Baumwolle gefertigt. Sie hat einen ausgestellten Schnitt, eine gleichm\u00e4\u00dfige L\u00e4nge, einen Holzknopf zum Schlie\u00dfen der Vorderseite und f\u00fcnf Taschen.  Diese Hose ist, wie der Name schon sagt, als gemischte Hose gedacht. Meine Herren, z\u00f6gern Sie nicht, sie \u00fcberzuziehen!  Sandy, die Gr\u00fcnderin von HAPPY HAUS, tr\u00e4gt Gr\u00f6\u00dfe 36. Sie ist 1,70 m gro\u00df.  &nbsp;\" \/>\n<meta property=\"og:url\" content=\"https:\/\/happyhaus.fr\/de\/produkt\/le-pantalon-unisex-denim\/\" \/>\n<meta property=\"article:modified_time\" content=\"2025-07-23T11:34:22+00:00\" \/>\n<meta property=\"og:image\" content=\"https:\/\/happyhaus.fr\/wp-content\/uploads\/2022\/10\/UNISEX.jpg\" \/>\n\t<meta property=\"og:image:width\" content=\"1707\" \/>\n\t<meta property=\"og:image:height\" content=\"2560\" \/>\n\t<meta property=\"og:image:type\" content=\"image\/jpeg\" \/>\n<meta name=\"twitter:card\" content=\"summary_large_image\" \/>\n<meta name=\"twitter:label1\" content=\"Gesch\u00e4tzte Lesezeit\" \/>\n\t<meta name=\"twitter:data1\" content=\"1\u00a0Minute\" \/>\n<script type=\"application\/ld+json\" class=\"yoast-schema-graph\">{\"@context\":\"https:\/\/schema.org\",\"@graph\":[{\"@type\":\"WebPage\",\"@id\":\"https:\/\/happyhaus.fr\/de\/produkt\/le-pantalon-unisex-denim\/\",\"url\":\"https:\/\/happyhaus.fr\/de\/produkt\/le-pantalon-unisex-denim\/\",\"name\":\"LE PANTALON UNISEX -\",\"isPartOf\":{\"@id\":\"https:\/\/happyhaus.fr\/#website\"},\"primaryImageOfPage\":{\"@id\":\"https:\/\/happyhaus.fr\/de\/produkt\/le-pantalon-unisex-denim\/#primaryimage\"},\"image\":{\"@id\":\"https:\/\/happyhaus.fr\/de\/produkt\/le-pantalon-unisex-denim\/#primaryimage\"},\"thumbnailUrl\":\"https:\/\/happyhaus.fr\/wp-content\/uploads\/2022\/10\/UNISEX.jpg\",\"datePublished\":\"2022-10-03T10:51:39+00:00\",\"dateModified\":\"2025-07-23T11:34:22+00:00\",\"breadcrumb\":{\"@id\":\"https:\/\/happyhaus.fr\/de\/produkt\/le-pantalon-unisex-denim\/#breadcrumb\"},\"inLanguage\":\"de\",\"potentialAction\":[{\"@type\":\"ReadAction\",\"target\":[\"https:\/\/happyhaus.fr\/de\/produkt\/le-pantalon-unisex-denim\/\"]}]},{\"@type\":\"ImageObject\",\"inLanguage\":\"de\",\"@id\":\"https:\/\/happyhaus.fr\/de\/produkt\/le-pantalon-unisex-denim\/#primaryimage\",\"url\":\"https:\/\/happyhaus.fr\/wp-content\/uploads\/2022\/10\/UNISEX.jpg\",\"contentUrl\":\"https:\/\/happyhaus.fr\/wp-content\/uploads\/2022\/10\/UNISEX.jpg\",\"width\":1707,\"height\":2560},{\"@type\":\"BreadcrumbList\",\"@id\":\"https:\/\/happyhaus.fr\/de\/produkt\/le-pantalon-unisex-denim\/#breadcrumb\",\"itemListElement\":[{\"@type\":\"ListItem\",\"position\":1,\"name\":\"Accueil\",\"item\":\"https:\/\/happyhaus.fr\/de\/\"},{\"@type\":\"ListItem\",\"position\":2,\"name\":\"Priv\u00e9\u00a0: Shop\",\"item\":\"https:\/\/happyhaus.fr\/?page_id=4438\"},{\"@type\":\"ListItem\",\"position\":3,\"name\":\"LE PANTALON UNISEX\"}]},{\"@type\":\"WebSite\",\"@id\":\"https:\/\/happyhaus.fr\/#website\",\"url\":\"https:\/\/happyhaus.fr\/\",\"name\":\"\",\"description\":\"\",\"potentialAction\":[{\"@type\":\"SearchAction\",\"target\":{\"@type\":\"EntryPoint\",\"urlTemplate\":\"https:\/\/happyhaus.fr\/?s={search_term_string}\"},\"query-input\":\"required name=search_term_string\"}],\"inLanguage\":\"de\"}]}<\/script>\n<!-- \/ Yoast SEO plugin. -->","yoast_head_json":{"title":"LE PANTALON UNISEX -","robots":{"index":"index","follow":"follow","max-snippet":"max-snippet:-1","max-image-preview":"max-image-preview:large","max-video-preview":"max-video-preview:-1"},"canonical":"https:\/\/happyhaus.fr\/de\/produkt\/le-pantalon-unisex-denim\/","og_locale":"de_DE","og_type":"article","og_title":"LE PANTALON UNISEX -","og_description":"Diese Hose ist aus japanischer Baumwolle gefertigt. Sie hat einen ausgestellten Schnitt, eine gleichm\u00e4\u00dfige L\u00e4nge, einen Holzknopf zum Schlie\u00dfen der Vorderseite und f\u00fcnf Taschen.  Diese Hose ist, wie der Name schon sagt, als gemischte Hose gedacht. Meine Herren, z\u00f6gern Sie nicht, sie \u00fcberzuziehen!  Sandy, die Gr\u00fcnderin von HAPPY HAUS, tr\u00e4gt Gr\u00f6\u00dfe 36. Sie ist 1,70 m gro\u00df.  &nbsp;","og_url":"https:\/\/happyhaus.fr\/de\/produkt\/le-pantalon-unisex-denim\/","article_modified_time":"2025-07-23T11:34:22+00:00","og_image":[{"width":1707,"height":2560,"url":"https:\/\/happyhaus.fr\/wp-content\/uploads\/2022\/10\/UNISEX.jpg","type":"image\/jpeg"}],"twitter_card":"summary_large_image","twitter_misc":{"Gesch\u00e4tzte Lesezeit":"1\u00a0Minute"},"schema":{"@context":"https:\/\/schema.org","@graph":[{"@type":"WebPage","@id":"https:\/\/happyhaus.fr\/de\/produkt\/le-pantalon-unisex-denim\/","url":"https:\/\/happyhaus.fr\/de\/produkt\/le-pantalon-unisex-denim\/","name":"LE PANTALON UNISEX -","isPartOf":{"@id":"https:\/\/happyhaus.fr\/#website"},"primaryImageOfPage":{"@id":"https:\/\/happyhaus.fr\/de\/produkt\/le-pantalon-unisex-denim\/#primaryimage"},"image":{"@id":"https:\/\/happyhaus.fr\/de\/produkt\/le-pantalon-unisex-denim\/#primaryimage"},"thumbnailUrl":"https:\/\/happyhaus.fr\/wp-content\/uploads\/2022\/10\/UNISEX.jpg","datePublished":"2022-10-03T10:51:39+00:00","dateModified":"2025-07-23T11:34:22+00:00","breadcrumb":{"@id":"https:\/\/happyhaus.fr\/de\/produkt\/le-pantalon-unisex-denim\/#breadcrumb"},"inLanguage":"de","potentialAction":[{"@type":"ReadAction","target":["https:\/\/happyhaus.fr\/de\/produkt\/le-pantalon-unisex-denim\/"]}]},{"@type":"ImageObject","inLanguage":"de","@id":"https:\/\/happyhaus.fr\/de\/produkt\/le-pantalon-unisex-denim\/#primaryimage","url":"https:\/\/happyhaus.fr\/wp-content\/uploads\/2022\/10\/UNISEX.jpg","contentUrl":"https:\/\/happyhaus.fr\/wp-content\/uploads\/2022\/10\/UNISEX.jpg","width":1707,"height":2560},{"@type":"BreadcrumbList","@id":"https:\/\/happyhaus.fr\/de\/produkt\/le-pantalon-unisex-denim\/#breadcrumb","itemListElement":[{"@type":"ListItem","position":1,"name":"Accueil","item":"https:\/\/happyhaus.fr\/de\/"},{"@type":"ListItem","position":2,"name":"Priv\u00e9\u00a0: Shop","item":"https:\/\/happyhaus.fr\/?page_id=4438"},{"@type":"ListItem","position":3,"name":"LE PANTALON UNISEX"}]},{"@type":"WebSite","@id":"https:\/\/happyhaus.fr\/#website","url":"https:\/\/happyhaus.fr\/","name":"","description":"","potentialAction":[{"@type":"SearchAction","target":{"@type":"EntryPoint","urlTemplate":"https:\/\/happyhaus.fr\/?s={search_term_string}"},"query-input":"required name=search_term_string"}],"inLanguage":"de"}]}},"_links":{"self":[{"href":"https:\/\/happyhaus.fr\/de\/wp-json\/wp\/v2\/product\/86646"}],"collection":[{"href":"https:\/\/happyhaus.fr\/de\/wp-json\/wp\/v2\/product"}],"about":[{"href":"https:\/\/happyhaus.fr\/de\/wp-json\/wp\/v2\/types\/product"}],"replies":[{"embeddable":true,"href":"https:\/\/happyhaus.fr\/de\/wp-json\/wp\/v2\/comments?post=86646"}],"wp:featuredmedia":[{"embeddable":true,"href":"https:\/\/happyhaus.fr\/de\/wp-json\/wp\/v2\/media\/86764"}],"wp:attachment":[{"href":"https:\/\/happyhaus.fr\/de\/wp-json\/wp\/v2\/media?parent=86646"}],"wp:term":[{"taxonomy":"product_cat","embeddable":true,"href":"https:\/\/happyhaus.fr\/de\/wp-json\/wp\/v2\/product_cat?post=86646"},{"taxonomy":"product_tag","embeddable":true,"href":"https:\/\/happyhaus.fr\/de\/wp-json\/wp\/v2\/product_tag?post=86646"}],"curies":[{"name":"wp","href":"https:\/\/api.w.org\/{rel}","templated":true}]}}