{"id":86550,"date":"2022-09-15T13:19:21","date_gmt":"2022-09-15T11:19:23","guid":{"rendered":"https:\/\/happyhaus.fr\/?post_type=product&#038;p=86550"},"modified":"2025-12-10T16:55:36","modified_gmt":"2025-12-10T15:55:36","slug":"la-blouse-a-manche-gigot-vorbestellung-copie","status":"publish","type":"product","link":"https:\/\/happyhaus.fr\/de\/produkt\/la-blouse-a-manche-gigot-vorbestellung-copie\/","title":{"rendered":"LA BLOUSE AVALIS &#8211; ARCHIVES"},"content":{"rendered":"<ul>\n<li>Leicht erh\u00f6hter Kragen<\/li>\n<li>Knopfleiste auf der Vorderseite mit woll\u00fcberzogenen Kn\u00f6pfen<\/li>\n<li>Puff\u00e4rmel mit detaillierten Schultern<\/li>\n<li>In Falten gelegte Abschl\u00fcsse<\/li>\n<li>Sehr weiches und leichtes Material, piekst nicht<\/li>\n<\/ul>\n<p>100 % Japanische Wolle<br \/>\nHerkunft des Stoffes: Japan<br \/>\nHergestellt in Tunesien<\/p>\n<p>&nbsp;<\/p>\n","protected":false},"excerpt":{"rendered":"<p>Unsere AVALIS-Bluse ist Teil unserer st\u00e4ndigen Kollektion. Sie hat eine leicht strukturierte Schulterpartie, die ihr einen gewissen Chic verleiht, aber dennoch subtil bleibt.<\/p>\n<p>Japanische Wolle ist ein wundersch\u00f6nes Material, das das Licht durchl\u00e4sst. Sie wird von einer kleinen Familienmanufaktur in Osaka, Japan, hergestellt, die auch heute noch traditionelle japanische Webst\u00fchle verwendet und dem \u00fcberlieferten Wissen ihres Landes folgt. Sie ist sehr leicht und dennoch warm und weich, mit einer wundersch\u00f6nen Maschenware. Ich bin extrem stolz darauf, Ihnen dieses edle Material anbieten zu k\u00f6nnen, das ich so sehr liebe.<\/p>\n<p>Sandy, die Gr\u00fcnderin von Happy Haus, tr\u00e4gt Gr\u00f6\u00dfe 36.<\/p>\n<p><strong>\u00a0<\/strong><\/p>\n","protected":false},"featured_media":86570,"comment_status":"closed","ping_status":"closed","template":"","meta":{"_acf_changed":false},"product_cat":[312,316,231,237],"product_tag":[],"acf":[],"yoast_head":"<!-- This site is optimized with the Yoast SEO plugin v22.6 - https:\/\/yoast.com\/wordpress\/plugins\/seo\/ -->\n<title>LA BLOUSE AVALIS - ARCHIVES -<\/title>\n<meta name=\"robots\" content=\"index, follow, max-snippet:-1, max-image-preview:large, max-video-preview:-1\" \/>\n<link rel=\"canonical\" href=\"https:\/\/happyhaus.fr\/de\/produkt\/la-blouse-a-manche-gigot-vorbestellung-copie\/\" \/>\n<meta property=\"og:locale\" content=\"de_DE\" \/>\n<meta property=\"og:type\" content=\"article\" \/>\n<meta property=\"og:title\" content=\"LA BLOUSE AVALIS - ARCHIVES -\" \/>\n<meta property=\"og:description\" content=\"Unsere AVALIS-Bluse ist Teil unserer st\u00e4ndigen Kollektion. Sie hat eine leicht strukturierte Schulterpartie, die ihr einen gewissen Chic verleiht, aber dennoch subtil bleibt.  Japanische Wolle ist ein wundersch\u00f6nes Material, das das Licht durchl\u00e4sst. Sie wird von einer kleinen Familienmanufaktur in Osaka, Japan, hergestellt, die auch heute noch traditionelle japanische Webst\u00fchle verwendet und dem \u00fcberlieferten Wissen ihres Landes folgt. Sie ist sehr leicht und dennoch warm und weich, mit einer wundersch\u00f6nen Maschenware. Ich bin extrem stolz darauf, Ihnen dieses edle Material anbieten zu k\u00f6nnen, das ich so sehr liebe.  Sandy, die Gr\u00fcnderin von Happy Haus, tr\u00e4gt Gr\u00f6\u00dfe 36.  \u00a0\" \/>\n<meta property=\"og:url\" content=\"https:\/\/happyhaus.fr\/de\/produkt\/la-blouse-a-manche-gigot-vorbestellung-copie\/\" \/>\n<meta property=\"article:modified_time\" content=\"2025-12-10T15:55:36+00:00\" \/>\n<meta property=\"og:image\" content=\"https:\/\/happyhaus.fr\/wp-content\/uploads\/2022\/09\/LA-CHEMISE-AVALIS.jpg\" \/>\n\t<meta property=\"og:image:width\" content=\"1707\" \/>\n\t<meta property=\"og:image:height\" content=\"2560\" \/>\n\t<meta property=\"og:image:type\" content=\"image\/jpeg\" \/>\n<meta name=\"twitter:card\" content=\"summary_large_image\" \/>\n<meta name=\"twitter:label1\" content=\"Gesch\u00e4tzte Lesezeit\" \/>\n\t<meta name=\"twitter:data1\" content=\"1\u00a0Minute\" \/>\n<script type=\"application\/ld+json\" class=\"yoast-schema-graph\">{\"@context\":\"https:\/\/schema.org\",\"@graph\":[{\"@type\":\"WebPage\",\"@id\":\"https:\/\/happyhaus.fr\/de\/produkt\/la-blouse-a-manche-gigot-vorbestellung-copie\/\",\"url\":\"https:\/\/happyhaus.fr\/de\/produkt\/la-blouse-a-manche-gigot-vorbestellung-copie\/\",\"name\":\"LA BLOUSE AVALIS - ARCHIVES -\",\"isPartOf\":{\"@id\":\"https:\/\/happyhaus.fr\/#website\"},\"primaryImageOfPage\":{\"@id\":\"https:\/\/happyhaus.fr\/de\/produkt\/la-blouse-a-manche-gigot-vorbestellung-copie\/#primaryimage\"},\"image\":{\"@id\":\"https:\/\/happyhaus.fr\/de\/produkt\/la-blouse-a-manche-gigot-vorbestellung-copie\/#primaryimage\"},\"thumbnailUrl\":\"https:\/\/happyhaus.fr\/wp-content\/uploads\/2022\/09\/LA-CHEMISE-AVALIS.jpg\",\"datePublished\":\"2022-09-15T11:19:23+00:00\",\"dateModified\":\"2025-12-10T15:55:36+00:00\",\"breadcrumb\":{\"@id\":\"https:\/\/happyhaus.fr\/de\/produkt\/la-blouse-a-manche-gigot-vorbestellung-copie\/#breadcrumb\"},\"inLanguage\":\"de\",\"potentialAction\":[{\"@type\":\"ReadAction\",\"target\":[\"https:\/\/happyhaus.fr\/de\/produkt\/la-blouse-a-manche-gigot-vorbestellung-copie\/\"]}]},{\"@type\":\"ImageObject\",\"inLanguage\":\"de\",\"@id\":\"https:\/\/happyhaus.fr\/de\/produkt\/la-blouse-a-manche-gigot-vorbestellung-copie\/#primaryimage\",\"url\":\"https:\/\/happyhaus.fr\/wp-content\/uploads\/2022\/09\/LA-CHEMISE-AVALIS.jpg\",\"contentUrl\":\"https:\/\/happyhaus.fr\/wp-content\/uploads\/2022\/09\/LA-CHEMISE-AVALIS.jpg\",\"width\":1707,\"height\":2560},{\"@type\":\"BreadcrumbList\",\"@id\":\"https:\/\/happyhaus.fr\/de\/produkt\/la-blouse-a-manche-gigot-vorbestellung-copie\/#breadcrumb\",\"itemListElement\":[{\"@type\":\"ListItem\",\"position\":1,\"name\":\"Accueil\",\"item\":\"https:\/\/happyhaus.fr\/de\/\"},{\"@type\":\"ListItem\",\"position\":2,\"name\":\"Priv\u00e9\u00a0: Shop\",\"item\":\"https:\/\/happyhaus.fr\/?page_id=4438\"},{\"@type\":\"ListItem\",\"position\":3,\"name\":\"LA BLOUSE AVALIS &#8211; ARCHIVES\"}]},{\"@type\":\"WebSite\",\"@id\":\"https:\/\/happyhaus.fr\/#website\",\"url\":\"https:\/\/happyhaus.fr\/\",\"name\":\"\",\"description\":\"\",\"potentialAction\":[{\"@type\":\"SearchAction\",\"target\":{\"@type\":\"EntryPoint\",\"urlTemplate\":\"https:\/\/happyhaus.fr\/?s={search_term_string}\"},\"query-input\":\"required name=search_term_string\"}],\"inLanguage\":\"de\"}]}<\/script>\n<!-- \/ Yoast SEO plugin. -->","yoast_head_json":{"title":"LA BLOUSE AVALIS - ARCHIVES -","robots":{"index":"index","follow":"follow","max-snippet":"max-snippet:-1","max-image-preview":"max-image-preview:large","max-video-preview":"max-video-preview:-1"},"canonical":"https:\/\/happyhaus.fr\/de\/produkt\/la-blouse-a-manche-gigot-vorbestellung-copie\/","og_locale":"de_DE","og_type":"article","og_title":"LA BLOUSE AVALIS - ARCHIVES -","og_description":"Unsere AVALIS-Bluse ist Teil unserer st\u00e4ndigen Kollektion. Sie hat eine leicht strukturierte Schulterpartie, die ihr einen gewissen Chic verleiht, aber dennoch subtil bleibt.  Japanische Wolle ist ein wundersch\u00f6nes Material, das das Licht durchl\u00e4sst. Sie wird von einer kleinen Familienmanufaktur in Osaka, Japan, hergestellt, die auch heute noch traditionelle japanische Webst\u00fchle verwendet und dem \u00fcberlieferten Wissen ihres Landes folgt. Sie ist sehr leicht und dennoch warm und weich, mit einer wundersch\u00f6nen Maschenware. Ich bin extrem stolz darauf, Ihnen dieses edle Material anbieten zu k\u00f6nnen, das ich so sehr liebe.  Sandy, die Gr\u00fcnderin von Happy Haus, tr\u00e4gt Gr\u00f6\u00dfe 36.  \u00a0","og_url":"https:\/\/happyhaus.fr\/de\/produkt\/la-blouse-a-manche-gigot-vorbestellung-copie\/","article_modified_time":"2025-12-10T15:55:36+00:00","og_image":[{"width":1707,"height":2560,"url":"https:\/\/happyhaus.fr\/wp-content\/uploads\/2022\/09\/LA-CHEMISE-AVALIS.jpg","type":"image\/jpeg"}],"twitter_card":"summary_large_image","twitter_misc":{"Gesch\u00e4tzte Lesezeit":"1\u00a0Minute"},"schema":{"@context":"https:\/\/schema.org","@graph":[{"@type":"WebPage","@id":"https:\/\/happyhaus.fr\/de\/produkt\/la-blouse-a-manche-gigot-vorbestellung-copie\/","url":"https:\/\/happyhaus.fr\/de\/produkt\/la-blouse-a-manche-gigot-vorbestellung-copie\/","name":"LA BLOUSE AVALIS - ARCHIVES -","isPartOf":{"@id":"https:\/\/happyhaus.fr\/#website"},"primaryImageOfPage":{"@id":"https:\/\/happyhaus.fr\/de\/produkt\/la-blouse-a-manche-gigot-vorbestellung-copie\/#primaryimage"},"image":{"@id":"https:\/\/happyhaus.fr\/de\/produkt\/la-blouse-a-manche-gigot-vorbestellung-copie\/#primaryimage"},"thumbnailUrl":"https:\/\/happyhaus.fr\/wp-content\/uploads\/2022\/09\/LA-CHEMISE-AVALIS.jpg","datePublished":"2022-09-15T11:19:23+00:00","dateModified":"2025-12-10T15:55:36+00:00","breadcrumb":{"@id":"https:\/\/happyhaus.fr\/de\/produkt\/la-blouse-a-manche-gigot-vorbestellung-copie\/#breadcrumb"},"inLanguage":"de","potentialAction":[{"@type":"ReadAction","target":["https:\/\/happyhaus.fr\/de\/produkt\/la-blouse-a-manche-gigot-vorbestellung-copie\/"]}]},{"@type":"ImageObject","inLanguage":"de","@id":"https:\/\/happyhaus.fr\/de\/produkt\/la-blouse-a-manche-gigot-vorbestellung-copie\/#primaryimage","url":"https:\/\/happyhaus.fr\/wp-content\/uploads\/2022\/09\/LA-CHEMISE-AVALIS.jpg","contentUrl":"https:\/\/happyhaus.fr\/wp-content\/uploads\/2022\/09\/LA-CHEMISE-AVALIS.jpg","width":1707,"height":2560},{"@type":"BreadcrumbList","@id":"https:\/\/happyhaus.fr\/de\/produkt\/la-blouse-a-manche-gigot-vorbestellung-copie\/#breadcrumb","itemListElement":[{"@type":"ListItem","position":1,"name":"Accueil","item":"https:\/\/happyhaus.fr\/de\/"},{"@type":"ListItem","position":2,"name":"Priv\u00e9\u00a0: Shop","item":"https:\/\/happyhaus.fr\/?page_id=4438"},{"@type":"ListItem","position":3,"name":"LA BLOUSE AVALIS &#8211; ARCHIVES"}]},{"@type":"WebSite","@id":"https:\/\/happyhaus.fr\/#website","url":"https:\/\/happyhaus.fr\/","name":"","description":"","potentialAction":[{"@type":"SearchAction","target":{"@type":"EntryPoint","urlTemplate":"https:\/\/happyhaus.fr\/?s={search_term_string}"},"query-input":"required name=search_term_string"}],"inLanguage":"de"}]}},"_links":{"self":[{"href":"https:\/\/happyhaus.fr\/de\/wp-json\/wp\/v2\/product\/86550"}],"collection":[{"href":"https:\/\/happyhaus.fr\/de\/wp-json\/wp\/v2\/product"}],"about":[{"href":"https:\/\/happyhaus.fr\/de\/wp-json\/wp\/v2\/types\/product"}],"replies":[{"embeddable":true,"href":"https:\/\/happyhaus.fr\/de\/wp-json\/wp\/v2\/comments?post=86550"}],"wp:featuredmedia":[{"embeddable":true,"href":"https:\/\/happyhaus.fr\/de\/wp-json\/wp\/v2\/media\/86570"}],"wp:attachment":[{"href":"https:\/\/happyhaus.fr\/de\/wp-json\/wp\/v2\/media?parent=86550"}],"wp:term":[{"taxonomy":"product_cat","embeddable":true,"href":"https:\/\/happyhaus.fr\/de\/wp-json\/wp\/v2\/product_cat?post=86550"},{"taxonomy":"product_tag","embeddable":true,"href":"https:\/\/happyhaus.fr\/de\/wp-json\/wp\/v2\/product_tag?post=86550"}],"curies":[{"name":"wp","href":"https:\/\/api.w.org\/{rel}","templated":true}]}}