{"id":86512,"date":"2022-09-14T15:46:24","date_gmt":"2022-09-14T13:46:26","guid":{"rendered":"https:\/\/happyhaus.fr\/?post_type=product&#038;p=86512"},"modified":"2025-08-05T15:32:14","modified_gmt":"2025-08-05T13:32:14","slug":"le-blouson-nuage","status":"publish","type":"product","link":"https:\/\/happyhaus.fr\/de\/produkt\/le-blouson-nuage\/","title":{"rendered":"LE BLOUSON NUAGE &#8211; PRE ORDER"},"content":{"rendered":"<ul>\n<li>Gerader Schnitt<\/li>\n<li>Kragen mit Fell<\/li>\n<li>Innenseite des K\u00f6rpers mit Pelz<\/li>\n<li>Gef\u00fctterte und gepolsterte \u00c4rmel<\/li>\n<li>Bearn-Lammfell im Inneren des K\u00f6rpers und des Kragens<\/li>\n<\/ul>\n<p>Pelz aus Frankreich.<\/p>\n<p>Hergestellt in Tunesien.<\/p>\n","protected":false},"excerpt":{"rendered":"<p>Es ist eines meiner gr\u00f6\u00dften Vergn\u00fcgen im Winter: meine &#8220;Wolken&#8221;-Jacke aus dem Schrank zu holen, um sich darin einzukuscheln&#8230; Sie ist so weich, so bequem und wird mit den Jahren immer sch\u00f6ner. Ich habe sie vor f\u00fcnf Jahren entworfen, als ich dieses herrliche B\u00e9arn-Lammfell mit seinen langen, gewellten wei\u00dfen Locken entdeckte, die es einzigartig machen. Nat\u00fcrlich werden diese Tiere nicht f\u00fcr ihre Haut gez\u00fcchtet, sondern f\u00fcr unseren Konsum: Dieses au\u00dfergew\u00f6hnliche Fell ist &#8220;Abfall&#8221;, den ein Pariser Handwerker sammelt, reinigt und ausw\u00e4hlt, um nur die sch\u00f6nsten zu behalten.<\/p>\n<p>Unser neuer Dufflecoat in \u00dcbergr\u00f6\u00dfe ist das einzige Winterkleidungsst\u00fcck, das ich Ihnen als vermeintliche &#8220;Verrenkung&#8221; meines Bestrebens anbiete, Ihnen Kleidung anzubieten, die man das ganze Jahr \u00fcber tragen kann.<\/p>\n<p>Die Schwierigkeit besteht darin, dass er sehr teuer in der Herstellung ist, denn er erfordert viel Arbeit in unserer Werkstatt in Tunesien, die zun\u00e4chst die Denim-Struktur erstellen muss, bevor die ausgew\u00e4hlten Felle einzeln gelegt und von Hand gen\u00e4ht werden. in Frankreich.<\/p>\n<p>Wir von HAPPY HAUS sind sehr stolz darauf, Ihnen Einzelst\u00fccke wie dieses anbieten zu k\u00f6nnen.<\/p>\n<p>&nbsp;<\/p>\n","protected":false},"featured_media":47293,"comment_status":"open","ping_status":"closed","template":"","meta":{"_acf_changed":false},"product_cat":[312,231,238,314],"product_tag":[336,335,334],"acf":[],"yoast_head":"<!-- This site is optimized with the Yoast SEO plugin v22.6 - https:\/\/yoast.com\/wordpress\/plugins\/seo\/ -->\n<title>LE BLOUSON NUAGE - PRE ORDER -<\/title>\n<meta name=\"robots\" content=\"index, follow, max-snippet:-1, max-image-preview:large, max-video-preview:-1\" \/>\n<link rel=\"canonical\" href=\"https:\/\/happyhaus.fr\/de\/produkt\/le-blouson-nuage\/\" \/>\n<meta property=\"og:locale\" content=\"de_DE\" \/>\n<meta property=\"og:type\" content=\"article\" \/>\n<meta property=\"og:title\" content=\"LE BLOUSON NUAGE - PRE ORDER -\" \/>\n<meta property=\"og:description\" content=\"Es ist eines meiner gr\u00f6\u00dften Vergn\u00fcgen im Winter: meine &quot;Wolken&quot;-Jacke aus dem Schrank zu holen, um sich darin einzukuscheln... Sie ist so weich, so bequem und wird mit den Jahren immer sch\u00f6ner. Ich habe sie vor f\u00fcnf Jahren entworfen, als ich dieses herrliche B\u00e9arn-Lammfell mit seinen langen, gewellten wei\u00dfen Locken entdeckte, die es einzigartig machen. Nat\u00fcrlich werden diese Tiere nicht f\u00fcr ihre Haut gez\u00fcchtet, sondern f\u00fcr unseren Konsum: Dieses au\u00dfergew\u00f6hnliche Fell ist &quot;Abfall&quot;, den ein Pariser Handwerker sammelt, reinigt und ausw\u00e4hlt, um nur die sch\u00f6nsten zu behalten.  Unser neuer Dufflecoat in \u00dcbergr\u00f6\u00dfe ist das einzige Winterkleidungsst\u00fcck, das ich Ihnen als vermeintliche &quot;Verrenkung&quot; meines Bestrebens anbiete, Ihnen Kleidung anzubieten, die man das ganze Jahr \u00fcber tragen kann.  Die Schwierigkeit besteht darin, dass er sehr teuer in der Herstellung ist, denn er erfordert viel Arbeit in unserer Werkstatt in Tunesien, die zun\u00e4chst die Denim-Struktur erstellen muss, bevor die ausgew\u00e4hlten Felle einzeln gelegt und von Hand gen\u00e4ht werden. in Frankreich.  Wir von HAPPY HAUS sind sehr stolz darauf, Ihnen Einzelst\u00fccke wie dieses anbieten zu k\u00f6nnen.  &nbsp;\" \/>\n<meta property=\"og:url\" content=\"https:\/\/happyhaus.fr\/de\/produkt\/le-blouson-nuage\/\" \/>\n<meta property=\"article:modified_time\" content=\"2025-08-05T13:32:14+00:00\" \/>\n<meta property=\"og:image\" content=\"https:\/\/happyhaus.fr\/wp-content\/uploads\/2022\/02\/ROPP0236-copie-scaled.jpg\" \/>\n\t<meta property=\"og:image:width\" content=\"1707\" \/>\n\t<meta property=\"og:image:height\" content=\"2560\" \/>\n\t<meta property=\"og:image:type\" content=\"image\/jpeg\" \/>\n<meta name=\"twitter:card\" content=\"summary_large_image\" \/>\n<meta name=\"twitter:label1\" content=\"Gesch\u00e4tzte Lesezeit\" \/>\n\t<meta name=\"twitter:data1\" content=\"1\u00a0Minute\" \/>\n<script type=\"application\/ld+json\" class=\"yoast-schema-graph\">{\"@context\":\"https:\/\/schema.org\",\"@graph\":[{\"@type\":\"WebPage\",\"@id\":\"https:\/\/happyhaus.fr\/de\/produkt\/le-blouson-nuage\/\",\"url\":\"https:\/\/happyhaus.fr\/de\/produkt\/le-blouson-nuage\/\",\"name\":\"LE BLOUSON NUAGE - PRE ORDER -\",\"isPartOf\":{\"@id\":\"https:\/\/happyhaus.fr\/#website\"},\"primaryImageOfPage\":{\"@id\":\"https:\/\/happyhaus.fr\/de\/produkt\/le-blouson-nuage\/#primaryimage\"},\"image\":{\"@id\":\"https:\/\/happyhaus.fr\/de\/produkt\/le-blouson-nuage\/#primaryimage\"},\"thumbnailUrl\":\"https:\/\/happyhaus.fr\/wp-content\/uploads\/2022\/02\/IMG_3781-scaled.jpg\",\"datePublished\":\"2022-09-14T13:46:26+00:00\",\"dateModified\":\"2025-08-05T13:32:14+00:00\",\"breadcrumb\":{\"@id\":\"https:\/\/happyhaus.fr\/de\/produkt\/le-blouson-nuage\/#breadcrumb\"},\"inLanguage\":\"de\",\"potentialAction\":[{\"@type\":\"ReadAction\",\"target\":[\"https:\/\/happyhaus.fr\/de\/produkt\/le-blouson-nuage\/\"]}]},{\"@type\":\"ImageObject\",\"inLanguage\":\"de\",\"@id\":\"https:\/\/happyhaus.fr\/de\/produkt\/le-blouson-nuage\/#primaryimage\",\"url\":\"https:\/\/happyhaus.fr\/wp-content\/uploads\/2022\/02\/IMG_3781-scaled.jpg\",\"contentUrl\":\"https:\/\/happyhaus.fr\/wp-content\/uploads\/2022\/02\/IMG_3781-scaled.jpg\",\"width\":1707,\"height\":2560},{\"@type\":\"BreadcrumbList\",\"@id\":\"https:\/\/happyhaus.fr\/de\/produkt\/le-blouson-nuage\/#breadcrumb\",\"itemListElement\":[{\"@type\":\"ListItem\",\"position\":1,\"name\":\"Accueil\",\"item\":\"https:\/\/happyhaus.fr\/de\/\"},{\"@type\":\"ListItem\",\"position\":2,\"name\":\"Priv\u00e9\u00a0: Shop\",\"item\":\"https:\/\/happyhaus.fr\/?page_id=4438\"},{\"@type\":\"ListItem\",\"position\":3,\"name\":\"LE BLOUSON NUAGE &#8211; PRE ORDER\"}]},{\"@type\":\"WebSite\",\"@id\":\"https:\/\/happyhaus.fr\/#website\",\"url\":\"https:\/\/happyhaus.fr\/\",\"name\":\"\",\"description\":\"\",\"potentialAction\":[{\"@type\":\"SearchAction\",\"target\":{\"@type\":\"EntryPoint\",\"urlTemplate\":\"https:\/\/happyhaus.fr\/?s={search_term_string}\"},\"query-input\":\"required name=search_term_string\"}],\"inLanguage\":\"de\"}]}<\/script>\n<!-- \/ Yoast SEO plugin. -->","yoast_head_json":{"title":"LE BLOUSON NUAGE - PRE ORDER -","robots":{"index":"index","follow":"follow","max-snippet":"max-snippet:-1","max-image-preview":"max-image-preview:large","max-video-preview":"max-video-preview:-1"},"canonical":"https:\/\/happyhaus.fr\/de\/produkt\/le-blouson-nuage\/","og_locale":"de_DE","og_type":"article","og_title":"LE BLOUSON NUAGE - PRE ORDER -","og_description":"Es ist eines meiner gr\u00f6\u00dften Vergn\u00fcgen im Winter: meine \"Wolken\"-Jacke aus dem Schrank zu holen, um sich darin einzukuscheln... Sie ist so weich, so bequem und wird mit den Jahren immer sch\u00f6ner. Ich habe sie vor f\u00fcnf Jahren entworfen, als ich dieses herrliche B\u00e9arn-Lammfell mit seinen langen, gewellten wei\u00dfen Locken entdeckte, die es einzigartig machen. Nat\u00fcrlich werden diese Tiere nicht f\u00fcr ihre Haut gez\u00fcchtet, sondern f\u00fcr unseren Konsum: Dieses au\u00dfergew\u00f6hnliche Fell ist \"Abfall\", den ein Pariser Handwerker sammelt, reinigt und ausw\u00e4hlt, um nur die sch\u00f6nsten zu behalten.  Unser neuer Dufflecoat in \u00dcbergr\u00f6\u00dfe ist das einzige Winterkleidungsst\u00fcck, das ich Ihnen als vermeintliche \"Verrenkung\" meines Bestrebens anbiete, Ihnen Kleidung anzubieten, die man das ganze Jahr \u00fcber tragen kann.  Die Schwierigkeit besteht darin, dass er sehr teuer in der Herstellung ist, denn er erfordert viel Arbeit in unserer Werkstatt in Tunesien, die zun\u00e4chst die Denim-Struktur erstellen muss, bevor die ausgew\u00e4hlten Felle einzeln gelegt und von Hand gen\u00e4ht werden. in Frankreich.  Wir von HAPPY HAUS sind sehr stolz darauf, Ihnen Einzelst\u00fccke wie dieses anbieten zu k\u00f6nnen.  &nbsp;","og_url":"https:\/\/happyhaus.fr\/de\/produkt\/le-blouson-nuage\/","article_modified_time":"2025-08-05T13:32:14+00:00","og_image":[{"width":1707,"height":2560,"url":"https:\/\/happyhaus.fr\/wp-content\/uploads\/2022\/02\/ROPP0236-copie-scaled.jpg","type":"image\/jpeg"}],"twitter_card":"summary_large_image","twitter_misc":{"Gesch\u00e4tzte Lesezeit":"1\u00a0Minute"},"schema":{"@context":"https:\/\/schema.org","@graph":[{"@type":"WebPage","@id":"https:\/\/happyhaus.fr\/de\/produkt\/le-blouson-nuage\/","url":"https:\/\/happyhaus.fr\/de\/produkt\/le-blouson-nuage\/","name":"LE BLOUSON NUAGE - PRE ORDER -","isPartOf":{"@id":"https:\/\/happyhaus.fr\/#website"},"primaryImageOfPage":{"@id":"https:\/\/happyhaus.fr\/de\/produkt\/le-blouson-nuage\/#primaryimage"},"image":{"@id":"https:\/\/happyhaus.fr\/de\/produkt\/le-blouson-nuage\/#primaryimage"},"thumbnailUrl":"https:\/\/happyhaus.fr\/wp-content\/uploads\/2022\/02\/IMG_3781-scaled.jpg","datePublished":"2022-09-14T13:46:26+00:00","dateModified":"2025-08-05T13:32:14+00:00","breadcrumb":{"@id":"https:\/\/happyhaus.fr\/de\/produkt\/le-blouson-nuage\/#breadcrumb"},"inLanguage":"de","potentialAction":[{"@type":"ReadAction","target":["https:\/\/happyhaus.fr\/de\/produkt\/le-blouson-nuage\/"]}]},{"@type":"ImageObject","inLanguage":"de","@id":"https:\/\/happyhaus.fr\/de\/produkt\/le-blouson-nuage\/#primaryimage","url":"https:\/\/happyhaus.fr\/wp-content\/uploads\/2022\/02\/IMG_3781-scaled.jpg","contentUrl":"https:\/\/happyhaus.fr\/wp-content\/uploads\/2022\/02\/IMG_3781-scaled.jpg","width":1707,"height":2560},{"@type":"BreadcrumbList","@id":"https:\/\/happyhaus.fr\/de\/produkt\/le-blouson-nuage\/#breadcrumb","itemListElement":[{"@type":"ListItem","position":1,"name":"Accueil","item":"https:\/\/happyhaus.fr\/de\/"},{"@type":"ListItem","position":2,"name":"Priv\u00e9\u00a0: Shop","item":"https:\/\/happyhaus.fr\/?page_id=4438"},{"@type":"ListItem","position":3,"name":"LE BLOUSON NUAGE &#8211; PRE ORDER"}]},{"@type":"WebSite","@id":"https:\/\/happyhaus.fr\/#website","url":"https:\/\/happyhaus.fr\/","name":"","description":"","potentialAction":[{"@type":"SearchAction","target":{"@type":"EntryPoint","urlTemplate":"https:\/\/happyhaus.fr\/?s={search_term_string}"},"query-input":"required name=search_term_string"}],"inLanguage":"de"}]}},"_links":{"self":[{"href":"https:\/\/happyhaus.fr\/de\/wp-json\/wp\/v2\/product\/86512"}],"collection":[{"href":"https:\/\/happyhaus.fr\/de\/wp-json\/wp\/v2\/product"}],"about":[{"href":"https:\/\/happyhaus.fr\/de\/wp-json\/wp\/v2\/types\/product"}],"replies":[{"embeddable":true,"href":"https:\/\/happyhaus.fr\/de\/wp-json\/wp\/v2\/comments?post=86512"}],"wp:featuredmedia":[{"embeddable":true,"href":"https:\/\/happyhaus.fr\/de\/wp-json\/wp\/v2\/media\/47293"}],"wp:attachment":[{"href":"https:\/\/happyhaus.fr\/de\/wp-json\/wp\/v2\/media?parent=86512"}],"wp:term":[{"taxonomy":"product_cat","embeddable":true,"href":"https:\/\/happyhaus.fr\/de\/wp-json\/wp\/v2\/product_cat?post=86512"},{"taxonomy":"product_tag","embeddable":true,"href":"https:\/\/happyhaus.fr\/de\/wp-json\/wp\/v2\/product_tag?post=86512"}],"curies":[{"name":"wp","href":"https:\/\/api.w.org\/{rel}","templated":true}]}}