{"id":86090,"date":"2022-07-09T15:17:35","date_gmt":"2022-07-09T13:17:37","guid":{"rendered":"https:\/\/happyhaus.fr\/?post_type=product&#038;p=86090"},"modified":"2023-01-02T15:36:55","modified_gmt":"2023-01-02T14:36:55","slug":"le-tshirt-white-gots-jersey","status":"publish","type":"product","link":"https:\/\/happyhaus.fr\/de\/produkt\/le-tshirt-white-gots-jersey\/","title":{"rendered":"LE T-SHIRT"},"content":{"rendered":"<ul>\n<li>gerade Schnitt<\/li>\n<li>eng anliegend, das T- Shirt f\u00e4llt klein eher klein aus<\/li>\n<\/ul>\n<p>Herkunft des Stoffes: Portugal<br \/>\nHergestellt in Portugal<\/p>\n<p>&nbsp;<\/p>\n<p>&nbsp;<\/p>\n","protected":false},"excerpt":{"rendered":"<p>Karine tr\u00e4gt Gr\u00f6\u00dfe 40.\u00a0Sie ist 1,73 m gro\u00df, das T- Shirt f\u00e4llt eher klein aus<\/p>\n","protected":false},"featured_media":86107,"comment_status":"closed","ping_status":"closed","template":"","meta":{"_acf_changed":false},"product_cat":[312,231,315,235],"product_tag":[335],"acf":[],"yoast_head":"<!-- This site is optimized with the Yoast SEO plugin v22.6 - https:\/\/yoast.com\/wordpress\/plugins\/seo\/ -->\n<title>LE T-SHIRT -<\/title>\n<meta name=\"robots\" content=\"index, follow, max-snippet:-1, max-image-preview:large, max-video-preview:-1\" \/>\n<link rel=\"canonical\" href=\"https:\/\/happyhaus.fr\/de\/produkt\/le-tshirt-white-gots-jersey\/\" \/>\n<meta property=\"og:locale\" content=\"de_DE\" \/>\n<meta property=\"og:type\" content=\"article\" \/>\n<meta property=\"og:title\" content=\"LE T-SHIRT -\" \/>\n<meta property=\"og:description\" content=\"Karine tr\u00e4gt Gr\u00f6\u00dfe 40.\u00a0Sie ist 1,73 m gro\u00df, das T- Shirt f\u00e4llt eher klein aus\" \/>\n<meta property=\"og:url\" content=\"https:\/\/happyhaus.fr\/de\/produkt\/le-tshirt-white-gots-jersey\/\" \/>\n<meta property=\"article:modified_time\" content=\"2023-01-02T14:36:55+00:00\" \/>\n<meta property=\"og:image\" content=\"https:\/\/happyhaus.fr\/wp-content\/uploads\/2022\/07\/LE-TSHIRT-WHITE.jpg\" \/>\n\t<meta property=\"og:image:width\" content=\"1707\" \/>\n\t<meta property=\"og:image:height\" content=\"2560\" \/>\n\t<meta property=\"og:image:type\" content=\"image\/jpeg\" \/>\n<meta name=\"twitter:card\" content=\"summary_large_image\" \/>\n<meta name=\"twitter:label1\" content=\"Gesch\u00e4tzte Lesezeit\" \/>\n\t<meta name=\"twitter:data1\" content=\"1\u00a0Minute\" \/>\n<script type=\"application\/ld+json\" class=\"yoast-schema-graph\">{\"@context\":\"https:\/\/schema.org\",\"@graph\":[{\"@type\":\"WebPage\",\"@id\":\"https:\/\/happyhaus.fr\/de\/produkt\/le-tshirt-white-gots-jersey\/\",\"url\":\"https:\/\/happyhaus.fr\/de\/produkt\/le-tshirt-white-gots-jersey\/\",\"name\":\"LE T-SHIRT -\",\"isPartOf\":{\"@id\":\"https:\/\/happyhaus.fr\/#website\"},\"primaryImageOfPage\":{\"@id\":\"https:\/\/happyhaus.fr\/de\/produkt\/le-tshirt-white-gots-jersey\/#primaryimage\"},\"image\":{\"@id\":\"https:\/\/happyhaus.fr\/de\/produkt\/le-tshirt-white-gots-jersey\/#primaryimage\"},\"thumbnailUrl\":\"https:\/\/happyhaus.fr\/wp-content\/uploads\/2022\/07\/LE-TSHIRT-WHITE.jpg\",\"datePublished\":\"2022-07-09T13:17:37+00:00\",\"dateModified\":\"2023-01-02T14:36:55+00:00\",\"breadcrumb\":{\"@id\":\"https:\/\/happyhaus.fr\/de\/produkt\/le-tshirt-white-gots-jersey\/#breadcrumb\"},\"inLanguage\":\"de\",\"potentialAction\":[{\"@type\":\"ReadAction\",\"target\":[\"https:\/\/happyhaus.fr\/de\/produkt\/le-tshirt-white-gots-jersey\/\"]}]},{\"@type\":\"ImageObject\",\"inLanguage\":\"de\",\"@id\":\"https:\/\/happyhaus.fr\/de\/produkt\/le-tshirt-white-gots-jersey\/#primaryimage\",\"url\":\"https:\/\/happyhaus.fr\/wp-content\/uploads\/2022\/07\/LE-TSHIRT-WHITE.jpg\",\"contentUrl\":\"https:\/\/happyhaus.fr\/wp-content\/uploads\/2022\/07\/LE-TSHIRT-WHITE.jpg\",\"width\":1707,\"height\":2560},{\"@type\":\"BreadcrumbList\",\"@id\":\"https:\/\/happyhaus.fr\/de\/produkt\/le-tshirt-white-gots-jersey\/#breadcrumb\",\"itemListElement\":[{\"@type\":\"ListItem\",\"position\":1,\"name\":\"Accueil\",\"item\":\"https:\/\/happyhaus.fr\/de\/\"},{\"@type\":\"ListItem\",\"position\":2,\"name\":\"Priv\u00e9\u00a0: Shop\",\"item\":\"https:\/\/happyhaus.fr\/?page_id=4438\"},{\"@type\":\"ListItem\",\"position\":3,\"name\":\"LE T-SHIRT\"}]},{\"@type\":\"WebSite\",\"@id\":\"https:\/\/happyhaus.fr\/#website\",\"url\":\"https:\/\/happyhaus.fr\/\",\"name\":\"\",\"description\":\"\",\"potentialAction\":[{\"@type\":\"SearchAction\",\"target\":{\"@type\":\"EntryPoint\",\"urlTemplate\":\"https:\/\/happyhaus.fr\/?s={search_term_string}\"},\"query-input\":\"required name=search_term_string\"}],\"inLanguage\":\"de\"}]}<\/script>\n<!-- \/ Yoast SEO plugin. -->","yoast_head_json":{"title":"LE T-SHIRT -","robots":{"index":"index","follow":"follow","max-snippet":"max-snippet:-1","max-image-preview":"max-image-preview:large","max-video-preview":"max-video-preview:-1"},"canonical":"https:\/\/happyhaus.fr\/de\/produkt\/le-tshirt-white-gots-jersey\/","og_locale":"de_DE","og_type":"article","og_title":"LE T-SHIRT -","og_description":"Karine tr\u00e4gt Gr\u00f6\u00dfe 40.\u00a0Sie ist 1,73 m gro\u00df, das T- Shirt f\u00e4llt eher klein aus","og_url":"https:\/\/happyhaus.fr\/de\/produkt\/le-tshirt-white-gots-jersey\/","article_modified_time":"2023-01-02T14:36:55+00:00","og_image":[{"width":1707,"height":2560,"url":"https:\/\/happyhaus.fr\/wp-content\/uploads\/2022\/07\/LE-TSHIRT-WHITE.jpg","type":"image\/jpeg"}],"twitter_card":"summary_large_image","twitter_misc":{"Gesch\u00e4tzte Lesezeit":"1\u00a0Minute"},"schema":{"@context":"https:\/\/schema.org","@graph":[{"@type":"WebPage","@id":"https:\/\/happyhaus.fr\/de\/produkt\/le-tshirt-white-gots-jersey\/","url":"https:\/\/happyhaus.fr\/de\/produkt\/le-tshirt-white-gots-jersey\/","name":"LE T-SHIRT -","isPartOf":{"@id":"https:\/\/happyhaus.fr\/#website"},"primaryImageOfPage":{"@id":"https:\/\/happyhaus.fr\/de\/produkt\/le-tshirt-white-gots-jersey\/#primaryimage"},"image":{"@id":"https:\/\/happyhaus.fr\/de\/produkt\/le-tshirt-white-gots-jersey\/#primaryimage"},"thumbnailUrl":"https:\/\/happyhaus.fr\/wp-content\/uploads\/2022\/07\/LE-TSHIRT-WHITE.jpg","datePublished":"2022-07-09T13:17:37+00:00","dateModified":"2023-01-02T14:36:55+00:00","breadcrumb":{"@id":"https:\/\/happyhaus.fr\/de\/produkt\/le-tshirt-white-gots-jersey\/#breadcrumb"},"inLanguage":"de","potentialAction":[{"@type":"ReadAction","target":["https:\/\/happyhaus.fr\/de\/produkt\/le-tshirt-white-gots-jersey\/"]}]},{"@type":"ImageObject","inLanguage":"de","@id":"https:\/\/happyhaus.fr\/de\/produkt\/le-tshirt-white-gots-jersey\/#primaryimage","url":"https:\/\/happyhaus.fr\/wp-content\/uploads\/2022\/07\/LE-TSHIRT-WHITE.jpg","contentUrl":"https:\/\/happyhaus.fr\/wp-content\/uploads\/2022\/07\/LE-TSHIRT-WHITE.jpg","width":1707,"height":2560},{"@type":"BreadcrumbList","@id":"https:\/\/happyhaus.fr\/de\/produkt\/le-tshirt-white-gots-jersey\/#breadcrumb","itemListElement":[{"@type":"ListItem","position":1,"name":"Accueil","item":"https:\/\/happyhaus.fr\/de\/"},{"@type":"ListItem","position":2,"name":"Priv\u00e9\u00a0: Shop","item":"https:\/\/happyhaus.fr\/?page_id=4438"},{"@type":"ListItem","position":3,"name":"LE T-SHIRT"}]},{"@type":"WebSite","@id":"https:\/\/happyhaus.fr\/#website","url":"https:\/\/happyhaus.fr\/","name":"","description":"","potentialAction":[{"@type":"SearchAction","target":{"@type":"EntryPoint","urlTemplate":"https:\/\/happyhaus.fr\/?s={search_term_string}"},"query-input":"required name=search_term_string"}],"inLanguage":"de"}]}},"_links":{"self":[{"href":"https:\/\/happyhaus.fr\/de\/wp-json\/wp\/v2\/product\/86090"}],"collection":[{"href":"https:\/\/happyhaus.fr\/de\/wp-json\/wp\/v2\/product"}],"about":[{"href":"https:\/\/happyhaus.fr\/de\/wp-json\/wp\/v2\/types\/product"}],"replies":[{"embeddable":true,"href":"https:\/\/happyhaus.fr\/de\/wp-json\/wp\/v2\/comments?post=86090"}],"wp:featuredmedia":[{"embeddable":true,"href":"https:\/\/happyhaus.fr\/de\/wp-json\/wp\/v2\/media\/86107"}],"wp:attachment":[{"href":"https:\/\/happyhaus.fr\/de\/wp-json\/wp\/v2\/media?parent=86090"}],"wp:term":[{"taxonomy":"product_cat","embeddable":true,"href":"https:\/\/happyhaus.fr\/de\/wp-json\/wp\/v2\/product_cat?post=86090"},{"taxonomy":"product_tag","embeddable":true,"href":"https:\/\/happyhaus.fr\/de\/wp-json\/wp\/v2\/product_tag?post=86090"}],"curies":[{"name":"wp","href":"https:\/\/api.w.org\/{rel}","templated":true}]}}