{"id":85963,"date":"2022-05-31T18:55:07","date_gmt":"2022-05-31T16:55:08","guid":{"rendered":"https:\/\/happyhaus.fr\/?post_type=product&#038;p=85963"},"modified":"2025-04-28T21:46:35","modified_gmt":"2025-04-28T19:46:35","slug":"le-short-banana","status":"publish","type":"product","link":"https:\/\/happyhaus.fr\/de\/produkt\/le-short-banana\/","title":{"rendered":"LE SHORT"},"content":{"rendered":"<ul>\n<li>Ausgestellter Schnitt<\/li>\n<li>5 Taschen<\/li>\n<li>Schr\u00e4gbandeinfassung<\/li>\n<li>Verschachtelte N\u00e4hte<\/li>\n<li>Gestickter Happy Haus Pfau in der Ges\u00e4\u00dftasche<\/li>\n<li>100% Baumwolle &#8211; Oeko tex zertifiziert &amp; &#8220;DETOX&#8221;<\/li>\n<\/ul>\n<p>Herkunft des Stoffes: Italien<br \/>\nHergestellt in Tunesien<\/p>\n","protected":false},"excerpt":{"rendered":"<p>Diese Shorts sind aus Baumwolle gefertigt. Sie sind leicht ausgestellt geschnitten, haben Schr\u00e4gbandabschl\u00fcsse und f\u00fcnf Taschen.<\/p>\n<p>Sandy tr\u00e4gt Gr\u00f6\u00dfe 36.\u00a0Sie ist 1,70 m gro\u00df, die Short f\u00e4llt eher klein aus<\/p>\n","protected":false},"featured_media":95251,"comment_status":"closed","ping_status":"closed","template":"","meta":{"_acf_changed":false},"product_cat":[312,231,235,512],"product_tag":[335],"acf":[],"yoast_head":"<!-- This site is optimized with the Yoast SEO plugin v22.6 - https:\/\/yoast.com\/wordpress\/plugins\/seo\/ -->\n<title>LE SHORT -<\/title>\n<meta name=\"robots\" content=\"index, follow, max-snippet:-1, max-image-preview:large, max-video-preview:-1\" \/>\n<link rel=\"canonical\" href=\"https:\/\/happyhaus.fr\/de\/produkt\/le-short-banana\/\" \/>\n<meta property=\"og:locale\" content=\"de_DE\" \/>\n<meta property=\"og:type\" content=\"article\" \/>\n<meta property=\"og:title\" content=\"LE SHORT -\" \/>\n<meta property=\"og:description\" content=\"Diese Shorts sind aus Baumwolle gefertigt. Sie sind leicht ausgestellt geschnitten, haben Schr\u00e4gbandabschl\u00fcsse und f\u00fcnf Taschen.  Sandy tr\u00e4gt Gr\u00f6\u00dfe 36.\u00a0Sie ist 1,70 m gro\u00df, die Short f\u00e4llt eher klein aus\" \/>\n<meta property=\"og:url\" content=\"https:\/\/happyhaus.fr\/de\/produkt\/le-short-banana\/\" \/>\n<meta property=\"article:modified_time\" content=\"2025-04-28T19:46:35+00:00\" \/>\n<meta property=\"og:image\" content=\"https:\/\/happyhaus.fr\/wp-content\/uploads\/2022\/05\/Z11.jpg\" \/>\n\t<meta property=\"og:image:width\" content=\"1707\" \/>\n\t<meta property=\"og:image:height\" content=\"2560\" \/>\n\t<meta property=\"og:image:type\" content=\"image\/jpeg\" \/>\n<meta name=\"twitter:card\" content=\"summary_large_image\" \/>\n<meta name=\"twitter:label1\" content=\"Gesch\u00e4tzte Lesezeit\" \/>\n\t<meta name=\"twitter:data1\" content=\"1\u00a0Minute\" \/>\n<script type=\"application\/ld+json\" class=\"yoast-schema-graph\">{\"@context\":\"https:\/\/schema.org\",\"@graph\":[{\"@type\":\"WebPage\",\"@id\":\"https:\/\/happyhaus.fr\/de\/produkt\/le-short-banana\/\",\"url\":\"https:\/\/happyhaus.fr\/de\/produkt\/le-short-banana\/\",\"name\":\"LE SHORT -\",\"isPartOf\":{\"@id\":\"https:\/\/happyhaus.fr\/#website\"},\"primaryImageOfPage\":{\"@id\":\"https:\/\/happyhaus.fr\/de\/produkt\/le-short-banana\/#primaryimage\"},\"image\":{\"@id\":\"https:\/\/happyhaus.fr\/de\/produkt\/le-short-banana\/#primaryimage\"},\"thumbnailUrl\":\"https:\/\/happyhaus.fr\/wp-content\/uploads\/2022\/05\/Z11.jpg\",\"datePublished\":\"2022-05-31T16:55:08+00:00\",\"dateModified\":\"2025-04-28T19:46:35+00:00\",\"breadcrumb\":{\"@id\":\"https:\/\/happyhaus.fr\/de\/produkt\/le-short-banana\/#breadcrumb\"},\"inLanguage\":\"de\",\"potentialAction\":[{\"@type\":\"ReadAction\",\"target\":[\"https:\/\/happyhaus.fr\/de\/produkt\/le-short-banana\/\"]}]},{\"@type\":\"ImageObject\",\"inLanguage\":\"de\",\"@id\":\"https:\/\/happyhaus.fr\/de\/produkt\/le-short-banana\/#primaryimage\",\"url\":\"https:\/\/happyhaus.fr\/wp-content\/uploads\/2022\/05\/Z11.jpg\",\"contentUrl\":\"https:\/\/happyhaus.fr\/wp-content\/uploads\/2022\/05\/Z11.jpg\",\"width\":1707,\"height\":2560},{\"@type\":\"BreadcrumbList\",\"@id\":\"https:\/\/happyhaus.fr\/de\/produkt\/le-short-banana\/#breadcrumb\",\"itemListElement\":[{\"@type\":\"ListItem\",\"position\":1,\"name\":\"Accueil\",\"item\":\"https:\/\/happyhaus.fr\/de\/\"},{\"@type\":\"ListItem\",\"position\":2,\"name\":\"Priv\u00e9\u00a0: Shop\",\"item\":\"https:\/\/happyhaus.fr\/?page_id=4438\"},{\"@type\":\"ListItem\",\"position\":3,\"name\":\"LE SHORT\"}]},{\"@type\":\"WebSite\",\"@id\":\"https:\/\/happyhaus.fr\/#website\",\"url\":\"https:\/\/happyhaus.fr\/\",\"name\":\"\",\"description\":\"\",\"potentialAction\":[{\"@type\":\"SearchAction\",\"target\":{\"@type\":\"EntryPoint\",\"urlTemplate\":\"https:\/\/happyhaus.fr\/?s={search_term_string}\"},\"query-input\":\"required name=search_term_string\"}],\"inLanguage\":\"de\"}]}<\/script>\n<!-- \/ Yoast SEO plugin. -->","yoast_head_json":{"title":"LE SHORT -","robots":{"index":"index","follow":"follow","max-snippet":"max-snippet:-1","max-image-preview":"max-image-preview:large","max-video-preview":"max-video-preview:-1"},"canonical":"https:\/\/happyhaus.fr\/de\/produkt\/le-short-banana\/","og_locale":"de_DE","og_type":"article","og_title":"LE SHORT -","og_description":"Diese Shorts sind aus Baumwolle gefertigt. Sie sind leicht ausgestellt geschnitten, haben Schr\u00e4gbandabschl\u00fcsse und f\u00fcnf Taschen.  Sandy tr\u00e4gt Gr\u00f6\u00dfe 36.\u00a0Sie ist 1,70 m gro\u00df, die Short f\u00e4llt eher klein aus","og_url":"https:\/\/happyhaus.fr\/de\/produkt\/le-short-banana\/","article_modified_time":"2025-04-28T19:46:35+00:00","og_image":[{"width":1707,"height":2560,"url":"https:\/\/happyhaus.fr\/wp-content\/uploads\/2022\/05\/Z11.jpg","type":"image\/jpeg"}],"twitter_card":"summary_large_image","twitter_misc":{"Gesch\u00e4tzte Lesezeit":"1\u00a0Minute"},"schema":{"@context":"https:\/\/schema.org","@graph":[{"@type":"WebPage","@id":"https:\/\/happyhaus.fr\/de\/produkt\/le-short-banana\/","url":"https:\/\/happyhaus.fr\/de\/produkt\/le-short-banana\/","name":"LE SHORT -","isPartOf":{"@id":"https:\/\/happyhaus.fr\/#website"},"primaryImageOfPage":{"@id":"https:\/\/happyhaus.fr\/de\/produkt\/le-short-banana\/#primaryimage"},"image":{"@id":"https:\/\/happyhaus.fr\/de\/produkt\/le-short-banana\/#primaryimage"},"thumbnailUrl":"https:\/\/happyhaus.fr\/wp-content\/uploads\/2022\/05\/Z11.jpg","datePublished":"2022-05-31T16:55:08+00:00","dateModified":"2025-04-28T19:46:35+00:00","breadcrumb":{"@id":"https:\/\/happyhaus.fr\/de\/produkt\/le-short-banana\/#breadcrumb"},"inLanguage":"de","potentialAction":[{"@type":"ReadAction","target":["https:\/\/happyhaus.fr\/de\/produkt\/le-short-banana\/"]}]},{"@type":"ImageObject","inLanguage":"de","@id":"https:\/\/happyhaus.fr\/de\/produkt\/le-short-banana\/#primaryimage","url":"https:\/\/happyhaus.fr\/wp-content\/uploads\/2022\/05\/Z11.jpg","contentUrl":"https:\/\/happyhaus.fr\/wp-content\/uploads\/2022\/05\/Z11.jpg","width":1707,"height":2560},{"@type":"BreadcrumbList","@id":"https:\/\/happyhaus.fr\/de\/produkt\/le-short-banana\/#breadcrumb","itemListElement":[{"@type":"ListItem","position":1,"name":"Accueil","item":"https:\/\/happyhaus.fr\/de\/"},{"@type":"ListItem","position":2,"name":"Priv\u00e9\u00a0: Shop","item":"https:\/\/happyhaus.fr\/?page_id=4438"},{"@type":"ListItem","position":3,"name":"LE SHORT"}]},{"@type":"WebSite","@id":"https:\/\/happyhaus.fr\/#website","url":"https:\/\/happyhaus.fr\/","name":"","description":"","potentialAction":[{"@type":"SearchAction","target":{"@type":"EntryPoint","urlTemplate":"https:\/\/happyhaus.fr\/?s={search_term_string}"},"query-input":"required name=search_term_string"}],"inLanguage":"de"}]}},"_links":{"self":[{"href":"https:\/\/happyhaus.fr\/de\/wp-json\/wp\/v2\/product\/85963"}],"collection":[{"href":"https:\/\/happyhaus.fr\/de\/wp-json\/wp\/v2\/product"}],"about":[{"href":"https:\/\/happyhaus.fr\/de\/wp-json\/wp\/v2\/types\/product"}],"replies":[{"embeddable":true,"href":"https:\/\/happyhaus.fr\/de\/wp-json\/wp\/v2\/comments?post=85963"}],"wp:featuredmedia":[{"embeddable":true,"href":"https:\/\/happyhaus.fr\/de\/wp-json\/wp\/v2\/media\/95251"}],"wp:attachment":[{"href":"https:\/\/happyhaus.fr\/de\/wp-json\/wp\/v2\/media?parent=85963"}],"wp:term":[{"taxonomy":"product_cat","embeddable":true,"href":"https:\/\/happyhaus.fr\/de\/wp-json\/wp\/v2\/product_cat?post=85963"},{"taxonomy":"product_tag","embeddable":true,"href":"https:\/\/happyhaus.fr\/de\/wp-json\/wp\/v2\/product_tag?post=85963"}],"curies":[{"name":"wp","href":"https:\/\/api.w.org\/{rel}","templated":true}]}}