{"id":85672,"date":"2022-04-04T11:55:57","date_gmt":"2022-04-04T09:55:58","guid":{"rendered":"https:\/\/happyhaus.fr\/?post_type=product&#038;p=85672"},"modified":"2025-08-05T17:16:25","modified_gmt":"2025-08-05T15:16:25","slug":"le-pantalon-garden-worker-gras","status":"publish","type":"product","link":"https:\/\/happyhaus.fr\/de\/produkt\/le-pantalon-garden-worker-gras\/","title":{"rendered":"LE PANTALON GARDEN WORKER &#8211; ARCHIVES"},"content":{"rendered":"<ul>\n<li>Normale L\u00e4nge<\/li>\n<li>Hohe Taille<\/li>\n<li>Aufgesteppte R\u00fcckentasche mit Stickerei<\/li>\n<li>Konfortable geschnitten<\/li>\n<li>Rei\u00dfverschluss<\/li>\n<li>Absteppung in ton in ton Farbe<\/li>\n<\/ul>\n<p>Herkunft des Stoffes: Tunesien<br \/>\nHergestellt in Tunesien<\/p>\n<p>&nbsp;<\/p>\n<p>&nbsp;<\/p>\n","protected":false},"excerpt":{"rendered":"<p>Diese Hose ist aus einem Baumwollstoff gefertigt. Sie ist bequem geschnitten, hat eine regul\u00e4re L\u00e4nge, eine hohe Taille und f\u00fcnf \u00a0aufgesteppte Taschen die ein and Arbeitskleidung erinnern.<\/p>\n<p>Josephine, creative director of Elle Denmark, tr\u00e4gt Gr\u00f6\u00dfe 36.<\/p>\n","protected":false},"featured_media":93191,"comment_status":"closed","ping_status":"closed","template":"","meta":{"_acf_changed":false},"product_cat":[316,231,236],"product_tag":[335],"acf":[],"yoast_head":"<!-- This site is optimized with the Yoast SEO plugin v22.6 - https:\/\/yoast.com\/wordpress\/plugins\/seo\/ -->\n<title>LE PANTALON GARDEN WORKER - ARCHIVES -<\/title>\n<meta name=\"robots\" content=\"index, follow, max-snippet:-1, max-image-preview:large, max-video-preview:-1\" \/>\n<link rel=\"canonical\" href=\"https:\/\/happyhaus.fr\/de\/produkt\/le-pantalon-garden-worker-gras\/\" \/>\n<meta property=\"og:locale\" content=\"de_DE\" \/>\n<meta property=\"og:type\" content=\"article\" \/>\n<meta property=\"og:title\" content=\"LE PANTALON GARDEN WORKER - ARCHIVES -\" \/>\n<meta property=\"og:description\" content=\"Diese Hose ist aus einem Baumwollstoff gefertigt. Sie ist bequem geschnitten, hat eine regul\u00e4re L\u00e4nge, eine hohe Taille und f\u00fcnf \u00a0aufgesteppte Taschen die ein and Arbeitskleidung erinnern.  Josephine, creative director of Elle Denmark, tr\u00e4gt Gr\u00f6\u00dfe 36.\" \/>\n<meta property=\"og:url\" content=\"https:\/\/happyhaus.fr\/de\/produkt\/le-pantalon-garden-worker-gras\/\" \/>\n<meta property=\"article:modified_time\" content=\"2025-08-05T15:16:25+00:00\" \/>\n<meta property=\"og:image\" content=\"https:\/\/happyhaus.fr\/wp-content\/uploads\/2022\/04\/PANTALON-GARDEN-WORKER-1.jpg\" \/>\n\t<meta property=\"og:image:width\" content=\"1707\" \/>\n\t<meta property=\"og:image:height\" content=\"2560\" \/>\n\t<meta property=\"og:image:type\" content=\"image\/jpeg\" \/>\n<meta name=\"twitter:card\" content=\"summary_large_image\" \/>\n<meta name=\"twitter:label1\" content=\"Gesch\u00e4tzte Lesezeit\" \/>\n\t<meta name=\"twitter:data1\" content=\"1\u00a0Minute\" \/>\n<script type=\"application\/ld+json\" class=\"yoast-schema-graph\">{\"@context\":\"https:\/\/schema.org\",\"@graph\":[{\"@type\":\"WebPage\",\"@id\":\"https:\/\/happyhaus.fr\/de\/produkt\/le-pantalon-garden-worker-gras\/\",\"url\":\"https:\/\/happyhaus.fr\/de\/produkt\/le-pantalon-garden-worker-gras\/\",\"name\":\"LE PANTALON GARDEN WORKER - ARCHIVES -\",\"isPartOf\":{\"@id\":\"https:\/\/happyhaus.fr\/#website\"},\"primaryImageOfPage\":{\"@id\":\"https:\/\/happyhaus.fr\/de\/produkt\/le-pantalon-garden-worker-gras\/#primaryimage\"},\"image\":{\"@id\":\"https:\/\/happyhaus.fr\/de\/produkt\/le-pantalon-garden-worker-gras\/#primaryimage\"},\"thumbnailUrl\":\"https:\/\/happyhaus.fr\/wp-content\/uploads\/2022\/04\/PANTALON-GARDEN-WORKER-1.jpg\",\"datePublished\":\"2022-04-04T09:55:58+00:00\",\"dateModified\":\"2025-08-05T15:16:25+00:00\",\"breadcrumb\":{\"@id\":\"https:\/\/happyhaus.fr\/de\/produkt\/le-pantalon-garden-worker-gras\/#breadcrumb\"},\"inLanguage\":\"de\",\"potentialAction\":[{\"@type\":\"ReadAction\",\"target\":[\"https:\/\/happyhaus.fr\/de\/produkt\/le-pantalon-garden-worker-gras\/\"]}]},{\"@type\":\"ImageObject\",\"inLanguage\":\"de\",\"@id\":\"https:\/\/happyhaus.fr\/de\/produkt\/le-pantalon-garden-worker-gras\/#primaryimage\",\"url\":\"https:\/\/happyhaus.fr\/wp-content\/uploads\/2022\/04\/PANTALON-GARDEN-WORKER-1.jpg\",\"contentUrl\":\"https:\/\/happyhaus.fr\/wp-content\/uploads\/2022\/04\/PANTALON-GARDEN-WORKER-1.jpg\",\"width\":1707,\"height\":2560},{\"@type\":\"BreadcrumbList\",\"@id\":\"https:\/\/happyhaus.fr\/de\/produkt\/le-pantalon-garden-worker-gras\/#breadcrumb\",\"itemListElement\":[{\"@type\":\"ListItem\",\"position\":1,\"name\":\"Accueil\",\"item\":\"https:\/\/happyhaus.fr\/de\/\"},{\"@type\":\"ListItem\",\"position\":2,\"name\":\"Priv\u00e9\u00a0: Shop\",\"item\":\"https:\/\/happyhaus.fr\/?page_id=4438\"},{\"@type\":\"ListItem\",\"position\":3,\"name\":\"LE PANTALON GARDEN WORKER &#8211; ARCHIVES\"}]},{\"@type\":\"WebSite\",\"@id\":\"https:\/\/happyhaus.fr\/#website\",\"url\":\"https:\/\/happyhaus.fr\/\",\"name\":\"\",\"description\":\"\",\"potentialAction\":[{\"@type\":\"SearchAction\",\"target\":{\"@type\":\"EntryPoint\",\"urlTemplate\":\"https:\/\/happyhaus.fr\/?s={search_term_string}\"},\"query-input\":\"required name=search_term_string\"}],\"inLanguage\":\"de\"}]}<\/script>\n<!-- \/ Yoast SEO plugin. -->","yoast_head_json":{"title":"LE PANTALON GARDEN WORKER - ARCHIVES -","robots":{"index":"index","follow":"follow","max-snippet":"max-snippet:-1","max-image-preview":"max-image-preview:large","max-video-preview":"max-video-preview:-1"},"canonical":"https:\/\/happyhaus.fr\/de\/produkt\/le-pantalon-garden-worker-gras\/","og_locale":"de_DE","og_type":"article","og_title":"LE PANTALON GARDEN WORKER - ARCHIVES -","og_description":"Diese Hose ist aus einem Baumwollstoff gefertigt. Sie ist bequem geschnitten, hat eine regul\u00e4re L\u00e4nge, eine hohe Taille und f\u00fcnf \u00a0aufgesteppte Taschen die ein and Arbeitskleidung erinnern.  Josephine, creative director of Elle Denmark, tr\u00e4gt Gr\u00f6\u00dfe 36.","og_url":"https:\/\/happyhaus.fr\/de\/produkt\/le-pantalon-garden-worker-gras\/","article_modified_time":"2025-08-05T15:16:25+00:00","og_image":[{"width":1707,"height":2560,"url":"https:\/\/happyhaus.fr\/wp-content\/uploads\/2022\/04\/PANTALON-GARDEN-WORKER-1.jpg","type":"image\/jpeg"}],"twitter_card":"summary_large_image","twitter_misc":{"Gesch\u00e4tzte Lesezeit":"1\u00a0Minute"},"schema":{"@context":"https:\/\/schema.org","@graph":[{"@type":"WebPage","@id":"https:\/\/happyhaus.fr\/de\/produkt\/le-pantalon-garden-worker-gras\/","url":"https:\/\/happyhaus.fr\/de\/produkt\/le-pantalon-garden-worker-gras\/","name":"LE PANTALON GARDEN WORKER - ARCHIVES -","isPartOf":{"@id":"https:\/\/happyhaus.fr\/#website"},"primaryImageOfPage":{"@id":"https:\/\/happyhaus.fr\/de\/produkt\/le-pantalon-garden-worker-gras\/#primaryimage"},"image":{"@id":"https:\/\/happyhaus.fr\/de\/produkt\/le-pantalon-garden-worker-gras\/#primaryimage"},"thumbnailUrl":"https:\/\/happyhaus.fr\/wp-content\/uploads\/2022\/04\/PANTALON-GARDEN-WORKER-1.jpg","datePublished":"2022-04-04T09:55:58+00:00","dateModified":"2025-08-05T15:16:25+00:00","breadcrumb":{"@id":"https:\/\/happyhaus.fr\/de\/produkt\/le-pantalon-garden-worker-gras\/#breadcrumb"},"inLanguage":"de","potentialAction":[{"@type":"ReadAction","target":["https:\/\/happyhaus.fr\/de\/produkt\/le-pantalon-garden-worker-gras\/"]}]},{"@type":"ImageObject","inLanguage":"de","@id":"https:\/\/happyhaus.fr\/de\/produkt\/le-pantalon-garden-worker-gras\/#primaryimage","url":"https:\/\/happyhaus.fr\/wp-content\/uploads\/2022\/04\/PANTALON-GARDEN-WORKER-1.jpg","contentUrl":"https:\/\/happyhaus.fr\/wp-content\/uploads\/2022\/04\/PANTALON-GARDEN-WORKER-1.jpg","width":1707,"height":2560},{"@type":"BreadcrumbList","@id":"https:\/\/happyhaus.fr\/de\/produkt\/le-pantalon-garden-worker-gras\/#breadcrumb","itemListElement":[{"@type":"ListItem","position":1,"name":"Accueil","item":"https:\/\/happyhaus.fr\/de\/"},{"@type":"ListItem","position":2,"name":"Priv\u00e9\u00a0: Shop","item":"https:\/\/happyhaus.fr\/?page_id=4438"},{"@type":"ListItem","position":3,"name":"LE PANTALON GARDEN WORKER &#8211; ARCHIVES"}]},{"@type":"WebSite","@id":"https:\/\/happyhaus.fr\/#website","url":"https:\/\/happyhaus.fr\/","name":"","description":"","potentialAction":[{"@type":"SearchAction","target":{"@type":"EntryPoint","urlTemplate":"https:\/\/happyhaus.fr\/?s={search_term_string}"},"query-input":"required name=search_term_string"}],"inLanguage":"de"}]}},"_links":{"self":[{"href":"https:\/\/happyhaus.fr\/de\/wp-json\/wp\/v2\/product\/85672"}],"collection":[{"href":"https:\/\/happyhaus.fr\/de\/wp-json\/wp\/v2\/product"}],"about":[{"href":"https:\/\/happyhaus.fr\/de\/wp-json\/wp\/v2\/types\/product"}],"replies":[{"embeddable":true,"href":"https:\/\/happyhaus.fr\/de\/wp-json\/wp\/v2\/comments?post=85672"}],"wp:featuredmedia":[{"embeddable":true,"href":"https:\/\/happyhaus.fr\/de\/wp-json\/wp\/v2\/media\/93191"}],"wp:attachment":[{"href":"https:\/\/happyhaus.fr\/de\/wp-json\/wp\/v2\/media?parent=85672"}],"wp:term":[{"taxonomy":"product_cat","embeddable":true,"href":"https:\/\/happyhaus.fr\/de\/wp-json\/wp\/v2\/product_cat?post=85672"},{"taxonomy":"product_tag","embeddable":true,"href":"https:\/\/happyhaus.fr\/de\/wp-json\/wp\/v2\/product_tag?post=85672"}],"curies":[{"name":"wp","href":"https:\/\/api.w.org\/{rel}","templated":true}]}}