{"id":85421,"date":"2022-03-23T13:32:12","date_gmt":"2022-03-23T12:32:14","guid":{"rendered":"https:\/\/happyhaus.fr\/?post_type=product&#038;p=85421"},"modified":"2025-07-18T16:08:54","modified_gmt":"2025-07-18T14:08:54","slug":"la-chemise-2","status":"publish","type":"product","link":"https:\/\/happyhaus.fr\/de\/produkt\/la-chemise-2\/","title":{"rendered":"LA CHEMISE &#8211; ARCHIVES"},"content":{"rendered":"<div class=\"page\" title=\"Page 70\">\n<div class=\"layoutArea\">\n<div class=\"column\">\n<ul>\n<li>Gerader Schnitt<\/li>\n<li>Spitz zulaufender Hemdkragen<\/li>\n<li>Knopfloch auf der Vorderseite, abgedeckt durch denselben Stoff<\/li>\n<li>Knopfverschluss an den Manschetten<\/li>\n<\/ul>\n<p>Herkunft des Stoffes: Japan<\/p>\n<p>Hergestellt in Tunesien<\/p>\n<p>&nbsp;<\/p>\n<\/div>\n<\/div>\n<\/div>\n","protected":false},"excerpt":{"rendered":"<p id=\"tw-target-text\" class=\"tw-data-text tw-text-large tw-ta\" dir=\"ltr\" data-placeholder=\"Traduction\"><span class=\"Y2IQFc\" lang=\"de\">Es gibt keinen Kleiderschrank ohne Hemd ! Minimalistisch, aber mit einem Maxi-Kragen, der ihm einen sehr Couture-Look verleiht. Einfach, aber effektiv, ist es ein gutes Basic f\u00fcr Ihre Garderobe, denn es passt zu allem.<\/span><\/p>\n<p>Sandy, die Designerin, tr\u00e4gt die Gr\u00f6sse 36 und sie ist 1,70 cm gross.<\/p>\n<pre id=\"tw-target-text\" class=\"tw-data-text tw-text-large tw-ta\" dir=\"ltr\" data-placeholder=\"Traduction\"><\/pre>\n","protected":false},"featured_media":95276,"comment_status":"closed","ping_status":"closed","template":"","meta":{"_acf_changed":false},"product_cat":[312,316,231,237],"product_tag":[],"acf":[],"yoast_head":"<!-- This site is optimized with the Yoast SEO plugin v22.6 - https:\/\/yoast.com\/wordpress\/plugins\/seo\/ -->\n<title>LA CHEMISE - ARCHIVES -<\/title>\n<meta name=\"robots\" content=\"index, follow, max-snippet:-1, max-image-preview:large, max-video-preview:-1\" \/>\n<link rel=\"canonical\" href=\"https:\/\/happyhaus.fr\/de\/produkt\/la-chemise-2\/\" \/>\n<meta property=\"og:locale\" content=\"de_DE\" \/>\n<meta property=\"og:type\" content=\"article\" \/>\n<meta property=\"og:title\" content=\"LA CHEMISE - ARCHIVES -\" \/>\n<meta property=\"og:description\" content=\"Es gibt keinen Kleiderschrank ohne Hemd ! Minimalistisch, aber mit einem Maxi-Kragen, der ihm einen sehr Couture-Look verleiht. Einfach, aber effektiv, ist es ein gutes Basic f\u00fcr Ihre Garderobe, denn es passt zu allem. Sandy, die Designerin, tr\u00e4gt die Gr\u00f6sse 36 und sie ist 1,70 cm gross.\" \/>\n<meta property=\"og:url\" content=\"https:\/\/happyhaus.fr\/de\/produkt\/la-chemise-2\/\" \/>\n<meta property=\"article:modified_time\" content=\"2025-07-18T14:08:54+00:00\" \/>\n<meta property=\"og:image\" content=\"https:\/\/happyhaus.fr\/wp-content\/uploads\/2022\/03\/Z18.jpg\" \/>\n\t<meta property=\"og:image:width\" content=\"1707\" \/>\n\t<meta property=\"og:image:height\" content=\"2560\" \/>\n\t<meta property=\"og:image:type\" content=\"image\/jpeg\" \/>\n<meta name=\"twitter:card\" content=\"summary_large_image\" \/>\n<meta name=\"twitter:label1\" content=\"Gesch\u00e4tzte Lesezeit\" \/>\n\t<meta name=\"twitter:data1\" content=\"1\u00a0Minute\" \/>\n<script type=\"application\/ld+json\" class=\"yoast-schema-graph\">{\"@context\":\"https:\/\/schema.org\",\"@graph\":[{\"@type\":\"WebPage\",\"@id\":\"https:\/\/happyhaus.fr\/de\/produkt\/la-chemise-2\/\",\"url\":\"https:\/\/happyhaus.fr\/de\/produkt\/la-chemise-2\/\",\"name\":\"LA CHEMISE - ARCHIVES -\",\"isPartOf\":{\"@id\":\"https:\/\/happyhaus.fr\/#website\"},\"primaryImageOfPage\":{\"@id\":\"https:\/\/happyhaus.fr\/de\/produkt\/la-chemise-2\/#primaryimage\"},\"image\":{\"@id\":\"https:\/\/happyhaus.fr\/de\/produkt\/la-chemise-2\/#primaryimage\"},\"thumbnailUrl\":\"https:\/\/happyhaus.fr\/wp-content\/uploads\/2022\/03\/Z18.jpg\",\"datePublished\":\"2022-03-23T12:32:14+00:00\",\"dateModified\":\"2025-07-18T14:08:54+00:00\",\"breadcrumb\":{\"@id\":\"https:\/\/happyhaus.fr\/de\/produkt\/la-chemise-2\/#breadcrumb\"},\"inLanguage\":\"de\",\"potentialAction\":[{\"@type\":\"ReadAction\",\"target\":[\"https:\/\/happyhaus.fr\/de\/produkt\/la-chemise-2\/\"]}]},{\"@type\":\"ImageObject\",\"inLanguage\":\"de\",\"@id\":\"https:\/\/happyhaus.fr\/de\/produkt\/la-chemise-2\/#primaryimage\",\"url\":\"https:\/\/happyhaus.fr\/wp-content\/uploads\/2022\/03\/Z18.jpg\",\"contentUrl\":\"https:\/\/happyhaus.fr\/wp-content\/uploads\/2022\/03\/Z18.jpg\",\"width\":1707,\"height\":2560},{\"@type\":\"BreadcrumbList\",\"@id\":\"https:\/\/happyhaus.fr\/de\/produkt\/la-chemise-2\/#breadcrumb\",\"itemListElement\":[{\"@type\":\"ListItem\",\"position\":1,\"name\":\"Accueil\",\"item\":\"https:\/\/happyhaus.fr\/de\/\"},{\"@type\":\"ListItem\",\"position\":2,\"name\":\"Priv\u00e9\u00a0: Shop\",\"item\":\"https:\/\/happyhaus.fr\/?page_id=4438\"},{\"@type\":\"ListItem\",\"position\":3,\"name\":\"LA CHEMISE &#8211; ARCHIVES\"}]},{\"@type\":\"WebSite\",\"@id\":\"https:\/\/happyhaus.fr\/#website\",\"url\":\"https:\/\/happyhaus.fr\/\",\"name\":\"\",\"description\":\"\",\"potentialAction\":[{\"@type\":\"SearchAction\",\"target\":{\"@type\":\"EntryPoint\",\"urlTemplate\":\"https:\/\/happyhaus.fr\/?s={search_term_string}\"},\"query-input\":\"required name=search_term_string\"}],\"inLanguage\":\"de\"}]}<\/script>\n<!-- \/ Yoast SEO plugin. -->","yoast_head_json":{"title":"LA CHEMISE - ARCHIVES -","robots":{"index":"index","follow":"follow","max-snippet":"max-snippet:-1","max-image-preview":"max-image-preview:large","max-video-preview":"max-video-preview:-1"},"canonical":"https:\/\/happyhaus.fr\/de\/produkt\/la-chemise-2\/","og_locale":"de_DE","og_type":"article","og_title":"LA CHEMISE - ARCHIVES -","og_description":"Es gibt keinen Kleiderschrank ohne Hemd ! Minimalistisch, aber mit einem Maxi-Kragen, der ihm einen sehr Couture-Look verleiht. Einfach, aber effektiv, ist es ein gutes Basic f\u00fcr Ihre Garderobe, denn es passt zu allem. Sandy, die Designerin, tr\u00e4gt die Gr\u00f6sse 36 und sie ist 1,70 cm gross.","og_url":"https:\/\/happyhaus.fr\/de\/produkt\/la-chemise-2\/","article_modified_time":"2025-07-18T14:08:54+00:00","og_image":[{"width":1707,"height":2560,"url":"https:\/\/happyhaus.fr\/wp-content\/uploads\/2022\/03\/Z18.jpg","type":"image\/jpeg"}],"twitter_card":"summary_large_image","twitter_misc":{"Gesch\u00e4tzte Lesezeit":"1\u00a0Minute"},"schema":{"@context":"https:\/\/schema.org","@graph":[{"@type":"WebPage","@id":"https:\/\/happyhaus.fr\/de\/produkt\/la-chemise-2\/","url":"https:\/\/happyhaus.fr\/de\/produkt\/la-chemise-2\/","name":"LA CHEMISE - ARCHIVES -","isPartOf":{"@id":"https:\/\/happyhaus.fr\/#website"},"primaryImageOfPage":{"@id":"https:\/\/happyhaus.fr\/de\/produkt\/la-chemise-2\/#primaryimage"},"image":{"@id":"https:\/\/happyhaus.fr\/de\/produkt\/la-chemise-2\/#primaryimage"},"thumbnailUrl":"https:\/\/happyhaus.fr\/wp-content\/uploads\/2022\/03\/Z18.jpg","datePublished":"2022-03-23T12:32:14+00:00","dateModified":"2025-07-18T14:08:54+00:00","breadcrumb":{"@id":"https:\/\/happyhaus.fr\/de\/produkt\/la-chemise-2\/#breadcrumb"},"inLanguage":"de","potentialAction":[{"@type":"ReadAction","target":["https:\/\/happyhaus.fr\/de\/produkt\/la-chemise-2\/"]}]},{"@type":"ImageObject","inLanguage":"de","@id":"https:\/\/happyhaus.fr\/de\/produkt\/la-chemise-2\/#primaryimage","url":"https:\/\/happyhaus.fr\/wp-content\/uploads\/2022\/03\/Z18.jpg","contentUrl":"https:\/\/happyhaus.fr\/wp-content\/uploads\/2022\/03\/Z18.jpg","width":1707,"height":2560},{"@type":"BreadcrumbList","@id":"https:\/\/happyhaus.fr\/de\/produkt\/la-chemise-2\/#breadcrumb","itemListElement":[{"@type":"ListItem","position":1,"name":"Accueil","item":"https:\/\/happyhaus.fr\/de\/"},{"@type":"ListItem","position":2,"name":"Priv\u00e9\u00a0: Shop","item":"https:\/\/happyhaus.fr\/?page_id=4438"},{"@type":"ListItem","position":3,"name":"LA CHEMISE &#8211; ARCHIVES"}]},{"@type":"WebSite","@id":"https:\/\/happyhaus.fr\/#website","url":"https:\/\/happyhaus.fr\/","name":"","description":"","potentialAction":[{"@type":"SearchAction","target":{"@type":"EntryPoint","urlTemplate":"https:\/\/happyhaus.fr\/?s={search_term_string}"},"query-input":"required name=search_term_string"}],"inLanguage":"de"}]}},"_links":{"self":[{"href":"https:\/\/happyhaus.fr\/de\/wp-json\/wp\/v2\/product\/85421"}],"collection":[{"href":"https:\/\/happyhaus.fr\/de\/wp-json\/wp\/v2\/product"}],"about":[{"href":"https:\/\/happyhaus.fr\/de\/wp-json\/wp\/v2\/types\/product"}],"replies":[{"embeddable":true,"href":"https:\/\/happyhaus.fr\/de\/wp-json\/wp\/v2\/comments?post=85421"}],"wp:featuredmedia":[{"embeddable":true,"href":"https:\/\/happyhaus.fr\/de\/wp-json\/wp\/v2\/media\/95276"}],"wp:attachment":[{"href":"https:\/\/happyhaus.fr\/de\/wp-json\/wp\/v2\/media?parent=85421"}],"wp:term":[{"taxonomy":"product_cat","embeddable":true,"href":"https:\/\/happyhaus.fr\/de\/wp-json\/wp\/v2\/product_cat?post=85421"},{"taxonomy":"product_tag","embeddable":true,"href":"https:\/\/happyhaus.fr\/de\/wp-json\/wp\/v2\/product_tag?post=85421"}],"curies":[{"name":"wp","href":"https:\/\/api.w.org\/{rel}","templated":true}]}}