{"id":85240,"date":"2022-03-15T15:43:56","date_gmt":"2022-03-15T14:43:58","guid":{"rendered":"https:\/\/happyhaus.fr\/?post_type=product&#038;p=85240"},"modified":"2025-08-05T17:19:35","modified_gmt":"2025-08-05T15:19:35","slug":"le-pantalon-garden-worker-copie","status":"publish","type":"product","link":"https:\/\/happyhaus.fr\/de\/produkt\/le-pantalon-garden-worker-copie\/","title":{"rendered":"LE PANTALON GARDEN WORKER &#8211; ARCHIVES"},"content":{"rendered":"<ul>\n<li>Normale L\u00e4nge<\/li>\n<li>Hohe Taille<\/li>\n<li>Aufgesteppte R\u00fcckentasche mit Stickerei<\/li>\n<li>Konfortable geschnitten<\/li>\n<li>Rei\u00dfverschluss<\/li>\n<li>Absteppung in ton in ton Farbe<\/li>\n<\/ul>\n<p>Herkunft des Stoffes: Tunesien<br \/>\nHergestellt in Tunesien<\/p>\n","protected":false},"excerpt":{"rendered":"<pre id=\"tw-target-text\" class=\"tw-data-text tw-text-large tw-ta\" dir=\"ltr\" data-placeholder=\"Traduction\"><span class=\"Y2IQFc\" lang=\"de\">Unsere Worker Pants haben den \u201eStreet\u201c-Look in unserer Kollektion. Mit seinem von Frachtschiffen inspirierten Schnitt und Details verleiht es Ihnen einen etwas sportlicheren Look als die anderen Modelle. Es kann mit hoher Taille oder mit niedriger Taille getragen werden, um seinen Street-Look zu betonen, und passt sowohl zu Stiefeln als auch zu Turnschuhen.\r\n<\/span><\/pre>\n<p>Florence, \u00a0tr\u00e4gt Gr\u00f6\u00dfe 36. Sie ist 164.00 cm<\/p>\n","protected":false},"featured_media":85257,"comment_status":"closed","ping_status":"closed","template":"","meta":{"_acf_changed":false},"product_cat":[312,316,231,236],"product_tag":[335],"acf":[],"yoast_head":"<!-- This site is optimized with the Yoast SEO plugin v22.6 - https:\/\/yoast.com\/wordpress\/plugins\/seo\/ -->\n<title>LE PANTALON GARDEN WORKER - ARCHIVES -<\/title>\n<meta name=\"robots\" content=\"index, follow, max-snippet:-1, max-image-preview:large, max-video-preview:-1\" \/>\n<link rel=\"canonical\" href=\"https:\/\/happyhaus.fr\/de\/produkt\/le-pantalon-garden-worker-copie\/\" \/>\n<meta property=\"og:locale\" content=\"de_DE\" \/>\n<meta property=\"og:type\" content=\"article\" \/>\n<meta property=\"og:title\" content=\"LE PANTALON GARDEN WORKER - ARCHIVES -\" \/>\n<meta property=\"og:description\" content=\"Unsere Worker Pants haben den \u201eStreet\u201c-Look in unserer Kollektion. Mit seinem von Frachtschiffen inspirierten Schnitt und Details verleiht es Ihnen einen etwas sportlicheren Look als die anderen Modelle. Es kann mit hoher Taille oder mit niedriger Taille getragen werden, um seinen Street-Look zu betonen, und passt sowohl zu Stiefeln als auch zu Turnschuhen.  Florence, \u00a0tr\u00e4gt Gr\u00f6\u00dfe 36. Sie ist 164.00 cm\" \/>\n<meta property=\"og:url\" content=\"https:\/\/happyhaus.fr\/de\/produkt\/le-pantalon-garden-worker-copie\/\" \/>\n<meta property=\"article:modified_time\" content=\"2025-08-05T15:19:35+00:00\" \/>\n<meta property=\"og:image\" content=\"https:\/\/happyhaus.fr\/wp-content\/uploads\/2022\/03\/Image-11-scaled.jpg\" \/>\n\t<meta property=\"og:image:width\" content=\"1707\" \/>\n\t<meta property=\"og:image:height\" content=\"2560\" \/>\n\t<meta property=\"og:image:type\" content=\"image\/jpeg\" \/>\n<meta name=\"twitter:card\" content=\"summary_large_image\" \/>\n<meta name=\"twitter:label1\" content=\"Gesch\u00e4tzte Lesezeit\" \/>\n\t<meta name=\"twitter:data1\" content=\"1\u00a0Minute\" \/>\n<script type=\"application\/ld+json\" class=\"yoast-schema-graph\">{\"@context\":\"https:\/\/schema.org\",\"@graph\":[{\"@type\":\"WebPage\",\"@id\":\"https:\/\/happyhaus.fr\/de\/produkt\/le-pantalon-garden-worker-copie\/\",\"url\":\"https:\/\/happyhaus.fr\/de\/produkt\/le-pantalon-garden-worker-copie\/\",\"name\":\"LE PANTALON GARDEN WORKER - ARCHIVES -\",\"isPartOf\":{\"@id\":\"https:\/\/happyhaus.fr\/#website\"},\"primaryImageOfPage\":{\"@id\":\"https:\/\/happyhaus.fr\/de\/produkt\/le-pantalon-garden-worker-copie\/#primaryimage\"},\"image\":{\"@id\":\"https:\/\/happyhaus.fr\/de\/produkt\/le-pantalon-garden-worker-copie\/#primaryimage\"},\"thumbnailUrl\":\"https:\/\/happyhaus.fr\/wp-content\/uploads\/2022\/03\/Image-11-scaled.jpg\",\"datePublished\":\"2022-03-15T14:43:58+00:00\",\"dateModified\":\"2025-08-05T15:19:35+00:00\",\"breadcrumb\":{\"@id\":\"https:\/\/happyhaus.fr\/de\/produkt\/le-pantalon-garden-worker-copie\/#breadcrumb\"},\"inLanguage\":\"de\",\"potentialAction\":[{\"@type\":\"ReadAction\",\"target\":[\"https:\/\/happyhaus.fr\/de\/produkt\/le-pantalon-garden-worker-copie\/\"]}]},{\"@type\":\"ImageObject\",\"inLanguage\":\"de\",\"@id\":\"https:\/\/happyhaus.fr\/de\/produkt\/le-pantalon-garden-worker-copie\/#primaryimage\",\"url\":\"https:\/\/happyhaus.fr\/wp-content\/uploads\/2022\/03\/Image-11-scaled.jpg\",\"contentUrl\":\"https:\/\/happyhaus.fr\/wp-content\/uploads\/2022\/03\/Image-11-scaled.jpg\",\"width\":1707,\"height\":2560},{\"@type\":\"BreadcrumbList\",\"@id\":\"https:\/\/happyhaus.fr\/de\/produkt\/le-pantalon-garden-worker-copie\/#breadcrumb\",\"itemListElement\":[{\"@type\":\"ListItem\",\"position\":1,\"name\":\"Accueil\",\"item\":\"https:\/\/happyhaus.fr\/de\/\"},{\"@type\":\"ListItem\",\"position\":2,\"name\":\"Priv\u00e9\u00a0: Shop\",\"item\":\"https:\/\/happyhaus.fr\/?page_id=4438\"},{\"@type\":\"ListItem\",\"position\":3,\"name\":\"LE PANTALON GARDEN WORKER &#8211; ARCHIVES\"}]},{\"@type\":\"WebSite\",\"@id\":\"https:\/\/happyhaus.fr\/#website\",\"url\":\"https:\/\/happyhaus.fr\/\",\"name\":\"\",\"description\":\"\",\"potentialAction\":[{\"@type\":\"SearchAction\",\"target\":{\"@type\":\"EntryPoint\",\"urlTemplate\":\"https:\/\/happyhaus.fr\/?s={search_term_string}\"},\"query-input\":\"required name=search_term_string\"}],\"inLanguage\":\"de\"}]}<\/script>\n<!-- \/ Yoast SEO plugin. -->","yoast_head_json":{"title":"LE PANTALON GARDEN WORKER - ARCHIVES -","robots":{"index":"index","follow":"follow","max-snippet":"max-snippet:-1","max-image-preview":"max-image-preview:large","max-video-preview":"max-video-preview:-1"},"canonical":"https:\/\/happyhaus.fr\/de\/produkt\/le-pantalon-garden-worker-copie\/","og_locale":"de_DE","og_type":"article","og_title":"LE PANTALON GARDEN WORKER - ARCHIVES -","og_description":"Unsere Worker Pants haben den \u201eStreet\u201c-Look in unserer Kollektion. Mit seinem von Frachtschiffen inspirierten Schnitt und Details verleiht es Ihnen einen etwas sportlicheren Look als die anderen Modelle. Es kann mit hoher Taille oder mit niedriger Taille getragen werden, um seinen Street-Look zu betonen, und passt sowohl zu Stiefeln als auch zu Turnschuhen.  Florence, \u00a0tr\u00e4gt Gr\u00f6\u00dfe 36. Sie ist 164.00 cm","og_url":"https:\/\/happyhaus.fr\/de\/produkt\/le-pantalon-garden-worker-copie\/","article_modified_time":"2025-08-05T15:19:35+00:00","og_image":[{"width":1707,"height":2560,"url":"https:\/\/happyhaus.fr\/wp-content\/uploads\/2022\/03\/Image-11-scaled.jpg","type":"image\/jpeg"}],"twitter_card":"summary_large_image","twitter_misc":{"Gesch\u00e4tzte Lesezeit":"1\u00a0Minute"},"schema":{"@context":"https:\/\/schema.org","@graph":[{"@type":"WebPage","@id":"https:\/\/happyhaus.fr\/de\/produkt\/le-pantalon-garden-worker-copie\/","url":"https:\/\/happyhaus.fr\/de\/produkt\/le-pantalon-garden-worker-copie\/","name":"LE PANTALON GARDEN WORKER - ARCHIVES -","isPartOf":{"@id":"https:\/\/happyhaus.fr\/#website"},"primaryImageOfPage":{"@id":"https:\/\/happyhaus.fr\/de\/produkt\/le-pantalon-garden-worker-copie\/#primaryimage"},"image":{"@id":"https:\/\/happyhaus.fr\/de\/produkt\/le-pantalon-garden-worker-copie\/#primaryimage"},"thumbnailUrl":"https:\/\/happyhaus.fr\/wp-content\/uploads\/2022\/03\/Image-11-scaled.jpg","datePublished":"2022-03-15T14:43:58+00:00","dateModified":"2025-08-05T15:19:35+00:00","breadcrumb":{"@id":"https:\/\/happyhaus.fr\/de\/produkt\/le-pantalon-garden-worker-copie\/#breadcrumb"},"inLanguage":"de","potentialAction":[{"@type":"ReadAction","target":["https:\/\/happyhaus.fr\/de\/produkt\/le-pantalon-garden-worker-copie\/"]}]},{"@type":"ImageObject","inLanguage":"de","@id":"https:\/\/happyhaus.fr\/de\/produkt\/le-pantalon-garden-worker-copie\/#primaryimage","url":"https:\/\/happyhaus.fr\/wp-content\/uploads\/2022\/03\/Image-11-scaled.jpg","contentUrl":"https:\/\/happyhaus.fr\/wp-content\/uploads\/2022\/03\/Image-11-scaled.jpg","width":1707,"height":2560},{"@type":"BreadcrumbList","@id":"https:\/\/happyhaus.fr\/de\/produkt\/le-pantalon-garden-worker-copie\/#breadcrumb","itemListElement":[{"@type":"ListItem","position":1,"name":"Accueil","item":"https:\/\/happyhaus.fr\/de\/"},{"@type":"ListItem","position":2,"name":"Priv\u00e9\u00a0: Shop","item":"https:\/\/happyhaus.fr\/?page_id=4438"},{"@type":"ListItem","position":3,"name":"LE PANTALON GARDEN WORKER &#8211; ARCHIVES"}]},{"@type":"WebSite","@id":"https:\/\/happyhaus.fr\/#website","url":"https:\/\/happyhaus.fr\/","name":"","description":"","potentialAction":[{"@type":"SearchAction","target":{"@type":"EntryPoint","urlTemplate":"https:\/\/happyhaus.fr\/?s={search_term_string}"},"query-input":"required name=search_term_string"}],"inLanguage":"de"}]}},"_links":{"self":[{"href":"https:\/\/happyhaus.fr\/de\/wp-json\/wp\/v2\/product\/85240"}],"collection":[{"href":"https:\/\/happyhaus.fr\/de\/wp-json\/wp\/v2\/product"}],"about":[{"href":"https:\/\/happyhaus.fr\/de\/wp-json\/wp\/v2\/types\/product"}],"replies":[{"embeddable":true,"href":"https:\/\/happyhaus.fr\/de\/wp-json\/wp\/v2\/comments?post=85240"}],"wp:featuredmedia":[{"embeddable":true,"href":"https:\/\/happyhaus.fr\/de\/wp-json\/wp\/v2\/media\/85257"}],"wp:attachment":[{"href":"https:\/\/happyhaus.fr\/de\/wp-json\/wp\/v2\/media?parent=85240"}],"wp:term":[{"taxonomy":"product_cat","embeddable":true,"href":"https:\/\/happyhaus.fr\/de\/wp-json\/wp\/v2\/product_cat?post=85240"},{"taxonomy":"product_tag","embeddable":true,"href":"https:\/\/happyhaus.fr\/de\/wp-json\/wp\/v2\/product_tag?post=85240"}],"curies":[{"name":"wp","href":"https:\/\/api.w.org\/{rel}","templated":true}]}}