{"id":85060,"date":"2022-03-01T20:10:16","date_gmt":"2022-03-01T19:10:17","guid":{"rendered":"https:\/\/happyhaus.fr\/?post_type=product&#038;p=85060"},"modified":"2024-02-22T08:38:03","modified_gmt":"2024-02-22T07:38:03","slug":"la-mini-jupe","status":"publish","type":"product","link":"https:\/\/happyhaus.fr\/de\/produkt\/la-mini-jupe\/","title":{"rendered":"LA MINI JUPE"},"content":{"rendered":"<ul>\n<li>Holzknopf &amp; Reissverschluss<\/li>\n<li>5 Taschen<\/li>\n<li>Ges\u00e4\u00dftaschen in Blumenform<\/li>\n<li>Ton-in-Ton-N\u00e4hte<\/li>\n<li>100% Japanese Cotton<\/li>\n<\/ul>\n<p>Herkunft des Stoffes: Japan<br \/>\nHergestellt in Tunesien<\/p>\n","protected":false},"excerpt":{"rendered":"<p>Dieser Minirock m\u00f6chte zeitlos und ein Basic unserer st\u00e4ndigen Kollektion sein. Perfekt im Sommer mit einem kleinen Top, begleitet es Sie auch im Winter mit einer Strumpfhose und Boots.<\/p>\n<p>Sandy, die Gr\u00fcnderin von Happy Haus, tr\u00e4gt Gr\u00f6\u00dfe 36. Sie ist 170.00 cm \/ 5&#8217;6&#8243;<\/p>\n","protected":false},"featured_media":85076,"comment_status":"closed","ping_status":"closed","template":"","meta":{"_acf_changed":false},"product_cat":[312,231,328,512],"product_tag":[],"acf":[],"yoast_head":"<!-- This site is optimized with the Yoast SEO plugin v22.6 - https:\/\/yoast.com\/wordpress\/plugins\/seo\/ -->\n<title>LA MINI JUPE -<\/title>\n<meta name=\"robots\" content=\"index, follow, max-snippet:-1, max-image-preview:large, max-video-preview:-1\" \/>\n<link rel=\"canonical\" href=\"https:\/\/happyhaus.fr\/de\/produkt\/la-mini-jupe\/\" \/>\n<meta property=\"og:locale\" content=\"de_DE\" \/>\n<meta property=\"og:type\" content=\"article\" \/>\n<meta property=\"og:title\" content=\"LA MINI JUPE -\" \/>\n<meta property=\"og:description\" content=\"Dieser Minirock m\u00f6chte zeitlos und ein Basic unserer st\u00e4ndigen Kollektion sein. Perfekt im Sommer mit einem kleinen Top, begleitet es Sie auch im Winter mit einer Strumpfhose und Boots.  Sandy, die Gr\u00fcnderin von Happy Haus, tr\u00e4gt Gr\u00f6\u00dfe 36. Sie ist 170.00 cm \/ 5&#039;6&quot;\" \/>\n<meta property=\"og:url\" content=\"https:\/\/happyhaus.fr\/de\/produkt\/la-mini-jupe\/\" \/>\n<meta property=\"article:modified_time\" content=\"2024-02-22T07:38:03+00:00\" \/>\n<meta property=\"og:image\" content=\"https:\/\/happyhaus.fr\/wp-content\/uploads\/2022\/03\/MINI-SKIRT-JP-DENIM-scaled.jpg\" \/>\n\t<meta property=\"og:image:width\" content=\"1707\" \/>\n\t<meta property=\"og:image:height\" content=\"2560\" \/>\n\t<meta property=\"og:image:type\" content=\"image\/jpeg\" \/>\n<meta name=\"twitter:card\" content=\"summary_large_image\" \/>\n<meta name=\"twitter:label1\" content=\"Gesch\u00e4tzte Lesezeit\" \/>\n\t<meta name=\"twitter:data1\" content=\"1\u00a0Minute\" \/>\n<script type=\"application\/ld+json\" class=\"yoast-schema-graph\">{\"@context\":\"https:\/\/schema.org\",\"@graph\":[{\"@type\":\"WebPage\",\"@id\":\"https:\/\/happyhaus.fr\/de\/produkt\/la-mini-jupe\/\",\"url\":\"https:\/\/happyhaus.fr\/de\/produkt\/la-mini-jupe\/\",\"name\":\"LA MINI JUPE -\",\"isPartOf\":{\"@id\":\"https:\/\/happyhaus.fr\/#website\"},\"primaryImageOfPage\":{\"@id\":\"https:\/\/happyhaus.fr\/de\/produkt\/la-mini-jupe\/#primaryimage\"},\"image\":{\"@id\":\"https:\/\/happyhaus.fr\/de\/produkt\/la-mini-jupe\/#primaryimage\"},\"thumbnailUrl\":\"https:\/\/happyhaus.fr\/wp-content\/uploads\/2022\/03\/MINI-SKIRT-JP-DENIM-scaled.jpg\",\"datePublished\":\"2022-03-01T19:10:17+00:00\",\"dateModified\":\"2024-02-22T07:38:03+00:00\",\"breadcrumb\":{\"@id\":\"https:\/\/happyhaus.fr\/de\/produkt\/la-mini-jupe\/#breadcrumb\"},\"inLanguage\":\"de\",\"potentialAction\":[{\"@type\":\"ReadAction\",\"target\":[\"https:\/\/happyhaus.fr\/de\/produkt\/la-mini-jupe\/\"]}]},{\"@type\":\"ImageObject\",\"inLanguage\":\"de\",\"@id\":\"https:\/\/happyhaus.fr\/de\/produkt\/la-mini-jupe\/#primaryimage\",\"url\":\"https:\/\/happyhaus.fr\/wp-content\/uploads\/2022\/03\/MINI-SKIRT-JP-DENIM-scaled.jpg\",\"contentUrl\":\"https:\/\/happyhaus.fr\/wp-content\/uploads\/2022\/03\/MINI-SKIRT-JP-DENIM-scaled.jpg\",\"width\":1707,\"height\":2560},{\"@type\":\"BreadcrumbList\",\"@id\":\"https:\/\/happyhaus.fr\/de\/produkt\/la-mini-jupe\/#breadcrumb\",\"itemListElement\":[{\"@type\":\"ListItem\",\"position\":1,\"name\":\"Accueil\",\"item\":\"https:\/\/happyhaus.fr\/de\/\"},{\"@type\":\"ListItem\",\"position\":2,\"name\":\"Priv\u00e9\u00a0: Shop\",\"item\":\"https:\/\/happyhaus.fr\/?page_id=4438\"},{\"@type\":\"ListItem\",\"position\":3,\"name\":\"LA MINI JUPE\"}]},{\"@type\":\"WebSite\",\"@id\":\"https:\/\/happyhaus.fr\/#website\",\"url\":\"https:\/\/happyhaus.fr\/\",\"name\":\"\",\"description\":\"\",\"potentialAction\":[{\"@type\":\"SearchAction\",\"target\":{\"@type\":\"EntryPoint\",\"urlTemplate\":\"https:\/\/happyhaus.fr\/?s={search_term_string}\"},\"query-input\":\"required name=search_term_string\"}],\"inLanguage\":\"de\"}]}<\/script>\n<!-- \/ Yoast SEO plugin. -->","yoast_head_json":{"title":"LA MINI JUPE -","robots":{"index":"index","follow":"follow","max-snippet":"max-snippet:-1","max-image-preview":"max-image-preview:large","max-video-preview":"max-video-preview:-1"},"canonical":"https:\/\/happyhaus.fr\/de\/produkt\/la-mini-jupe\/","og_locale":"de_DE","og_type":"article","og_title":"LA MINI JUPE -","og_description":"Dieser Minirock m\u00f6chte zeitlos und ein Basic unserer st\u00e4ndigen Kollektion sein. Perfekt im Sommer mit einem kleinen Top, begleitet es Sie auch im Winter mit einer Strumpfhose und Boots.  Sandy, die Gr\u00fcnderin von Happy Haus, tr\u00e4gt Gr\u00f6\u00dfe 36. Sie ist 170.00 cm \/ 5'6\"","og_url":"https:\/\/happyhaus.fr\/de\/produkt\/la-mini-jupe\/","article_modified_time":"2024-02-22T07:38:03+00:00","og_image":[{"width":1707,"height":2560,"url":"https:\/\/happyhaus.fr\/wp-content\/uploads\/2022\/03\/MINI-SKIRT-JP-DENIM-scaled.jpg","type":"image\/jpeg"}],"twitter_card":"summary_large_image","twitter_misc":{"Gesch\u00e4tzte Lesezeit":"1\u00a0Minute"},"schema":{"@context":"https:\/\/schema.org","@graph":[{"@type":"WebPage","@id":"https:\/\/happyhaus.fr\/de\/produkt\/la-mini-jupe\/","url":"https:\/\/happyhaus.fr\/de\/produkt\/la-mini-jupe\/","name":"LA MINI JUPE -","isPartOf":{"@id":"https:\/\/happyhaus.fr\/#website"},"primaryImageOfPage":{"@id":"https:\/\/happyhaus.fr\/de\/produkt\/la-mini-jupe\/#primaryimage"},"image":{"@id":"https:\/\/happyhaus.fr\/de\/produkt\/la-mini-jupe\/#primaryimage"},"thumbnailUrl":"https:\/\/happyhaus.fr\/wp-content\/uploads\/2022\/03\/MINI-SKIRT-JP-DENIM-scaled.jpg","datePublished":"2022-03-01T19:10:17+00:00","dateModified":"2024-02-22T07:38:03+00:00","breadcrumb":{"@id":"https:\/\/happyhaus.fr\/de\/produkt\/la-mini-jupe\/#breadcrumb"},"inLanguage":"de","potentialAction":[{"@type":"ReadAction","target":["https:\/\/happyhaus.fr\/de\/produkt\/la-mini-jupe\/"]}]},{"@type":"ImageObject","inLanguage":"de","@id":"https:\/\/happyhaus.fr\/de\/produkt\/la-mini-jupe\/#primaryimage","url":"https:\/\/happyhaus.fr\/wp-content\/uploads\/2022\/03\/MINI-SKIRT-JP-DENIM-scaled.jpg","contentUrl":"https:\/\/happyhaus.fr\/wp-content\/uploads\/2022\/03\/MINI-SKIRT-JP-DENIM-scaled.jpg","width":1707,"height":2560},{"@type":"BreadcrumbList","@id":"https:\/\/happyhaus.fr\/de\/produkt\/la-mini-jupe\/#breadcrumb","itemListElement":[{"@type":"ListItem","position":1,"name":"Accueil","item":"https:\/\/happyhaus.fr\/de\/"},{"@type":"ListItem","position":2,"name":"Priv\u00e9\u00a0: Shop","item":"https:\/\/happyhaus.fr\/?page_id=4438"},{"@type":"ListItem","position":3,"name":"LA MINI JUPE"}]},{"@type":"WebSite","@id":"https:\/\/happyhaus.fr\/#website","url":"https:\/\/happyhaus.fr\/","name":"","description":"","potentialAction":[{"@type":"SearchAction","target":{"@type":"EntryPoint","urlTemplate":"https:\/\/happyhaus.fr\/?s={search_term_string}"},"query-input":"required name=search_term_string"}],"inLanguage":"de"}]}},"_links":{"self":[{"href":"https:\/\/happyhaus.fr\/de\/wp-json\/wp\/v2\/product\/85060"}],"collection":[{"href":"https:\/\/happyhaus.fr\/de\/wp-json\/wp\/v2\/product"}],"about":[{"href":"https:\/\/happyhaus.fr\/de\/wp-json\/wp\/v2\/types\/product"}],"replies":[{"embeddable":true,"href":"https:\/\/happyhaus.fr\/de\/wp-json\/wp\/v2\/comments?post=85060"}],"wp:featuredmedia":[{"embeddable":true,"href":"https:\/\/happyhaus.fr\/de\/wp-json\/wp\/v2\/media\/85076"}],"wp:attachment":[{"href":"https:\/\/happyhaus.fr\/de\/wp-json\/wp\/v2\/media?parent=85060"}],"wp:term":[{"taxonomy":"product_cat","embeddable":true,"href":"https:\/\/happyhaus.fr\/de\/wp-json\/wp\/v2\/product_cat?post=85060"},{"taxonomy":"product_tag","embeddable":true,"href":"https:\/\/happyhaus.fr\/de\/wp-json\/wp\/v2\/product_tag?post=85060"}],"curies":[{"name":"wp","href":"https:\/\/api.w.org\/{rel}","templated":true}]}}