{"id":85023,"date":"2022-02-26T14:28:37","date_gmt":"2022-02-26T13:28:39","guid":{"rendered":"https:\/\/happyhaus.fr\/?post_type=product&#038;p=85023"},"modified":"2022-02-26T14:41:42","modified_gmt":"2022-02-26T13:41:42","slug":"la-combinaison-kinder-copie","status":"publish","type":"product","link":"https:\/\/happyhaus.fr\/de\/produkt\/la-combinaison-kinder-copie\/","title":{"rendered":"LA COMBINAISON KIDS in Caramel"},"content":{"rendered":"<p>\u2013 Einfacher Rundhalsausschnitt mit Knopfleiste vorne<br \/>\n\u2013 Lange Brusttaschen<br \/>\n\u2013 Aufgesetzte Taschen an der Vorderseite der H\u00fcfte<br \/>\n\u2013 Kellerfalte am R\u00fccken f\u00fcr mehr Bewegungsfreiheit<br \/>\n\u2013 Dunkelheit am Sitz schafft eine sch\u00f6ne R\u00fcckenform<br \/>\n\u2013 Doppelte kleine Falte an der Manschette mit Knopfverschluss<br \/>\n\u2013 Druckkn\u00f6pfe, Perlmutt, um Kindern das Leben zu erleichtern<\/p>\n<p>100 % Baumwolle &#8211; \u00a0zertifiziert nach OEKO-TEX STANDARD 100<\/p>\n<p>Herkunft des Stoffes: Tunesien<br \/>\nHergestellt in Tunesien<\/p>\n","protected":false},"excerpt":{"rendered":"<p>Der Jumpsuit aus Denim hergestellt.<\/p>\n<p>Bianca, unser Model, tr\u00e4gt Gr\u00f6\u00dfe 10 Jahre. Sie ist 9 Jahre alt. Danah tr\u00e4gt die Gr\u00f6sse 8 Jahre. Sie ist 7 Jahre alt.<\/p>\n","protected":false},"featured_media":85040,"comment_status":"closed","ping_status":"closed","template":"","meta":{"_acf_changed":false},"product_cat":[232],"product_tag":[335],"acf":[],"yoast_head":"<!-- This site is optimized with the Yoast SEO plugin v22.6 - https:\/\/yoast.com\/wordpress\/plugins\/seo\/ -->\n<title>LA COMBINAISON KIDS in Caramel -<\/title>\n<meta name=\"robots\" content=\"index, follow, max-snippet:-1, max-image-preview:large, max-video-preview:-1\" \/>\n<link rel=\"canonical\" href=\"https:\/\/happyhaus.fr\/de\/produkt\/la-combinaison-kinder-copie\/\" \/>\n<meta property=\"og:locale\" content=\"de_DE\" \/>\n<meta property=\"og:type\" content=\"article\" \/>\n<meta property=\"og:title\" content=\"LA COMBINAISON KIDS in Caramel -\" \/>\n<meta property=\"og:description\" content=\"Der Jumpsuit aus Denim hergestellt.  Bianca, unser Model, tr\u00e4gt Gr\u00f6\u00dfe 10 Jahre. Sie ist 9 Jahre alt. Danah tr\u00e4gt die Gr\u00f6sse 8 Jahre. Sie ist 7 Jahre alt.\" \/>\n<meta property=\"og:url\" content=\"https:\/\/happyhaus.fr\/de\/produkt\/la-combinaison-kinder-copie\/\" \/>\n<meta property=\"article:modified_time\" content=\"2022-02-26T13:41:42+00:00\" \/>\n<meta property=\"og:image\" content=\"https:\/\/happyhaus.fr\/wp-content\/uploads\/2022\/02\/LA-COMBINAISON-ENFANT-CARAMEL-2-scaled.jpg\" \/>\n\t<meta property=\"og:image:width\" content=\"1707\" \/>\n\t<meta property=\"og:image:height\" content=\"2560\" \/>\n\t<meta property=\"og:image:type\" content=\"image\/jpeg\" \/>\n<meta name=\"twitter:card\" content=\"summary_large_image\" \/>\n<meta name=\"twitter:label1\" content=\"Gesch\u00e4tzte Lesezeit\" \/>\n\t<meta name=\"twitter:data1\" content=\"1\u00a0Minute\" \/>\n<script type=\"application\/ld+json\" class=\"yoast-schema-graph\">{\"@context\":\"https:\/\/schema.org\",\"@graph\":[{\"@type\":\"WebPage\",\"@id\":\"https:\/\/happyhaus.fr\/de\/produkt\/la-combinaison-kinder-copie\/\",\"url\":\"https:\/\/happyhaus.fr\/de\/produkt\/la-combinaison-kinder-copie\/\",\"name\":\"LA COMBINAISON KIDS in Caramel -\",\"isPartOf\":{\"@id\":\"https:\/\/happyhaus.fr\/#website\"},\"primaryImageOfPage\":{\"@id\":\"https:\/\/happyhaus.fr\/de\/produkt\/la-combinaison-kinder-copie\/#primaryimage\"},\"image\":{\"@id\":\"https:\/\/happyhaus.fr\/de\/produkt\/la-combinaison-kinder-copie\/#primaryimage\"},\"thumbnailUrl\":\"https:\/\/happyhaus.fr\/wp-content\/uploads\/2022\/02\/LA-COMBINAISON-ENFANT-CARAMEL-2-scaled.jpg\",\"datePublished\":\"2022-02-26T13:28:39+00:00\",\"dateModified\":\"2022-02-26T13:41:42+00:00\",\"breadcrumb\":{\"@id\":\"https:\/\/happyhaus.fr\/de\/produkt\/la-combinaison-kinder-copie\/#breadcrumb\"},\"inLanguage\":\"de\",\"potentialAction\":[{\"@type\":\"ReadAction\",\"target\":[\"https:\/\/happyhaus.fr\/de\/produkt\/la-combinaison-kinder-copie\/\"]}]},{\"@type\":\"ImageObject\",\"inLanguage\":\"de\",\"@id\":\"https:\/\/happyhaus.fr\/de\/produkt\/la-combinaison-kinder-copie\/#primaryimage\",\"url\":\"https:\/\/happyhaus.fr\/wp-content\/uploads\/2022\/02\/LA-COMBINAISON-ENFANT-CARAMEL-2-scaled.jpg\",\"contentUrl\":\"https:\/\/happyhaus.fr\/wp-content\/uploads\/2022\/02\/LA-COMBINAISON-ENFANT-CARAMEL-2-scaled.jpg\",\"width\":1707,\"height\":2560},{\"@type\":\"BreadcrumbList\",\"@id\":\"https:\/\/happyhaus.fr\/de\/produkt\/la-combinaison-kinder-copie\/#breadcrumb\",\"itemListElement\":[{\"@type\":\"ListItem\",\"position\":1,\"name\":\"Accueil\",\"item\":\"https:\/\/happyhaus.fr\/de\/\"},{\"@type\":\"ListItem\",\"position\":2,\"name\":\"Priv\u00e9\u00a0: Shop\",\"item\":\"https:\/\/happyhaus.fr\/?page_id=4438\"},{\"@type\":\"ListItem\",\"position\":3,\"name\":\"LA COMBINAISON KIDS in Caramel\"}]},{\"@type\":\"WebSite\",\"@id\":\"https:\/\/happyhaus.fr\/#website\",\"url\":\"https:\/\/happyhaus.fr\/\",\"name\":\"\",\"description\":\"\",\"potentialAction\":[{\"@type\":\"SearchAction\",\"target\":{\"@type\":\"EntryPoint\",\"urlTemplate\":\"https:\/\/happyhaus.fr\/?s={search_term_string}\"},\"query-input\":\"required name=search_term_string\"}],\"inLanguage\":\"de\"}]}<\/script>\n<!-- \/ Yoast SEO plugin. -->","yoast_head_json":{"title":"LA COMBINAISON KIDS in Caramel -","robots":{"index":"index","follow":"follow","max-snippet":"max-snippet:-1","max-image-preview":"max-image-preview:large","max-video-preview":"max-video-preview:-1"},"canonical":"https:\/\/happyhaus.fr\/de\/produkt\/la-combinaison-kinder-copie\/","og_locale":"de_DE","og_type":"article","og_title":"LA COMBINAISON KIDS in Caramel -","og_description":"Der Jumpsuit aus Denim hergestellt.  Bianca, unser Model, tr\u00e4gt Gr\u00f6\u00dfe 10 Jahre. Sie ist 9 Jahre alt. Danah tr\u00e4gt die Gr\u00f6sse 8 Jahre. Sie ist 7 Jahre alt.","og_url":"https:\/\/happyhaus.fr\/de\/produkt\/la-combinaison-kinder-copie\/","article_modified_time":"2022-02-26T13:41:42+00:00","og_image":[{"width":1707,"height":2560,"url":"https:\/\/happyhaus.fr\/wp-content\/uploads\/2022\/02\/LA-COMBINAISON-ENFANT-CARAMEL-2-scaled.jpg","type":"image\/jpeg"}],"twitter_card":"summary_large_image","twitter_misc":{"Gesch\u00e4tzte Lesezeit":"1\u00a0Minute"},"schema":{"@context":"https:\/\/schema.org","@graph":[{"@type":"WebPage","@id":"https:\/\/happyhaus.fr\/de\/produkt\/la-combinaison-kinder-copie\/","url":"https:\/\/happyhaus.fr\/de\/produkt\/la-combinaison-kinder-copie\/","name":"LA COMBINAISON KIDS in Caramel -","isPartOf":{"@id":"https:\/\/happyhaus.fr\/#website"},"primaryImageOfPage":{"@id":"https:\/\/happyhaus.fr\/de\/produkt\/la-combinaison-kinder-copie\/#primaryimage"},"image":{"@id":"https:\/\/happyhaus.fr\/de\/produkt\/la-combinaison-kinder-copie\/#primaryimage"},"thumbnailUrl":"https:\/\/happyhaus.fr\/wp-content\/uploads\/2022\/02\/LA-COMBINAISON-ENFANT-CARAMEL-2-scaled.jpg","datePublished":"2022-02-26T13:28:39+00:00","dateModified":"2022-02-26T13:41:42+00:00","breadcrumb":{"@id":"https:\/\/happyhaus.fr\/de\/produkt\/la-combinaison-kinder-copie\/#breadcrumb"},"inLanguage":"de","potentialAction":[{"@type":"ReadAction","target":["https:\/\/happyhaus.fr\/de\/produkt\/la-combinaison-kinder-copie\/"]}]},{"@type":"ImageObject","inLanguage":"de","@id":"https:\/\/happyhaus.fr\/de\/produkt\/la-combinaison-kinder-copie\/#primaryimage","url":"https:\/\/happyhaus.fr\/wp-content\/uploads\/2022\/02\/LA-COMBINAISON-ENFANT-CARAMEL-2-scaled.jpg","contentUrl":"https:\/\/happyhaus.fr\/wp-content\/uploads\/2022\/02\/LA-COMBINAISON-ENFANT-CARAMEL-2-scaled.jpg","width":1707,"height":2560},{"@type":"BreadcrumbList","@id":"https:\/\/happyhaus.fr\/de\/produkt\/la-combinaison-kinder-copie\/#breadcrumb","itemListElement":[{"@type":"ListItem","position":1,"name":"Accueil","item":"https:\/\/happyhaus.fr\/de\/"},{"@type":"ListItem","position":2,"name":"Priv\u00e9\u00a0: Shop","item":"https:\/\/happyhaus.fr\/?page_id=4438"},{"@type":"ListItem","position":3,"name":"LA COMBINAISON KIDS in Caramel"}]},{"@type":"WebSite","@id":"https:\/\/happyhaus.fr\/#website","url":"https:\/\/happyhaus.fr\/","name":"","description":"","potentialAction":[{"@type":"SearchAction","target":{"@type":"EntryPoint","urlTemplate":"https:\/\/happyhaus.fr\/?s={search_term_string}"},"query-input":"required name=search_term_string"}],"inLanguage":"de"}]}},"_links":{"self":[{"href":"https:\/\/happyhaus.fr\/de\/wp-json\/wp\/v2\/product\/85023"}],"collection":[{"href":"https:\/\/happyhaus.fr\/de\/wp-json\/wp\/v2\/product"}],"about":[{"href":"https:\/\/happyhaus.fr\/de\/wp-json\/wp\/v2\/types\/product"}],"replies":[{"embeddable":true,"href":"https:\/\/happyhaus.fr\/de\/wp-json\/wp\/v2\/comments?post=85023"}],"wp:featuredmedia":[{"embeddable":true,"href":"https:\/\/happyhaus.fr\/de\/wp-json\/wp\/v2\/media\/85040"}],"wp:attachment":[{"href":"https:\/\/happyhaus.fr\/de\/wp-json\/wp\/v2\/media?parent=85023"}],"wp:term":[{"taxonomy":"product_cat","embeddable":true,"href":"https:\/\/happyhaus.fr\/de\/wp-json\/wp\/v2\/product_cat?post=85023"},{"taxonomy":"product_tag","embeddable":true,"href":"https:\/\/happyhaus.fr\/de\/wp-json\/wp\/v2\/product_tag?post=85023"}],"curies":[{"name":"wp","href":"https:\/\/api.w.org\/{rel}","templated":true}]}}