{"id":84967,"date":"2024-10-09T15:18:15","date_gmt":"2022-02-24T14:18:17","guid":{"rendered":"https:\/\/happyhaus.fr\/?post_type=product&#038;p=84967"},"modified":"2025-11-25T13:51:52","modified_gmt":"2025-11-25T12:51:52","slug":"la-blouse-a-manche-gigot-vorbestellung-denim","status":"publish","type":"product","link":"https:\/\/happyhaus.fr\/de\/produkt\/la-blouse-a-manche-gigot-vorbestellung-denim\/","title":{"rendered":"LA BLOUSE AVALIS &#8211; ARCHIVES"},"content":{"rendered":"<div class=\"page\" title=\"Page 70\">\n<div class=\"layoutArea\">\n<div class=\"column\">\n<ul>\n<li>Stehkragen mit Druckknopf<\/li>\n<li>Knopfleiste auf der Vorderseite mit jeans\u00fcberzogenen Kn\u00f6pfen<\/li>\n<li>Puff\u00e4rmel mit stoff\u00fcberzogenem Knopf<\/li>\n<li>Plissierte Abschl\u00fcsse<\/li>\n<li>100% BW<\/li>\n<\/ul>\n<p>Herkunft des Stoffes: Italie<br \/>\nHergestellt in Tunesien<\/p>\n<\/div>\n<\/div>\n<\/div>\n","protected":false},"excerpt":{"rendered":"<p>Unsere AVALIS-Bluse ist Teil unserer st\u00e4ndigen Kollektion. Sie bietet einen schicken Look durch ihre leicht strukturierten Schultern, die dennoch subtil bleiben.<br \/>\nSie ist aus Baumwolle gefertigt und hat einen k\u00f6rpernahen Schnitt, einen kleinen Stehkragen, ein Knopfloch auf der Vorderseite und leicht gepuffte \u00c4rmel.<\/p>\n<p>Florence tr\u00e4gt Gr\u00f6\u00dfe 36. Sie ist 164,00 cm.<\/p>\n","protected":false},"featured_media":98035,"comment_status":"closed","ping_status":"closed","template":"","meta":{"_acf_changed":false},"product_cat":[312,316,231,237],"product_tag":[],"acf":[],"yoast_head":"<!-- This site is optimized with the Yoast SEO plugin v22.6 - https:\/\/yoast.com\/wordpress\/plugins\/seo\/ -->\n<title>LA BLOUSE AVALIS - ARCHIVES -<\/title>\n<meta name=\"robots\" content=\"index, follow, max-snippet:-1, max-image-preview:large, max-video-preview:-1\" \/>\n<link rel=\"canonical\" href=\"https:\/\/happyhaus.fr\/de\/produkt\/la-blouse-a-manche-gigot-vorbestellung-denim\/\" \/>\n<meta property=\"og:locale\" content=\"de_DE\" \/>\n<meta property=\"og:type\" content=\"article\" \/>\n<meta property=\"og:title\" content=\"LA BLOUSE AVALIS - ARCHIVES -\" \/>\n<meta property=\"og:description\" content=\"Unsere AVALIS-Bluse ist Teil unserer st\u00e4ndigen Kollektion. Sie bietet einen schicken Look durch ihre leicht strukturierten Schultern, die dennoch subtil bleiben. Sie ist aus Baumwolle gefertigt und hat einen k\u00f6rpernahen Schnitt, einen kleinen Stehkragen, ein Knopfloch auf der Vorderseite und leicht gepuffte \u00c4rmel.  Florence tr\u00e4gt Gr\u00f6\u00dfe 36. Sie ist 164,00 cm.\" \/>\n<meta property=\"og:url\" content=\"https:\/\/happyhaus.fr\/de\/produkt\/la-blouse-a-manche-gigot-vorbestellung-denim\/\" \/>\n<meta property=\"article:modified_time\" content=\"2025-11-25T12:51:52+00:00\" \/>\n<meta property=\"og:image\" content=\"https:\/\/happyhaus.fr\/wp-content\/uploads\/2024\/10\/Z1-1.jpg\" \/>\n\t<meta property=\"og:image:width\" content=\"1707\" \/>\n\t<meta property=\"og:image:height\" content=\"2560\" \/>\n\t<meta property=\"og:image:type\" content=\"image\/jpeg\" \/>\n<meta name=\"twitter:card\" content=\"summary_large_image\" \/>\n<meta name=\"twitter:label1\" content=\"Gesch\u00e4tzte Lesezeit\" \/>\n\t<meta name=\"twitter:data1\" content=\"1\u00a0Minute\" \/>\n<script type=\"application\/ld+json\" class=\"yoast-schema-graph\">{\"@context\":\"https:\/\/schema.org\",\"@graph\":[{\"@type\":\"WebPage\",\"@id\":\"https:\/\/happyhaus.fr\/de\/produkt\/la-blouse-a-manche-gigot-vorbestellung-denim\/\",\"url\":\"https:\/\/happyhaus.fr\/de\/produkt\/la-blouse-a-manche-gigot-vorbestellung-denim\/\",\"name\":\"LA BLOUSE AVALIS - ARCHIVES -\",\"isPartOf\":{\"@id\":\"https:\/\/happyhaus.fr\/#website\"},\"primaryImageOfPage\":{\"@id\":\"https:\/\/happyhaus.fr\/de\/produkt\/la-blouse-a-manche-gigot-vorbestellung-denim\/#primaryimage\"},\"image\":{\"@id\":\"https:\/\/happyhaus.fr\/de\/produkt\/la-blouse-a-manche-gigot-vorbestellung-denim\/#primaryimage\"},\"thumbnailUrl\":\"https:\/\/happyhaus.fr\/wp-content\/uploads\/2024\/10\/Z1-1.jpg\",\"datePublished\":\"2022-02-24T14:18:17+00:00\",\"dateModified\":\"2025-11-25T12:51:52+00:00\",\"breadcrumb\":{\"@id\":\"https:\/\/happyhaus.fr\/de\/produkt\/la-blouse-a-manche-gigot-vorbestellung-denim\/#breadcrumb\"},\"inLanguage\":\"de\",\"potentialAction\":[{\"@type\":\"ReadAction\",\"target\":[\"https:\/\/happyhaus.fr\/de\/produkt\/la-blouse-a-manche-gigot-vorbestellung-denim\/\"]}]},{\"@type\":\"ImageObject\",\"inLanguage\":\"de\",\"@id\":\"https:\/\/happyhaus.fr\/de\/produkt\/la-blouse-a-manche-gigot-vorbestellung-denim\/#primaryimage\",\"url\":\"https:\/\/happyhaus.fr\/wp-content\/uploads\/2024\/10\/Z1-1.jpg\",\"contentUrl\":\"https:\/\/happyhaus.fr\/wp-content\/uploads\/2024\/10\/Z1-1.jpg\",\"width\":1707,\"height\":2560},{\"@type\":\"BreadcrumbList\",\"@id\":\"https:\/\/happyhaus.fr\/de\/produkt\/la-blouse-a-manche-gigot-vorbestellung-denim\/#breadcrumb\",\"itemListElement\":[{\"@type\":\"ListItem\",\"position\":1,\"name\":\"Accueil\",\"item\":\"https:\/\/happyhaus.fr\/de\/\"},{\"@type\":\"ListItem\",\"position\":2,\"name\":\"Priv\u00e9\u00a0: Shop\",\"item\":\"https:\/\/happyhaus.fr\/?page_id=4438\"},{\"@type\":\"ListItem\",\"position\":3,\"name\":\"LA BLOUSE AVALIS &#8211; ARCHIVES\"}]},{\"@type\":\"WebSite\",\"@id\":\"https:\/\/happyhaus.fr\/#website\",\"url\":\"https:\/\/happyhaus.fr\/\",\"name\":\"\",\"description\":\"\",\"potentialAction\":[{\"@type\":\"SearchAction\",\"target\":{\"@type\":\"EntryPoint\",\"urlTemplate\":\"https:\/\/happyhaus.fr\/?s={search_term_string}\"},\"query-input\":\"required name=search_term_string\"}],\"inLanguage\":\"de\"}]}<\/script>\n<!-- \/ Yoast SEO plugin. -->","yoast_head_json":{"title":"LA BLOUSE AVALIS - ARCHIVES -","robots":{"index":"index","follow":"follow","max-snippet":"max-snippet:-1","max-image-preview":"max-image-preview:large","max-video-preview":"max-video-preview:-1"},"canonical":"https:\/\/happyhaus.fr\/de\/produkt\/la-blouse-a-manche-gigot-vorbestellung-denim\/","og_locale":"de_DE","og_type":"article","og_title":"LA BLOUSE AVALIS - ARCHIVES -","og_description":"Unsere AVALIS-Bluse ist Teil unserer st\u00e4ndigen Kollektion. Sie bietet einen schicken Look durch ihre leicht strukturierten Schultern, die dennoch subtil bleiben. Sie ist aus Baumwolle gefertigt und hat einen k\u00f6rpernahen Schnitt, einen kleinen Stehkragen, ein Knopfloch auf der Vorderseite und leicht gepuffte \u00c4rmel.  Florence tr\u00e4gt Gr\u00f6\u00dfe 36. Sie ist 164,00 cm.","og_url":"https:\/\/happyhaus.fr\/de\/produkt\/la-blouse-a-manche-gigot-vorbestellung-denim\/","article_modified_time":"2025-11-25T12:51:52+00:00","og_image":[{"width":1707,"height":2560,"url":"https:\/\/happyhaus.fr\/wp-content\/uploads\/2024\/10\/Z1-1.jpg","type":"image\/jpeg"}],"twitter_card":"summary_large_image","twitter_misc":{"Gesch\u00e4tzte Lesezeit":"1\u00a0Minute"},"schema":{"@context":"https:\/\/schema.org","@graph":[{"@type":"WebPage","@id":"https:\/\/happyhaus.fr\/de\/produkt\/la-blouse-a-manche-gigot-vorbestellung-denim\/","url":"https:\/\/happyhaus.fr\/de\/produkt\/la-blouse-a-manche-gigot-vorbestellung-denim\/","name":"LA BLOUSE AVALIS - ARCHIVES -","isPartOf":{"@id":"https:\/\/happyhaus.fr\/#website"},"primaryImageOfPage":{"@id":"https:\/\/happyhaus.fr\/de\/produkt\/la-blouse-a-manche-gigot-vorbestellung-denim\/#primaryimage"},"image":{"@id":"https:\/\/happyhaus.fr\/de\/produkt\/la-blouse-a-manche-gigot-vorbestellung-denim\/#primaryimage"},"thumbnailUrl":"https:\/\/happyhaus.fr\/wp-content\/uploads\/2024\/10\/Z1-1.jpg","datePublished":"2022-02-24T14:18:17+00:00","dateModified":"2025-11-25T12:51:52+00:00","breadcrumb":{"@id":"https:\/\/happyhaus.fr\/de\/produkt\/la-blouse-a-manche-gigot-vorbestellung-denim\/#breadcrumb"},"inLanguage":"de","potentialAction":[{"@type":"ReadAction","target":["https:\/\/happyhaus.fr\/de\/produkt\/la-blouse-a-manche-gigot-vorbestellung-denim\/"]}]},{"@type":"ImageObject","inLanguage":"de","@id":"https:\/\/happyhaus.fr\/de\/produkt\/la-blouse-a-manche-gigot-vorbestellung-denim\/#primaryimage","url":"https:\/\/happyhaus.fr\/wp-content\/uploads\/2024\/10\/Z1-1.jpg","contentUrl":"https:\/\/happyhaus.fr\/wp-content\/uploads\/2024\/10\/Z1-1.jpg","width":1707,"height":2560},{"@type":"BreadcrumbList","@id":"https:\/\/happyhaus.fr\/de\/produkt\/la-blouse-a-manche-gigot-vorbestellung-denim\/#breadcrumb","itemListElement":[{"@type":"ListItem","position":1,"name":"Accueil","item":"https:\/\/happyhaus.fr\/de\/"},{"@type":"ListItem","position":2,"name":"Priv\u00e9\u00a0: Shop","item":"https:\/\/happyhaus.fr\/?page_id=4438"},{"@type":"ListItem","position":3,"name":"LA BLOUSE AVALIS &#8211; ARCHIVES"}]},{"@type":"WebSite","@id":"https:\/\/happyhaus.fr\/#website","url":"https:\/\/happyhaus.fr\/","name":"","description":"","potentialAction":[{"@type":"SearchAction","target":{"@type":"EntryPoint","urlTemplate":"https:\/\/happyhaus.fr\/?s={search_term_string}"},"query-input":"required name=search_term_string"}],"inLanguage":"de"}]}},"_links":{"self":[{"href":"https:\/\/happyhaus.fr\/de\/wp-json\/wp\/v2\/product\/84967"}],"collection":[{"href":"https:\/\/happyhaus.fr\/de\/wp-json\/wp\/v2\/product"}],"about":[{"href":"https:\/\/happyhaus.fr\/de\/wp-json\/wp\/v2\/types\/product"}],"replies":[{"embeddable":true,"href":"https:\/\/happyhaus.fr\/de\/wp-json\/wp\/v2\/comments?post=84967"}],"wp:featuredmedia":[{"embeddable":true,"href":"https:\/\/happyhaus.fr\/de\/wp-json\/wp\/v2\/media\/98035"}],"wp:attachment":[{"href":"https:\/\/happyhaus.fr\/de\/wp-json\/wp\/v2\/media?parent=84967"}],"wp:term":[{"taxonomy":"product_cat","embeddable":true,"href":"https:\/\/happyhaus.fr\/de\/wp-json\/wp\/v2\/product_cat?post=84967"},{"taxonomy":"product_tag","embeddable":true,"href":"https:\/\/happyhaus.fr\/de\/wp-json\/wp\/v2\/product_tag?post=84967"}],"curies":[{"name":"wp","href":"https:\/\/api.w.org\/{rel}","templated":true}]}}