{"id":84861,"date":"2022-02-23T19:10:16","date_gmt":"2022-02-23T18:10:17","guid":{"rendered":"https:\/\/happyhaus.fr\/?post_type=product&#038;p=84861"},"modified":"2025-08-05T17:22:34","modified_gmt":"2025-08-05T15:22:34","slug":"le-pantalon-worker","status":"publish","type":"product","link":"https:\/\/happyhaus.fr\/de\/produkt\/le-pantalon-worker\/","title":{"rendered":"LE PANTALON GARDEN WORKER &#8211; ARCHIVES"},"content":{"rendered":"<ul>\n<li>Normale L\u00e4nge<\/li>\n<li>Hohe Taille<\/li>\n<li>Aufgesteppte R\u00fcckentasche mit Stickerei<\/li>\n<li>Konfortable geschnitten<\/li>\n<li>Rei\u00dfverschluss<\/li>\n<li>Absteppung in Kontrastfarbe<\/li>\n<li>80% Baumwolle &#8211; 20% Recycelte Baumwolle<\/li>\n<\/ul>\n<p>Herkunft des Stoffes: Tunesien<br \/>\nHergestellt in Tunesien<\/p>\n","protected":false},"excerpt":{"rendered":"<p>Unsere Worker-Hose ist die Hose mit dem st\u00e4rksten &#8220;Street-Look&#8221; in unserer Kollektion. Mit ihrem Schnitt und den Details, die von Frachtschiffen inspiriert sind, verleiht sie Ihnen einen etwas sportlicheren Look als die anderen Modelle. Sie kann hochgeschnitten oder tiefgeschnitten getragen werden, um den Street-Look zu betonen, und passt sowohl zu Stiefeletten als auch zu Turnschuhen.<\/p>\n<p>Sandy, die Gr\u00fcnderin von Happy Haus, tr\u00e4gt Gr\u00f6\u00dfe 36. Sie ist 170.00 cm \/ 5&#8217;6&#8243;<\/p>\n","protected":false},"featured_media":44325,"comment_status":"closed","ping_status":"closed","template":"","meta":{"_acf_changed":false},"product_cat":[312,316,231,236],"product_tag":[335],"acf":[],"yoast_head":"<!-- This site is optimized with the Yoast SEO plugin v22.6 - https:\/\/yoast.com\/wordpress\/plugins\/seo\/ -->\n<title>LE PANTALON GARDEN WORKER - ARCHIVES -<\/title>\n<meta name=\"robots\" content=\"index, follow, max-snippet:-1, max-image-preview:large, max-video-preview:-1\" \/>\n<link rel=\"canonical\" href=\"https:\/\/happyhaus.fr\/de\/produkt\/le-pantalon-worker\/\" \/>\n<meta property=\"og:locale\" content=\"de_DE\" \/>\n<meta property=\"og:type\" content=\"article\" \/>\n<meta property=\"og:title\" content=\"LE PANTALON GARDEN WORKER - ARCHIVES -\" \/>\n<meta property=\"og:description\" content=\"Unsere Worker-Hose ist die Hose mit dem st\u00e4rksten &quot;Street-Look&quot; in unserer Kollektion. Mit ihrem Schnitt und den Details, die von Frachtschiffen inspiriert sind, verleiht sie Ihnen einen etwas sportlicheren Look als die anderen Modelle. Sie kann hochgeschnitten oder tiefgeschnitten getragen werden, um den Street-Look zu betonen, und passt sowohl zu Stiefeletten als auch zu Turnschuhen.  Sandy, die Gr\u00fcnderin von Happy Haus, tr\u00e4gt Gr\u00f6\u00dfe 36. Sie ist 170.00 cm \/ 5&#039;6&quot;\" \/>\n<meta property=\"og:url\" content=\"https:\/\/happyhaus.fr\/de\/produkt\/le-pantalon-worker\/\" \/>\n<meta property=\"article:modified_time\" content=\"2025-08-05T15:22:34+00:00\" \/>\n<meta property=\"og:image\" content=\"https:\/\/happyhaus.fr\/wp-content\/uploads\/2021\/07\/pantalon-garden-worker-bleu-de\u0301te\u0301-face-scaled.jpg\" \/>\n\t<meta property=\"og:image:width\" content=\"3000\" \/>\n\t<meta property=\"og:image:height\" content=\"4500\" \/>\n\t<meta property=\"og:image:type\" content=\"image\/jpeg\" \/>\n<meta name=\"twitter:card\" content=\"summary_large_image\" \/>\n<meta name=\"twitter:label1\" content=\"Gesch\u00e4tzte Lesezeit\" \/>\n\t<meta name=\"twitter:data1\" content=\"1\u00a0Minute\" \/>\n<script type=\"application\/ld+json\" class=\"yoast-schema-graph\">{\"@context\":\"https:\/\/schema.org\",\"@graph\":[{\"@type\":\"WebPage\",\"@id\":\"https:\/\/happyhaus.fr\/de\/produkt\/le-pantalon-worker\/\",\"url\":\"https:\/\/happyhaus.fr\/de\/produkt\/le-pantalon-worker\/\",\"name\":\"LE PANTALON GARDEN WORKER - ARCHIVES -\",\"isPartOf\":{\"@id\":\"https:\/\/happyhaus.fr\/#website\"},\"primaryImageOfPage\":{\"@id\":\"https:\/\/happyhaus.fr\/de\/produkt\/le-pantalon-worker\/#primaryimage\"},\"image\":{\"@id\":\"https:\/\/happyhaus.fr\/de\/produkt\/le-pantalon-worker\/#primaryimage\"},\"thumbnailUrl\":\"https:\/\/happyhaus.fr\/wp-content\/uploads\/2021\/07\/pantalon-garden-worker-bleu-de\u0301te\u0301-face-scaled.jpg\",\"datePublished\":\"2022-02-23T18:10:17+00:00\",\"dateModified\":\"2025-08-05T15:22:34+00:00\",\"breadcrumb\":{\"@id\":\"https:\/\/happyhaus.fr\/de\/produkt\/le-pantalon-worker\/#breadcrumb\"},\"inLanguage\":\"de\",\"potentialAction\":[{\"@type\":\"ReadAction\",\"target\":[\"https:\/\/happyhaus.fr\/de\/produkt\/le-pantalon-worker\/\"]}]},{\"@type\":\"ImageObject\",\"inLanguage\":\"de\",\"@id\":\"https:\/\/happyhaus.fr\/de\/produkt\/le-pantalon-worker\/#primaryimage\",\"url\":\"https:\/\/happyhaus.fr\/wp-content\/uploads\/2021\/07\/pantalon-garden-worker-bleu-de\u0301te\u0301-face-scaled.jpg\",\"contentUrl\":\"https:\/\/happyhaus.fr\/wp-content\/uploads\/2021\/07\/pantalon-garden-worker-bleu-de\u0301te\u0301-face-scaled.jpg\",\"width\":3000,\"height\":4500},{\"@type\":\"BreadcrumbList\",\"@id\":\"https:\/\/happyhaus.fr\/de\/produkt\/le-pantalon-worker\/#breadcrumb\",\"itemListElement\":[{\"@type\":\"ListItem\",\"position\":1,\"name\":\"Accueil\",\"item\":\"https:\/\/happyhaus.fr\/de\/\"},{\"@type\":\"ListItem\",\"position\":2,\"name\":\"Priv\u00e9\u00a0: Shop\",\"item\":\"https:\/\/happyhaus.fr\/?page_id=4438\"},{\"@type\":\"ListItem\",\"position\":3,\"name\":\"LE PANTALON GARDEN WORKER &#8211; ARCHIVES\"}]},{\"@type\":\"WebSite\",\"@id\":\"https:\/\/happyhaus.fr\/#website\",\"url\":\"https:\/\/happyhaus.fr\/\",\"name\":\"\",\"description\":\"\",\"potentialAction\":[{\"@type\":\"SearchAction\",\"target\":{\"@type\":\"EntryPoint\",\"urlTemplate\":\"https:\/\/happyhaus.fr\/?s={search_term_string}\"},\"query-input\":\"required name=search_term_string\"}],\"inLanguage\":\"de\"}]}<\/script>\n<!-- \/ Yoast SEO plugin. -->","yoast_head_json":{"title":"LE PANTALON GARDEN WORKER - ARCHIVES -","robots":{"index":"index","follow":"follow","max-snippet":"max-snippet:-1","max-image-preview":"max-image-preview:large","max-video-preview":"max-video-preview:-1"},"canonical":"https:\/\/happyhaus.fr\/de\/produkt\/le-pantalon-worker\/","og_locale":"de_DE","og_type":"article","og_title":"LE PANTALON GARDEN WORKER - ARCHIVES -","og_description":"Unsere Worker-Hose ist die Hose mit dem st\u00e4rksten \"Street-Look\" in unserer Kollektion. Mit ihrem Schnitt und den Details, die von Frachtschiffen inspiriert sind, verleiht sie Ihnen einen etwas sportlicheren Look als die anderen Modelle. Sie kann hochgeschnitten oder tiefgeschnitten getragen werden, um den Street-Look zu betonen, und passt sowohl zu Stiefeletten als auch zu Turnschuhen.  Sandy, die Gr\u00fcnderin von Happy Haus, tr\u00e4gt Gr\u00f6\u00dfe 36. Sie ist 170.00 cm \/ 5'6\"","og_url":"https:\/\/happyhaus.fr\/de\/produkt\/le-pantalon-worker\/","article_modified_time":"2025-08-05T15:22:34+00:00","og_image":[{"width":3000,"height":4500,"url":"https:\/\/happyhaus.fr\/wp-content\/uploads\/2021\/07\/pantalon-garden-worker-bleu-de\u0301te\u0301-face-scaled.jpg","type":"image\/jpeg"}],"twitter_card":"summary_large_image","twitter_misc":{"Gesch\u00e4tzte Lesezeit":"1\u00a0Minute"},"schema":{"@context":"https:\/\/schema.org","@graph":[{"@type":"WebPage","@id":"https:\/\/happyhaus.fr\/de\/produkt\/le-pantalon-worker\/","url":"https:\/\/happyhaus.fr\/de\/produkt\/le-pantalon-worker\/","name":"LE PANTALON GARDEN WORKER - ARCHIVES -","isPartOf":{"@id":"https:\/\/happyhaus.fr\/#website"},"primaryImageOfPage":{"@id":"https:\/\/happyhaus.fr\/de\/produkt\/le-pantalon-worker\/#primaryimage"},"image":{"@id":"https:\/\/happyhaus.fr\/de\/produkt\/le-pantalon-worker\/#primaryimage"},"thumbnailUrl":"https:\/\/happyhaus.fr\/wp-content\/uploads\/2021\/07\/pantalon-garden-worker-bleu-de\u0301te\u0301-face-scaled.jpg","datePublished":"2022-02-23T18:10:17+00:00","dateModified":"2025-08-05T15:22:34+00:00","breadcrumb":{"@id":"https:\/\/happyhaus.fr\/de\/produkt\/le-pantalon-worker\/#breadcrumb"},"inLanguage":"de","potentialAction":[{"@type":"ReadAction","target":["https:\/\/happyhaus.fr\/de\/produkt\/le-pantalon-worker\/"]}]},{"@type":"ImageObject","inLanguage":"de","@id":"https:\/\/happyhaus.fr\/de\/produkt\/le-pantalon-worker\/#primaryimage","url":"https:\/\/happyhaus.fr\/wp-content\/uploads\/2021\/07\/pantalon-garden-worker-bleu-de\u0301te\u0301-face-scaled.jpg","contentUrl":"https:\/\/happyhaus.fr\/wp-content\/uploads\/2021\/07\/pantalon-garden-worker-bleu-de\u0301te\u0301-face-scaled.jpg","width":3000,"height":4500},{"@type":"BreadcrumbList","@id":"https:\/\/happyhaus.fr\/de\/produkt\/le-pantalon-worker\/#breadcrumb","itemListElement":[{"@type":"ListItem","position":1,"name":"Accueil","item":"https:\/\/happyhaus.fr\/de\/"},{"@type":"ListItem","position":2,"name":"Priv\u00e9\u00a0: Shop","item":"https:\/\/happyhaus.fr\/?page_id=4438"},{"@type":"ListItem","position":3,"name":"LE PANTALON GARDEN WORKER &#8211; ARCHIVES"}]},{"@type":"WebSite","@id":"https:\/\/happyhaus.fr\/#website","url":"https:\/\/happyhaus.fr\/","name":"","description":"","potentialAction":[{"@type":"SearchAction","target":{"@type":"EntryPoint","urlTemplate":"https:\/\/happyhaus.fr\/?s={search_term_string}"},"query-input":"required name=search_term_string"}],"inLanguage":"de"}]}},"_links":{"self":[{"href":"https:\/\/happyhaus.fr\/de\/wp-json\/wp\/v2\/product\/84861"}],"collection":[{"href":"https:\/\/happyhaus.fr\/de\/wp-json\/wp\/v2\/product"}],"about":[{"href":"https:\/\/happyhaus.fr\/de\/wp-json\/wp\/v2\/types\/product"}],"replies":[{"embeddable":true,"href":"https:\/\/happyhaus.fr\/de\/wp-json\/wp\/v2\/comments?post=84861"}],"wp:featuredmedia":[{"embeddable":true,"href":"https:\/\/happyhaus.fr\/de\/wp-json\/wp\/v2\/media\/44325"}],"wp:attachment":[{"href":"https:\/\/happyhaus.fr\/de\/wp-json\/wp\/v2\/media?parent=84861"}],"wp:term":[{"taxonomy":"product_cat","embeddable":true,"href":"https:\/\/happyhaus.fr\/de\/wp-json\/wp\/v2\/product_cat?post=84861"},{"taxonomy":"product_tag","embeddable":true,"href":"https:\/\/happyhaus.fr\/de\/wp-json\/wp\/v2\/product_tag?post=84861"}],"curies":[{"name":"wp","href":"https:\/\/api.w.org\/{rel}","templated":true}]}}