{"id":84743,"date":"2022-02-21T21:08:04","date_gmt":"2022-02-21T20:08:04","guid":{"rendered":"https:\/\/happyhaus.fr\/?post_type=product&#038;p=84743"},"modified":"2024-05-01T11:38:13","modified_gmt":"2024-05-01T09:38:13","slug":"la-surchemise-love-denim-recycled","status":"publish","type":"product","link":"https:\/\/happyhaus.fr\/de\/produkt\/la-surchemise-love-denim-recycled\/","title":{"rendered":"La surchemise LOVE"},"content":{"rendered":"<ul>\n<li>Spitzer Hemdkragen<\/li>\n<li>Knopfleiste im Vorderteil<\/li>\n<li>Stickerei LOVE im Vorderteil<\/li>\n<li>Corrozo-Kn\u00f6pfe<\/li>\n<\/ul>\n<p>Herkunft des Stoffes: Italien<br \/>\nHergestellt in Tunesien<\/p>\n<p>&nbsp;<\/p>\n","protected":false},"excerpt":{"rendered":"<p>Unser \u00dcberhemd LOVE ist die perfekte Kombination aus Hemd und Jacke. Mit seinem geraden Schnitt und dem h\u00fcbschen Kragen wird es Sie an k\u00fchlen Sommerabenden begleiten oder sich unter Ihrem Mantel \u00fcber Ihrem Lieblingspulloverchen verstecken.<\/p>\n<p>Sandy, die Gr\u00fcnderin von HAPPY HAUS, tr\u00e4gt Gr\u00f6\u00dfe 36. Sie ist 1,70 m gro\u00df.<\/p>\n","protected":false},"featured_media":47369,"comment_status":"open","ping_status":"closed","template":"","meta":{"_acf_changed":false},"product_cat":[312,231,237,315],"product_tag":[],"acf":[],"yoast_head":"<!-- This site is optimized with the Yoast SEO plugin v22.6 - https:\/\/yoast.com\/wordpress\/plugins\/seo\/ -->\n<title>La surchemise LOVE -<\/title>\n<meta name=\"robots\" content=\"index, follow, max-snippet:-1, max-image-preview:large, max-video-preview:-1\" \/>\n<link rel=\"canonical\" href=\"https:\/\/happyhaus.fr\/de\/produkt\/la-surchemise-love-denim-recycled\/\" \/>\n<meta property=\"og:locale\" content=\"de_DE\" \/>\n<meta property=\"og:type\" content=\"article\" \/>\n<meta property=\"og:title\" content=\"La surchemise LOVE -\" \/>\n<meta property=\"og:description\" content=\"Unser \u00dcberhemd LOVE ist die perfekte Kombination aus Hemd und Jacke. Mit seinem geraden Schnitt und dem h\u00fcbschen Kragen wird es Sie an k\u00fchlen Sommerabenden begleiten oder sich unter Ihrem Mantel \u00fcber Ihrem Lieblingspulloverchen verstecken.  Sandy, die Gr\u00fcnderin von HAPPY HAUS, tr\u00e4gt Gr\u00f6\u00dfe 36. Sie ist 1,70 m gro\u00df.\" \/>\n<meta property=\"og:url\" content=\"https:\/\/happyhaus.fr\/de\/produkt\/la-surchemise-love-denim-recycled\/\" \/>\n<meta property=\"article:modified_time\" content=\"2024-05-01T09:38:13+00:00\" \/>\n<meta property=\"og:image\" content=\"https:\/\/happyhaus.fr\/wp-content\/uploads\/2022\/02\/2021_11_11_Happy_Haus3396-copy-2-scaled.jpg\" \/>\n\t<meta property=\"og:image:width\" content=\"1707\" \/>\n\t<meta property=\"og:image:height\" content=\"2560\" \/>\n\t<meta property=\"og:image:type\" content=\"image\/jpeg\" \/>\n<meta name=\"twitter:card\" content=\"summary_large_image\" \/>\n<meta name=\"twitter:label1\" content=\"Gesch\u00e4tzte Lesezeit\" \/>\n\t<meta name=\"twitter:data1\" content=\"1\u00a0Minute\" \/>\n<script type=\"application\/ld+json\" class=\"yoast-schema-graph\">{\"@context\":\"https:\/\/schema.org\",\"@graph\":[{\"@type\":\"WebPage\",\"@id\":\"https:\/\/happyhaus.fr\/de\/produkt\/la-surchemise-love-denim-recycled\/\",\"url\":\"https:\/\/happyhaus.fr\/de\/produkt\/la-surchemise-love-denim-recycled\/\",\"name\":\"La surchemise LOVE -\",\"isPartOf\":{\"@id\":\"https:\/\/happyhaus.fr\/#website\"},\"primaryImageOfPage\":{\"@id\":\"https:\/\/happyhaus.fr\/de\/produkt\/la-surchemise-love-denim-recycled\/#primaryimage\"},\"image\":{\"@id\":\"https:\/\/happyhaus.fr\/de\/produkt\/la-surchemise-love-denim-recycled\/#primaryimage\"},\"thumbnailUrl\":\"https:\/\/happyhaus.fr\/wp-content\/uploads\/2022\/02\/2021_11_11_Happy_Haus3396-copy-2-scaled.jpg\",\"datePublished\":\"2022-02-21T20:08:04+00:00\",\"dateModified\":\"2024-05-01T09:38:13+00:00\",\"breadcrumb\":{\"@id\":\"https:\/\/happyhaus.fr\/de\/produkt\/la-surchemise-love-denim-recycled\/#breadcrumb\"},\"inLanguage\":\"de\",\"potentialAction\":[{\"@type\":\"ReadAction\",\"target\":[\"https:\/\/happyhaus.fr\/de\/produkt\/la-surchemise-love-denim-recycled\/\"]}]},{\"@type\":\"ImageObject\",\"inLanguage\":\"de\",\"@id\":\"https:\/\/happyhaus.fr\/de\/produkt\/la-surchemise-love-denim-recycled\/#primaryimage\",\"url\":\"https:\/\/happyhaus.fr\/wp-content\/uploads\/2022\/02\/2021_11_11_Happy_Haus3396-copy-2-scaled.jpg\",\"contentUrl\":\"https:\/\/happyhaus.fr\/wp-content\/uploads\/2022\/02\/2021_11_11_Happy_Haus3396-copy-2-scaled.jpg\",\"width\":1707,\"height\":2560},{\"@type\":\"BreadcrumbList\",\"@id\":\"https:\/\/happyhaus.fr\/de\/produkt\/la-surchemise-love-denim-recycled\/#breadcrumb\",\"itemListElement\":[{\"@type\":\"ListItem\",\"position\":1,\"name\":\"Accueil\",\"item\":\"https:\/\/happyhaus.fr\/de\/\"},{\"@type\":\"ListItem\",\"position\":2,\"name\":\"Priv\u00e9\u00a0: Shop\",\"item\":\"https:\/\/happyhaus.fr\/?page_id=4438\"},{\"@type\":\"ListItem\",\"position\":3,\"name\":\"La surchemise LOVE\"}]},{\"@type\":\"WebSite\",\"@id\":\"https:\/\/happyhaus.fr\/#website\",\"url\":\"https:\/\/happyhaus.fr\/\",\"name\":\"\",\"description\":\"\",\"potentialAction\":[{\"@type\":\"SearchAction\",\"target\":{\"@type\":\"EntryPoint\",\"urlTemplate\":\"https:\/\/happyhaus.fr\/?s={search_term_string}\"},\"query-input\":\"required name=search_term_string\"}],\"inLanguage\":\"de\"}]}<\/script>\n<!-- \/ Yoast SEO plugin. -->","yoast_head_json":{"title":"La surchemise LOVE -","robots":{"index":"index","follow":"follow","max-snippet":"max-snippet:-1","max-image-preview":"max-image-preview:large","max-video-preview":"max-video-preview:-1"},"canonical":"https:\/\/happyhaus.fr\/de\/produkt\/la-surchemise-love-denim-recycled\/","og_locale":"de_DE","og_type":"article","og_title":"La surchemise LOVE -","og_description":"Unser \u00dcberhemd LOVE ist die perfekte Kombination aus Hemd und Jacke. Mit seinem geraden Schnitt und dem h\u00fcbschen Kragen wird es Sie an k\u00fchlen Sommerabenden begleiten oder sich unter Ihrem Mantel \u00fcber Ihrem Lieblingspulloverchen verstecken.  Sandy, die Gr\u00fcnderin von HAPPY HAUS, tr\u00e4gt Gr\u00f6\u00dfe 36. Sie ist 1,70 m gro\u00df.","og_url":"https:\/\/happyhaus.fr\/de\/produkt\/la-surchemise-love-denim-recycled\/","article_modified_time":"2024-05-01T09:38:13+00:00","og_image":[{"width":1707,"height":2560,"url":"https:\/\/happyhaus.fr\/wp-content\/uploads\/2022\/02\/2021_11_11_Happy_Haus3396-copy-2-scaled.jpg","type":"image\/jpeg"}],"twitter_card":"summary_large_image","twitter_misc":{"Gesch\u00e4tzte Lesezeit":"1\u00a0Minute"},"schema":{"@context":"https:\/\/schema.org","@graph":[{"@type":"WebPage","@id":"https:\/\/happyhaus.fr\/de\/produkt\/la-surchemise-love-denim-recycled\/","url":"https:\/\/happyhaus.fr\/de\/produkt\/la-surchemise-love-denim-recycled\/","name":"La surchemise LOVE -","isPartOf":{"@id":"https:\/\/happyhaus.fr\/#website"},"primaryImageOfPage":{"@id":"https:\/\/happyhaus.fr\/de\/produkt\/la-surchemise-love-denim-recycled\/#primaryimage"},"image":{"@id":"https:\/\/happyhaus.fr\/de\/produkt\/la-surchemise-love-denim-recycled\/#primaryimage"},"thumbnailUrl":"https:\/\/happyhaus.fr\/wp-content\/uploads\/2022\/02\/2021_11_11_Happy_Haus3396-copy-2-scaled.jpg","datePublished":"2022-02-21T20:08:04+00:00","dateModified":"2024-05-01T09:38:13+00:00","breadcrumb":{"@id":"https:\/\/happyhaus.fr\/de\/produkt\/la-surchemise-love-denim-recycled\/#breadcrumb"},"inLanguage":"de","potentialAction":[{"@type":"ReadAction","target":["https:\/\/happyhaus.fr\/de\/produkt\/la-surchemise-love-denim-recycled\/"]}]},{"@type":"ImageObject","inLanguage":"de","@id":"https:\/\/happyhaus.fr\/de\/produkt\/la-surchemise-love-denim-recycled\/#primaryimage","url":"https:\/\/happyhaus.fr\/wp-content\/uploads\/2022\/02\/2021_11_11_Happy_Haus3396-copy-2-scaled.jpg","contentUrl":"https:\/\/happyhaus.fr\/wp-content\/uploads\/2022\/02\/2021_11_11_Happy_Haus3396-copy-2-scaled.jpg","width":1707,"height":2560},{"@type":"BreadcrumbList","@id":"https:\/\/happyhaus.fr\/de\/produkt\/la-surchemise-love-denim-recycled\/#breadcrumb","itemListElement":[{"@type":"ListItem","position":1,"name":"Accueil","item":"https:\/\/happyhaus.fr\/de\/"},{"@type":"ListItem","position":2,"name":"Priv\u00e9\u00a0: Shop","item":"https:\/\/happyhaus.fr\/?page_id=4438"},{"@type":"ListItem","position":3,"name":"La surchemise LOVE"}]},{"@type":"WebSite","@id":"https:\/\/happyhaus.fr\/#website","url":"https:\/\/happyhaus.fr\/","name":"","description":"","potentialAction":[{"@type":"SearchAction","target":{"@type":"EntryPoint","urlTemplate":"https:\/\/happyhaus.fr\/?s={search_term_string}"},"query-input":"required name=search_term_string"}],"inLanguage":"de"}]}},"_links":{"self":[{"href":"https:\/\/happyhaus.fr\/de\/wp-json\/wp\/v2\/product\/84743"}],"collection":[{"href":"https:\/\/happyhaus.fr\/de\/wp-json\/wp\/v2\/product"}],"about":[{"href":"https:\/\/happyhaus.fr\/de\/wp-json\/wp\/v2\/types\/product"}],"replies":[{"embeddable":true,"href":"https:\/\/happyhaus.fr\/de\/wp-json\/wp\/v2\/comments?post=84743"}],"wp:featuredmedia":[{"embeddable":true,"href":"https:\/\/happyhaus.fr\/de\/wp-json\/wp\/v2\/media\/47369"}],"wp:attachment":[{"href":"https:\/\/happyhaus.fr\/de\/wp-json\/wp\/v2\/media?parent=84743"}],"wp:term":[{"taxonomy":"product_cat","embeddable":true,"href":"https:\/\/happyhaus.fr\/de\/wp-json\/wp\/v2\/product_cat?post=84743"},{"taxonomy":"product_tag","embeddable":true,"href":"https:\/\/happyhaus.fr\/de\/wp-json\/wp\/v2\/product_tag?post=84743"}],"curies":[{"name":"wp","href":"https:\/\/api.w.org\/{rel}","templated":true}]}}