{"id":46410,"date":"2020-12-23T10:36:59","date_gmt":"2021-09-28T08:59:33","guid":{"rendered":"https:\/\/happyhaus.fr\/?post_type=product&#038;p=46410"},"modified":"2023-02-02T11:35:36","modified_gmt":"2023-02-02T10:35:36","slug":"le-pantalon-flair-4","status":"publish","type":"product","link":"https:\/\/happyhaus.fr\/de\/produkt\/le-pantalon-flair-4\/","title":{"rendered":"LE PANTALON FLAIR &#8211; Archives"},"content":{"rendered":"<ul>\n<li>Volumin\u00f6ser ausgestellter Schnitt<\/li>\n<li>Mittlere Wadenl\u00e4nge<\/li>\n<li>Zwei aufgesetzte Taschen auf der Vorderseite<\/li>\n<li>Hohe Taille<\/li>\n<li>Knopfverschluss<\/li>\n<li>Eine aufgesetzte Tasche auf der R\u00fcckseite<\/li>\n<li>Gesticktes Happy Haus-Logo auf der Ges\u00e4\u00dftasche<\/li>\n<li>100% Baumwolle &#8211; Detox-zertifiziert durch Greenpeace<\/li>\n<\/ul>\n<p>Herkunft des Stoffes: Italien<br \/>\nHergestellt in Polen<\/p>\n","protected":false},"excerpt":{"rendered":"<p>Diese Hose ist aus Baumwolle gefertigt. Sie hat einen volumin\u00f6sen, ausgestellten Schnitt, f\u00e4llt in der Mitte der Wade, hat einen hohen Bund und zwei aufgesetzte Taschen.<\/p>\n<p>Manon, unser Model, tr\u00e4gt die Gr\u00f6\u00dfe 36. Sie misst 174 cm.<\/p>\n","protected":false},"featured_media":45955,"comment_status":"closed","ping_status":"closed","template":"","meta":{"_acf_changed":false},"product_cat":[312,316,231],"product_tag":[335],"acf":[],"yoast_head":"<!-- This site is optimized with the Yoast SEO plugin v22.6 - https:\/\/yoast.com\/wordpress\/plugins\/seo\/ -->\n<title>LE PANTALON FLAIR - Archives -<\/title>\n<meta name=\"robots\" content=\"index, follow, max-snippet:-1, max-image-preview:large, max-video-preview:-1\" \/>\n<link rel=\"canonical\" href=\"https:\/\/happyhaus.fr\/de\/produkt\/le-pantalon-flair-4\/\" \/>\n<meta property=\"og:locale\" content=\"de_DE\" \/>\n<meta property=\"og:type\" content=\"article\" \/>\n<meta property=\"og:title\" content=\"LE PANTALON FLAIR - Archives -\" \/>\n<meta property=\"og:description\" content=\"Diese Hose ist aus Baumwolle gefertigt. Sie hat einen volumin\u00f6sen, ausgestellten Schnitt, f\u00e4llt in der Mitte der Wade, hat einen hohen Bund und zwei aufgesetzte Taschen.  Manon, unser Model, tr\u00e4gt die Gr\u00f6\u00dfe 36. Sie misst 174 cm.\" \/>\n<meta property=\"og:url\" content=\"https:\/\/happyhaus.fr\/de\/produkt\/le-pantalon-flair-4\/\" \/>\n<meta property=\"article:modified_time\" content=\"2023-02-02T10:35:36+00:00\" \/>\n<meta property=\"og:image\" content=\"https:\/\/happyhaus.fr\/wp-content\/uploads\/2020\/12\/Pantalon-Flair-Indigo-Face.jpg\" \/>\n\t<meta property=\"og:image:width\" content=\"1000\" \/>\n\t<meta property=\"og:image:height\" content=\"1500\" \/>\n\t<meta property=\"og:image:type\" content=\"image\/jpeg\" \/>\n<meta name=\"twitter:card\" content=\"summary_large_image\" \/>\n<meta name=\"twitter:label1\" content=\"Gesch\u00e4tzte Lesezeit\" \/>\n\t<meta name=\"twitter:data1\" content=\"1\u00a0Minute\" \/>\n<script type=\"application\/ld+json\" class=\"yoast-schema-graph\">{\"@context\":\"https:\/\/schema.org\",\"@graph\":[{\"@type\":\"WebPage\",\"@id\":\"https:\/\/happyhaus.fr\/de\/produkt\/le-pantalon-flair-4\/\",\"url\":\"https:\/\/happyhaus.fr\/de\/produkt\/le-pantalon-flair-4\/\",\"name\":\"LE PANTALON FLAIR - Archives -\",\"isPartOf\":{\"@id\":\"https:\/\/happyhaus.fr\/#website\"},\"primaryImageOfPage\":{\"@id\":\"https:\/\/happyhaus.fr\/de\/produkt\/le-pantalon-flair-4\/#primaryimage\"},\"image\":{\"@id\":\"https:\/\/happyhaus.fr\/de\/produkt\/le-pantalon-flair-4\/#primaryimage\"},\"thumbnailUrl\":\"https:\/\/happyhaus.fr\/wp-content\/uploads\/2020\/12\/Pantalon-Flair-Indigo-Face.jpg\",\"datePublished\":\"2021-09-28T08:59:33+00:00\",\"dateModified\":\"2023-02-02T10:35:36+00:00\",\"breadcrumb\":{\"@id\":\"https:\/\/happyhaus.fr\/de\/produkt\/le-pantalon-flair-4\/#breadcrumb\"},\"inLanguage\":\"de\",\"potentialAction\":[{\"@type\":\"ReadAction\",\"target\":[\"https:\/\/happyhaus.fr\/de\/produkt\/le-pantalon-flair-4\/\"]}]},{\"@type\":\"ImageObject\",\"inLanguage\":\"de\",\"@id\":\"https:\/\/happyhaus.fr\/de\/produkt\/le-pantalon-flair-4\/#primaryimage\",\"url\":\"https:\/\/happyhaus.fr\/wp-content\/uploads\/2020\/12\/Pantalon-Flair-Indigo-Face.jpg\",\"contentUrl\":\"https:\/\/happyhaus.fr\/wp-content\/uploads\/2020\/12\/Pantalon-Flair-Indigo-Face.jpg\",\"width\":1000,\"height\":1500},{\"@type\":\"BreadcrumbList\",\"@id\":\"https:\/\/happyhaus.fr\/de\/produkt\/le-pantalon-flair-4\/#breadcrumb\",\"itemListElement\":[{\"@type\":\"ListItem\",\"position\":1,\"name\":\"Accueil\",\"item\":\"https:\/\/happyhaus.fr\/de\/\"},{\"@type\":\"ListItem\",\"position\":2,\"name\":\"Priv\u00e9\u00a0: Shop\",\"item\":\"https:\/\/happyhaus.fr\/?page_id=4438\"},{\"@type\":\"ListItem\",\"position\":3,\"name\":\"LE PANTALON FLAIR &#8211; Archives\"}]},{\"@type\":\"WebSite\",\"@id\":\"https:\/\/happyhaus.fr\/#website\",\"url\":\"https:\/\/happyhaus.fr\/\",\"name\":\"\",\"description\":\"\",\"potentialAction\":[{\"@type\":\"SearchAction\",\"target\":{\"@type\":\"EntryPoint\",\"urlTemplate\":\"https:\/\/happyhaus.fr\/?s={search_term_string}\"},\"query-input\":\"required name=search_term_string\"}],\"inLanguage\":\"de\"}]}<\/script>\n<!-- \/ Yoast SEO plugin. -->","yoast_head_json":{"title":"LE PANTALON FLAIR - Archives -","robots":{"index":"index","follow":"follow","max-snippet":"max-snippet:-1","max-image-preview":"max-image-preview:large","max-video-preview":"max-video-preview:-1"},"canonical":"https:\/\/happyhaus.fr\/de\/produkt\/le-pantalon-flair-4\/","og_locale":"de_DE","og_type":"article","og_title":"LE PANTALON FLAIR - Archives -","og_description":"Diese Hose ist aus Baumwolle gefertigt. Sie hat einen volumin\u00f6sen, ausgestellten Schnitt, f\u00e4llt in der Mitte der Wade, hat einen hohen Bund und zwei aufgesetzte Taschen.  Manon, unser Model, tr\u00e4gt die Gr\u00f6\u00dfe 36. Sie misst 174 cm.","og_url":"https:\/\/happyhaus.fr\/de\/produkt\/le-pantalon-flair-4\/","article_modified_time":"2023-02-02T10:35:36+00:00","og_image":[{"width":1000,"height":1500,"url":"https:\/\/happyhaus.fr\/wp-content\/uploads\/2020\/12\/Pantalon-Flair-Indigo-Face.jpg","type":"image\/jpeg"}],"twitter_card":"summary_large_image","twitter_misc":{"Gesch\u00e4tzte Lesezeit":"1\u00a0Minute"},"schema":{"@context":"https:\/\/schema.org","@graph":[{"@type":"WebPage","@id":"https:\/\/happyhaus.fr\/de\/produkt\/le-pantalon-flair-4\/","url":"https:\/\/happyhaus.fr\/de\/produkt\/le-pantalon-flair-4\/","name":"LE PANTALON FLAIR - Archives -","isPartOf":{"@id":"https:\/\/happyhaus.fr\/#website"},"primaryImageOfPage":{"@id":"https:\/\/happyhaus.fr\/de\/produkt\/le-pantalon-flair-4\/#primaryimage"},"image":{"@id":"https:\/\/happyhaus.fr\/de\/produkt\/le-pantalon-flair-4\/#primaryimage"},"thumbnailUrl":"https:\/\/happyhaus.fr\/wp-content\/uploads\/2020\/12\/Pantalon-Flair-Indigo-Face.jpg","datePublished":"2021-09-28T08:59:33+00:00","dateModified":"2023-02-02T10:35:36+00:00","breadcrumb":{"@id":"https:\/\/happyhaus.fr\/de\/produkt\/le-pantalon-flair-4\/#breadcrumb"},"inLanguage":"de","potentialAction":[{"@type":"ReadAction","target":["https:\/\/happyhaus.fr\/de\/produkt\/le-pantalon-flair-4\/"]}]},{"@type":"ImageObject","inLanguage":"de","@id":"https:\/\/happyhaus.fr\/de\/produkt\/le-pantalon-flair-4\/#primaryimage","url":"https:\/\/happyhaus.fr\/wp-content\/uploads\/2020\/12\/Pantalon-Flair-Indigo-Face.jpg","contentUrl":"https:\/\/happyhaus.fr\/wp-content\/uploads\/2020\/12\/Pantalon-Flair-Indigo-Face.jpg","width":1000,"height":1500},{"@type":"BreadcrumbList","@id":"https:\/\/happyhaus.fr\/de\/produkt\/le-pantalon-flair-4\/#breadcrumb","itemListElement":[{"@type":"ListItem","position":1,"name":"Accueil","item":"https:\/\/happyhaus.fr\/de\/"},{"@type":"ListItem","position":2,"name":"Priv\u00e9\u00a0: Shop","item":"https:\/\/happyhaus.fr\/?page_id=4438"},{"@type":"ListItem","position":3,"name":"LE PANTALON FLAIR &#8211; Archives"}]},{"@type":"WebSite","@id":"https:\/\/happyhaus.fr\/#website","url":"https:\/\/happyhaus.fr\/","name":"","description":"","potentialAction":[{"@type":"SearchAction","target":{"@type":"EntryPoint","urlTemplate":"https:\/\/happyhaus.fr\/?s={search_term_string}"},"query-input":"required name=search_term_string"}],"inLanguage":"de"}]}},"_links":{"self":[{"href":"https:\/\/happyhaus.fr\/de\/wp-json\/wp\/v2\/product\/46410"}],"collection":[{"href":"https:\/\/happyhaus.fr\/de\/wp-json\/wp\/v2\/product"}],"about":[{"href":"https:\/\/happyhaus.fr\/de\/wp-json\/wp\/v2\/types\/product"}],"replies":[{"embeddable":true,"href":"https:\/\/happyhaus.fr\/de\/wp-json\/wp\/v2\/comments?post=46410"}],"wp:featuredmedia":[{"embeddable":true,"href":"https:\/\/happyhaus.fr\/de\/wp-json\/wp\/v2\/media\/45955"}],"wp:attachment":[{"href":"https:\/\/happyhaus.fr\/de\/wp-json\/wp\/v2\/media?parent=46410"}],"wp:term":[{"taxonomy":"product_cat","embeddable":true,"href":"https:\/\/happyhaus.fr\/de\/wp-json\/wp\/v2\/product_cat?post=46410"},{"taxonomy":"product_tag","embeddable":true,"href":"https:\/\/happyhaus.fr\/de\/wp-json\/wp\/v2\/product_tag?post=46410"}],"curies":[{"name":"wp","href":"https:\/\/api.w.org\/{rel}","templated":true}]}}