{"id":46398,"date":"2021-03-21T15:44:22","date_gmt":"2021-09-28T08:28:29","guid":{"rendered":"https:\/\/happyhaus.fr\/?post_type=product&#038;p=46398"},"modified":"2023-01-05T14:39:46","modified_gmt":"2023-01-05T13:39:46","slug":"la-combinaison-kinder-2","status":"publish","type":"product","link":"https:\/\/happyhaus.fr\/de\/produkt\/la-combinaison-kinder-2\/","title":{"rendered":"LA COMBINAISON KINDER"},"content":{"rendered":"<ul>\n<li>Einfacher Rundhalsausschnitt mit Knopfleiste vorne<\/li>\n<li>Lange Brusttaschen<\/li>\n<li>Aufgesetzte Taschen an der Vorderseite der H\u00fcfte<\/li>\n<li>Kellerfalte am R\u00fccken f\u00fcr mehr Bewegungsfreiheit<\/li>\n<li>Dunkelheit am Sitz schafft eine sch\u00f6ne R\u00fcckenform<\/li>\n<li>Doppelte kleine Falte an der Manschette mit Knopfverschluss<\/li>\n<li>Druckkn\u00f6pfe, Perlmutt, um Kindern das Leben zu erleichtern<\/li>\n<li>80 % Baumwolle 20 % recycelte Baumwolle<\/li>\n<\/ul>\n<p>Herkunft des Stoffes: Tunesien<br \/>\nHergestellt in Tunesien<\/p>\n","protected":false},"excerpt":{"rendered":"<p>Der Overall ist aus leichter Baumwolle gefertigt. Er hat 4 aufgesetzte Taschen auf der Vorderseite und ein perlmuttfarbenes Druckknopfloch f\u00fcr mehr Zweckm\u00e4\u00dfigkeit.<\/p>\n<p>Bianca, unser Model, tr\u00e4gt Gr\u00f6\u00dfe 8 Jahre. Sie ist 8 Jahre alt<\/p>\n","protected":false},"featured_media":46289,"comment_status":"closed","ping_status":"closed","template":"","meta":{"_acf_changed":false},"product_cat":[232],"product_tag":[335],"acf":[],"yoast_head":"<!-- This site is optimized with the Yoast SEO plugin v22.6 - https:\/\/yoast.com\/wordpress\/plugins\/seo\/ -->\n<title>LA COMBINAISON KINDER -<\/title>\n<meta name=\"robots\" content=\"index, follow, max-snippet:-1, max-image-preview:large, max-video-preview:-1\" \/>\n<link rel=\"canonical\" href=\"https:\/\/happyhaus.fr\/de\/produkt\/la-combinaison-kinder-2\/\" \/>\n<meta property=\"og:locale\" content=\"de_DE\" \/>\n<meta property=\"og:type\" content=\"article\" \/>\n<meta property=\"og:title\" content=\"LA COMBINAISON KINDER -\" \/>\n<meta property=\"og:description\" content=\"Der Overall ist aus leichter Baumwolle gefertigt. Er hat 4 aufgesetzte Taschen auf der Vorderseite und ein perlmuttfarbenes Druckknopfloch f\u00fcr mehr Zweckm\u00e4\u00dfigkeit.  Bianca, unser Model, tr\u00e4gt Gr\u00f6\u00dfe 8 Jahre. Sie ist 8 Jahre alt\" \/>\n<meta property=\"og:url\" content=\"https:\/\/happyhaus.fr\/de\/produkt\/la-combinaison-kinder-2\/\" \/>\n<meta property=\"article:modified_time\" content=\"2023-01-05T13:39:46+00:00\" \/>\n<meta property=\"og:image\" content=\"https:\/\/happyhaus.fr\/wp-content\/uploads\/2021\/03\/combinaison-enfant-noir-de\u0301lave\u0301-1-683x1024.png\" \/>\n\t<meta property=\"og:image:width\" content=\"683\" \/>\n\t<meta property=\"og:image:height\" content=\"1024\" \/>\n\t<meta property=\"og:image:type\" content=\"image\/png\" \/>\n<meta name=\"twitter:card\" content=\"summary_large_image\" \/>\n<meta name=\"twitter:label1\" content=\"Gesch\u00e4tzte Lesezeit\" \/>\n\t<meta name=\"twitter:data1\" content=\"1\u00a0Minute\" \/>\n<script type=\"application\/ld+json\" class=\"yoast-schema-graph\">{\"@context\":\"https:\/\/schema.org\",\"@graph\":[{\"@type\":\"WebPage\",\"@id\":\"https:\/\/happyhaus.fr\/de\/produkt\/la-combinaison-kinder-2\/\",\"url\":\"https:\/\/happyhaus.fr\/de\/produkt\/la-combinaison-kinder-2\/\",\"name\":\"LA COMBINAISON KINDER -\",\"isPartOf\":{\"@id\":\"https:\/\/happyhaus.fr\/#website\"},\"primaryImageOfPage\":{\"@id\":\"https:\/\/happyhaus.fr\/de\/produkt\/la-combinaison-kinder-2\/#primaryimage\"},\"image\":{\"@id\":\"https:\/\/happyhaus.fr\/de\/produkt\/la-combinaison-kinder-2\/#primaryimage\"},\"thumbnailUrl\":\"https:\/\/happyhaus.fr\/wp-content\/uploads\/2021\/03\/combinaison-enfant-noir-de\u0301lave\u0301-1.png\",\"datePublished\":\"2021-09-28T08:28:29+00:00\",\"dateModified\":\"2023-01-05T13:39:46+00:00\",\"breadcrumb\":{\"@id\":\"https:\/\/happyhaus.fr\/de\/produkt\/la-combinaison-kinder-2\/#breadcrumb\"},\"inLanguage\":\"de\",\"potentialAction\":[{\"@type\":\"ReadAction\",\"target\":[\"https:\/\/happyhaus.fr\/de\/produkt\/la-combinaison-kinder-2\/\"]}]},{\"@type\":\"ImageObject\",\"inLanguage\":\"de\",\"@id\":\"https:\/\/happyhaus.fr\/de\/produkt\/la-combinaison-kinder-2\/#primaryimage\",\"url\":\"https:\/\/happyhaus.fr\/wp-content\/uploads\/2021\/03\/combinaison-enfant-noir-de\u0301lave\u0301-1.png\",\"contentUrl\":\"https:\/\/happyhaus.fr\/wp-content\/uploads\/2021\/03\/combinaison-enfant-noir-de\u0301lave\u0301-1.png\",\"width\":3000,\"height\":4500},{\"@type\":\"BreadcrumbList\",\"@id\":\"https:\/\/happyhaus.fr\/de\/produkt\/la-combinaison-kinder-2\/#breadcrumb\",\"itemListElement\":[{\"@type\":\"ListItem\",\"position\":1,\"name\":\"Accueil\",\"item\":\"https:\/\/happyhaus.fr\/de\/\"},{\"@type\":\"ListItem\",\"position\":2,\"name\":\"Priv\u00e9\u00a0: Shop\",\"item\":\"https:\/\/happyhaus.fr\/?page_id=4438\"},{\"@type\":\"ListItem\",\"position\":3,\"name\":\"LA COMBINAISON KINDER\"}]},{\"@type\":\"WebSite\",\"@id\":\"https:\/\/happyhaus.fr\/#website\",\"url\":\"https:\/\/happyhaus.fr\/\",\"name\":\"\",\"description\":\"\",\"potentialAction\":[{\"@type\":\"SearchAction\",\"target\":{\"@type\":\"EntryPoint\",\"urlTemplate\":\"https:\/\/happyhaus.fr\/?s={search_term_string}\"},\"query-input\":\"required name=search_term_string\"}],\"inLanguage\":\"de\"}]}<\/script>\n<!-- \/ Yoast SEO plugin. -->","yoast_head_json":{"title":"LA COMBINAISON KINDER -","robots":{"index":"index","follow":"follow","max-snippet":"max-snippet:-1","max-image-preview":"max-image-preview:large","max-video-preview":"max-video-preview:-1"},"canonical":"https:\/\/happyhaus.fr\/de\/produkt\/la-combinaison-kinder-2\/","og_locale":"de_DE","og_type":"article","og_title":"LA COMBINAISON KINDER -","og_description":"Der Overall ist aus leichter Baumwolle gefertigt. Er hat 4 aufgesetzte Taschen auf der Vorderseite und ein perlmuttfarbenes Druckknopfloch f\u00fcr mehr Zweckm\u00e4\u00dfigkeit.  Bianca, unser Model, tr\u00e4gt Gr\u00f6\u00dfe 8 Jahre. Sie ist 8 Jahre alt","og_url":"https:\/\/happyhaus.fr\/de\/produkt\/la-combinaison-kinder-2\/","article_modified_time":"2023-01-05T13:39:46+00:00","og_image":[{"width":683,"height":1024,"url":"https:\/\/happyhaus.fr\/wp-content\/uploads\/2021\/03\/combinaison-enfant-noir-de\u0301lave\u0301-1-683x1024.png","type":"image\/png"}],"twitter_card":"summary_large_image","twitter_misc":{"Gesch\u00e4tzte Lesezeit":"1\u00a0Minute"},"schema":{"@context":"https:\/\/schema.org","@graph":[{"@type":"WebPage","@id":"https:\/\/happyhaus.fr\/de\/produkt\/la-combinaison-kinder-2\/","url":"https:\/\/happyhaus.fr\/de\/produkt\/la-combinaison-kinder-2\/","name":"LA COMBINAISON KINDER -","isPartOf":{"@id":"https:\/\/happyhaus.fr\/#website"},"primaryImageOfPage":{"@id":"https:\/\/happyhaus.fr\/de\/produkt\/la-combinaison-kinder-2\/#primaryimage"},"image":{"@id":"https:\/\/happyhaus.fr\/de\/produkt\/la-combinaison-kinder-2\/#primaryimage"},"thumbnailUrl":"https:\/\/happyhaus.fr\/wp-content\/uploads\/2021\/03\/combinaison-enfant-noir-de\u0301lave\u0301-1.png","datePublished":"2021-09-28T08:28:29+00:00","dateModified":"2023-01-05T13:39:46+00:00","breadcrumb":{"@id":"https:\/\/happyhaus.fr\/de\/produkt\/la-combinaison-kinder-2\/#breadcrumb"},"inLanguage":"de","potentialAction":[{"@type":"ReadAction","target":["https:\/\/happyhaus.fr\/de\/produkt\/la-combinaison-kinder-2\/"]}]},{"@type":"ImageObject","inLanguage":"de","@id":"https:\/\/happyhaus.fr\/de\/produkt\/la-combinaison-kinder-2\/#primaryimage","url":"https:\/\/happyhaus.fr\/wp-content\/uploads\/2021\/03\/combinaison-enfant-noir-de\u0301lave\u0301-1.png","contentUrl":"https:\/\/happyhaus.fr\/wp-content\/uploads\/2021\/03\/combinaison-enfant-noir-de\u0301lave\u0301-1.png","width":3000,"height":4500},{"@type":"BreadcrumbList","@id":"https:\/\/happyhaus.fr\/de\/produkt\/la-combinaison-kinder-2\/#breadcrumb","itemListElement":[{"@type":"ListItem","position":1,"name":"Accueil","item":"https:\/\/happyhaus.fr\/de\/"},{"@type":"ListItem","position":2,"name":"Priv\u00e9\u00a0: Shop","item":"https:\/\/happyhaus.fr\/?page_id=4438"},{"@type":"ListItem","position":3,"name":"LA COMBINAISON KINDER"}]},{"@type":"WebSite","@id":"https:\/\/happyhaus.fr\/#website","url":"https:\/\/happyhaus.fr\/","name":"","description":"","potentialAction":[{"@type":"SearchAction","target":{"@type":"EntryPoint","urlTemplate":"https:\/\/happyhaus.fr\/?s={search_term_string}"},"query-input":"required name=search_term_string"}],"inLanguage":"de"}]}},"_links":{"self":[{"href":"https:\/\/happyhaus.fr\/de\/wp-json\/wp\/v2\/product\/46398"}],"collection":[{"href":"https:\/\/happyhaus.fr\/de\/wp-json\/wp\/v2\/product"}],"about":[{"href":"https:\/\/happyhaus.fr\/de\/wp-json\/wp\/v2\/types\/product"}],"replies":[{"embeddable":true,"href":"https:\/\/happyhaus.fr\/de\/wp-json\/wp\/v2\/comments?post=46398"}],"wp:featuredmedia":[{"embeddable":true,"href":"https:\/\/happyhaus.fr\/de\/wp-json\/wp\/v2\/media\/46289"}],"wp:attachment":[{"href":"https:\/\/happyhaus.fr\/de\/wp-json\/wp\/v2\/media?parent=46398"}],"wp:term":[{"taxonomy":"product_cat","embeddable":true,"href":"https:\/\/happyhaus.fr\/de\/wp-json\/wp\/v2\/product_cat?post=46398"},{"taxonomy":"product_tag","embeddable":true,"href":"https:\/\/happyhaus.fr\/de\/wp-json\/wp\/v2\/product_tag?post=46398"}],"curies":[{"name":"wp","href":"https:\/\/api.w.org\/{rel}","templated":true}]}}