{"id":46377,"date":"2021-02-26T19:49:57","date_gmt":"2021-09-27T21:24:07","guid":{"rendered":"https:\/\/happyhaus.fr\/?post_type=product&#038;p=46377"},"modified":"2025-11-25T13:56:19","modified_gmt":"2025-11-25T12:56:19","slug":"la-veste-worker","status":"publish","type":"product","link":"https:\/\/happyhaus.fr\/de\/produkt\/la-veste-worker\/","title":{"rendered":"LA VESTE WORKER &#8211; ARCHIVES"},"content":{"rendered":"<ul>\n<li class=\"p1\">Gerader Schnitt<\/li>\n<li class=\"p1\">H\u00fcftlang<\/li>\n<li class=\"p1\">Hemdkragen<\/li>\n<li class=\"p1\">Versteckte Brusttaschen und aufgesetzte Vordertaschen<\/li>\n<li class=\"p1\">Im R\u00fccken ist eine Kellerfalte f\u00fcr mehr Bewegungsfreiheit eingen\u00e4ht<\/li>\n<li class=\"p1\">Knopfverschluss auf der Vorderseite<\/li>\n<li class=\"p1\">\u00c4rmeldetail mit elastischen Raffung an den Manschetten.<\/li>\n<li class=\"p1\">Kn\u00f6pfe aus Holz<\/li>\n<li class=\"p1\">100% Baumwolle<\/li>\n<\/ul>\n<p>Herkunft des Stoffes: Italien<br \/>\nHergestellt in Polen<\/p>\n","protected":false},"excerpt":{"rendered":"<p>Diese Jeansjacke ist aus einem dicken Stoff aus recycelter Baumwolle gefertigt. Sie ist eng anliegend und f\u00e4llt \u00fcber die H\u00fcften, mit Details von Brusttaschen, mit dem Look einer alten Arbeitsjacke.<\/p>\n<p>Jade, unser Model, tr\u00e4gt Gr\u00f6\u00dfe 36. Sie misst 171,00 cm<\/p>\n","protected":false},"featured_media":46010,"comment_status":"closed","ping_status":"closed","template":"","meta":{"_acf_changed":false},"product_cat":[312,316,231,238],"product_tag":[335],"acf":[],"yoast_head":"<!-- This site is optimized with the Yoast SEO plugin v22.6 - https:\/\/yoast.com\/wordpress\/plugins\/seo\/ -->\n<title>LA VESTE WORKER - ARCHIVES -<\/title>\n<meta name=\"robots\" content=\"index, follow, max-snippet:-1, max-image-preview:large, max-video-preview:-1\" \/>\n<link rel=\"canonical\" href=\"https:\/\/happyhaus.fr\/de\/produkt\/la-veste-worker\/\" \/>\n<meta property=\"og:locale\" content=\"de_DE\" \/>\n<meta property=\"og:type\" content=\"article\" \/>\n<meta property=\"og:title\" content=\"LA VESTE WORKER - ARCHIVES -\" \/>\n<meta property=\"og:description\" content=\"Diese Jeansjacke ist aus einem dicken Stoff aus recycelter Baumwolle gefertigt. Sie ist eng anliegend und f\u00e4llt \u00fcber die H\u00fcften, mit Details von Brusttaschen, mit dem Look einer alten Arbeitsjacke.  Jade, unser Model, tr\u00e4gt Gr\u00f6\u00dfe 36. Sie misst 171,00 cm\" \/>\n<meta property=\"og:url\" content=\"https:\/\/happyhaus.fr\/de\/produkt\/la-veste-worker\/\" \/>\n<meta property=\"article:modified_time\" content=\"2025-11-25T12:56:19+00:00\" \/>\n<meta property=\"og:image\" content=\"https:\/\/happyhaus.fr\/wp-content\/uploads\/2021\/02\/veste-worker-indigo-face-scaled.jpg\" \/>\n\t<meta property=\"og:image:width\" content=\"3000\" \/>\n\t<meta property=\"og:image:height\" content=\"4500\" \/>\n\t<meta property=\"og:image:type\" content=\"image\/jpeg\" \/>\n<meta name=\"twitter:card\" content=\"summary_large_image\" \/>\n<meta name=\"twitter:label1\" content=\"Gesch\u00e4tzte Lesezeit\" \/>\n\t<meta name=\"twitter:data1\" content=\"1\u00a0Minute\" \/>\n<script type=\"application\/ld+json\" class=\"yoast-schema-graph\">{\"@context\":\"https:\/\/schema.org\",\"@graph\":[{\"@type\":\"WebPage\",\"@id\":\"https:\/\/happyhaus.fr\/de\/produkt\/la-veste-worker\/\",\"url\":\"https:\/\/happyhaus.fr\/de\/produkt\/la-veste-worker\/\",\"name\":\"LA VESTE WORKER - ARCHIVES -\",\"isPartOf\":{\"@id\":\"https:\/\/happyhaus.fr\/#website\"},\"primaryImageOfPage\":{\"@id\":\"https:\/\/happyhaus.fr\/de\/produkt\/la-veste-worker\/#primaryimage\"},\"image\":{\"@id\":\"https:\/\/happyhaus.fr\/de\/produkt\/la-veste-worker\/#primaryimage\"},\"thumbnailUrl\":\"https:\/\/happyhaus.fr\/wp-content\/uploads\/2021\/02\/veste-worker-indigo-face-scaled.jpg\",\"datePublished\":\"2021-09-27T21:24:07+00:00\",\"dateModified\":\"2025-11-25T12:56:19+00:00\",\"breadcrumb\":{\"@id\":\"https:\/\/happyhaus.fr\/de\/produkt\/la-veste-worker\/#breadcrumb\"},\"inLanguage\":\"de\",\"potentialAction\":[{\"@type\":\"ReadAction\",\"target\":[\"https:\/\/happyhaus.fr\/de\/produkt\/la-veste-worker\/\"]}]},{\"@type\":\"ImageObject\",\"inLanguage\":\"de\",\"@id\":\"https:\/\/happyhaus.fr\/de\/produkt\/la-veste-worker\/#primaryimage\",\"url\":\"https:\/\/happyhaus.fr\/wp-content\/uploads\/2021\/02\/veste-worker-indigo-face-scaled.jpg\",\"contentUrl\":\"https:\/\/happyhaus.fr\/wp-content\/uploads\/2021\/02\/veste-worker-indigo-face-scaled.jpg\",\"width\":3000,\"height\":4500},{\"@type\":\"BreadcrumbList\",\"@id\":\"https:\/\/happyhaus.fr\/de\/produkt\/la-veste-worker\/#breadcrumb\",\"itemListElement\":[{\"@type\":\"ListItem\",\"position\":1,\"name\":\"Accueil\",\"item\":\"https:\/\/happyhaus.fr\/de\/\"},{\"@type\":\"ListItem\",\"position\":2,\"name\":\"Priv\u00e9\u00a0: Shop\",\"item\":\"https:\/\/happyhaus.fr\/?page_id=4438\"},{\"@type\":\"ListItem\",\"position\":3,\"name\":\"LA VESTE WORKER &#8211; ARCHIVES\"}]},{\"@type\":\"WebSite\",\"@id\":\"https:\/\/happyhaus.fr\/#website\",\"url\":\"https:\/\/happyhaus.fr\/\",\"name\":\"\",\"description\":\"\",\"potentialAction\":[{\"@type\":\"SearchAction\",\"target\":{\"@type\":\"EntryPoint\",\"urlTemplate\":\"https:\/\/happyhaus.fr\/?s={search_term_string}\"},\"query-input\":\"required name=search_term_string\"}],\"inLanguage\":\"de\"}]}<\/script>\n<!-- \/ Yoast SEO plugin. -->","yoast_head_json":{"title":"LA VESTE WORKER - ARCHIVES -","robots":{"index":"index","follow":"follow","max-snippet":"max-snippet:-1","max-image-preview":"max-image-preview:large","max-video-preview":"max-video-preview:-1"},"canonical":"https:\/\/happyhaus.fr\/de\/produkt\/la-veste-worker\/","og_locale":"de_DE","og_type":"article","og_title":"LA VESTE WORKER - ARCHIVES -","og_description":"Diese Jeansjacke ist aus einem dicken Stoff aus recycelter Baumwolle gefertigt. Sie ist eng anliegend und f\u00e4llt \u00fcber die H\u00fcften, mit Details von Brusttaschen, mit dem Look einer alten Arbeitsjacke.  Jade, unser Model, tr\u00e4gt Gr\u00f6\u00dfe 36. Sie misst 171,00 cm","og_url":"https:\/\/happyhaus.fr\/de\/produkt\/la-veste-worker\/","article_modified_time":"2025-11-25T12:56:19+00:00","og_image":[{"width":3000,"height":4500,"url":"https:\/\/happyhaus.fr\/wp-content\/uploads\/2021\/02\/veste-worker-indigo-face-scaled.jpg","type":"image\/jpeg"}],"twitter_card":"summary_large_image","twitter_misc":{"Gesch\u00e4tzte Lesezeit":"1\u00a0Minute"},"schema":{"@context":"https:\/\/schema.org","@graph":[{"@type":"WebPage","@id":"https:\/\/happyhaus.fr\/de\/produkt\/la-veste-worker\/","url":"https:\/\/happyhaus.fr\/de\/produkt\/la-veste-worker\/","name":"LA VESTE WORKER - ARCHIVES -","isPartOf":{"@id":"https:\/\/happyhaus.fr\/#website"},"primaryImageOfPage":{"@id":"https:\/\/happyhaus.fr\/de\/produkt\/la-veste-worker\/#primaryimage"},"image":{"@id":"https:\/\/happyhaus.fr\/de\/produkt\/la-veste-worker\/#primaryimage"},"thumbnailUrl":"https:\/\/happyhaus.fr\/wp-content\/uploads\/2021\/02\/veste-worker-indigo-face-scaled.jpg","datePublished":"2021-09-27T21:24:07+00:00","dateModified":"2025-11-25T12:56:19+00:00","breadcrumb":{"@id":"https:\/\/happyhaus.fr\/de\/produkt\/la-veste-worker\/#breadcrumb"},"inLanguage":"de","potentialAction":[{"@type":"ReadAction","target":["https:\/\/happyhaus.fr\/de\/produkt\/la-veste-worker\/"]}]},{"@type":"ImageObject","inLanguage":"de","@id":"https:\/\/happyhaus.fr\/de\/produkt\/la-veste-worker\/#primaryimage","url":"https:\/\/happyhaus.fr\/wp-content\/uploads\/2021\/02\/veste-worker-indigo-face-scaled.jpg","contentUrl":"https:\/\/happyhaus.fr\/wp-content\/uploads\/2021\/02\/veste-worker-indigo-face-scaled.jpg","width":3000,"height":4500},{"@type":"BreadcrumbList","@id":"https:\/\/happyhaus.fr\/de\/produkt\/la-veste-worker\/#breadcrumb","itemListElement":[{"@type":"ListItem","position":1,"name":"Accueil","item":"https:\/\/happyhaus.fr\/de\/"},{"@type":"ListItem","position":2,"name":"Priv\u00e9\u00a0: Shop","item":"https:\/\/happyhaus.fr\/?page_id=4438"},{"@type":"ListItem","position":3,"name":"LA VESTE WORKER &#8211; ARCHIVES"}]},{"@type":"WebSite","@id":"https:\/\/happyhaus.fr\/#website","url":"https:\/\/happyhaus.fr\/","name":"","description":"","potentialAction":[{"@type":"SearchAction","target":{"@type":"EntryPoint","urlTemplate":"https:\/\/happyhaus.fr\/?s={search_term_string}"},"query-input":"required name=search_term_string"}],"inLanguage":"de"}]}},"_links":{"self":[{"href":"https:\/\/happyhaus.fr\/de\/wp-json\/wp\/v2\/product\/46377"}],"collection":[{"href":"https:\/\/happyhaus.fr\/de\/wp-json\/wp\/v2\/product"}],"about":[{"href":"https:\/\/happyhaus.fr\/de\/wp-json\/wp\/v2\/types\/product"}],"replies":[{"embeddable":true,"href":"https:\/\/happyhaus.fr\/de\/wp-json\/wp\/v2\/comments?post=46377"}],"wp:featuredmedia":[{"embeddable":true,"href":"https:\/\/happyhaus.fr\/de\/wp-json\/wp\/v2\/media\/46010"}],"wp:attachment":[{"href":"https:\/\/happyhaus.fr\/de\/wp-json\/wp\/v2\/media?parent=46377"}],"wp:term":[{"taxonomy":"product_cat","embeddable":true,"href":"https:\/\/happyhaus.fr\/de\/wp-json\/wp\/v2\/product_cat?post=46377"},{"taxonomy":"product_tag","embeddable":true,"href":"https:\/\/happyhaus.fr\/de\/wp-json\/wp\/v2\/product_tag?post=46377"}],"curies":[{"name":"wp","href":"https:\/\/api.w.org\/{rel}","templated":true}]}}